{"id":993,"date":"2020-10-25T00:00:00","date_gmt":"2020-10-24T21:00:00","guid":{"rendered":"https:\/\/pikkuvihrea.fi\/tuote\/green-toilet-120-family-composting-toilet\/"},"modified":"2025-11-11T09:50:15","modified_gmt":"2025-11-11T07:50:15","slug":"green-toilet-120-family-composting-toilet","status":"publish","type":"product","link":"https:\/\/pikkuvihrea.fi\/en\/product\/green-toilet-120-family-composting-toilet\/","title":{"rendered":"Green Toilet 120 Family composting toilet"},"content":{"rendered":"<p class=\"MsoNormal\">Green Toilet is an ecological composting dry toilet designed and manufactured in Finland. Green Toilet operates with any water or electricity and is therefore an ideal solution anywhere where there is no drainage or water available.<\/p>\n<p><iframe loading=\"lazy\" title=\"YouTube video player\" data-cookieconsent=\"statistics, marketing\" data-src=\"https:\/\/www.youtube.com\/embed\/nL2KPensgB0\" width=\"315\" height=\"560\" frameborder=\"0\" allowfullscreen=\"allowfullscreen\"><span data-mce-type=\"bookmark\" style=\"display: inline-block; width: 0px; overflow: hidden; line-height: 0;\" class=\"mce_SELRES_start\">\ufeff<\/span><\/iframe><div class=\"cookieconsent-optout-statistics cookieconsent-optout-marketing\">Please accept <a href=\"javascript:Cookiebot.renew()\">statistics, marketing<\/a> cookies to watch this video.<\/div><\/p>\n<h3><strong>OPERATING PRINCIPLE<\/strong><\/h3>\n<p>Inside the Green Toilet container, there is a special double base, which separates the urine from the solid waste making the toilet completely odorless and pleasant to use. The special capillary bottom allows some of the urine to be absorbed back to the composting solid waste, just like in underwatering flowerpots. This unique feature of the Green Toilet speeds up the composting process significantly. Efficient composting requires suitable moisture: the mass inside the container should not be too wet or too dry.<\/p>\n<p>The excess liquid, ie. the seap liquid is led through a hose from the bottom of the container to a canister. Alternatively, the seap liquid can be filtered with a <a href=\"https:\/\/pikkuvihrea.fi\/product\/geotrap-dry-toilet-filter\/?lang=en\" target=\"_blank\" rel=\"noopener noreferrer\">GeoTrap Dry Toilet Filter<\/a>.<\/p>\n<p>The use and the service of the Green Toilet is based on batch composting: when the composting container in use gets full, it is pulled out of the toilet by wheels and a spare container is taken into use. The full container is closed with a lid and it is left to decompose until the next service. Thus, one does not have to shovel or handle raw toilet waste in any way.<\/p>\n<p>The third important feature is the ventilation pipe, which ensures that the air flows from the toilet seat and composting container outwards and no unpleasant odor is let into toilet in any circumstances. The ventilation also boosts the evaporation of liquid \u2013 especially at warm weather.<\/p>\n<p>For more information, please watch <a href=\"https:\/\/youtu.be\/wF202zI2P2w\" target=\"_blank\" rel=\"noopener\">Green Toilet presentation video<\/a>.<\/p>\n<h3><strong>PACKAGE CONTENT<\/strong><\/h3>\n<ul>\n<li>composting container 120 liters<\/li>\n<li>wheels<\/li>\n<li>ventilation kit: ventilation pipe 100 cm 2 pcs, a flexible pipe 50 cm, a ventilation pipe cap, a joint and fixtures<\/li>\n<li>liquid hose 150 cm (<a href=\"https:\/\/pikkuvihrea.fi\/en\/product\/flexible-hose-1m-diam-32mm\/\" target=\"_blank\" rel=\"noopener\">extra liquid hose available;<\/a>\u00a0just add as many extra meters as you need)<\/li>\n<li>liquid canister 20 liters<\/li>\n<li>lid of the container and an adjustable waste shaft 30 cm<\/li>\n<li><a href=\"https:\/\/pikkuvihrea.fi\/en\/product\/hinged-thermal-seat\/\" target=\"_blank\" rel=\"noopener\">thermal seat with fixtures<\/a><\/li>\n<li>plug for the seap liquid outlet<\/li>\n<li>bag of dry material<\/li>\n<li>manual for installation and use<\/li>\n<\/ul>\n<h3><strong>SERVICE<\/strong><\/h3>\n<p>When the Green Toilet container gets full and it is time for service, the flexible part of the ventilation pipe and the liquid hose are taken off. No tools are needed for this. After this, the container is pulled out with wheels.<\/p>\n<p>If there is a Green Toilet spare container available, the bottom of the empty container is covered with dry material. The lid with the waste shaft is put on the empty container and put back to the toilet. The full container is covered with a closed lid and left to decompose until it is time for the next service.<\/p>\n<h3><strong>COMMON USE CASES<\/strong><\/h3>\n<p>Green Toilet is excellent for family use in holiday homes and cottages both indoors and in traditional outhouses. In seasonal use, Green Toilet 120 serves 4-6 people and usually one spare container is enough. Spare containers can be acquired separately according to the need. Thus, Green Toilet 120 can serve also in continuous use in permanent houses.<\/p>\n<h3><strong>OPTIONS AND ACCESSORIES<\/strong><\/h3>\n<ul>\n<li><a href=\"https:\/\/pikkuvihrea.fi\/product\/green-toilet-330-composting-toilet\/?lang=en\" target=\"_blank\" rel=\"noopener noreferrer\">Green Toilet 330<\/a> is the larger version, which is suitable when there are more users, to public sites or whenever long service intervals are important<\/li>\n<li><a href=\"https:\/\/pikkuvihrea.fi\/product\/green-toilet-lux\/?lang=en\" target=\"_blank\" rel=\"noopener noreferrer\">Green Toilet LUX<\/a> is a composting dry toilet with a porcelain pedestal for indoor use<\/li>\n<li><a href=\"https:\/\/pikkuvihrea.fi\/product\/green-toilet-120-family-spare-container\/?lang=en\" target=\"_blank\" rel=\"noopener noreferrer\">Green Toilet 120 Family spare container<\/a><\/li>\n<li><a href=\"https:\/\/pikkuvihrea.fi\/en\/product\/wind-driven-ventilator-ecoplast\/\" target=\"_blank\" rel=\"noopener\">Wind driven ventilator<\/a> to boost the ventilation<\/li>\n<li><a href=\"https:\/\/pikkuvihrea.fi\/en\/product\/geotrap-dry-toilet-filter\/\" target=\"_blank\" rel=\"noopener\">GeoTrap Dry Toilet Filter<\/a><\/li>\n<li><a href=\"https:\/\/pikkuvihrea.fi\/en\/product\/puucee-biodegrader-sprinkles\/\" target=\"_blank\" rel=\"noopener\">Biodegrader<\/a><\/li>\n<\/ul>\n","protected":false},"excerpt":{"rendered":"<p class=\"MsoNormal\">Green Toilet 120 Family is a waterless, odorless composting toilet, which is easy to use and service. It is an excellent choice for a holiday home and it can easily be installed to old outhouse as well.<\/p>\n<ul>\n<li>efficient composting ability<\/li>\n<li>serviced in minutes, no shoveling<\/li>\n<li>endless capacity with spare containers<\/li>\n<li>handy size, easy to move with wheels and sturdy handles<\/li>\n<li>durable and reliable in use<\/li>\n<li>no need for special instructions for users<\/li>\n<\/ul>\n","protected":false},"featured_media":41277,"comment_status":"closed","ping_status":"closed","template":"","meta":{"_acf_changed":false},"product_brand":[],"product_cat":[745,1054,1369],"product_tag":[],"class_list":{"0":"post-993","1":"product","2":"type-product","3":"status-publish","4":"has-post-thumbnail","6":"product_cat-composting-toilets","7":"product_cat-dry-toilets","8":"product_cat-public-use-dry-toilets","9":"product_shipping_class-oversized-packages","11":"first","12":"instock","13":"downloadable","14":"taxable","15":"shipping-taxable","16":"purchasable","17":"product-type-bundle"},"bundled_by":[],"bundle_stock_status":"instock","bundle_stock_quantity":"","bundle_virtual":false,"bundle_layout":"default","bundle_add_to_cart_form_location":"default","bundle_editable_in_cart":false,"bundle_sold_individually_context":"product","bundle_item_grouping":"noindent","bundle_min_size":"","bundle_max_size":"","bundle_price":{"price":{"min":{"incl_tax":"619.00","excl_tax":"493.23"},"max":{"incl_tax":"698","excl_tax":"556.18"}},"regular_price":{"min":{"incl_tax":"619.00","excl_tax":"493.23"},"max":{"incl_tax":"708","excl_tax":"564.15"}}},"bundled_items":[{"bundled_item_id":272,"product_id":36441,"menu_order":0,"quantity_min":1,"quantity_max":1,"quantity_default":1,"priced_individually":true,"shipped_individually":false,"override_title":true,"title":"","override_description":false,"description":"Wind-driven ventilator Ecoplast","optional":true,"hide_thumbnail":false,"discount":"11.235955","override_variations":true,"allowed_variations":[37039],"override_default_variation_attributes":true,"default_variation_attributes":[{"id":26,"name":"Tuulettimen yhteensopivuus:","option":"standard-110mm-o-diameter"}],"single_product_visibility":"visible","cart_visibility":"visible","order_visibility":"visible","single_product_price_visibility":"visible","cart_price_visibility":"visible","order_price_visibility":"visible","stock_status":"in_stock"}],"bundle_sell_ids":[],"acf":[],"gallery_images":[30225,22380,41273,22377,22391,22394,22383],"yoast_head":"<!-- This site is optimized with the Yoast SEO plugin v27.3 - https:\/\/yoast.com\/product\/yoast-seo-wordpress\/ -->\n<title>Green Toilet 120 Family Composting Toilet<\/title>\n<meta name=\"description\" content=\"Green Toilet is an easy, odourless composting toilet. It works without any water or electricity and is an ideal solution for holiday homes.\" \/>\n<meta name=\"robots\" content=\"index, follow, max-snippet:-1, max-image-preview:large, max-video-preview:-1\" \/>\n<link rel=\"canonical\" href=\"https:\/\/pikkuvihrea.fi\/en\/product\/green-toilet-120-family-composting-toilet\/\" \/>\n<meta property=\"og:locale\" content=\"en_US\" \/>\n<meta property=\"og:type\" content=\"article\" \/>\n<meta property=\"og:title\" content=\"Green Toilet 120 Family Composting Toilet\" \/>\n<meta property=\"og:description\" content=\"Green Toilet is an easy, odourless composting toilet. It works without any water or electricity and is an ideal solution for holiday homes.\" \/>\n<meta property=\"og:url\" content=\"https:\/\/pikkuvihrea.fi\/en\/product\/green-toilet-120-family-composting-toilet\/\" \/>\n<meta property=\"og:site_name\" content=\"Pikkuvihre\u00e4\" \/>\n<meta property=\"article:modified_time\" content=\"2025-11-11T07:50:15+00:00\" \/>\n<meta property=\"og:image\" content=\"https:\/\/pikkuvihrea.fi\/wp-content\/uploads\/2020\/10\/Green-Toilet-120-Family-kompostoiva-kuivakaymala-sailio.jpg\" \/>\n\t<meta property=\"og:image:width\" content=\"900\" \/>\n\t<meta property=\"og:image:height\" content=\"900\" \/>\n\t<meta property=\"og:image:type\" content=\"image\/jpeg\" \/>\n<meta name=\"twitter:card\" content=\"summary_large_image\" \/>\n<meta name=\"twitter:label1\" content=\"Price\" \/>\n\t<meta name=\"twitter:data1\" content=\"619,00&nbsp;&euro;\" \/>\n\t<meta name=\"twitter:label2\" content=\"Availability\" \/>\n\t<meta name=\"twitter:data2\" content=\"In stock\" \/>\n<script type=\"application\/ld+json\" class=\"yoast-schema-graph\">{\"@context\":\"https:\\\/\\\/schema.org\",\"@graph\":[{\"@type\":\"WebPage\",\"@id\":\"https:\\\/\\\/pikkuvihrea.fi\\\/en\\\/product\\\/green-toilet-120-family-composting-toilet\\\/\",\"url\":\"https:\\\/\\\/pikkuvihrea.fi\\\/en\\\/product\\\/green-toilet-120-family-composting-toilet\\\/\",\"name\":\"Green Toilet 120 Family Composting Toilet\",\"isPartOf\":{\"@id\":\"https:\\\/\\\/pikkuvihrea.fi\\\/en\\\/#website\"},\"primaryImageOfPage\":{\"@id\":\"https:\\\/\\\/pikkuvihrea.fi\\\/en\\\/product\\\/green-toilet-120-family-composting-toilet\\\/#primaryimage\"},\"image\":{\"@id\":\"https:\\\/\\\/pikkuvihrea.fi\\\/en\\\/product\\\/green-toilet-120-family-composting-toilet\\\/#primaryimage\"},\"thumbnailUrl\":\"https:\\\/\\\/pikkuvihrea.fi\\\/wp-content\\\/uploads\\\/2020\\\/10\\\/Green-Toilet-120-Family-kompostoiva-kuivakaymala-sailio.jpg\",\"datePublished\":\"2020-10-24T21:00:00+00:00\",\"dateModified\":\"2025-11-11T07:50:15+00:00\",\"description\":\"Green Toilet is an easy, odourless composting toilet. It works without any water or electricity and is an ideal solution for holiday homes.\",\"breadcrumb\":{\"@id\":\"https:\\\/\\\/pikkuvihrea.fi\\\/en\\\/product\\\/green-toilet-120-family-composting-toilet\\\/#breadcrumb\"},\"inLanguage\":\"en-US\",\"potentialAction\":[{\"@type\":\"ReadAction\",\"target\":[\"https:\\\/\\\/pikkuvihrea.fi\\\/en\\\/product\\\/green-toilet-120-family-composting-toilet\\\/\"]}]},{\"@type\":\"ImageObject\",\"inLanguage\":\"en-US\",\"@id\":\"https:\\\/\\\/pikkuvihrea.fi\\\/en\\\/product\\\/green-toilet-120-family-composting-toilet\\\/#primaryimage\",\"url\":\"https:\\\/\\\/pikkuvihrea.fi\\\/wp-content\\\/uploads\\\/2020\\\/10\\\/Green-Toilet-120-Family-kompostoiva-kuivakaymala-sailio.jpg\",\"contentUrl\":\"https:\\\/\\\/pikkuvihrea.fi\\\/wp-content\\\/uploads\\\/2020\\\/10\\\/Green-Toilet-120-Family-kompostoiva-kuivakaymala-sailio.jpg\",\"width\":900,\"height\":900,\"caption\":\"Green Toilet 120 Family on kompostoiva kuivak\u00e4ym\u00e4l\u00e4 suurella kapasiteetilla \u2013 t\u00e4ydellinen m\u00f6kille ja vapaa-ajan asuntoon ilman vett\u00e4 tai viem\u00e4ri\u00e4\"},{\"@type\":\"BreadcrumbList\",\"@id\":\"https:\\\/\\\/pikkuvihrea.fi\\\/en\\\/product\\\/green-toilet-120-family-composting-toilet\\\/#breadcrumb\",\"itemListElement\":[{\"@type\":\"ListItem\",\"position\":1,\"name\":\"Etusivu\",\"item\":\"https:\\\/\\\/pikkuvihrea.fi\\\/en\\\/\"},{\"@type\":\"ListItem\",\"position\":2,\"name\":\"Shop\",\"item\":\"https:\\\/\\\/pikkuvihrea.fi\\\/en\\\/shop\\\/\"},{\"@type\":\"ListItem\",\"position\":3,\"name\":\"Green Toilet 120 Family composting toilet\"}]},{\"@type\":\"WebSite\",\"@id\":\"https:\\\/\\\/pikkuvihrea.fi\\\/en\\\/#website\",\"url\":\"https:\\\/\\\/pikkuvihrea.fi\\\/en\\\/\",\"name\":\"Pikkuvihre\u00e4\",\"description\":\"\",\"publisher\":{\"@id\":\"https:\\\/\\\/pikkuvihrea.fi\\\/en\\\/#organization\"},\"potentialAction\":[{\"@type\":\"SearchAction\",\"target\":{\"@type\":\"EntryPoint\",\"urlTemplate\":\"https:\\\/\\\/pikkuvihrea.fi\\\/en\\\/?s={search_term_string}\"},\"query-input\":{\"@type\":\"PropertyValueSpecification\",\"valueRequired\":true,\"valueName\":\"search_term_string\"}}],\"inLanguage\":\"en-US\"},{\"@type\":\"Organization\",\"@id\":\"https:\\\/\\\/pikkuvihrea.fi\\\/en\\\/#organization\",\"name\":\"Pikkuvihre\u00e4\",\"url\":\"https:\\\/\\\/pikkuvihrea.fi\\\/en\\\/\",\"logo\":{\"@type\":\"ImageObject\",\"inLanguage\":\"en-US\",\"@id\":\"https:\\\/\\\/pikkuvihrea.fi\\\/en\\\/#\\\/schema\\\/logo\\\/image\\\/\",\"url\":\"https:\\\/\\\/pikkuvihrea.fi\\\/wp-content\\\/uploads\\\/2020\\\/10\\\/pikkuvihrea_logo_rgb_trimmed.jpg\",\"contentUrl\":\"https:\\\/\\\/pikkuvihrea.fi\\\/wp-content\\\/uploads\\\/2020\\\/10\\\/pikkuvihrea_logo_rgb_trimmed.jpg\",\"width\":660,\"height\":100,\"caption\":\"Pikkuvihre\u00e4\"},\"image\":{\"@id\":\"https:\\\/\\\/pikkuvihrea.fi\\\/en\\\/#\\\/schema\\\/logo\\\/image\\\/\"}}]}<\/script>\n<meta property=\"product:price:amount\" content=\"619.00\" \/>\n<meta property=\"product:price:currency\" content=\"EUR\" \/>\n<meta property=\"og:availability\" content=\"instock\" \/>\n<meta property=\"product:availability\" content=\"instock\" \/>\n<meta property=\"product:retailer_item_id\" content=\"6430069510020\" \/>\n<meta property=\"product:condition\" content=\"new\" \/>\n<!-- \/ Yoast SEO plugin. -->","yoast_head_json":{"title":"Green Toilet 120 Family Composting Toilet","description":"Green Toilet is an easy, odourless composting toilet. It works without any water or electricity and is an ideal solution for holiday homes.","robots":{"index":"index","follow":"follow","max-snippet":"max-snippet:-1","max-image-preview":"max-image-preview:large","max-video-preview":"max-video-preview:-1"},"canonical":"https:\/\/pikkuvihrea.fi\/en\/product\/green-toilet-120-family-composting-toilet\/","og_locale":"en_US","og_type":"article","og_title":"Green Toilet 120 Family Composting Toilet","og_description":"Green Toilet is an easy, odourless composting toilet. It works without any water or electricity and is an ideal solution for holiday homes.","og_url":"https:\/\/pikkuvihrea.fi\/en\/product\/green-toilet-120-family-composting-toilet\/","og_site_name":"Pikkuvihre\u00e4","article_modified_time":"2025-11-11T07:50:15+00:00","og_image":[{"width":900,"height":900,"url":"https:\/\/pikkuvihrea.fi\/wp-content\/uploads\/2020\/10\/Green-Toilet-120-Family-kompostoiva-kuivakaymala-sailio.jpg","type":"image\/jpeg"}],"twitter_card":"summary_large_image","twitter_misc":{"Price":"619,00&nbsp;&euro;","Availability":"In stock"},"schema":{"@context":"https:\/\/schema.org","@graph":[{"@type":"WebPage","@id":"https:\/\/pikkuvihrea.fi\/en\/product\/green-toilet-120-family-composting-toilet\/","url":"https:\/\/pikkuvihrea.fi\/en\/product\/green-toilet-120-family-composting-toilet\/","name":"Green Toilet 120 Family Composting Toilet","isPartOf":{"@id":"https:\/\/pikkuvihrea.fi\/en\/#website"},"primaryImageOfPage":{"@id":"https:\/\/pikkuvihrea.fi\/en\/product\/green-toilet-120-family-composting-toilet\/#primaryimage"},"image":{"@id":"https:\/\/pikkuvihrea.fi\/en\/product\/green-toilet-120-family-composting-toilet\/#primaryimage"},"thumbnailUrl":"https:\/\/pikkuvihrea.fi\/wp-content\/uploads\/2020\/10\/Green-Toilet-120-Family-kompostoiva-kuivakaymala-sailio.jpg","datePublished":"2020-10-24T21:00:00+00:00","dateModified":"2025-11-11T07:50:15+00:00","description":"Green Toilet is an easy, odourless composting toilet. It works without any water or electricity and is an ideal solution for holiday homes.","breadcrumb":{"@id":"https:\/\/pikkuvihrea.fi\/en\/product\/green-toilet-120-family-composting-toilet\/#breadcrumb"},"inLanguage":"en-US","potentialAction":[{"@type":"ReadAction","target":["https:\/\/pikkuvihrea.fi\/en\/product\/green-toilet-120-family-composting-toilet\/"]}]},{"@type":"ImageObject","inLanguage":"en-US","@id":"https:\/\/pikkuvihrea.fi\/en\/product\/green-toilet-120-family-composting-toilet\/#primaryimage","url":"https:\/\/pikkuvihrea.fi\/wp-content\/uploads\/2020\/10\/Green-Toilet-120-Family-kompostoiva-kuivakaymala-sailio.jpg","contentUrl":"https:\/\/pikkuvihrea.fi\/wp-content\/uploads\/2020\/10\/Green-Toilet-120-Family-kompostoiva-kuivakaymala-sailio.jpg","width":900,"height":900,"caption":"Green Toilet 120 Family on kompostoiva kuivak\u00e4ym\u00e4l\u00e4 suurella kapasiteetilla \u2013 t\u00e4ydellinen m\u00f6kille ja vapaa-ajan asuntoon ilman vett\u00e4 tai viem\u00e4ri\u00e4"},{"@type":"BreadcrumbList","@id":"https:\/\/pikkuvihrea.fi\/en\/product\/green-toilet-120-family-composting-toilet\/#breadcrumb","itemListElement":[{"@type":"ListItem","position":1,"name":"Etusivu","item":"https:\/\/pikkuvihrea.fi\/en\/"},{"@type":"ListItem","position":2,"name":"Shop","item":"https:\/\/pikkuvihrea.fi\/en\/shop\/"},{"@type":"ListItem","position":3,"name":"Green Toilet 120 Family composting toilet"}]},{"@type":"WebSite","@id":"https:\/\/pikkuvihrea.fi\/en\/#website","url":"https:\/\/pikkuvihrea.fi\/en\/","name":"Pikkuvihre\u00e4","description":"","publisher":{"@id":"https:\/\/pikkuvihrea.fi\/en\/#organization"},"potentialAction":[{"@type":"SearchAction","target":{"@type":"EntryPoint","urlTemplate":"https:\/\/pikkuvihrea.fi\/en\/?s={search_term_string}"},"query-input":{"@type":"PropertyValueSpecification","valueRequired":true,"valueName":"search_term_string"}}],"inLanguage":"en-US"},{"@type":"Organization","@id":"https:\/\/pikkuvihrea.fi\/en\/#organization","name":"Pikkuvihre\u00e4","url":"https:\/\/pikkuvihrea.fi\/en\/","logo":{"@type":"ImageObject","inLanguage":"en-US","@id":"https:\/\/pikkuvihrea.fi\/en\/#\/schema\/logo\/image\/","url":"https:\/\/pikkuvihrea.fi\/wp-content\/uploads\/2020\/10\/pikkuvihrea_logo_rgb_trimmed.jpg","contentUrl":"https:\/\/pikkuvihrea.fi\/wp-content\/uploads\/2020\/10\/pikkuvihrea_logo_rgb_trimmed.jpg","width":660,"height":100,"caption":"Pikkuvihre\u00e4"},"image":{"@id":"https:\/\/pikkuvihrea.fi\/en\/#\/schema\/logo\/image\/"}}]},"product_price_amount":"619.00","product_price_currency":"EUR","og_availability":"instock","product_availability":"instock","product_retailer_item_id":"6430069510020","product_condition":"new"},"_links":{"self":[{"href":"https:\/\/pikkuvihrea.fi\/en\/wp-json\/wp\/v2\/product\/993","targetHints":{"allow":["GET"]}}],"collection":[{"href":"https:\/\/pikkuvihrea.fi\/en\/wp-json\/wp\/v2\/product"}],"about":[{"href":"https:\/\/pikkuvihrea.fi\/en\/wp-json\/wp\/v2\/types\/product"}],"replies":[{"embeddable":true,"href":"https:\/\/pikkuvihrea.fi\/en\/wp-json\/wp\/v2\/comments?post=993"}],"wp:featuredmedia":[{"embeddable":true,"href":"https:\/\/pikkuvihrea.fi\/en\/wp-json\/wp\/v2\/media\/41277"}],"wp:attachment":[{"href":"https:\/\/pikkuvihrea.fi\/en\/wp-json\/wp\/v2\/media?parent=993"}],"wp:term":[{"taxonomy":"product_brand","embeddable":true,"href":"https:\/\/pikkuvihrea.fi\/en\/wp-json\/wp\/v2\/product_brand?post=993"},{"taxonomy":"product_cat","embeddable":true,"href":"https:\/\/pikkuvihrea.fi\/en\/wp-json\/wp\/v2\/product_cat?post=993"},{"taxonomy":"product_tag","embeddable":true,"href":"https:\/\/pikkuvihrea.fi\/en\/wp-json\/wp\/v2\/product_tag?post=993"}],"curies":[{"name":"wp","href":"https:\/\/api.w.org\/{rel}","templated":true}]}}