{"id":707,"date":"2013-05-28T00:00:00","date_gmt":"2013-05-27T21:00:00","guid":{"rendered":"https:\/\/pikkuvihrea.fi\/tuote\/chamber-pot-ekopikkula\/"},"modified":"2026-04-12T13:26:11","modified_gmt":"2026-04-12T10:26:11","slug":"chamber-pot-ekopikkula","status":"publish","type":"product","link":"https:\/\/pikkuvihrea.fi\/en\/product\/chamber-pot-ekopikkula\/","title":{"rendered":"Chamber pot Ekopikkula"},"content":{"rendered":"<p>Ekopikkula chamber pot has been developed in Finland. The package includes wooden pellets, biobags and the toilet with a seat and a lid. When used right, Ekopikkula is an easy, hygienic and odorless extra toilet to many use cases.<\/p>\n<p><iframe loading=\"lazy\" title=\"YouTube video player\" data-cookieconsent=\"statistics, marketing\" data-src=\"https:\/\/www.youtube.com\/embed\/lK2dzRBXS5g\" width=\"315\" height=\"560\" frameborder=\"0\" allowfullscreen=\"allowfullscreen\"><\/iframe><div class=\"cookieconsent-optout-statistics cookieconsent-optout-marketing\">Please accept <a href=\"javascript:Cookiebot.renew()\">statistics, marketing<\/a> cookies to watch this video.<\/div><\/p>\n<h3>OPERATING PRINCIPLE<\/h3>\n<p>Ekopikkula is portable and it does not require any kind of installation. When the wooden pellet is used as dry material, the emptying can be done every 2-4 days depending on the use. The pellet efficiently absorbs the liquid and prevents odor problems. A suitable amount of the pellet is 1-2 dl after every use.\u00a0 The biobags that come in the package make the service and cleaning easier.<\/p>\n<p>The wooden pellet is produced by compressing saw dust in high pressure to pellets. No chemicals or other substances are used in the process. pellet absorbs liquid about three times its own weight. The great advantage of the pellet is that it does not make dust like many other dry materials like peat. This is especially important in indoor use.<\/p>\n<h3>PACKAGE CONTENT<\/h3>\n<ul>\n<li>waste container (toilet) 37 liters, height 45 cm, \u00d8 40 cm<\/li>\n<li>white seat with a lid<\/li>\n<li>black lid<\/li>\n<li>bag of wooden pellet 4 kg<\/li>\n<li>biodegradable waste bags 40 pcs<\/li>\n<\/ul>\n<h3>SERVICE<\/h3>\n<p>Ekopikkula chamber pot is intended to be emptied to a compost, eg. a garden compost. Also the biobags can be composted with the waste. Please note, that different authorities have different regulations for toilet waste disposal. refer to your own municipality for more information.<\/p>\n<p>When the chamber pot is empty, a bag is put inside and tightened with the seat to the right place. The use can continue again.<\/p>\n<p>Please, do handle the white plastic seat forcefully in cold temperature, because it is more likely to break when the material is cold.<\/p>\n<h3>OPTIONS AND ACCESSORIES<\/h3>\n<p>Ekopikkula package is also available without the pellet and the biobags: <a href=\"https:\/\/pikkuvihrea.fi\/en\/product\/chamber-pot-pikkula\/\" target=\"_blank\" rel=\"noopener noreferrer\">Pikkula Chamber pot.<\/a><\/p>\n<p>If longer emptying intervals are needed, it is possible to use biological odor prevention agent: <a href=\"https:\/\/pikkuvihrea.fi\/en\/product\/septibio-odor-remover\/\" target=\"_blank\" rel=\"noopener noreferrer\">Septibio<\/a>. It can be used without interfering the composting process.<\/p>\n<p>if the toilet will be used by a person who has problems in moving, may better choice could be either <a href=\"https:\/\/pikkuvihrea.fi\/en\/product\/sanitoa-dry-toilet\/\" target=\"_blank\" rel=\"noopener noreferrer\">Separett Sanitoa<\/a> or a <a href=\"https:\/\/pikkuvihrea.fi\/en\/product\/handicap-toilet-seat-foldable\/\" target=\"_blank\" rel=\"noopener noreferrer\">toilet chair for disabled<\/a>. They have a higher seating height and are more sturdy.<\/p>\n<p>If the need for a chamber pot is permanent or long term, you might want to consider having <a href=\"https:\/\/pikkuvihrea.fi\/en\/product\/freezing-toilet-ekohytte\/\" target=\"_blank\" rel=\"noopener noreferrer\">a freezing toilet Ekohytte<\/a>.<\/p>\n","protected":false},"excerpt":{"rendered":"<p class=\"MsoNormal\">Ekopikkula is a handy, ecological chamber pot for temporary use (for example, during construction) or for night-time use at a holiday home or by a sickbed.<\/p>\n<ul>\n<li>normal seating height 45 cm<\/li>\n<li>air tight lid<\/li>\n<\/ul>\n","protected":false},"featured_media":33474,"comment_status":"closed","ping_status":"closed","template":"","meta":{"_acf_changed":false},"product_brand":[],"product_cat":[1054,1107],"product_tag":[],"class_list":{"0":"post-707","1":"product","2":"type-product","3":"status-publish","4":"has-post-thumbnail","6":"product_cat-dry-toilets","7":"product_cat-portable-toilets","8":"product_shipping_class-medium-size-packages","10":"first","11":"instock","12":"sale","13":"taxable","14":"shipping-taxable","15":"purchasable","16":"product-type-bundle"},"bundled_by":[],"bundle_stock_status":"instock","bundle_stock_quantity":"","bundle_virtual":false,"bundle_layout":"default","bundle_add_to_cart_form_location":"default","bundle_editable_in_cart":false,"bundle_sold_individually_context":"product","bundle_item_grouping":"noindent","bundle_min_size":"","bundle_max_size":"","bundle_price":{"price":{"min":{"incl_tax":"60.00","excl_tax":"47.81"},"max":{"incl_tax":"89","excl_tax":"70.92"}},"regular_price":{"min":{"incl_tax":"79.00","excl_tax":"62.95"},"max":{"incl_tax":"118","excl_tax":"94.03"}}},"bundled_items":[{"bundled_item_id":79,"product_id":8126,"menu_order":0,"quantity_min":1,"quantity_max":1,"quantity_default":1,"priced_individually":true,"shipped_individually":false,"override_title":false,"title":"Spare pot for chamber pots","override_description":false,"description":"Spare pot for chamber pots","optional":true,"hide_thumbnail":false,"discount":"25.64103","override_variations":false,"allowed_variations":[""],"override_default_variation_attributes":false,"default_variation_attributes":[],"single_product_visibility":"visible","cart_visibility":"visible","order_visibility":"visible","single_product_price_visibility":"visible","cart_price_visibility":"visible","order_price_visibility":"visible","stock_status":"in_stock"}],"bundle_sell_ids":[],"acf":[],"gallery_images":[29854,33478],"yoast_head":"<!-- This site is optimized with the Yoast SEO plugin v27.3 - https:\/\/yoast.com\/product\/yoast-seo-wordpress\/ -->\n<title>Chamber pot Ekopikkula - Pikkuvihre\u00e4<\/title>\n<meta name=\"description\" content=\"Ekopikkula is a ready, portable toilet package for many use cases. Ecological and sturdy. Order from Pikkuvihrea web shop!\" \/>\n<meta name=\"robots\" content=\"index, follow, max-snippet:-1, max-image-preview:large, max-video-preview:-1\" \/>\n<link rel=\"canonical\" href=\"https:\/\/pikkuvihrea.fi\/en\/product\/chamber-pot-ekopikkula\/\" \/>\n<meta property=\"og:locale\" content=\"en_US\" \/>\n<meta property=\"og:type\" content=\"article\" \/>\n<meta property=\"og:title\" content=\"Chamber pot Ekopikkula - Pikkuvihre\u00e4\" \/>\n<meta property=\"og:description\" content=\"Ekopikkula is a ready, portable toilet package for many use cases. Ecological and sturdy. Order from Pikkuvihrea web shop!\" \/>\n<meta property=\"og:url\" content=\"https:\/\/pikkuvihrea.fi\/en\/product\/chamber-pot-ekopikkula\/\" \/>\n<meta property=\"og:site_name\" content=\"Pikkuvihre\u00e4\" \/>\n<meta property=\"article:modified_time\" content=\"2026-04-12T10:26:11+00:00\" \/>\n<meta property=\"og:image\" content=\"https:\/\/pikkuvihrea.fi\/wp-content\/uploads\/2024\/11\/Ekopikkula_Ekotoa_2024.jpg\" \/>\n\t<meta property=\"og:image:width\" content=\"900\" \/>\n\t<meta property=\"og:image:height\" content=\"900\" \/>\n\t<meta property=\"og:image:type\" content=\"image\/jpeg\" \/>\n<meta name=\"twitter:card\" content=\"summary_large_image\" \/>\n<meta name=\"twitter:label1\" content=\"Price\" \/>\n\t<meta name=\"twitter:data1\" content=\"60,00&nbsp;&euro;\" \/>\n\t<meta name=\"twitter:label2\" content=\"Availability\" \/>\n\t<meta name=\"twitter:data2\" content=\"In stock\" \/>\n<script type=\"application\/ld+json\" class=\"yoast-schema-graph\">{\"@context\":\"https:\\\/\\\/schema.org\",\"@graph\":[{\"@type\":\"WebPage\",\"@id\":\"https:\\\/\\\/pikkuvihrea.fi\\\/en\\\/product\\\/chamber-pot-ekopikkula\\\/\",\"url\":\"https:\\\/\\\/pikkuvihrea.fi\\\/en\\\/product\\\/chamber-pot-ekopikkula\\\/\",\"name\":\"Chamber pot Ekopikkula - Pikkuvihre\u00e4\",\"isPartOf\":{\"@id\":\"https:\\\/\\\/pikkuvihrea.fi\\\/en\\\/#website\"},\"primaryImageOfPage\":{\"@id\":\"https:\\\/\\\/pikkuvihrea.fi\\\/en\\\/product\\\/chamber-pot-ekopikkula\\\/#primaryimage\"},\"image\":{\"@id\":\"https:\\\/\\\/pikkuvihrea.fi\\\/en\\\/product\\\/chamber-pot-ekopikkula\\\/#primaryimage\"},\"thumbnailUrl\":\"https:\\\/\\\/pikkuvihrea.fi\\\/wp-content\\\/uploads\\\/2024\\\/11\\\/Ekopikkula_Ekotoa_2024.jpg\",\"datePublished\":\"2013-05-27T21:00:00+00:00\",\"dateModified\":\"2026-04-12T10:26:11+00:00\",\"description\":\"Ekopikkula is a ready, portable toilet package for many use cases. Ecological and sturdy. Order from Pikkuvihrea web shop!\",\"breadcrumb\":{\"@id\":\"https:\\\/\\\/pikkuvihrea.fi\\\/en\\\/product\\\/chamber-pot-ekopikkula\\\/#breadcrumb\"},\"inLanguage\":\"en-US\",\"potentialAction\":[{\"@type\":\"ReadAction\",\"target\":[\"https:\\\/\\\/pikkuvihrea.fi\\\/en\\\/product\\\/chamber-pot-ekopikkula\\\/\"]}]},{\"@type\":\"ImageObject\",\"inLanguage\":\"en-US\",\"@id\":\"https:\\\/\\\/pikkuvihrea.fi\\\/en\\\/product\\\/chamber-pot-ekopikkula\\\/#primaryimage\",\"url\":\"https:\\\/\\\/pikkuvihrea.fi\\\/wp-content\\\/uploads\\\/2024\\\/11\\\/Ekopikkula_Ekotoa_2024.jpg\",\"contentUrl\":\"https:\\\/\\\/pikkuvihrea.fi\\\/wp-content\\\/uploads\\\/2024\\\/11\\\/Ekopikkula_Ekotoa_2024.jpg\",\"width\":900,\"height\":900,\"caption\":\"Ekotoa on siirrett\u00e4v\u00e4 ja hajuton varak\u00e4ym\u00e4l\u00e4 m\u00f6kille, kotiin tai retkik\u00e4ytt\u00f6\u00f6n \u2013 mukana kuivikepelletit ja biohajoavat pussit\"},{\"@type\":\"BreadcrumbList\",\"@id\":\"https:\\\/\\\/pikkuvihrea.fi\\\/en\\\/product\\\/chamber-pot-ekopikkula\\\/#breadcrumb\",\"itemListElement\":[{\"@type\":\"ListItem\",\"position\":1,\"name\":\"Etusivu\",\"item\":\"https:\\\/\\\/pikkuvihrea.fi\\\/en\\\/\"},{\"@type\":\"ListItem\",\"position\":2,\"name\":\"Shop\",\"item\":\"https:\\\/\\\/pikkuvihrea.fi\\\/en\\\/shop\\\/\"},{\"@type\":\"ListItem\",\"position\":3,\"name\":\"Chamber pot Ekopikkula\"}]},{\"@type\":\"WebSite\",\"@id\":\"https:\\\/\\\/pikkuvihrea.fi\\\/en\\\/#website\",\"url\":\"https:\\\/\\\/pikkuvihrea.fi\\\/en\\\/\",\"name\":\"Pikkuvihre\u00e4\",\"description\":\"\",\"publisher\":{\"@id\":\"https:\\\/\\\/pikkuvihrea.fi\\\/en\\\/#organization\"},\"potentialAction\":[{\"@type\":\"SearchAction\",\"target\":{\"@type\":\"EntryPoint\",\"urlTemplate\":\"https:\\\/\\\/pikkuvihrea.fi\\\/en\\\/?s={search_term_string}\"},\"query-input\":{\"@type\":\"PropertyValueSpecification\",\"valueRequired\":true,\"valueName\":\"search_term_string\"}}],\"inLanguage\":\"en-US\"},{\"@type\":\"Organization\",\"@id\":\"https:\\\/\\\/pikkuvihrea.fi\\\/en\\\/#organization\",\"name\":\"Pikkuvihre\u00e4\",\"url\":\"https:\\\/\\\/pikkuvihrea.fi\\\/en\\\/\",\"logo\":{\"@type\":\"ImageObject\",\"inLanguage\":\"en-US\",\"@id\":\"https:\\\/\\\/pikkuvihrea.fi\\\/en\\\/#\\\/schema\\\/logo\\\/image\\\/\",\"url\":\"https:\\\/\\\/pikkuvihrea.fi\\\/wp-content\\\/uploads\\\/2020\\\/10\\\/pikkuvihrea_logo_rgb_trimmed.jpg\",\"contentUrl\":\"https:\\\/\\\/pikkuvihrea.fi\\\/wp-content\\\/uploads\\\/2020\\\/10\\\/pikkuvihrea_logo_rgb_trimmed.jpg\",\"width\":660,\"height\":100,\"caption\":\"Pikkuvihre\u00e4\"},\"image\":{\"@id\":\"https:\\\/\\\/pikkuvihrea.fi\\\/en\\\/#\\\/schema\\\/logo\\\/image\\\/\"}}]}<\/script>\n<meta property=\"product:brand\" content=\"Pikkuvihre\u00e4\" \/>\n<meta property=\"product:price:amount\" content=\"60.00\" \/>\n<meta property=\"product:price:currency\" content=\"EUR\" \/>\n<meta property=\"og:availability\" content=\"instock\" \/>\n<meta property=\"product:availability\" content=\"instock\" \/>\n<meta property=\"product:retailer_item_id\" content=\"6430069510129\" \/>\n<meta property=\"product:condition\" content=\"new\" \/>\n<!-- \/ Yoast SEO plugin. -->","yoast_head_json":{"title":"Chamber pot Ekopikkula - Pikkuvihre\u00e4","description":"Ekopikkula is a ready, portable toilet package for many use cases. Ecological and sturdy. Order from Pikkuvihrea web shop!","robots":{"index":"index","follow":"follow","max-snippet":"max-snippet:-1","max-image-preview":"max-image-preview:large","max-video-preview":"max-video-preview:-1"},"canonical":"https:\/\/pikkuvihrea.fi\/en\/product\/chamber-pot-ekopikkula\/","og_locale":"en_US","og_type":"article","og_title":"Chamber pot Ekopikkula - Pikkuvihre\u00e4","og_description":"Ekopikkula is a ready, portable toilet package for many use cases. Ecological and sturdy. Order from Pikkuvihrea web shop!","og_url":"https:\/\/pikkuvihrea.fi\/en\/product\/chamber-pot-ekopikkula\/","og_site_name":"Pikkuvihre\u00e4","article_modified_time":"2026-04-12T10:26:11+00:00","og_image":[{"width":900,"height":900,"url":"https:\/\/pikkuvihrea.fi\/wp-content\/uploads\/2024\/11\/Ekopikkula_Ekotoa_2024.jpg","type":"image\/jpeg"}],"twitter_card":"summary_large_image","twitter_misc":{"Price":"60,00&nbsp;&euro;","Availability":"In stock"},"schema":{"@context":"https:\/\/schema.org","@graph":[{"@type":"WebPage","@id":"https:\/\/pikkuvihrea.fi\/en\/product\/chamber-pot-ekopikkula\/","url":"https:\/\/pikkuvihrea.fi\/en\/product\/chamber-pot-ekopikkula\/","name":"Chamber pot Ekopikkula - Pikkuvihre\u00e4","isPartOf":{"@id":"https:\/\/pikkuvihrea.fi\/en\/#website"},"primaryImageOfPage":{"@id":"https:\/\/pikkuvihrea.fi\/en\/product\/chamber-pot-ekopikkula\/#primaryimage"},"image":{"@id":"https:\/\/pikkuvihrea.fi\/en\/product\/chamber-pot-ekopikkula\/#primaryimage"},"thumbnailUrl":"https:\/\/pikkuvihrea.fi\/wp-content\/uploads\/2024\/11\/Ekopikkula_Ekotoa_2024.jpg","datePublished":"2013-05-27T21:00:00+00:00","dateModified":"2026-04-12T10:26:11+00:00","description":"Ekopikkula is a ready, portable toilet package for many use cases. Ecological and sturdy. Order from Pikkuvihrea web shop!","breadcrumb":{"@id":"https:\/\/pikkuvihrea.fi\/en\/product\/chamber-pot-ekopikkula\/#breadcrumb"},"inLanguage":"en-US","potentialAction":[{"@type":"ReadAction","target":["https:\/\/pikkuvihrea.fi\/en\/product\/chamber-pot-ekopikkula\/"]}]},{"@type":"ImageObject","inLanguage":"en-US","@id":"https:\/\/pikkuvihrea.fi\/en\/product\/chamber-pot-ekopikkula\/#primaryimage","url":"https:\/\/pikkuvihrea.fi\/wp-content\/uploads\/2024\/11\/Ekopikkula_Ekotoa_2024.jpg","contentUrl":"https:\/\/pikkuvihrea.fi\/wp-content\/uploads\/2024\/11\/Ekopikkula_Ekotoa_2024.jpg","width":900,"height":900,"caption":"Ekotoa on siirrett\u00e4v\u00e4 ja hajuton varak\u00e4ym\u00e4l\u00e4 m\u00f6kille, kotiin tai retkik\u00e4ytt\u00f6\u00f6n \u2013 mukana kuivikepelletit ja biohajoavat pussit"},{"@type":"BreadcrumbList","@id":"https:\/\/pikkuvihrea.fi\/en\/product\/chamber-pot-ekopikkula\/#breadcrumb","itemListElement":[{"@type":"ListItem","position":1,"name":"Etusivu","item":"https:\/\/pikkuvihrea.fi\/en\/"},{"@type":"ListItem","position":2,"name":"Shop","item":"https:\/\/pikkuvihrea.fi\/en\/shop\/"},{"@type":"ListItem","position":3,"name":"Chamber pot Ekopikkula"}]},{"@type":"WebSite","@id":"https:\/\/pikkuvihrea.fi\/en\/#website","url":"https:\/\/pikkuvihrea.fi\/en\/","name":"Pikkuvihre\u00e4","description":"","publisher":{"@id":"https:\/\/pikkuvihrea.fi\/en\/#organization"},"potentialAction":[{"@type":"SearchAction","target":{"@type":"EntryPoint","urlTemplate":"https:\/\/pikkuvihrea.fi\/en\/?s={search_term_string}"},"query-input":{"@type":"PropertyValueSpecification","valueRequired":true,"valueName":"search_term_string"}}],"inLanguage":"en-US"},{"@type":"Organization","@id":"https:\/\/pikkuvihrea.fi\/en\/#organization","name":"Pikkuvihre\u00e4","url":"https:\/\/pikkuvihrea.fi\/en\/","logo":{"@type":"ImageObject","inLanguage":"en-US","@id":"https:\/\/pikkuvihrea.fi\/en\/#\/schema\/logo\/image\/","url":"https:\/\/pikkuvihrea.fi\/wp-content\/uploads\/2020\/10\/pikkuvihrea_logo_rgb_trimmed.jpg","contentUrl":"https:\/\/pikkuvihrea.fi\/wp-content\/uploads\/2020\/10\/pikkuvihrea_logo_rgb_trimmed.jpg","width":660,"height":100,"caption":"Pikkuvihre\u00e4"},"image":{"@id":"https:\/\/pikkuvihrea.fi\/en\/#\/schema\/logo\/image\/"}}]},"product_brand":"Pikkuvihre\u00e4","product_price_amount":"60.00","product_price_currency":"EUR","og_availability":"instock","product_availability":"instock","product_retailer_item_id":"6430069510129","product_condition":"new"},"_links":{"self":[{"href":"https:\/\/pikkuvihrea.fi\/en\/wp-json\/wp\/v2\/product\/707","targetHints":{"allow":["GET"]}}],"collection":[{"href":"https:\/\/pikkuvihrea.fi\/en\/wp-json\/wp\/v2\/product"}],"about":[{"href":"https:\/\/pikkuvihrea.fi\/en\/wp-json\/wp\/v2\/types\/product"}],"replies":[{"embeddable":true,"href":"https:\/\/pikkuvihrea.fi\/en\/wp-json\/wp\/v2\/comments?post=707"}],"wp:featuredmedia":[{"embeddable":true,"href":"https:\/\/pikkuvihrea.fi\/en\/wp-json\/wp\/v2\/media\/33474"}],"wp:attachment":[{"href":"https:\/\/pikkuvihrea.fi\/en\/wp-json\/wp\/v2\/media?parent=707"}],"wp:term":[{"taxonomy":"product_brand","embeddable":true,"href":"https:\/\/pikkuvihrea.fi\/en\/wp-json\/wp\/v2\/product_brand?post=707"},{"taxonomy":"product_cat","embeddable":true,"href":"https:\/\/pikkuvihrea.fi\/en\/wp-json\/wp\/v2\/product_cat?post=707"},{"taxonomy":"product_tag","embeddable":true,"href":"https:\/\/pikkuvihrea.fi\/en\/wp-json\/wp\/v2\/product_tag?post=707"}],"curies":[{"name":"wp","href":"https:\/\/api.w.org\/{rel}","templated":true}]}}