{"id":637,"date":"2012-09-14T00:00:00","date_gmt":"2012-09-13T21:00:00","guid":{"rendered":"https:\/\/pikkuvihrea.fi\/tuote\/puucee-biohajottaja-4kg\/"},"modified":"2025-09-25T15:47:22","modified_gmt":"2025-09-25T12:47:22","slug":"puucee-janne-biodegrader-sprinkels-4kg","status":"publish","type":"product","link":"https:\/\/pikkuvihrea.fi\/en\/product\/puucee-janne-biodegrader-sprinkels-4kg\/","title":{"rendered":"PuuCee Janne Biodegrader sprinkles 4 kg"},"content":{"rendered":"<p><strong>Affordable Bulk Pack \u2013 Enough for the Entire Cottage Season!<\/strong><\/p>\n<p>Janne&#8217;s PuuCee, also known as &#8220;outhouse powder&#8221;, is a lemon-scented yellow classic among dry toilet products. It\u2019s suitable for all types of dry toilets and outhouses. It effectively eliminates unpleasant odors and significantly accelerates composting. In addition, PuuCee Janne repels flies and allows you to reduce the amount of bulking material used.<\/p>\n<p>Even the person maintaining the toilet will notice when Janne\u2019s PuuCee powder is in use: the compost is ready faster and remains odor-free.<\/p>\n<h3>INSTRUCTIONS FOR USE<\/h3>\n<p>Sprinkle about one tablespoon of PuuCee Janne into the toilet container after each use. Do not add any additional bulking material on top of the biodegrader. The product is non-toxic and can also be used in other composters, such as kitchen compost bins, to speed up composting.<\/p>\n<p>If the product gets into eyes or mouth, rinse thoroughly with plenty of water.<\/p>\n<p>Store sealed in a cool, dry place. The microbes in the product remain effective for several years in the package. They activate when exposed to moisture and warmth.<\/p>\n<p><strong>Price per kilo: 19.75 \u20ac<\/strong><\/p>\n<p><strong>Ingredients:<\/strong><br \/>\nMicrobes &lt; 5%<br \/>\nEnzymes &lt; 5%<br \/>\nFragrance &lt; 5%<\/p>\n","protected":false},"excerpt":{"rendered":"<p class=\"\" data-start=\"0\" data-end=\"369\"><strong data-start=\"0\" data-end=\"53\">Bulk Pack of the Outhouse Favorite \u2013 PuuCee Janne<\/strong>, the classic yellow &#8220;outhouse powder.&#8221; This product speeds up composting, repels flies, and gives your toilet a pleasant lemon scent. PuuCee Janne retains its effectiveness for years in storage and does not lose potency over time. For decades, Janne&#8217;s PuuCee has been a super popular compost accelerator in Finland.<\/p>\n<p class=\"\" data-start=\"371\" data-end=\"434\">The value pack is guaranteed to last the entire cottage season.<\/p>\n","protected":false},"featured_media":44663,"comment_status":"closed","ping_status":"closed","template":"","meta":{"_acf_changed":false},"product_brand":[],"product_cat":[1368,1056,1053],"product_tag":[1349],"class_list":{"0":"post-637","1":"product","2":"type-product","3":"status-publish","4":"has-post-thumbnail","6":"product_cat-compost-boosters","7":"product_cat-composting","8":"product_cat-supplies-for-dry-toilets","9":"product_tag-odor-removal","10":"product_shipping_class-small-packages","12":"first","13":"instock","14":"taxable","15":"shipping-taxable","16":"purchasable","17":"product-type-simple"},"bundled_by":[],"bundle_stock_status":"instock","bundle_stock_quantity":null,"bundle_virtual":false,"bundle_layout":"","bundle_add_to_cart_form_location":"","bundle_editable_in_cart":false,"bundle_sold_individually_context":"","bundle_item_grouping":"","bundle_min_size":"","bundle_max_size":"","bundle_price":[],"bundled_items":[],"bundle_sell_ids":[],"acf":[],"gallery_images":[36990,13179],"yoast_head":"<!-- This site is optimized with the Yoast SEO plugin v27.3 - https:\/\/yoast.com\/product\/yoast-seo-wordpress\/ -->\n<title>PuuCee Janne Biodegrader sprinkles 4 kg - Pikkuvihre\u00e4<\/title>\n<meta name=\"robots\" content=\"index, follow, max-snippet:-1, max-image-preview:large, max-video-preview:-1\" \/>\n<link rel=\"canonical\" href=\"https:\/\/pikkuvihrea.fi\/en\/product\/puucee-janne-biodegrader-sprinkels-4kg\/\" \/>\n<meta property=\"og:locale\" content=\"en_US\" \/>\n<meta property=\"og:type\" content=\"article\" \/>\n<meta property=\"og:title\" content=\"PuuCee Janne Biodegrader sprinkles 4 kg - Pikkuvihre\u00e4\" \/>\n<meta property=\"og:description\" content=\"Bulk Pack of the Outhouse Favorite \u2013 PuuCee Janne, the classic yellow &quot;outhouse powder.&quot; This product speeds up composting, repels flies, and gives your toilet a pleasant lemon scent. PuuCee Janne retains its effectiveness for years in storage and does not lose potency over time. For decades, Janne&#039;s PuuCee has been a super popular compost accelerator in Finland. The value pack is guaranteed to last the entire cottage season.\" \/>\n<meta property=\"og:url\" content=\"https:\/\/pikkuvihrea.fi\/en\/product\/puucee-janne-biodegrader-sprinkels-4kg\/\" \/>\n<meta property=\"og:site_name\" content=\"Pikkuvihre\u00e4\" \/>\n<meta property=\"article:modified_time\" content=\"2025-09-25T12:47:22+00:00\" \/>\n<meta property=\"og:image\" content=\"https:\/\/pikkuvihrea.fi\/wp-content\/uploads\/2012\/09\/Puucee-janne-4-kg-edesta.jpg\" \/>\n\t<meta property=\"og:image:width\" content=\"900\" \/>\n\t<meta property=\"og:image:height\" content=\"900\" \/>\n\t<meta property=\"og:image:type\" content=\"image\/jpeg\" \/>\n<meta name=\"twitter:card\" content=\"summary_large_image\" \/>\n<meta name=\"twitter:label1\" content=\"Price\" \/>\n\t<meta name=\"twitter:data1\" content=\"79,00&nbsp;&euro;\" \/>\n\t<meta name=\"twitter:label2\" content=\"Availability\" \/>\n\t<meta name=\"twitter:data2\" content=\"In stock\" \/>\n<script type=\"application\/ld+json\" class=\"yoast-schema-graph\">{\"@context\":\"https:\\\/\\\/schema.org\",\"@graph\":[{\"@type\":\"WebPage\",\"@id\":\"https:\\\/\\\/pikkuvihrea.fi\\\/en\\\/product\\\/puucee-janne-biodegrader-sprinkels-4kg\\\/\",\"url\":\"https:\\\/\\\/pikkuvihrea.fi\\\/en\\\/product\\\/puucee-janne-biodegrader-sprinkels-4kg\\\/\",\"name\":\"PuuCee Janne Biodegrader sprinkles 4 kg - Pikkuvihre\u00e4\",\"isPartOf\":{\"@id\":\"https:\\\/\\\/pikkuvihrea.fi\\\/en\\\/#website\"},\"primaryImageOfPage\":{\"@id\":\"https:\\\/\\\/pikkuvihrea.fi\\\/en\\\/product\\\/puucee-janne-biodegrader-sprinkels-4kg\\\/#primaryimage\"},\"image\":{\"@id\":\"https:\\\/\\\/pikkuvihrea.fi\\\/en\\\/product\\\/puucee-janne-biodegrader-sprinkels-4kg\\\/#primaryimage\"},\"thumbnailUrl\":\"https:\\\/\\\/pikkuvihrea.fi\\\/wp-content\\\/uploads\\\/2026\\\/03\\\/PuuCee-Janne_biohajottaja_4_kg_2026_2.jpg\",\"datePublished\":\"2012-09-13T21:00:00+00:00\",\"dateModified\":\"2025-09-25T12:47:22+00:00\",\"breadcrumb\":{\"@id\":\"https:\\\/\\\/pikkuvihrea.fi\\\/en\\\/product\\\/puucee-janne-biodegrader-sprinkels-4kg\\\/#breadcrumb\"},\"inLanguage\":\"en-US\",\"potentialAction\":[{\"@type\":\"ReadAction\",\"target\":[\"https:\\\/\\\/pikkuvihrea.fi\\\/en\\\/product\\\/puucee-janne-biodegrader-sprinkels-4kg\\\/\"]}]},{\"@type\":\"ImageObject\",\"inLanguage\":\"en-US\",\"@id\":\"https:\\\/\\\/pikkuvihrea.fi\\\/en\\\/product\\\/puucee-janne-biodegrader-sprinkels-4kg\\\/#primaryimage\",\"url\":\"https:\\\/\\\/pikkuvihrea.fi\\\/wp-content\\\/uploads\\\/2026\\\/03\\\/PuuCee-Janne_biohajottaja_4_kg_2026_2.jpg\",\"contentUrl\":\"https:\\\/\\\/pikkuvihrea.fi\\\/wp-content\\\/uploads\\\/2026\\\/03\\\/PuuCee-Janne_biohajottaja_4_kg_2026_2.jpg\",\"width\":900,\"height\":900,\"caption\":\"PuuCee Janne biohajottaja tehostaa kuivak\u00e4ym\u00e4l\u00e4n kompostoitumista ja auttaa pit\u00e4m\u00e4\u00e4n hajut kurissa\"},{\"@type\":\"BreadcrumbList\",\"@id\":\"https:\\\/\\\/pikkuvihrea.fi\\\/en\\\/product\\\/puucee-janne-biodegrader-sprinkels-4kg\\\/#breadcrumb\",\"itemListElement\":[{\"@type\":\"ListItem\",\"position\":1,\"name\":\"Etusivu\",\"item\":\"https:\\\/\\\/pikkuvihrea.fi\\\/en\\\/\"},{\"@type\":\"ListItem\",\"position\":2,\"name\":\"Shop\",\"item\":\"https:\\\/\\\/pikkuvihrea.fi\\\/en\\\/shop\\\/\"},{\"@type\":\"ListItem\",\"position\":3,\"name\":\"PuuCee Janne Biodegrader sprinkles 4 kg\"}]},{\"@type\":\"WebSite\",\"@id\":\"https:\\\/\\\/pikkuvihrea.fi\\\/en\\\/#website\",\"url\":\"https:\\\/\\\/pikkuvihrea.fi\\\/en\\\/\",\"name\":\"Pikkuvihre\u00e4\",\"description\":\"\",\"publisher\":{\"@id\":\"https:\\\/\\\/pikkuvihrea.fi\\\/en\\\/#organization\"},\"potentialAction\":[{\"@type\":\"SearchAction\",\"target\":{\"@type\":\"EntryPoint\",\"urlTemplate\":\"https:\\\/\\\/pikkuvihrea.fi\\\/en\\\/?s={search_term_string}\"},\"query-input\":{\"@type\":\"PropertyValueSpecification\",\"valueRequired\":true,\"valueName\":\"search_term_string\"}}],\"inLanguage\":\"en-US\"},{\"@type\":\"Organization\",\"@id\":\"https:\\\/\\\/pikkuvihrea.fi\\\/en\\\/#organization\",\"name\":\"Pikkuvihre\u00e4\",\"url\":\"https:\\\/\\\/pikkuvihrea.fi\\\/en\\\/\",\"logo\":{\"@type\":\"ImageObject\",\"inLanguage\":\"en-US\",\"@id\":\"https:\\\/\\\/pikkuvihrea.fi\\\/en\\\/#\\\/schema\\\/logo\\\/image\\\/\",\"url\":\"https:\\\/\\\/pikkuvihrea.fi\\\/wp-content\\\/uploads\\\/2020\\\/10\\\/pikkuvihrea_logo_rgb_trimmed.jpg\",\"contentUrl\":\"https:\\\/\\\/pikkuvihrea.fi\\\/wp-content\\\/uploads\\\/2020\\\/10\\\/pikkuvihrea_logo_rgb_trimmed.jpg\",\"width\":660,\"height\":100,\"caption\":\"Pikkuvihre\u00e4\"},\"image\":{\"@id\":\"https:\\\/\\\/pikkuvihrea.fi\\\/en\\\/#\\\/schema\\\/logo\\\/image\\\/\"}}]}<\/script>\n<meta property=\"product:brand\" content=\"PuuCee Janne&#039;s\" \/>\n<meta property=\"product:price:amount\" content=\"79.00\" \/>\n<meta property=\"product:price:currency\" content=\"EUR\" \/>\n<meta property=\"og:availability\" content=\"instock\" \/>\n<meta property=\"product:availability\" content=\"instock\" \/>\n<meta property=\"product:retailer_item_id\" content=\"TP232\" \/>\n<meta property=\"product:condition\" content=\"new\" \/>\n<!-- \/ Yoast SEO plugin. -->","yoast_head_json":{"title":"PuuCee Janne Biodegrader sprinkles 4 kg - Pikkuvihre\u00e4","robots":{"index":"index","follow":"follow","max-snippet":"max-snippet:-1","max-image-preview":"max-image-preview:large","max-video-preview":"max-video-preview:-1"},"canonical":"https:\/\/pikkuvihrea.fi\/en\/product\/puucee-janne-biodegrader-sprinkels-4kg\/","og_locale":"en_US","og_type":"article","og_title":"PuuCee Janne Biodegrader sprinkles 4 kg - Pikkuvihre\u00e4","og_description":"Bulk Pack of the Outhouse Favorite \u2013 PuuCee Janne, the classic yellow \"outhouse powder.\" This product speeds up composting, repels flies, and gives your toilet a pleasant lemon scent. PuuCee Janne retains its effectiveness for years in storage and does not lose potency over time. For decades, Janne's PuuCee has been a super popular compost accelerator in Finland. The value pack is guaranteed to last the entire cottage season.","og_url":"https:\/\/pikkuvihrea.fi\/en\/product\/puucee-janne-biodegrader-sprinkels-4kg\/","og_site_name":"Pikkuvihre\u00e4","article_modified_time":"2025-09-25T12:47:22+00:00","og_image":[{"width":900,"height":900,"url":"https:\/\/pikkuvihrea.fi\/wp-content\/uploads\/2012\/09\/Puucee-janne-4-kg-edesta.jpg","type":"image\/jpeg"}],"twitter_card":"summary_large_image","twitter_misc":{"Price":"79,00&nbsp;&euro;","Availability":"In stock"},"schema":{"@context":"https:\/\/schema.org","@graph":[{"@type":"WebPage","@id":"https:\/\/pikkuvihrea.fi\/en\/product\/puucee-janne-biodegrader-sprinkels-4kg\/","url":"https:\/\/pikkuvihrea.fi\/en\/product\/puucee-janne-biodegrader-sprinkels-4kg\/","name":"PuuCee Janne Biodegrader sprinkles 4 kg - Pikkuvihre\u00e4","isPartOf":{"@id":"https:\/\/pikkuvihrea.fi\/en\/#website"},"primaryImageOfPage":{"@id":"https:\/\/pikkuvihrea.fi\/en\/product\/puucee-janne-biodegrader-sprinkels-4kg\/#primaryimage"},"image":{"@id":"https:\/\/pikkuvihrea.fi\/en\/product\/puucee-janne-biodegrader-sprinkels-4kg\/#primaryimage"},"thumbnailUrl":"https:\/\/pikkuvihrea.fi\/wp-content\/uploads\/2026\/03\/PuuCee-Janne_biohajottaja_4_kg_2026_2.jpg","datePublished":"2012-09-13T21:00:00+00:00","dateModified":"2025-09-25T12:47:22+00:00","breadcrumb":{"@id":"https:\/\/pikkuvihrea.fi\/en\/product\/puucee-janne-biodegrader-sprinkels-4kg\/#breadcrumb"},"inLanguage":"en-US","potentialAction":[{"@type":"ReadAction","target":["https:\/\/pikkuvihrea.fi\/en\/product\/puucee-janne-biodegrader-sprinkels-4kg\/"]}]},{"@type":"ImageObject","inLanguage":"en-US","@id":"https:\/\/pikkuvihrea.fi\/en\/product\/puucee-janne-biodegrader-sprinkels-4kg\/#primaryimage","url":"https:\/\/pikkuvihrea.fi\/wp-content\/uploads\/2026\/03\/PuuCee-Janne_biohajottaja_4_kg_2026_2.jpg","contentUrl":"https:\/\/pikkuvihrea.fi\/wp-content\/uploads\/2026\/03\/PuuCee-Janne_biohajottaja_4_kg_2026_2.jpg","width":900,"height":900,"caption":"PuuCee Janne biohajottaja tehostaa kuivak\u00e4ym\u00e4l\u00e4n kompostoitumista ja auttaa pit\u00e4m\u00e4\u00e4n hajut kurissa"},{"@type":"BreadcrumbList","@id":"https:\/\/pikkuvihrea.fi\/en\/product\/puucee-janne-biodegrader-sprinkels-4kg\/#breadcrumb","itemListElement":[{"@type":"ListItem","position":1,"name":"Etusivu","item":"https:\/\/pikkuvihrea.fi\/en\/"},{"@type":"ListItem","position":2,"name":"Shop","item":"https:\/\/pikkuvihrea.fi\/en\/shop\/"},{"@type":"ListItem","position":3,"name":"PuuCee Janne Biodegrader sprinkles 4 kg"}]},{"@type":"WebSite","@id":"https:\/\/pikkuvihrea.fi\/en\/#website","url":"https:\/\/pikkuvihrea.fi\/en\/","name":"Pikkuvihre\u00e4","description":"","publisher":{"@id":"https:\/\/pikkuvihrea.fi\/en\/#organization"},"potentialAction":[{"@type":"SearchAction","target":{"@type":"EntryPoint","urlTemplate":"https:\/\/pikkuvihrea.fi\/en\/?s={search_term_string}"},"query-input":{"@type":"PropertyValueSpecification","valueRequired":true,"valueName":"search_term_string"}}],"inLanguage":"en-US"},{"@type":"Organization","@id":"https:\/\/pikkuvihrea.fi\/en\/#organization","name":"Pikkuvihre\u00e4","url":"https:\/\/pikkuvihrea.fi\/en\/","logo":{"@type":"ImageObject","inLanguage":"en-US","@id":"https:\/\/pikkuvihrea.fi\/en\/#\/schema\/logo\/image\/","url":"https:\/\/pikkuvihrea.fi\/wp-content\/uploads\/2020\/10\/pikkuvihrea_logo_rgb_trimmed.jpg","contentUrl":"https:\/\/pikkuvihrea.fi\/wp-content\/uploads\/2020\/10\/pikkuvihrea_logo_rgb_trimmed.jpg","width":660,"height":100,"caption":"Pikkuvihre\u00e4"},"image":{"@id":"https:\/\/pikkuvihrea.fi\/en\/#\/schema\/logo\/image\/"}}]},"product_brand":"PuuCee Janne's","product_price_amount":"79.00","product_price_currency":"EUR","og_availability":"instock","product_availability":"instock","product_retailer_item_id":"TP232","product_condition":"new"},"_links":{"self":[{"href":"https:\/\/pikkuvihrea.fi\/en\/wp-json\/wp\/v2\/product\/637","targetHints":{"allow":["GET"]}}],"collection":[{"href":"https:\/\/pikkuvihrea.fi\/en\/wp-json\/wp\/v2\/product"}],"about":[{"href":"https:\/\/pikkuvihrea.fi\/en\/wp-json\/wp\/v2\/types\/product"}],"replies":[{"embeddable":true,"href":"https:\/\/pikkuvihrea.fi\/en\/wp-json\/wp\/v2\/comments?post=637"}],"wp:featuredmedia":[{"embeddable":true,"href":"https:\/\/pikkuvihrea.fi\/en\/wp-json\/wp\/v2\/media\/44663"}],"wp:attachment":[{"href":"https:\/\/pikkuvihrea.fi\/en\/wp-json\/wp\/v2\/media?parent=637"}],"wp:term":[{"taxonomy":"product_brand","embeddable":true,"href":"https:\/\/pikkuvihrea.fi\/en\/wp-json\/wp\/v2\/product_brand?post=637"},{"taxonomy":"product_cat","embeddable":true,"href":"https:\/\/pikkuvihrea.fi\/en\/wp-json\/wp\/v2\/product_cat?post=637"},{"taxonomy":"product_tag","embeddable":true,"href":"https:\/\/pikkuvihrea.fi\/en\/wp-json\/wp\/v2\/product_tag?post=637"}],"curies":[{"name":"wp","href":"https:\/\/api.w.org\/{rel}","templated":true}]}}