{"id":595,"date":"2012-08-15T00:00:00","date_gmt":"2012-08-14T21:00:00","guid":{"rendered":"https:\/\/pikkuvihrea.fi\/tuote\/globe-kompostori\/"},"modified":"2022-03-02T10:02:11","modified_gmt":"2022-03-02T08:02:11","slug":"kekkila-globe-composter","status":"publish","type":"product","link":"https:\/\/pikkuvihrea.fi\/en\/product\/kekkila-globe-composter\/","title":{"rendered":"Kekkil\u00e4 Globe composter"},"content":{"rendered":"<p>Kekkil\u00e4 Globe is a durable, lightly insulated composter for all bio waste of a household. When used right, the composting process can go on throughout the cold winter time. The emptying is easy as the whole upper round part can be lifter away for emptying.<\/p>\n<p>The compost mass inside Globe gets air through the small holes in the bottom and the ventilation hole on the lid.<\/p>\n<p>If you are looking for a larger composter, where also garden waste could be composted, you may want to check out the <a href=\"https:\/\/pikkuvihrea.fi\/en\/product\/biokub-thermal-composter-420l\/\" target=\"_blank\" rel=\"noopener\">BioKub -composter<\/a>.<\/p>\n<h3>TECHNICAL DETAILS<\/h3>\n<ul>\n<li>Volume 310 liters<\/li>\n<li>measurements: \u00d8 990 mm, height 700 mm<\/li>\n<li>Weight 12 kg<\/li>\n<li>manufactured in Finland<\/li>\n<\/ul>\n<p class=\"MsoNormal\">\n","protected":false},"excerpt":{"rendered":"<p>Kekkil\u00e4 Globe is suitable for composting of all household bio waste.\u00a0 Globe composter has a light (15mm) insulation to help winter use. Volume 310 liters.<\/p>\n<ul>\n<li>extra durable structure<\/li>\n<li>good price-quality ratio<\/li>\n<\/ul>\n<p><a href=\"#kuvaus\">Read more<\/a><\/p>\n","protected":false},"featured_media":22198,"comment_status":"closed","ping_status":"closed","template":"","meta":{"_acf_changed":false},"product_brand":[],"product_cat":[1367,1056],"product_tag":[],"class_list":{"0":"post-595","1":"product","2":"type-product","3":"status-publish","4":"has-post-thumbnail","6":"product_cat-composters","7":"product_cat-composting","9":"first","10":"outofstock","11":"taxable","12":"shipping-taxable","13":"purchasable","14":"product-type-simple"},"bundled_by":[],"bundle_stock_status":"outofstock","bundle_stock_quantity":0,"bundle_virtual":false,"bundle_layout":"","bundle_add_to_cart_form_location":"","bundle_editable_in_cart":false,"bundle_sold_individually_context":"","bundle_item_grouping":"","bundle_min_size":"","bundle_max_size":"","bundle_price":[],"bundled_items":[],"bundle_sell_ids":[],"acf":[],"gallery_images":[22206,22200,22203,12504],"yoast_head":"<!-- This site is optimized with the Yoast SEO plugin v27.3 - https:\/\/yoast.com\/product\/yoast-seo-wordpress\/ -->\n<title>Kekkil\u00e4 Globe composter - Pikkuvihre\u00e4 all for composting<\/title>\n<meta name=\"description\" content=\"Pikkuvihre\u00e4 web shop offers all products and supplies for easy and fun composting. Composting the bio waste is a good way to start recyling.\" \/>\n<meta name=\"robots\" content=\"index, follow, max-snippet:-1, max-image-preview:large, max-video-preview:-1\" \/>\n<link rel=\"canonical\" href=\"https:\/\/pikkuvihrea.fi\/en\/product\/kekkila-globe-composter\/\" \/>\n<meta property=\"og:locale\" content=\"en_US\" \/>\n<meta property=\"og:type\" content=\"article\" \/>\n<meta property=\"og:title\" content=\"Kekkil\u00e4 Globe composter - Pikkuvihre\u00e4 all for composting\" \/>\n<meta property=\"og:description\" content=\"Pikkuvihre\u00e4 web shop offers all products and supplies for easy and fun composting. Composting the bio waste is a good way to start recyling.\" \/>\n<meta property=\"og:url\" content=\"https:\/\/pikkuvihrea.fi\/en\/product\/kekkila-globe-composter\/\" \/>\n<meta property=\"og:site_name\" content=\"Pikkuvihre\u00e4\" \/>\n<meta property=\"article:modified_time\" content=\"2022-03-02T08:02:11+00:00\" \/>\n<meta property=\"og:image\" content=\"https:\/\/pikkuvihrea.fi\/wp-content\/uploads\/2012\/08\/Kekkila-Globe.jpg\" \/>\n\t<meta property=\"og:image:width\" content=\"900\" \/>\n\t<meta property=\"og:image:height\" content=\"900\" \/>\n\t<meta property=\"og:image:type\" content=\"image\/jpeg\" \/>\n<meta name=\"twitter:card\" content=\"summary_large_image\" \/>\n<meta name=\"twitter:label1\" content=\"Price\" \/>\n\t<meta name=\"twitter:data1\" content=\"249,00&nbsp;&euro;\" \/>\n\t<meta name=\"twitter:label2\" content=\"Availability\" \/>\n\t<meta name=\"twitter:data2\" content=\"Out of stock\" \/>\n<script type=\"application\/ld+json\" class=\"yoast-schema-graph\">{\"@context\":\"https:\\\/\\\/schema.org\",\"@graph\":[{\"@type\":\"WebPage\",\"@id\":\"https:\\\/\\\/pikkuvihrea.fi\\\/en\\\/product\\\/kekkila-globe-composter\\\/\",\"url\":\"https:\\\/\\\/pikkuvihrea.fi\\\/en\\\/product\\\/kekkila-globe-composter\\\/\",\"name\":\"Kekkil\u00e4 Globe composter - Pikkuvihre\u00e4 all for composting\",\"isPartOf\":{\"@id\":\"https:\\\/\\\/pikkuvihrea.fi\\\/en\\\/#website\"},\"primaryImageOfPage\":{\"@id\":\"https:\\\/\\\/pikkuvihrea.fi\\\/en\\\/product\\\/kekkila-globe-composter\\\/#primaryimage\"},\"image\":{\"@id\":\"https:\\\/\\\/pikkuvihrea.fi\\\/en\\\/product\\\/kekkila-globe-composter\\\/#primaryimage\"},\"thumbnailUrl\":\"https:\\\/\\\/pikkuvihrea.fi\\\/wp-content\\\/uploads\\\/2012\\\/08\\\/Globe-kompostori-Kekkila.jpg\",\"datePublished\":\"2012-08-14T21:00:00+00:00\",\"dateModified\":\"2022-03-02T08:02:11+00:00\",\"description\":\"Pikkuvihre\u00e4 web shop offers all products and supplies for easy and fun composting. Composting the bio waste is a good way to start recyling.\",\"breadcrumb\":{\"@id\":\"https:\\\/\\\/pikkuvihrea.fi\\\/en\\\/product\\\/kekkila-globe-composter\\\/#breadcrumb\"},\"inLanguage\":\"en-US\",\"potentialAction\":[{\"@type\":\"ReadAction\",\"target\":[\"https:\\\/\\\/pikkuvihrea.fi\\\/en\\\/product\\\/kekkila-globe-composter\\\/\"]}]},{\"@type\":\"ImageObject\",\"inLanguage\":\"en-US\",\"@id\":\"https:\\\/\\\/pikkuvihrea.fi\\\/en\\\/product\\\/kekkila-globe-composter\\\/#primaryimage\",\"url\":\"https:\\\/\\\/pikkuvihrea.fi\\\/wp-content\\\/uploads\\\/2012\\\/08\\\/Globe-kompostori-Kekkila.jpg\",\"contentUrl\":\"https:\\\/\\\/pikkuvihrea.fi\\\/wp-content\\\/uploads\\\/2012\\\/08\\\/Globe-kompostori-Kekkila.jpg\",\"width\":800,\"height\":800,\"caption\":\"Globe kompostori Kekkila\"},{\"@type\":\"BreadcrumbList\",\"@id\":\"https:\\\/\\\/pikkuvihrea.fi\\\/en\\\/product\\\/kekkila-globe-composter\\\/#breadcrumb\",\"itemListElement\":[{\"@type\":\"ListItem\",\"position\":1,\"name\":\"Etusivu\",\"item\":\"https:\\\/\\\/pikkuvihrea.fi\\\/en\\\/\"},{\"@type\":\"ListItem\",\"position\":2,\"name\":\"Shop\",\"item\":\"https:\\\/\\\/pikkuvihrea.fi\\\/en\\\/shop\\\/\"},{\"@type\":\"ListItem\",\"position\":3,\"name\":\"Kekkil\u00e4 Globe composter\"}]},{\"@type\":\"WebSite\",\"@id\":\"https:\\\/\\\/pikkuvihrea.fi\\\/en\\\/#website\",\"url\":\"https:\\\/\\\/pikkuvihrea.fi\\\/en\\\/\",\"name\":\"Pikkuvihre\u00e4\",\"description\":\"\",\"publisher\":{\"@id\":\"https:\\\/\\\/pikkuvihrea.fi\\\/en\\\/#organization\"},\"potentialAction\":[{\"@type\":\"SearchAction\",\"target\":{\"@type\":\"EntryPoint\",\"urlTemplate\":\"https:\\\/\\\/pikkuvihrea.fi\\\/en\\\/?s={search_term_string}\"},\"query-input\":{\"@type\":\"PropertyValueSpecification\",\"valueRequired\":true,\"valueName\":\"search_term_string\"}}],\"inLanguage\":\"en-US\"},{\"@type\":\"Organization\",\"@id\":\"https:\\\/\\\/pikkuvihrea.fi\\\/en\\\/#organization\",\"name\":\"Pikkuvihre\u00e4\",\"url\":\"https:\\\/\\\/pikkuvihrea.fi\\\/en\\\/\",\"logo\":{\"@type\":\"ImageObject\",\"inLanguage\":\"en-US\",\"@id\":\"https:\\\/\\\/pikkuvihrea.fi\\\/en\\\/#\\\/schema\\\/logo\\\/image\\\/\",\"url\":\"https:\\\/\\\/pikkuvihrea.fi\\\/wp-content\\\/uploads\\\/2020\\\/10\\\/pikkuvihrea_logo_rgb_trimmed.jpg\",\"contentUrl\":\"https:\\\/\\\/pikkuvihrea.fi\\\/wp-content\\\/uploads\\\/2020\\\/10\\\/pikkuvihrea_logo_rgb_trimmed.jpg\",\"width\":660,\"height\":100,\"caption\":\"Pikkuvihre\u00e4\"},\"image\":{\"@id\":\"https:\\\/\\\/pikkuvihrea.fi\\\/en\\\/#\\\/schema\\\/logo\\\/image\\\/\"}}]}<\/script>\n<meta property=\"product:brand\" content=\"Kekkil\u00e4\" \/>\n<meta property=\"product:price:amount\" content=\"249.00\" \/>\n<meta property=\"product:price:currency\" content=\"EUR\" \/>\n<meta property=\"og:availability\" content=\"out of stock\" \/>\n<meta property=\"product:availability\" content=\"out of stock\" \/>\n<meta property=\"product:retailer_item_id\" content=\"TP140\" \/>\n<meta property=\"product:condition\" content=\"new\" \/>\n<!-- \/ Yoast SEO plugin. -->","yoast_head_json":{"title":"Kekkil\u00e4 Globe composter - Pikkuvihre\u00e4 all for composting","description":"Pikkuvihre\u00e4 web shop offers all products and supplies for easy and fun composting. Composting the bio waste is a good way to start recyling.","robots":{"index":"index","follow":"follow","max-snippet":"max-snippet:-1","max-image-preview":"max-image-preview:large","max-video-preview":"max-video-preview:-1"},"canonical":"https:\/\/pikkuvihrea.fi\/en\/product\/kekkila-globe-composter\/","og_locale":"en_US","og_type":"article","og_title":"Kekkil\u00e4 Globe composter - Pikkuvihre\u00e4 all for composting","og_description":"Pikkuvihre\u00e4 web shop offers all products and supplies for easy and fun composting. Composting the bio waste is a good way to start recyling.","og_url":"https:\/\/pikkuvihrea.fi\/en\/product\/kekkila-globe-composter\/","og_site_name":"Pikkuvihre\u00e4","article_modified_time":"2022-03-02T08:02:11+00:00","og_image":[{"width":900,"height":900,"url":"https:\/\/pikkuvihrea.fi\/wp-content\/uploads\/2012\/08\/Kekkila-Globe.jpg","type":"image\/jpeg"}],"twitter_card":"summary_large_image","twitter_misc":{"Price":"249,00&nbsp;&euro;","Availability":"Out of stock"},"schema":{"@context":"https:\/\/schema.org","@graph":[{"@type":"WebPage","@id":"https:\/\/pikkuvihrea.fi\/en\/product\/kekkila-globe-composter\/","url":"https:\/\/pikkuvihrea.fi\/en\/product\/kekkila-globe-composter\/","name":"Kekkil\u00e4 Globe composter - Pikkuvihre\u00e4 all for composting","isPartOf":{"@id":"https:\/\/pikkuvihrea.fi\/en\/#website"},"primaryImageOfPage":{"@id":"https:\/\/pikkuvihrea.fi\/en\/product\/kekkila-globe-composter\/#primaryimage"},"image":{"@id":"https:\/\/pikkuvihrea.fi\/en\/product\/kekkila-globe-composter\/#primaryimage"},"thumbnailUrl":"https:\/\/pikkuvihrea.fi\/wp-content\/uploads\/2012\/08\/Globe-kompostori-Kekkila.jpg","datePublished":"2012-08-14T21:00:00+00:00","dateModified":"2022-03-02T08:02:11+00:00","description":"Pikkuvihre\u00e4 web shop offers all products and supplies for easy and fun composting. Composting the bio waste is a good way to start recyling.","breadcrumb":{"@id":"https:\/\/pikkuvihrea.fi\/en\/product\/kekkila-globe-composter\/#breadcrumb"},"inLanguage":"en-US","potentialAction":[{"@type":"ReadAction","target":["https:\/\/pikkuvihrea.fi\/en\/product\/kekkila-globe-composter\/"]}]},{"@type":"ImageObject","inLanguage":"en-US","@id":"https:\/\/pikkuvihrea.fi\/en\/product\/kekkila-globe-composter\/#primaryimage","url":"https:\/\/pikkuvihrea.fi\/wp-content\/uploads\/2012\/08\/Globe-kompostori-Kekkila.jpg","contentUrl":"https:\/\/pikkuvihrea.fi\/wp-content\/uploads\/2012\/08\/Globe-kompostori-Kekkila.jpg","width":800,"height":800,"caption":"Globe kompostori Kekkila"},{"@type":"BreadcrumbList","@id":"https:\/\/pikkuvihrea.fi\/en\/product\/kekkila-globe-composter\/#breadcrumb","itemListElement":[{"@type":"ListItem","position":1,"name":"Etusivu","item":"https:\/\/pikkuvihrea.fi\/en\/"},{"@type":"ListItem","position":2,"name":"Shop","item":"https:\/\/pikkuvihrea.fi\/en\/shop\/"},{"@type":"ListItem","position":3,"name":"Kekkil\u00e4 Globe composter"}]},{"@type":"WebSite","@id":"https:\/\/pikkuvihrea.fi\/en\/#website","url":"https:\/\/pikkuvihrea.fi\/en\/","name":"Pikkuvihre\u00e4","description":"","publisher":{"@id":"https:\/\/pikkuvihrea.fi\/en\/#organization"},"potentialAction":[{"@type":"SearchAction","target":{"@type":"EntryPoint","urlTemplate":"https:\/\/pikkuvihrea.fi\/en\/?s={search_term_string}"},"query-input":{"@type":"PropertyValueSpecification","valueRequired":true,"valueName":"search_term_string"}}],"inLanguage":"en-US"},{"@type":"Organization","@id":"https:\/\/pikkuvihrea.fi\/en\/#organization","name":"Pikkuvihre\u00e4","url":"https:\/\/pikkuvihrea.fi\/en\/","logo":{"@type":"ImageObject","inLanguage":"en-US","@id":"https:\/\/pikkuvihrea.fi\/en\/#\/schema\/logo\/image\/","url":"https:\/\/pikkuvihrea.fi\/wp-content\/uploads\/2020\/10\/pikkuvihrea_logo_rgb_trimmed.jpg","contentUrl":"https:\/\/pikkuvihrea.fi\/wp-content\/uploads\/2020\/10\/pikkuvihrea_logo_rgb_trimmed.jpg","width":660,"height":100,"caption":"Pikkuvihre\u00e4"},"image":{"@id":"https:\/\/pikkuvihrea.fi\/en\/#\/schema\/logo\/image\/"}}]},"product_brand":"Kekkil\u00e4","product_price_amount":"249.00","product_price_currency":"EUR","og_availability":"out of stock","product_availability":"out of stock","product_retailer_item_id":"TP140","product_condition":"new"},"_links":{"self":[{"href":"https:\/\/pikkuvihrea.fi\/en\/wp-json\/wp\/v2\/product\/595","targetHints":{"allow":["GET"]}}],"collection":[{"href":"https:\/\/pikkuvihrea.fi\/en\/wp-json\/wp\/v2\/product"}],"about":[{"href":"https:\/\/pikkuvihrea.fi\/en\/wp-json\/wp\/v2\/types\/product"}],"replies":[{"embeddable":true,"href":"https:\/\/pikkuvihrea.fi\/en\/wp-json\/wp\/v2\/comments?post=595"}],"wp:featuredmedia":[{"embeddable":true,"href":"https:\/\/pikkuvihrea.fi\/en\/wp-json\/wp\/v2\/media\/22198"}],"wp:attachment":[{"href":"https:\/\/pikkuvihrea.fi\/en\/wp-json\/wp\/v2\/media?parent=595"}],"wp:term":[{"taxonomy":"product_brand","embeddable":true,"href":"https:\/\/pikkuvihrea.fi\/en\/wp-json\/wp\/v2\/product_brand?post=595"},{"taxonomy":"product_cat","embeddable":true,"href":"https:\/\/pikkuvihrea.fi\/en\/wp-json\/wp\/v2\/product_cat?post=595"},{"taxonomy":"product_tag","embeddable":true,"href":"https:\/\/pikkuvihrea.fi\/en\/wp-json\/wp\/v2\/product_tag?post=595"}],"curies":[{"name":"wp","href":"https:\/\/api.w.org\/{rel}","templated":true}]}}