{"id":45286,"date":"2026-02-05T10:50:52","date_gmt":"2026-02-05T08:50:52","guid":{"rendered":"https:\/\/pikkuvihrea.fi\/?post_type=product&#038;p=45286"},"modified":"2026-04-20T13:33:29","modified_gmt":"2026-04-20T10:33:29","slug":"pikkuvihrea-duct-fan-100-mm","status":"publish","type":"product","link":"https:\/\/pikkuvihrea.fi\/en\/product\/pikkuvihrea-duct-fan-100-mm\/","title":{"rendered":"Pikkuvihre\u00e4 Duct fan 100 mm"},"content":{"rendered":"<p>Pikkuvihre\u00e4\u2019s duct fan is suitable for dry toilets and other small spaces where improved ventilation is needed. This efficient and high-quality fan helps ensure that odors from the toilet are always directed safely and reliably outdoors. A powerful fan also improves liquid evaporation inside the toilet, which reduces the amount of leachate that needs to be handled. In addition, the fan helps improve the composting process of toilet waste.<\/p>\n<p>This duct fan fits directly into the ventilation pipes of the Green Toilet 120, Green Toilet 330, and Green Toilet Lux models. With reducers (75 mm), it can also be used with the Green Toilet Easy, Light, and Green Toilet Lux cassette model.<\/p>\n<p>The product has an IP44 rating, making it suitable for outdoor use, for example on a covered terrace or under the eaves.<\/p>\n<p>The fan comes with a 1-meter power cord with plug, as well as sealing tapes for 110\/75 mm pipe connections. The power can be set during installation to two different speeds (fixed internal connection inside the unit, see installation instructions).<\/p>\n<p>The product comes with a 2-year warranty.<\/p>\n<h3>TECHNICAL SPECIFICATIONS<\/h3>\n<ul>\n<li>Width: 200 mm<\/li>\n<li>Length: 250 mm<\/li>\n<li>Height: 175 mm<\/li>\n<li>Suitable for 110 mm \/ 75 mm ventilation pipe<\/li>\n<li>Two-speed fan<\/li>\n<li>V\/Hz: 220\u2013240 \/ 50<\/li>\n<li>r.p.m.: 2600 \/ 2100<\/li>\n<li>m\u00b3\/h: 170 \/ 130 (depending on speed)<\/li>\n<li>Noise level: 31 \/ 26 dB(A)<\/li>\n<li>Motor power: 35 \/ 20 W (depending on speed)<\/li>\n<li>IP rating: IP44<\/li>\n<li>Weight: 1.3 kg<\/li>\n<li>2-year warranty<\/li>\n<\/ul>\n","protected":false},"excerpt":{"rendered":"<section class=\"text-token-text-primary w-full focus:outline-none [--shadow-height:45px] has-data-writing-block:pointer-events-none has-data-writing-block:-mt-(--shadow-height) has-data-writing-block:pt-(--shadow-height) [&amp;:has([data-writing-block])&gt;*]:pointer-events-auto scroll-mt-(--header-height)\" dir=\"auto\" data-turn-id=\"cbe1db2e-5797-4f8b-a82a-7dab3c8fcec0\" data-testid=\"conversation-turn-1\" data-scroll-anchor=\"false\" data-turn=\"user\"><\/section>\n<section class=\"text-token-text-primary w-full focus:outline-none [--shadow-height:45px] has-data-writing-block:pointer-events-none has-data-writing-block:-mt-(--shadow-height) has-data-writing-block:pt-(--shadow-height) [&amp;:has([data-writing-block])&gt;*]:pointer-events-auto [content-visibility:auto] supports-[content-visibility:auto]:[contain-intrinsic-size:auto_100lvh] scroll-mt-[calc(var(--header-height)+min(200px,max(70px,20svh)))]\" dir=\"auto\" data-turn-id=\"request-WEB:a69a7781-4752-43cd-9e0d-302b7c4812c7-0\" data-testid=\"conversation-turn-2\" data-scroll-anchor=\"true\" data-turn=\"assistant\">\n<div class=\"text-base my-auto mx-auto pb-10 [--thread-content-margin:var(--thread-content-margin-xs,calc(var(--spacing)*4))] @w-sm\/main:[--thread-content-margin:var(--thread-content-margin-sm,calc(var(--spacing)*6))] @w-lg\/main:[--thread-content-margin:var(--thread-content-margin-lg,calc(var(--spacing)*16))] px-(--thread-content-margin)\">\n<div class=\"[--thread-content-max-width:40rem] @w-lg\/main:[--thread-content-max-width:48rem] mx-auto max-w-(--thread-content-max-width) flex-1 group\/turn-messages focus-visible:outline-hidden relative flex w-full min-w-0 flex-col agent-turn\">\n<div class=\"flex max-w-full flex-col gap-4 grow\">\n<div class=\"min-h-8 text-message relative flex w-full flex-col items-end gap-2 text-start break-words whitespace-normal outline-none keyboard-focused:focus-ring [.text-message+&amp;]:mt-1\" dir=\"auto\" tabindex=\"0\" data-message-author-role=\"assistant\" data-message-id=\"898d0e60-f971-491a-aa8a-24c7fd3029cb\" data-message-model-slug=\"gpt-5-4-thinking\" data-turn-start-message=\"true\">\n<div class=\"flex w-full flex-col gap-1 empty:hidden\">\n<div class=\"markdown prose dark:prose-invert w-full wrap-break-word light markdown-new-styling\">\n<p data-start=\"0\" data-end=\"257\" data-is-last-node=\"\" data-is-only-node=\"\">Pikkuvihre\u00e4\u2019s duct fan is designed to improve ventilation in dry toilets and other small spaces. It directs odors out in a controlled way and helps create better operating conditions for the toilet. Easy to set up yourself \u2014 just plug it into a wall outlet.<\/p>\n<\/div>\n<\/div>\n<\/div>\n<\/div>\n<\/div>\n<\/div>\n<\/section>\n","protected":false},"featured_media":43299,"comment_status":"closed","ping_status":"closed","template":"","meta":{"_acf_changed":false},"product_brand":[],"product_cat":[1053,1098],"product_tag":[],"class_list":{"0":"post-45286","1":"product","2":"type-product","3":"status-publish","4":"has-post-thumbnail","6":"product_cat-supplies-for-dry-toilets","7":"product_cat-ventilators","8":"product_shipping_class-small-packages","10":"first","11":"instock","12":"taxable","13":"shipping-taxable","14":"purchasable","15":"product-type-variable","16":"has-default-attributes"},"bundled_by":[],"bundle_stock_status":"instock","bundle_stock_quantity":50,"bundle_virtual":false,"bundle_layout":"","bundle_add_to_cart_form_location":"","bundle_editable_in_cart":false,"bundle_sold_individually_context":"","bundle_item_grouping":"","bundle_min_size":"","bundle_max_size":"","bundle_price":[],"bundled_items":[],"bundle_sell_ids":[],"acf":[],"gallery_images":[43303],"yoast_head":"<!-- This site is optimized with the Yoast SEO plugin v27.5 - https:\/\/yoast.com\/product\/yoast-seo-wordpress\/ -->\n<title>Pikkuvihre\u00e4 Duct fan 100 mm - Pikkuvihre\u00e4<\/title>\n<meta name=\"description\" content=\"Pikkuvihre\u00e4\u2019s duct fan is designed to improve ventilation in dry toilets and other spaces. The best toilet products with fast delivery.\" \/>\n<meta name=\"robots\" content=\"index, follow, max-snippet:-1, max-image-preview:large, max-video-preview:-1\" \/>\n<link rel=\"canonical\" href=\"https:\/\/pikkuvihrea.fi\/en\/product\/pikkuvihrea-duct-fan-100-mm\/\" \/>\n<meta property=\"og:locale\" content=\"en_US\" \/>\n<meta property=\"og:type\" content=\"article\" \/>\n<meta property=\"og:title\" content=\"Pikkuvihre\u00e4 Duct fan 100 mm - Pikkuvihre\u00e4\" \/>\n<meta property=\"og:description\" content=\"Pikkuvihre\u00e4\u2019s duct fan is designed to improve ventilation in dry toilets and other spaces. The best toilet products with fast delivery.\" \/>\n<meta property=\"og:url\" content=\"https:\/\/pikkuvihrea.fi\/en\/product\/pikkuvihrea-duct-fan-100-mm\/\" \/>\n<meta property=\"og:site_name\" content=\"Pikkuvihre\u00e4\" \/>\n<meta property=\"article:modified_time\" content=\"2026-04-20T10:33:29+00:00\" \/>\n<meta property=\"og:image\" content=\"https:\/\/pikkuvihrea.fi\/wp-content\/uploads\/2026\/02\/Kanavatuuletin_pistokkeella2_valkot-scaled.png\" \/>\n\t<meta property=\"og:image:width\" content=\"2560\" \/>\n\t<meta property=\"og:image:height\" content=\"2323\" \/>\n\t<meta property=\"og:image:type\" content=\"image\/png\" \/>\n<meta name=\"twitter:card\" content=\"summary_large_image\" \/>\n<meta name=\"twitter:label1\" content=\"Availability\" \/>\n\t<meta name=\"twitter:data1\" content=\"In stock\" \/>\n<script type=\"application\/ld+json\" class=\"yoast-schema-graph\">{\"@context\":\"https:\\\/\\\/schema.org\",\"@graph\":[{\"@type\":\"WebPage\",\"@id\":\"https:\\\/\\\/pikkuvihrea.fi\\\/en\\\/product\\\/pikkuvihrea-duct-fan-100-mm\\\/\",\"url\":\"https:\\\/\\\/pikkuvihrea.fi\\\/en\\\/product\\\/pikkuvihrea-duct-fan-100-mm\\\/\",\"name\":\"Pikkuvihre\u00e4 Duct fan 100 mm - Pikkuvihre\u00e4\",\"isPartOf\":{\"@id\":\"https:\\\/\\\/pikkuvihrea.fi\\\/en\\\/#website\"},\"primaryImageOfPage\":{\"@id\":\"https:\\\/\\\/pikkuvihrea.fi\\\/en\\\/product\\\/pikkuvihrea-duct-fan-100-mm\\\/#primaryimage\"},\"image\":{\"@id\":\"https:\\\/\\\/pikkuvihrea.fi\\\/en\\\/product\\\/pikkuvihrea-duct-fan-100-mm\\\/#primaryimage\"},\"thumbnailUrl\":\"https:\\\/\\\/pikkuvihrea.fi\\\/wp-content\\\/uploads\\\/2026\\\/02\\\/Kanavatuuletin_pistokkeella2_valkot-scaled.png\",\"datePublished\":\"2026-02-05T08:50:52+00:00\",\"dateModified\":\"2026-04-20T10:33:29+00:00\",\"description\":\"Pikkuvihre\u00e4\u2019s duct fan is designed to improve ventilation in dry toilets and other spaces. The best toilet products with fast delivery.\",\"breadcrumb\":{\"@id\":\"https:\\\/\\\/pikkuvihrea.fi\\\/en\\\/product\\\/pikkuvihrea-duct-fan-100-mm\\\/#breadcrumb\"},\"inLanguage\":\"en-US\",\"potentialAction\":[{\"@type\":\"ReadAction\",\"target\":[\"https:\\\/\\\/pikkuvihrea.fi\\\/en\\\/product\\\/pikkuvihrea-duct-fan-100-mm\\\/\"]}]},{\"@type\":\"ImageObject\",\"inLanguage\":\"en-US\",\"@id\":\"https:\\\/\\\/pikkuvihrea.fi\\\/en\\\/product\\\/pikkuvihrea-duct-fan-100-mm\\\/#primaryimage\",\"url\":\"https:\\\/\\\/pikkuvihrea.fi\\\/wp-content\\\/uploads\\\/2026\\\/02\\\/Kanavatuuletin_pistokkeella2_valkot-scaled.png\",\"contentUrl\":\"https:\\\/\\\/pikkuvihrea.fi\\\/wp-content\\\/uploads\\\/2026\\\/02\\\/Kanavatuuletin_pistokkeella2_valkot-scaled.png\",\"width\":2560,\"height\":2323},{\"@type\":\"BreadcrumbList\",\"@id\":\"https:\\\/\\\/pikkuvihrea.fi\\\/en\\\/product\\\/pikkuvihrea-duct-fan-100-mm\\\/#breadcrumb\",\"itemListElement\":[{\"@type\":\"ListItem\",\"position\":1,\"name\":\"Etusivu\",\"item\":\"https:\\\/\\\/pikkuvihrea.fi\\\/en\\\/\"},{\"@type\":\"ListItem\",\"position\":2,\"name\":\"Shop\",\"item\":\"https:\\\/\\\/pikkuvihrea.fi\\\/en\\\/shop\\\/\"},{\"@type\":\"ListItem\",\"position\":3,\"name\":\"Pikkuvihre\u00e4 Duct fan 100 mm\"}]},{\"@type\":\"WebSite\",\"@id\":\"https:\\\/\\\/pikkuvihrea.fi\\\/en\\\/#website\",\"url\":\"https:\\\/\\\/pikkuvihrea.fi\\\/en\\\/\",\"name\":\"Pikkuvihre\u00e4\",\"description\":\"\",\"publisher\":{\"@id\":\"https:\\\/\\\/pikkuvihrea.fi\\\/en\\\/#organization\"},\"potentialAction\":[{\"@type\":\"SearchAction\",\"target\":{\"@type\":\"EntryPoint\",\"urlTemplate\":\"https:\\\/\\\/pikkuvihrea.fi\\\/en\\\/?s={search_term_string}\"},\"query-input\":{\"@type\":\"PropertyValueSpecification\",\"valueRequired\":true,\"valueName\":\"search_term_string\"}}],\"inLanguage\":\"en-US\"},{\"@type\":\"Organization\",\"@id\":\"https:\\\/\\\/pikkuvihrea.fi\\\/en\\\/#organization\",\"name\":\"Pikkuvihre\u00e4\",\"url\":\"https:\\\/\\\/pikkuvihrea.fi\\\/en\\\/\",\"logo\":{\"@type\":\"ImageObject\",\"inLanguage\":\"en-US\",\"@id\":\"https:\\\/\\\/pikkuvihrea.fi\\\/en\\\/#\\\/schema\\\/logo\\\/image\\\/\",\"url\":\"https:\\\/\\\/pikkuvihrea.fi\\\/wp-content\\\/uploads\\\/2020\\\/10\\\/pikkuvihrea_logo_rgb_trimmed.jpg\",\"contentUrl\":\"https:\\\/\\\/pikkuvihrea.fi\\\/wp-content\\\/uploads\\\/2020\\\/10\\\/pikkuvihrea_logo_rgb_trimmed.jpg\",\"width\":660,\"height\":100,\"caption\":\"Pikkuvihre\u00e4\"},\"image\":{\"@id\":\"https:\\\/\\\/pikkuvihrea.fi\\\/en\\\/#\\\/schema\\\/logo\\\/image\\\/\"}}]}<\/script>\n<meta property=\"og:availability\" content=\"instock\" \/>\n<meta property=\"product:availability\" content=\"instock\" \/>\n<meta property=\"product:condition\" content=\"new\" \/>\n<!-- \/ Yoast SEO plugin. -->","yoast_head_json":{"title":"Pikkuvihre\u00e4 Duct fan 100 mm - Pikkuvihre\u00e4","description":"Pikkuvihre\u00e4\u2019s duct fan is designed to improve ventilation in dry toilets and other spaces. The best toilet products with fast delivery.","robots":{"index":"index","follow":"follow","max-snippet":"max-snippet:-1","max-image-preview":"max-image-preview:large","max-video-preview":"max-video-preview:-1"},"canonical":"https:\/\/pikkuvihrea.fi\/en\/product\/pikkuvihrea-duct-fan-100-mm\/","og_locale":"en_US","og_type":"article","og_title":"Pikkuvihre\u00e4 Duct fan 100 mm - Pikkuvihre\u00e4","og_description":"Pikkuvihre\u00e4\u2019s duct fan is designed to improve ventilation in dry toilets and other spaces. The best toilet products with fast delivery.","og_url":"https:\/\/pikkuvihrea.fi\/en\/product\/pikkuvihrea-duct-fan-100-mm\/","og_site_name":"Pikkuvihre\u00e4","article_modified_time":"2026-04-20T10:33:29+00:00","og_image":[{"width":2560,"height":2323,"url":"https:\/\/pikkuvihrea.fi\/wp-content\/uploads\/2026\/02\/Kanavatuuletin_pistokkeella2_valkot-scaled.png","type":"image\/png"}],"twitter_card":"summary_large_image","twitter_misc":{"Availability":"In stock"},"schema":{"@context":"https:\/\/schema.org","@graph":[{"@type":"WebPage","@id":"https:\/\/pikkuvihrea.fi\/en\/product\/pikkuvihrea-duct-fan-100-mm\/","url":"https:\/\/pikkuvihrea.fi\/en\/product\/pikkuvihrea-duct-fan-100-mm\/","name":"Pikkuvihre\u00e4 Duct fan 100 mm - Pikkuvihre\u00e4","isPartOf":{"@id":"https:\/\/pikkuvihrea.fi\/en\/#website"},"primaryImageOfPage":{"@id":"https:\/\/pikkuvihrea.fi\/en\/product\/pikkuvihrea-duct-fan-100-mm\/#primaryimage"},"image":{"@id":"https:\/\/pikkuvihrea.fi\/en\/product\/pikkuvihrea-duct-fan-100-mm\/#primaryimage"},"thumbnailUrl":"https:\/\/pikkuvihrea.fi\/wp-content\/uploads\/2026\/02\/Kanavatuuletin_pistokkeella2_valkot-scaled.png","datePublished":"2026-02-05T08:50:52+00:00","dateModified":"2026-04-20T10:33:29+00:00","description":"Pikkuvihre\u00e4\u2019s duct fan is designed to improve ventilation in dry toilets and other spaces. The best toilet products with fast delivery.","breadcrumb":{"@id":"https:\/\/pikkuvihrea.fi\/en\/product\/pikkuvihrea-duct-fan-100-mm\/#breadcrumb"},"inLanguage":"en-US","potentialAction":[{"@type":"ReadAction","target":["https:\/\/pikkuvihrea.fi\/en\/product\/pikkuvihrea-duct-fan-100-mm\/"]}]},{"@type":"ImageObject","inLanguage":"en-US","@id":"https:\/\/pikkuvihrea.fi\/en\/product\/pikkuvihrea-duct-fan-100-mm\/#primaryimage","url":"https:\/\/pikkuvihrea.fi\/wp-content\/uploads\/2026\/02\/Kanavatuuletin_pistokkeella2_valkot-scaled.png","contentUrl":"https:\/\/pikkuvihrea.fi\/wp-content\/uploads\/2026\/02\/Kanavatuuletin_pistokkeella2_valkot-scaled.png","width":2560,"height":2323},{"@type":"BreadcrumbList","@id":"https:\/\/pikkuvihrea.fi\/en\/product\/pikkuvihrea-duct-fan-100-mm\/#breadcrumb","itemListElement":[{"@type":"ListItem","position":1,"name":"Etusivu","item":"https:\/\/pikkuvihrea.fi\/en\/"},{"@type":"ListItem","position":2,"name":"Shop","item":"https:\/\/pikkuvihrea.fi\/en\/shop\/"},{"@type":"ListItem","position":3,"name":"Pikkuvihre\u00e4 Duct fan 100 mm"}]},{"@type":"WebSite","@id":"https:\/\/pikkuvihrea.fi\/en\/#website","url":"https:\/\/pikkuvihrea.fi\/en\/","name":"Pikkuvihre\u00e4","description":"","publisher":{"@id":"https:\/\/pikkuvihrea.fi\/en\/#organization"},"potentialAction":[{"@type":"SearchAction","target":{"@type":"EntryPoint","urlTemplate":"https:\/\/pikkuvihrea.fi\/en\/?s={search_term_string}"},"query-input":{"@type":"PropertyValueSpecification","valueRequired":true,"valueName":"search_term_string"}}],"inLanguage":"en-US"},{"@type":"Organization","@id":"https:\/\/pikkuvihrea.fi\/en\/#organization","name":"Pikkuvihre\u00e4","url":"https:\/\/pikkuvihrea.fi\/en\/","logo":{"@type":"ImageObject","inLanguage":"en-US","@id":"https:\/\/pikkuvihrea.fi\/en\/#\/schema\/logo\/image\/","url":"https:\/\/pikkuvihrea.fi\/wp-content\/uploads\/2020\/10\/pikkuvihrea_logo_rgb_trimmed.jpg","contentUrl":"https:\/\/pikkuvihrea.fi\/wp-content\/uploads\/2020\/10\/pikkuvihrea_logo_rgb_trimmed.jpg","width":660,"height":100,"caption":"Pikkuvihre\u00e4"},"image":{"@id":"https:\/\/pikkuvihrea.fi\/en\/#\/schema\/logo\/image\/"}}]},"og_availability":"instock","product_availability":"instock","product_condition":"new"},"_links":{"self":[{"href":"https:\/\/pikkuvihrea.fi\/en\/wp-json\/wp\/v2\/product\/45286","targetHints":{"allow":["GET"]}}],"collection":[{"href":"https:\/\/pikkuvihrea.fi\/en\/wp-json\/wp\/v2\/product"}],"about":[{"href":"https:\/\/pikkuvihrea.fi\/en\/wp-json\/wp\/v2\/types\/product"}],"replies":[{"embeddable":true,"href":"https:\/\/pikkuvihrea.fi\/en\/wp-json\/wp\/v2\/comments?post=45286"}],"wp:featuredmedia":[{"embeddable":true,"href":"https:\/\/pikkuvihrea.fi\/en\/wp-json\/wp\/v2\/media\/43299"}],"wp:attachment":[{"href":"https:\/\/pikkuvihrea.fi\/en\/wp-json\/wp\/v2\/media?parent=45286"}],"wp:term":[{"taxonomy":"product_brand","embeddable":true,"href":"https:\/\/pikkuvihrea.fi\/en\/wp-json\/wp\/v2\/product_brand?post=45286"},{"taxonomy":"product_cat","embeddable":true,"href":"https:\/\/pikkuvihrea.fi\/en\/wp-json\/wp\/v2\/product_cat?post=45286"},{"taxonomy":"product_tag","embeddable":true,"href":"https:\/\/pikkuvihrea.fi\/en\/wp-json\/wp\/v2\/product_tag?post=45286"}],"curies":[{"name":"wp","href":"https:\/\/api.w.org\/{rel}","templated":true}]}}