{"id":43770,"date":"2026-02-23T13:05:10","date_gmt":"2026-02-23T11:05:10","guid":{"rendered":"https:\/\/pikkuvihrea.fi\/?post_type=product&#038;p=43770"},"modified":"2026-03-03T14:05:57","modified_gmt":"2026-03-03T12:05:57","slug":"green-toilet-100-easy-composting-toilet-white","status":"publish","type":"product","link":"https:\/\/pikkuvihrea.fi\/en\/product\/green-toilet-100-easy-composting-toilet-white\/","title":{"rendered":"Green Toilet 100 Easy composting toilet white"},"content":{"rendered":"<p>Green Toilet 100 Easy is a reliable and worry-free composting toilet suitable for both outhouses and indoor installations. It is an excellent choice for summer cabins, outbuildings, and even indoor bathrooms in residential spaces when you want an odor-free, easy-to-use solution without water or sewer connections.<\/p>\n<p>All toilet waste is directed into a single container, and the proven double base structure typical of Green Toilet systems automatically separates excess liquid. This ensures efficient ventilation, odor-free operation, and active composting already during use \u2013 even indoors.<\/p>\n<p>Green Toilet 100 Easy is suitable for:<\/p>\n<ul>\n<li>Seasonal use by 4\u20135 people (e.g. at a summer cabin)<\/li>\n<li>Year-round use by 2\u20133 people<\/li>\n<\/ul>\n<p>If needed, capacity can easily be increased with a separate <a href=\"https:\/\/pikkuvihrea.fi\/en\/product\/green-toilet-100-easy-spare-container-white\/\" target=\"_blank\" rel=\"noopener\"><strong>spare container<\/strong><\/a>, making maintenance even faster and more convenient.<\/p>\n<h3>Benefits of Green Toilet 100 Easy<\/h3>\n<ul>\n<li>Reliable operation both indoors and in outdoor outhouses<\/li>\n<li>Automatic liquid separation \u2013 odor-free use indoors as well<\/li>\n<li>Extremely easy to use, no special instructions required<\/li>\n<li>Durable construction \u2013 no fragile moving parts<\/li>\n<li>Spacious 100-liter composting container<\/li>\n<li>Easy maintenance thanks to wheels and spare container option<\/li>\n<li>Large seat opening (215 \u00d7 300 mm) \u2013 stays cleaner in use<\/li>\n<\/ul>\n<h3>Use \u2013 as easy as a regular toilet<\/h3>\n<p>Green Toilet 100 Easy is used like any composting toilet: all toilet waste and paper go into the same container. The internal structure automatically separates liquid without any action required from the user.<\/p>\n<p>Bulking material can be added either after each visit or in larger amounts during maintenance, typically 1\u20132 times per week depending on usage.<\/p>\n<p>Any excess leachate that is not absorbed into the compost or evaporated through ventilation is directed from the back of the unit via a liquid hose either into a canister or into a <a href=\"https:\/\/pikkuvihrea.fi\/en\/product\/geotrap-dry-toilet-filter\/\" target=\"_blank\" rel=\"noopener\">dry toilet filter<\/a>, where it can be safely dispersed into the ground.<\/p>\n<p>For indoor installations, we always recommend using an electric fan, such as a <a href=\"https:\/\/pikkuvihrea.fi\/en\/product\/pikkuvihrea-dry-toilet-fan-stepless-control\/\" target=\"_blank\" rel=\"noopener\">stepless control dry toilet fan<\/a>. This ensures odor-free operation in all situations and makes the user experience especially pleasant.<\/p>\n<h3>Maintenance \u2013 designed to be easy<\/h3>\n<p>When the composting container becomes full, maintenance is quick and requires no tools:<\/p>\n<p>Tilt the toilet slightly forward so excess liquid drains out before disconnecting the liquid hose. Disconnect the liquid hose and ventilation pipe, insert the plugs, and attach the wheel set under the container. The container can then be rolled out and either emptied into a separate compost or sealed with a lid and left to compost as a <a href=\"https:\/\/pikkuvihrea.fi\/en\/product\/green-toilet-100-easy-spare-container-white\/\" target=\"_blank\" rel=\"noopener\"><strong>spare container<\/strong><\/a>.<\/p>\n<p>The compost in the spare container should be allowed to rest until the next maintenance cycle. In family use, this resting period is usually sufficient to make the compost safe for use in the yard. Before reinstalling, clean the exterior surfaces and heated toilet seat with water and mild detergent. Remember to add bulking material to the bottom before use.<\/p>\n<h3>Installation \u2013 flexible for indoor spaces as well<\/h3>\n<p>Green Toilet 100 Easy is installed directly on the floor in any suitable space. The ventilation outlet can be positioned in several ways (rear, top, or side), making installation easy even in existing indoor rooms.<\/p>\n<p>The liquid hose is routed from the lower rear of the unit into a canister or filter. Wheels are only attached during maintenance.<\/p>\n<p><a href=\"https:\/\/pikkuvihrea.fi\/wp-content\/uploads\/2023\/05\/Green-Toilet-100-Easy-Manual-ENG.pdf\" target=\"_blank\" rel=\"noopener\">Green Toilet 100 Easy installation and user manual (PDF)<\/a><\/p>\n<h3>Package contents<\/h3>\n<p>The Green Toilet 100 Easy White base package includes:<\/p>\n<ul>\n<li>Composting toilet with liquid-separating double base (H 495 \u00d7 W 585 \u00d7 D 730 mm)<\/li>\n<li>White toilet seat and lid<\/li>\n<li>Wheel set for maintenance<\/li>\n<li>Ventilation pipe system \u00d8 75 mm (pipes, connectors, cap, and fasteners)<\/li>\n<li>Liquid hose 150 cm \u00d8 32 mm<\/li>\n<li>Plugs for liquid and ventilation outlets<\/li>\n<li><a href=\"https:\/\/pikkuvihrea.fi\/en\/product\/kiteen-dry-material-for-composting\/\" target=\"_blank\" rel=\"noopener\">Bag dry material for composting<\/a><\/li>\n<li>User instructions<\/li>\n<\/ul>\n<h3>Accessories<\/h3>\n<ul>\n<li><a href=\"https:\/\/pikkuvihrea.fi\/en\/product\/green-toilet-100-easy-spare-container-white\/\" target=\"_blank\" rel=\"noopener\"><strong>Green Toilet 100 Easy spare container<\/strong><\/a> \u2013 simplifies maintenance and allows composting at rest<\/li>\n<li><a href=\"https:\/\/pikkuvihrea.fi\/en\/product\/urine-canister\/\" target=\"_blank\" rel=\"noopener\">Canister<\/a> for collecting excess liquid<\/li>\n<li><a href=\"https:\/\/pikkuvihrea.fi\/en\/product\/wind-driven-ventilator-ecoplast\/\" target=\"_blank\" rel=\"noopener\">Wind-driven ventilator<\/a> \u2013 enhances ventilation in outdoor outhouses<\/li>\n<li><a href=\"https:\/\/pikkuvihrea.fi\/en\/product\/pikkuvihrea-dry-toilet-fan-stepless-control\/\" target=\"_blank\" rel=\"noopener\">Electric inline duct fan<\/a> \u2013 recommended for indoor installations<\/li>\n<li><a href=\"https:\/\/pikkuvihrea.fi\/en\/product\/geotrap-dry-toilet-filter\/\" target=\"_blank\" rel=\"noopener\">GeoTrap Dry Toilet Filter<\/a> \u2013 for treating excess liquid<\/li>\n<\/ul>\n","protected":false},"excerpt":{"rendered":"<h5>Now in white \u2013 also perfect for indoor use!<\/h5>\n<p>Green Toilet 100 Easy is an easy-to-use, odor-free composting toilet that can be installed directly on the floor, both in an outhouse and indoors.<\/p>\n<ul>\n<li>Reliable double base design \u2013 composting starts already during use<\/li>\n<li>Easy maintenance: the container rolls out smoothly on built-in wheels<\/li>\n<li>Increase capacity and convenience with an <a href=\"https:\/\/pikkuvihrea.fi\/en\/product\/green-toilet-100-easy-spare-container-white\/\" target=\"_blank\" rel=\"noopener\"><strong>additional spare container<\/strong><\/a><\/li>\n<\/ul>\n","protected":false},"featured_media":43680,"comment_status":"closed","ping_status":"closed","template":"","meta":{"_acf_changed":false},"product_brand":[],"product_cat":[745,1054,1051],"product_tag":[],"class_list":{"0":"post-43770","1":"product","2":"type-product","3":"status-publish","4":"has-post-thumbnail","6":"product_cat-composting-toilets","7":"product_cat-dry-toilets","8":"product_cat-modern-dry-toilets-indoors","10":"first","11":"instock","12":"taxable","13":"shipping-taxable","14":"purchasable","15":"product-type-bundle"},"bundled_by":[],"bundle_stock_status":"instock","bundle_stock_quantity":"","bundle_virtual":false,"bundle_layout":"default","bundle_add_to_cart_form_location":"default","bundle_editable_in_cart":false,"bundle_sold_individually_context":"product","bundle_item_grouping":"noindent","bundle_min_size":"","bundle_max_size":"","bundle_price":{"price":{"min":{"incl_tax":"479.00","excl_tax":"381.67"},"max":{"incl_tax":"538","excl_tax":"428.68"}},"regular_price":{"min":{"incl_tax":"479.00","excl_tax":"381.67"},"max":{"incl_tax":"556","excl_tax":"443.02"}}},"bundled_items":[{"bundled_item_id":287,"product_id":25388,"menu_order":0,"quantity_min":1,"quantity_max":1,"quantity_default":1,"priced_individually":true,"shipped_individually":false,"override_title":false,"title":"Pikkuvihre\u00e4 dry toilet fan stepless control","override_description":false,"description":"Pikkuvihre\u00e4 dry toilet fan stepless control","optional":true,"hide_thumbnail":false,"discount":"23.37662","override_variations":true,"allowed_variations":[25389],"override_default_variation_attributes":true,"default_variation_attributes":[{"id":26,"name":"Tuulettimen yhteensopivuus:","option":"reduction-to-75mm-o-diameter"}],"single_product_visibility":"visible","cart_visibility":"visible","order_visibility":"visible","single_product_price_visibility":"visible","cart_price_visibility":"visible","order_price_visibility":"visible","stock_status":"in_stock"}],"bundle_sell_ids":[],"acf":[],"gallery_images":[43688,43728,43724,43692,43704,43824,43684],"yoast_head":"<!-- This site is optimized with the Yoast SEO plugin v27.3 - https:\/\/yoast.com\/product\/yoast-seo-wordpress\/ -->\n<title>Green Toilet 100 Easy composting toilet white - Pikkuvihre\u00e4<\/title>\n<meta name=\"description\" content=\"A genuine composting toilet with a 100-liter capacity, easy floor-level installation, and simple maintenance using wheels and an optional spare container.\" \/>\n<meta name=\"robots\" content=\"index, follow, max-snippet:-1, max-image-preview:large, max-video-preview:-1\" \/>\n<link rel=\"canonical\" href=\"https:\/\/pikkuvihrea.fi\/en\/product\/green-toilet-100-easy-composting-toilet-white\/\" \/>\n<meta property=\"og:locale\" content=\"en_US\" \/>\n<meta property=\"og:type\" content=\"article\" \/>\n<meta property=\"og:title\" content=\"Green Toilet 100 Easy composting toilet white - Pikkuvihre\u00e4\" \/>\n<meta property=\"og:description\" content=\"A genuine composting toilet with a 100-liter capacity, easy floor-level installation, and simple maintenance using wheels and an optional spare container.\" \/>\n<meta property=\"og:url\" content=\"https:\/\/pikkuvihrea.fi\/en\/product\/green-toilet-100-easy-composting-toilet-white\/\" \/>\n<meta property=\"og:site_name\" content=\"Pikkuvihre\u00e4\" \/>\n<meta property=\"article:modified_time\" content=\"2026-03-03T12:05:57+00:00\" \/>\n<meta property=\"og:image\" content=\"https:\/\/pikkuvihrea.fi\/wp-content\/uploads\/2026\/02\/Green-Toilet-Easy-Valkoinen_ei-lampoistuinta.jpg\" \/>\n\t<meta property=\"og:image:width\" content=\"900\" \/>\n\t<meta property=\"og:image:height\" content=\"900\" \/>\n\t<meta property=\"og:image:type\" content=\"image\/jpeg\" \/>\n<meta name=\"twitter:card\" content=\"summary_large_image\" \/>\n<meta name=\"twitter:label1\" content=\"Price\" \/>\n\t<meta name=\"twitter:data1\" content=\"479,00&nbsp;&euro;\" \/>\n\t<meta name=\"twitter:label2\" content=\"Availability\" \/>\n\t<meta name=\"twitter:data2\" content=\"In stock\" \/>\n<script type=\"application\/ld+json\" class=\"yoast-schema-graph\">{\"@context\":\"https:\\\/\\\/schema.org\",\"@graph\":[{\"@type\":\"WebPage\",\"@id\":\"https:\\\/\\\/pikkuvihrea.fi\\\/en\\\/product\\\/green-toilet-100-easy-composting-toilet-white\\\/\",\"url\":\"https:\\\/\\\/pikkuvihrea.fi\\\/en\\\/product\\\/green-toilet-100-easy-composting-toilet-white\\\/\",\"name\":\"Green Toilet 100 Easy composting toilet white - Pikkuvihre\u00e4\",\"isPartOf\":{\"@id\":\"https:\\\/\\\/pikkuvihrea.fi\\\/en\\\/#website\"},\"primaryImageOfPage\":{\"@id\":\"https:\\\/\\\/pikkuvihrea.fi\\\/en\\\/product\\\/green-toilet-100-easy-composting-toilet-white\\\/#primaryimage\"},\"image\":{\"@id\":\"https:\\\/\\\/pikkuvihrea.fi\\\/en\\\/product\\\/green-toilet-100-easy-composting-toilet-white\\\/#primaryimage\"},\"thumbnailUrl\":\"https:\\\/\\\/pikkuvihrea.fi\\\/wp-content\\\/uploads\\\/2026\\\/02\\\/Green-Toilet-Easy-Valkoinen_ei-lampoistuinta.jpg\",\"datePublished\":\"2026-02-23T11:05:10+00:00\",\"dateModified\":\"2026-03-03T12:05:57+00:00\",\"description\":\"A genuine composting toilet with a 100-liter capacity, easy floor-level installation, and simple maintenance using wheels and an optional spare container.\",\"breadcrumb\":{\"@id\":\"https:\\\/\\\/pikkuvihrea.fi\\\/en\\\/product\\\/green-toilet-100-easy-composting-toilet-white\\\/#breadcrumb\"},\"inLanguage\":\"en-US\",\"potentialAction\":[{\"@type\":\"ReadAction\",\"target\":[\"https:\\\/\\\/pikkuvihrea.fi\\\/en\\\/product\\\/green-toilet-100-easy-composting-toilet-white\\\/\"]}]},{\"@type\":\"ImageObject\",\"inLanguage\":\"en-US\",\"@id\":\"https:\\\/\\\/pikkuvihrea.fi\\\/en\\\/product\\\/green-toilet-100-easy-composting-toilet-white\\\/#primaryimage\",\"url\":\"https:\\\/\\\/pikkuvihrea.fi\\\/wp-content\\\/uploads\\\/2026\\\/02\\\/Green-Toilet-Easy-Valkoinen_ei-lampoistuinta.jpg\",\"contentUrl\":\"https:\\\/\\\/pikkuvihrea.fi\\\/wp-content\\\/uploads\\\/2026\\\/02\\\/Green-Toilet-Easy-Valkoinen_ei-lampoistuinta.jpg\",\"width\":900,\"height\":900,\"caption\":\"Green Toilet 100 Easy valkoinen on kompakti ja helppok\u00e4ytt\u00f6inen kompostoiva kuivak\u00e4ym\u00e4l\u00e4 \u2013 sopii m\u00f6kille, jossa k\u00e4ytt\u00f6 on v\u00e4h\u00e4isemp\u00e4\u00e4\"},{\"@type\":\"BreadcrumbList\",\"@id\":\"https:\\\/\\\/pikkuvihrea.fi\\\/en\\\/product\\\/green-toilet-100-easy-composting-toilet-white\\\/#breadcrumb\",\"itemListElement\":[{\"@type\":\"ListItem\",\"position\":1,\"name\":\"Etusivu\",\"item\":\"https:\\\/\\\/pikkuvihrea.fi\\\/en\\\/\"},{\"@type\":\"ListItem\",\"position\":2,\"name\":\"Shop\",\"item\":\"https:\\\/\\\/pikkuvihrea.fi\\\/en\\\/shop\\\/\"},{\"@type\":\"ListItem\",\"position\":3,\"name\":\"Green Toilet 100 Easy composting toilet white\"}]},{\"@type\":\"WebSite\",\"@id\":\"https:\\\/\\\/pikkuvihrea.fi\\\/en\\\/#website\",\"url\":\"https:\\\/\\\/pikkuvihrea.fi\\\/en\\\/\",\"name\":\"Pikkuvihre\u00e4\",\"description\":\"\",\"publisher\":{\"@id\":\"https:\\\/\\\/pikkuvihrea.fi\\\/en\\\/#organization\"},\"potentialAction\":[{\"@type\":\"SearchAction\",\"target\":{\"@type\":\"EntryPoint\",\"urlTemplate\":\"https:\\\/\\\/pikkuvihrea.fi\\\/en\\\/?s={search_term_string}\"},\"query-input\":{\"@type\":\"PropertyValueSpecification\",\"valueRequired\":true,\"valueName\":\"search_term_string\"}}],\"inLanguage\":\"en-US\"},{\"@type\":\"Organization\",\"@id\":\"https:\\\/\\\/pikkuvihrea.fi\\\/en\\\/#organization\",\"name\":\"Pikkuvihre\u00e4\",\"url\":\"https:\\\/\\\/pikkuvihrea.fi\\\/en\\\/\",\"logo\":{\"@type\":\"ImageObject\",\"inLanguage\":\"en-US\",\"@id\":\"https:\\\/\\\/pikkuvihrea.fi\\\/en\\\/#\\\/schema\\\/logo\\\/image\\\/\",\"url\":\"https:\\\/\\\/pikkuvihrea.fi\\\/wp-content\\\/uploads\\\/2020\\\/10\\\/pikkuvihrea_logo_rgb_trimmed.jpg\",\"contentUrl\":\"https:\\\/\\\/pikkuvihrea.fi\\\/wp-content\\\/uploads\\\/2020\\\/10\\\/pikkuvihrea_logo_rgb_trimmed.jpg\",\"width\":660,\"height\":100,\"caption\":\"Pikkuvihre\u00e4\"},\"image\":{\"@id\":\"https:\\\/\\\/pikkuvihrea.fi\\\/en\\\/#\\\/schema\\\/logo\\\/image\\\/\"}}]}<\/script>\n<meta property=\"product:price:amount\" content=\"479.00\" \/>\n<meta property=\"product:price:currency\" content=\"EUR\" \/>\n<meta property=\"og:availability\" content=\"instock\" \/>\n<meta property=\"product:availability\" content=\"instock\" \/>\n<meta property=\"product:condition\" content=\"new\" \/>\n<!-- \/ Yoast SEO plugin. -->","yoast_head_json":{"title":"Green Toilet 100 Easy composting toilet white - Pikkuvihre\u00e4","description":"A genuine composting toilet with a 100-liter capacity, easy floor-level installation, and simple maintenance using wheels and an optional spare container.","robots":{"index":"index","follow":"follow","max-snippet":"max-snippet:-1","max-image-preview":"max-image-preview:large","max-video-preview":"max-video-preview:-1"},"canonical":"https:\/\/pikkuvihrea.fi\/en\/product\/green-toilet-100-easy-composting-toilet-white\/","og_locale":"en_US","og_type":"article","og_title":"Green Toilet 100 Easy composting toilet white - Pikkuvihre\u00e4","og_description":"A genuine composting toilet with a 100-liter capacity, easy floor-level installation, and simple maintenance using wheels and an optional spare container.","og_url":"https:\/\/pikkuvihrea.fi\/en\/product\/green-toilet-100-easy-composting-toilet-white\/","og_site_name":"Pikkuvihre\u00e4","article_modified_time":"2026-03-03T12:05:57+00:00","og_image":[{"width":900,"height":900,"url":"https:\/\/pikkuvihrea.fi\/wp-content\/uploads\/2026\/02\/Green-Toilet-Easy-Valkoinen_ei-lampoistuinta.jpg","type":"image\/jpeg"}],"twitter_card":"summary_large_image","twitter_misc":{"Price":"479,00&nbsp;&euro;","Availability":"In stock"},"schema":{"@context":"https:\/\/schema.org","@graph":[{"@type":"WebPage","@id":"https:\/\/pikkuvihrea.fi\/en\/product\/green-toilet-100-easy-composting-toilet-white\/","url":"https:\/\/pikkuvihrea.fi\/en\/product\/green-toilet-100-easy-composting-toilet-white\/","name":"Green Toilet 100 Easy composting toilet white - Pikkuvihre\u00e4","isPartOf":{"@id":"https:\/\/pikkuvihrea.fi\/en\/#website"},"primaryImageOfPage":{"@id":"https:\/\/pikkuvihrea.fi\/en\/product\/green-toilet-100-easy-composting-toilet-white\/#primaryimage"},"image":{"@id":"https:\/\/pikkuvihrea.fi\/en\/product\/green-toilet-100-easy-composting-toilet-white\/#primaryimage"},"thumbnailUrl":"https:\/\/pikkuvihrea.fi\/wp-content\/uploads\/2026\/02\/Green-Toilet-Easy-Valkoinen_ei-lampoistuinta.jpg","datePublished":"2026-02-23T11:05:10+00:00","dateModified":"2026-03-03T12:05:57+00:00","description":"A genuine composting toilet with a 100-liter capacity, easy floor-level installation, and simple maintenance using wheels and an optional spare container.","breadcrumb":{"@id":"https:\/\/pikkuvihrea.fi\/en\/product\/green-toilet-100-easy-composting-toilet-white\/#breadcrumb"},"inLanguage":"en-US","potentialAction":[{"@type":"ReadAction","target":["https:\/\/pikkuvihrea.fi\/en\/product\/green-toilet-100-easy-composting-toilet-white\/"]}]},{"@type":"ImageObject","inLanguage":"en-US","@id":"https:\/\/pikkuvihrea.fi\/en\/product\/green-toilet-100-easy-composting-toilet-white\/#primaryimage","url":"https:\/\/pikkuvihrea.fi\/wp-content\/uploads\/2026\/02\/Green-Toilet-Easy-Valkoinen_ei-lampoistuinta.jpg","contentUrl":"https:\/\/pikkuvihrea.fi\/wp-content\/uploads\/2026\/02\/Green-Toilet-Easy-Valkoinen_ei-lampoistuinta.jpg","width":900,"height":900,"caption":"Green Toilet 100 Easy valkoinen on kompakti ja helppok\u00e4ytt\u00f6inen kompostoiva kuivak\u00e4ym\u00e4l\u00e4 \u2013 sopii m\u00f6kille, jossa k\u00e4ytt\u00f6 on v\u00e4h\u00e4isemp\u00e4\u00e4"},{"@type":"BreadcrumbList","@id":"https:\/\/pikkuvihrea.fi\/en\/product\/green-toilet-100-easy-composting-toilet-white\/#breadcrumb","itemListElement":[{"@type":"ListItem","position":1,"name":"Etusivu","item":"https:\/\/pikkuvihrea.fi\/en\/"},{"@type":"ListItem","position":2,"name":"Shop","item":"https:\/\/pikkuvihrea.fi\/en\/shop\/"},{"@type":"ListItem","position":3,"name":"Green Toilet 100 Easy composting toilet white"}]},{"@type":"WebSite","@id":"https:\/\/pikkuvihrea.fi\/en\/#website","url":"https:\/\/pikkuvihrea.fi\/en\/","name":"Pikkuvihre\u00e4","description":"","publisher":{"@id":"https:\/\/pikkuvihrea.fi\/en\/#organization"},"potentialAction":[{"@type":"SearchAction","target":{"@type":"EntryPoint","urlTemplate":"https:\/\/pikkuvihrea.fi\/en\/?s={search_term_string}"},"query-input":{"@type":"PropertyValueSpecification","valueRequired":true,"valueName":"search_term_string"}}],"inLanguage":"en-US"},{"@type":"Organization","@id":"https:\/\/pikkuvihrea.fi\/en\/#organization","name":"Pikkuvihre\u00e4","url":"https:\/\/pikkuvihrea.fi\/en\/","logo":{"@type":"ImageObject","inLanguage":"en-US","@id":"https:\/\/pikkuvihrea.fi\/en\/#\/schema\/logo\/image\/","url":"https:\/\/pikkuvihrea.fi\/wp-content\/uploads\/2020\/10\/pikkuvihrea_logo_rgb_trimmed.jpg","contentUrl":"https:\/\/pikkuvihrea.fi\/wp-content\/uploads\/2020\/10\/pikkuvihrea_logo_rgb_trimmed.jpg","width":660,"height":100,"caption":"Pikkuvihre\u00e4"},"image":{"@id":"https:\/\/pikkuvihrea.fi\/en\/#\/schema\/logo\/image\/"}}]},"product_price_amount":"479.00","product_price_currency":"EUR","og_availability":"instock","product_availability":"instock","product_condition":"new"},"_links":{"self":[{"href":"https:\/\/pikkuvihrea.fi\/en\/wp-json\/wp\/v2\/product\/43770","targetHints":{"allow":["GET"]}}],"collection":[{"href":"https:\/\/pikkuvihrea.fi\/en\/wp-json\/wp\/v2\/product"}],"about":[{"href":"https:\/\/pikkuvihrea.fi\/en\/wp-json\/wp\/v2\/types\/product"}],"replies":[{"embeddable":true,"href":"https:\/\/pikkuvihrea.fi\/en\/wp-json\/wp\/v2\/comments?post=43770"}],"wp:featuredmedia":[{"embeddable":true,"href":"https:\/\/pikkuvihrea.fi\/en\/wp-json\/wp\/v2\/media\/43680"}],"wp:attachment":[{"href":"https:\/\/pikkuvihrea.fi\/en\/wp-json\/wp\/v2\/media?parent=43770"}],"wp:term":[{"taxonomy":"product_brand","embeddable":true,"href":"https:\/\/pikkuvihrea.fi\/en\/wp-json\/wp\/v2\/product_brand?post=43770"},{"taxonomy":"product_cat","embeddable":true,"href":"https:\/\/pikkuvihrea.fi\/en\/wp-json\/wp\/v2\/product_cat?post=43770"},{"taxonomy":"product_tag","embeddable":true,"href":"https:\/\/pikkuvihrea.fi\/en\/wp-json\/wp\/v2\/product_tag?post=43770"}],"curies":[{"name":"wp","href":"https:\/\/api.w.org\/{rel}","templated":true}]}}