{"id":285,"date":"2012-07-10T00:00:00","date_gmt":"2012-07-09T21:00:00","guid":{"rendered":"https:\/\/pikkuvihrea.fi\/tuote\/inva-wc-tuoli\/"},"modified":"2026-03-01T22:25:08","modified_gmt":"2026-03-01T20:25:08","slug":"handicap-toilet-seat-foldable","status":"publish","type":"product","link":"https:\/\/pikkuvihrea.fi\/en\/product\/handicap-toilet-seat-foldable\/","title":{"rendered":"Handicap toilet seat foldable"},"content":{"rendered":"<div id=\"more_info_sheets\" class=\"bgcolor bordercolor\">\n<div id=\"idTab1\">\n<p>A foldable handicap toilet that is easy to install without any tools. It is easy to storage when folded.<\/p>\n<p>It is a &#8220;3 in 1&#8221; -aid solution:<\/p>\n<ul>\n<li>a chamber pot (6 liters)<\/li>\n<li>a support aid when using normal toilet<\/li>\n<li>a support aid in shower<\/li>\n<\/ul>\n<p>The frame is epoxy painted steel. The toilet seat closes softly.<\/p>\n<p>The handicap toilet is possible to equip with <a href=\"https:\/\/pikkuvihrea.fi\/en\/?post_type=product&amp;p=8126\">a spare pot<\/a> that has greater 37 liter capacity and hence enable less frequent service of the chamber pot.<\/p>\n<h3>Video<\/h3>\n<div style=\"width: 360px;\" class=\"wp-video\"><video class=\"wp-video-shortcode\" id=\"video-285-1\" width=\"360\" height=\"640\" preload=\"metadata\" controls=\"controls\"><source type=\"video\/mp4\" src=\"https:\/\/pikkuvihrea.fi\/wp-content\/uploads\/2012\/07\/Handicap-toilet-seat-foldable.mp4?_=1\" \/><a href=\"https:\/\/pikkuvihrea.fi\/wp-content\/uploads\/2012\/07\/Handicap-toilet-seat-foldable.mp4\">https:\/\/pikkuvihrea.fi\/wp-content\/uploads\/2012\/07\/Handicap-toilet-seat-foldable.mp4<\/a><\/video><\/div>\n<h3><\/h3>\n<h3>PACKAGE CONTENT<\/h3>\n<p>The seat comes equipped with a bucket+ lid and a shaft (needed when used with a regular toilet).<\/p>\n<h3>TECHNICAL INFORMATION<\/h3>\n<ul>\n<li>seating height, adjustable 42-57 cm<\/li>\n<li>back support, adjustable 61-76 cm<\/li>\n<li>distance between handles 45 cm<\/li>\n<li>area needed for the chair 54 x 54 cm<\/li>\n<li>max. load 110 kg<\/li>\n<li>Weight 7,5 kg<\/li>\n<\/ul>\n<\/div>\n<\/div>\n","protected":false},"excerpt":{"rendered":"<p>A foldable toilet seat for handicapped. Can be used as an aid to a regular toilet or as a nighttime portable toilet. The seat has adjustable legs. It can also be used as a support aid in the shower.<\/p>\n<ul>\n<li>sturdy, easily mounted frame<\/li>\n<li>three use cases<\/li>\n<li>adjustable height 42-57 cm<\/li>\n<\/ul>\n","protected":false},"featured_media":35430,"comment_status":"closed","ping_status":"closed","template":"","meta":{"_acf_changed":false},"product_brand":[],"product_cat":[1054,1107],"product_tag":[],"class_list":{"0":"post-285","1":"product","2":"type-product","3":"status-publish","4":"has-post-thumbnail","6":"product_cat-dry-toilets","7":"product_cat-portable-toilets","8":"product_shipping_class-medium-size-packages","10":"first","11":"instock","12":"taxable","13":"shipping-taxable","14":"purchasable","15":"product-type-bundle"},"bundled_by":[],"bundle_stock_status":"instock","bundle_stock_quantity":"","bundle_virtual":false,"bundle_layout":"default","bundle_add_to_cart_form_location":"default","bundle_editable_in_cart":false,"bundle_sold_individually_context":"product","bundle_item_grouping":"noindent","bundle_min_size":"","bundle_max_size":"","bundle_price":{"price":{"min":{"incl_tax":"149.00","excl_tax":"118.73"},"max":{"incl_tax":"191.1","excl_tax":"152.28"}},"regular_price":{"min":{"incl_tax":"149.00","excl_tax":"118.73"},"max":{"incl_tax":"203.9","excl_tax":"162.48"}}},"bundled_items":[{"bundled_item_id":51,"product_id":8126,"menu_order":0,"quantity_min":1,"quantity_max":1,"quantity_default":1,"priced_individually":true,"shipped_individually":false,"override_title":true,"title":"","override_description":false,"description":"Spare pot for chamber pots","optional":true,"hide_thumbnail":false,"discount":"20","override_variations":false,"allowed_variations":[""],"override_default_variation_attributes":false,"default_variation_attributes":[],"single_product_visibility":"visible","cart_visibility":"visible","order_visibility":"visible","single_product_price_visibility":"visible","cart_price_visibility":"visible","order_price_visibility":"visible","stock_status":"in_stock"},{"bundled_item_id":260,"product_id":33440,"menu_order":1,"quantity_min":1,"quantity_max":1,"quantity_default":1,"priced_individually":true,"shipped_individually":false,"override_title":false,"title":"Pikkuvihre\u00e4 Biodegradable Bags for Dry toilet","override_description":false,"description":"Pikkuvihre\u00e4 Biodegradable Bags for Dry toilet","optional":true,"hide_thumbnail":false,"discount":"31.44655","override_variations":false,"allowed_variations":[""],"override_default_variation_attributes":false,"default_variation_attributes":[],"single_product_visibility":"visible","cart_visibility":"visible","order_visibility":"visible","single_product_price_visibility":"visible","cart_price_visibility":"visible","order_price_visibility":"visible","stock_status":"in_stock"}],"bundle_sell_ids":[],"acf":[],"gallery_images":[35476],"yoast_head":"<!-- This site is optimized with the Yoast SEO plugin v27.3 - https:\/\/yoast.com\/product\/yoast-seo-wordpress\/ -->\n<title>Foldable toilet for handicapped Pikkuvihre\u00e4 web shop<\/title>\n<meta name=\"description\" content=\"Foldable, sturdy toilet for physically disabled people. It has theree use cases: a chamber pot, support aid in normal toilet and shower.\" \/>\n<meta name=\"robots\" content=\"index, follow, max-snippet:-1, max-image-preview:large, max-video-preview:-1\" \/>\n<link rel=\"canonical\" href=\"https:\/\/pikkuvihrea.fi\/en\/product\/handicap-toilet-seat-foldable\/\" \/>\n<meta property=\"og:locale\" content=\"en_US\" \/>\n<meta property=\"og:type\" content=\"article\" \/>\n<meta property=\"og:title\" content=\"Foldable toilet for handicapped Pikkuvihre\u00e4 web shop\" \/>\n<meta property=\"og:description\" content=\"Foldable, sturdy toilet for physically disabled people. It has theree use cases: a chamber pot, support aid in normal toilet and shower.\" \/>\n<meta property=\"og:url\" content=\"https:\/\/pikkuvihrea.fi\/en\/product\/handicap-toilet-seat-foldable\/\" \/>\n<meta property=\"og:site_name\" content=\"Pikkuvihre\u00e4\" \/>\n<meta property=\"article:modified_time\" content=\"2026-03-01T20:25:08+00:00\" \/>\n<meta property=\"og:image\" content=\"https:\/\/pikkuvihrea.fi\/wp-content\/uploads\/2012\/07\/Inva-WC-tuoli-Uusi-1.jpg\" \/>\n\t<meta property=\"og:image:width\" content=\"900\" \/>\n\t<meta property=\"og:image:height\" content=\"900\" \/>\n\t<meta property=\"og:image:type\" content=\"image\/jpeg\" \/>\n<meta name=\"twitter:card\" content=\"summary_large_image\" \/>\n<meta name=\"twitter:label1\" content=\"Price\" \/>\n\t<meta name=\"twitter:data1\" content=\"149,00&nbsp;&euro;\" \/>\n\t<meta name=\"twitter:label2\" content=\"Availability\" \/>\n\t<meta name=\"twitter:data2\" content=\"In stock\" \/>\n<script type=\"application\/ld+json\" class=\"yoast-schema-graph\">{\"@context\":\"https:\\\/\\\/schema.org\",\"@graph\":[{\"@type\":\"WebPage\",\"@id\":\"https:\\\/\\\/pikkuvihrea.fi\\\/en\\\/product\\\/handicap-toilet-seat-foldable\\\/\",\"url\":\"https:\\\/\\\/pikkuvihrea.fi\\\/en\\\/product\\\/handicap-toilet-seat-foldable\\\/\",\"name\":\"Foldable toilet for handicapped Pikkuvihre\u00e4 web shop\",\"isPartOf\":{\"@id\":\"https:\\\/\\\/pikkuvihrea.fi\\\/en\\\/#website\"},\"primaryImageOfPage\":{\"@id\":\"https:\\\/\\\/pikkuvihrea.fi\\\/en\\\/product\\\/handicap-toilet-seat-foldable\\\/#primaryimage\"},\"image\":{\"@id\":\"https:\\\/\\\/pikkuvihrea.fi\\\/en\\\/product\\\/handicap-toilet-seat-foldable\\\/#primaryimage\"},\"thumbnailUrl\":\"https:\\\/\\\/pikkuvihrea.fi\\\/wp-content\\\/uploads\\\/2025\\\/03\\\/inva_wc_2025.jpg\",\"datePublished\":\"2012-07-09T21:00:00+00:00\",\"dateModified\":\"2026-03-01T20:25:08+00:00\",\"description\":\"Foldable, sturdy toilet for physically disabled people. It has theree use cases: a chamber pot, support aid in normal toilet and shower.\",\"breadcrumb\":{\"@id\":\"https:\\\/\\\/pikkuvihrea.fi\\\/en\\\/product\\\/handicap-toilet-seat-foldable\\\/#breadcrumb\"},\"inLanguage\":\"en-US\",\"potentialAction\":[{\"@type\":\"ReadAction\",\"target\":[\"https:\\\/\\\/pikkuvihrea.fi\\\/en\\\/product\\\/handicap-toilet-seat-foldable\\\/\"]}]},{\"@type\":\"ImageObject\",\"inLanguage\":\"en-US\",\"@id\":\"https:\\\/\\\/pikkuvihrea.fi\\\/en\\\/product\\\/handicap-toilet-seat-foldable\\\/#primaryimage\",\"url\":\"https:\\\/\\\/pikkuvihrea.fi\\\/wp-content\\\/uploads\\\/2025\\\/03\\\/inva_wc_2025.jpg\",\"contentUrl\":\"https:\\\/\\\/pikkuvihrea.fi\\\/wp-content\\\/uploads\\\/2025\\\/03\\\/inva_wc_2025.jpg\",\"width\":900,\"height\":900,\"caption\":\"Inva WC-tuoli kokoontaittuva \u2013 esteet\u00f6n ja turvallinen k\u00e4ym\u00e4l\u00e4ratkaisu\"},{\"@type\":\"BreadcrumbList\",\"@id\":\"https:\\\/\\\/pikkuvihrea.fi\\\/en\\\/product\\\/handicap-toilet-seat-foldable\\\/#breadcrumb\",\"itemListElement\":[{\"@type\":\"ListItem\",\"position\":1,\"name\":\"Etusivu\",\"item\":\"https:\\\/\\\/pikkuvihrea.fi\\\/en\\\/\"},{\"@type\":\"ListItem\",\"position\":2,\"name\":\"Shop\",\"item\":\"https:\\\/\\\/pikkuvihrea.fi\\\/en\\\/shop\\\/\"},{\"@type\":\"ListItem\",\"position\":3,\"name\":\"Handicap toilet seat foldable\"}]},{\"@type\":\"WebSite\",\"@id\":\"https:\\\/\\\/pikkuvihrea.fi\\\/en\\\/#website\",\"url\":\"https:\\\/\\\/pikkuvihrea.fi\\\/en\\\/\",\"name\":\"Pikkuvihre\u00e4\",\"description\":\"\",\"publisher\":{\"@id\":\"https:\\\/\\\/pikkuvihrea.fi\\\/en\\\/#organization\"},\"potentialAction\":[{\"@type\":\"SearchAction\",\"target\":{\"@type\":\"EntryPoint\",\"urlTemplate\":\"https:\\\/\\\/pikkuvihrea.fi\\\/en\\\/?s={search_term_string}\"},\"query-input\":{\"@type\":\"PropertyValueSpecification\",\"valueRequired\":true,\"valueName\":\"search_term_string\"}}],\"inLanguage\":\"en-US\"},{\"@type\":\"Organization\",\"@id\":\"https:\\\/\\\/pikkuvihrea.fi\\\/en\\\/#organization\",\"name\":\"Pikkuvihre\u00e4\",\"url\":\"https:\\\/\\\/pikkuvihrea.fi\\\/en\\\/\",\"logo\":{\"@type\":\"ImageObject\",\"inLanguage\":\"en-US\",\"@id\":\"https:\\\/\\\/pikkuvihrea.fi\\\/en\\\/#\\\/schema\\\/logo\\\/image\\\/\",\"url\":\"https:\\\/\\\/pikkuvihrea.fi\\\/wp-content\\\/uploads\\\/2020\\\/10\\\/pikkuvihrea_logo_rgb_trimmed.jpg\",\"contentUrl\":\"https:\\\/\\\/pikkuvihrea.fi\\\/wp-content\\\/uploads\\\/2020\\\/10\\\/pikkuvihrea_logo_rgb_trimmed.jpg\",\"width\":660,\"height\":100,\"caption\":\"Pikkuvihre\u00e4\"},\"image\":{\"@id\":\"https:\\\/\\\/pikkuvihrea.fi\\\/en\\\/#\\\/schema\\\/logo\\\/image\\\/\"}}]}<\/script>\n<meta property=\"product:brand\" content=\"Pikkuvihre\u00e4\" \/>\n<meta property=\"product:price:amount\" content=\"149.00\" \/>\n<meta property=\"product:price:currency\" content=\"EUR\" \/>\n<meta property=\"og:availability\" content=\"instock\" \/>\n<meta property=\"product:availability\" content=\"instock\" \/>\n<meta property=\"product:retailer_item_id\" content=\"TP135\" \/>\n<meta property=\"product:condition\" content=\"new\" \/>\n<!-- \/ Yoast SEO plugin. -->","yoast_head_json":{"title":"Foldable toilet for handicapped Pikkuvihre\u00e4 web shop","description":"Foldable, sturdy toilet for physically disabled people. It has theree use cases: a chamber pot, support aid in normal toilet and shower.","robots":{"index":"index","follow":"follow","max-snippet":"max-snippet:-1","max-image-preview":"max-image-preview:large","max-video-preview":"max-video-preview:-1"},"canonical":"https:\/\/pikkuvihrea.fi\/en\/product\/handicap-toilet-seat-foldable\/","og_locale":"en_US","og_type":"article","og_title":"Foldable toilet for handicapped Pikkuvihre\u00e4 web shop","og_description":"Foldable, sturdy toilet for physically disabled people. It has theree use cases: a chamber pot, support aid in normal toilet and shower.","og_url":"https:\/\/pikkuvihrea.fi\/en\/product\/handicap-toilet-seat-foldable\/","og_site_name":"Pikkuvihre\u00e4","article_modified_time":"2026-03-01T20:25:08+00:00","og_image":[{"width":900,"height":900,"url":"https:\/\/pikkuvihrea.fi\/wp-content\/uploads\/2012\/07\/Inva-WC-tuoli-Uusi-1.jpg","type":"image\/jpeg"}],"twitter_card":"summary_large_image","twitter_misc":{"Price":"149,00&nbsp;&euro;","Availability":"In stock"},"schema":{"@context":"https:\/\/schema.org","@graph":[{"@type":"WebPage","@id":"https:\/\/pikkuvihrea.fi\/en\/product\/handicap-toilet-seat-foldable\/","url":"https:\/\/pikkuvihrea.fi\/en\/product\/handicap-toilet-seat-foldable\/","name":"Foldable toilet for handicapped Pikkuvihre\u00e4 web shop","isPartOf":{"@id":"https:\/\/pikkuvihrea.fi\/en\/#website"},"primaryImageOfPage":{"@id":"https:\/\/pikkuvihrea.fi\/en\/product\/handicap-toilet-seat-foldable\/#primaryimage"},"image":{"@id":"https:\/\/pikkuvihrea.fi\/en\/product\/handicap-toilet-seat-foldable\/#primaryimage"},"thumbnailUrl":"https:\/\/pikkuvihrea.fi\/wp-content\/uploads\/2025\/03\/inva_wc_2025.jpg","datePublished":"2012-07-09T21:00:00+00:00","dateModified":"2026-03-01T20:25:08+00:00","description":"Foldable, sturdy toilet for physically disabled people. It has theree use cases: a chamber pot, support aid in normal toilet and shower.","breadcrumb":{"@id":"https:\/\/pikkuvihrea.fi\/en\/product\/handicap-toilet-seat-foldable\/#breadcrumb"},"inLanguage":"en-US","potentialAction":[{"@type":"ReadAction","target":["https:\/\/pikkuvihrea.fi\/en\/product\/handicap-toilet-seat-foldable\/"]}]},{"@type":"ImageObject","inLanguage":"en-US","@id":"https:\/\/pikkuvihrea.fi\/en\/product\/handicap-toilet-seat-foldable\/#primaryimage","url":"https:\/\/pikkuvihrea.fi\/wp-content\/uploads\/2025\/03\/inva_wc_2025.jpg","contentUrl":"https:\/\/pikkuvihrea.fi\/wp-content\/uploads\/2025\/03\/inva_wc_2025.jpg","width":900,"height":900,"caption":"Inva WC-tuoli kokoontaittuva \u2013 esteet\u00f6n ja turvallinen k\u00e4ym\u00e4l\u00e4ratkaisu"},{"@type":"BreadcrumbList","@id":"https:\/\/pikkuvihrea.fi\/en\/product\/handicap-toilet-seat-foldable\/#breadcrumb","itemListElement":[{"@type":"ListItem","position":1,"name":"Etusivu","item":"https:\/\/pikkuvihrea.fi\/en\/"},{"@type":"ListItem","position":2,"name":"Shop","item":"https:\/\/pikkuvihrea.fi\/en\/shop\/"},{"@type":"ListItem","position":3,"name":"Handicap toilet seat foldable"}]},{"@type":"WebSite","@id":"https:\/\/pikkuvihrea.fi\/en\/#website","url":"https:\/\/pikkuvihrea.fi\/en\/","name":"Pikkuvihre\u00e4","description":"","publisher":{"@id":"https:\/\/pikkuvihrea.fi\/en\/#organization"},"potentialAction":[{"@type":"SearchAction","target":{"@type":"EntryPoint","urlTemplate":"https:\/\/pikkuvihrea.fi\/en\/?s={search_term_string}"},"query-input":{"@type":"PropertyValueSpecification","valueRequired":true,"valueName":"search_term_string"}}],"inLanguage":"en-US"},{"@type":"Organization","@id":"https:\/\/pikkuvihrea.fi\/en\/#organization","name":"Pikkuvihre\u00e4","url":"https:\/\/pikkuvihrea.fi\/en\/","logo":{"@type":"ImageObject","inLanguage":"en-US","@id":"https:\/\/pikkuvihrea.fi\/en\/#\/schema\/logo\/image\/","url":"https:\/\/pikkuvihrea.fi\/wp-content\/uploads\/2020\/10\/pikkuvihrea_logo_rgb_trimmed.jpg","contentUrl":"https:\/\/pikkuvihrea.fi\/wp-content\/uploads\/2020\/10\/pikkuvihrea_logo_rgb_trimmed.jpg","width":660,"height":100,"caption":"Pikkuvihre\u00e4"},"image":{"@id":"https:\/\/pikkuvihrea.fi\/en\/#\/schema\/logo\/image\/"}}]},"product_brand":"Pikkuvihre\u00e4","product_price_amount":"149.00","product_price_currency":"EUR","og_availability":"instock","product_availability":"instock","product_retailer_item_id":"TP135","product_condition":"new"},"_links":{"self":[{"href":"https:\/\/pikkuvihrea.fi\/en\/wp-json\/wp\/v2\/product\/285","targetHints":{"allow":["GET"]}}],"collection":[{"href":"https:\/\/pikkuvihrea.fi\/en\/wp-json\/wp\/v2\/product"}],"about":[{"href":"https:\/\/pikkuvihrea.fi\/en\/wp-json\/wp\/v2\/types\/product"}],"replies":[{"embeddable":true,"href":"https:\/\/pikkuvihrea.fi\/en\/wp-json\/wp\/v2\/comments?post=285"}],"wp:featuredmedia":[{"embeddable":true,"href":"https:\/\/pikkuvihrea.fi\/en\/wp-json\/wp\/v2\/media\/35430"}],"wp:attachment":[{"href":"https:\/\/pikkuvihrea.fi\/en\/wp-json\/wp\/v2\/media?parent=285"}],"wp:term":[{"taxonomy":"product_brand","embeddable":true,"href":"https:\/\/pikkuvihrea.fi\/en\/wp-json\/wp\/v2\/product_brand?post=285"},{"taxonomy":"product_cat","embeddable":true,"href":"https:\/\/pikkuvihrea.fi\/en\/wp-json\/wp\/v2\/product_cat?post=285"},{"taxonomy":"product_tag","embeddable":true,"href":"https:\/\/pikkuvihrea.fi\/en\/wp-json\/wp\/v2\/product_tag?post=285"}],"curies":[{"name":"wp","href":"https:\/\/api.w.org\/{rel}","templated":true}]}}