{"id":25388,"date":"2024-01-22T16:37:42","date_gmt":"2024-01-22T14:37:42","guid":{"rendered":"https:\/\/pikkuvihrea.fi\/?post_type=product&#038;p=25388"},"modified":"2026-02-24T10:12:22","modified_gmt":"2026-02-24T08:12:22","slug":"pikkuvihrea-dry-toilet-fan-stepless-control","status":"publish","type":"product","link":"https:\/\/pikkuvihrea.fi\/en\/product\/pikkuvihrea-dry-toilet-fan-stepless-control\/","title":{"rendered":"Pikkuvihre\u00e4 dry toilet fan stepless control"},"content":{"rendered":"<p>Pikkuvihre\u00e4 duct fan is a handy accessory for all dry toilets. It comes with a stepless power regulator that allows you to adjust the suction power as needed. For instance, during heavy use, you can use the fan at its highest speed, and when you are away, you can set it to the lowest speed.<\/p>\n<div class=\"flex-1 overflow-hidden\">\n<div class=\"react-scroll-to-bottom--css-slmqz-79elbk h-full\">\n<div class=\"react-scroll-to-bottom--css-slmqz-1n7m0yu\">\n<div class=\"flex flex-col pb-9 text-sm\">\n<div class=\"w-full text-token-text-primary\" data-testid=\"conversation-turn-9\">\n<div class=\"px-4 py-2 justify-center text-base md:gap-6 m-auto\">\n<div class=\"flex flex-1 text-base mx-auto gap-3 md:px-5 lg:px-1 xl:px-5 md:max-w-3xl lg:max-w-[40rem] xl:max-w-[48rem] group final-completion\">\n<div class=\"relative flex w-full flex-col lg:w-[calc(100%-115px)] agent-turn\">\n<div class=\"flex-col gap-1 md:gap-3\">\n<div class=\"flex flex-grow flex-col max-w-full\">\n<div class=\"min-h-[20px] text-message flex flex-col items-start gap-3 whitespace-pre-wrap break-words [.text-message+&amp;]:mt-5 overflow-x-auto\" data-message-author-role=\"assistant\" data-message-id=\"c713ef86-17c6-4594-b191-92611000e7d5\">\n<div class=\"markdown prose w-full break-words dark:prose-invert light\">\n<p>The basic package is suitable for a 110 mm ventilation pipe, but an adapter pair for 75 mm ventilation pipes is available as an accessory. The fan can be installed in damp areas such as bathrooms.<\/p>\n<h3>Technical Specifications<\/h3>\n<ul>\n<li>Rated Voltage: DC 12V<\/li>\n<li>Operating Voltage: DC 6V-13.8V<\/li>\n<li>Startup Voltage: DC 6V (Power On\/Off at 25\u00b0C)<\/li>\n<li>Rated Current: 0.14A (Max: 0.16A)<\/li>\n<li>Rated input power: 1.68W (Max: 1.92W)<\/li>\n<li>Rated Speed: 2000RPM\u00b110% at rated voltage<\/li>\n<li>Protection: IP68<\/li>\n<li>Airflow: 170 m\u00b3\/h<\/li>\n<li>Noise Level: 30.3dB(A)<\/li>\n<li>Bearing Type: Two Ball Bearing<\/li>\n<li>Overvoltage Protection: Yes<\/li>\n<li>Warranty: 2 years<\/li>\n<li>Origin: China<\/li>\n<\/ul>\n<h3>Package Contents<\/h3>\n<ul>\n<li>Fan wall with mounting brackets (2 pieces), thee cord lengtht 190 cm<\/li>\n<li>Stepless power regulator<\/li>\n<li>Mounting screws<\/li>\n<\/ul>\n<p>For the proper functioning of dry toilets, one of the most important features is the correct operation of the ventilation. In this case, the airflow from the toilet should always be directed outward and carry any potential odors from the toilet out through the ventilation pipe. Especially in indoor installations, if possible, it is advisable to ensure ventilation with an electric fan.<\/p>\n<\/div>\n<\/div>\n<\/div>\n<\/div>\n<div class=\"absolute\">\n<div class=\"flex w-full gap-2 items-center justify-center\"><\/div>\n<\/div>\n<\/div>\n<\/div>\n<\/div>\n<\/div>\n<p>&nbsp;<\/p>\n<\/div>\n<\/div>\n<\/div>\n<\/div>\n<div class=\"w-full pt-2 md:pt-0 dark:border-white\/20 md:border-transparent md:dark:border-transparent md:w-[calc(100%-.5rem)]\">\n<form class=\"stretch mx-2 flex flex-row gap-3 last:mb-2 md:mx-4 md:last:mb-6 lg:mx-auto lg:max-w-2xl xl:max-w-3xl\">\n<div class=\"relative flex h-full flex-1 items-stretch md:flex-col\">\n<div class=\"flex w-full items-center\"><\/div>\n<\/div>\n<\/form>\n<\/div>\n","protected":false},"excerpt":{"rendered":"<p>A convenient accessory for all dry toilets to enhance ventilation. The stepless power adjustment is a useful feature for adjusting suction as needed.<\/p>\n<ul>\n<li>Included standard installation kit for 110 mm piping<\/li>\n<li>Adapter available as an accessory for 75 mm pipe<\/li>\n<\/ul>\n","protected":false},"featured_media":25244,"comment_status":"closed","ping_status":"closed","template":"","meta":{"_acf_changed":false},"product_brand":[],"product_cat":[1098],"product_tag":[],"class_list":{"0":"post-25388","1":"product","2":"type-product","3":"status-publish","4":"has-post-thumbnail","6":"product_cat-ventilators","7":"product_shipping_class-small-packages","9":"first","10":"instock","11":"taxable","12":"shipping-taxable","13":"purchasable","14":"product-type-variable","15":"has-default-attributes"},"bundled_by":["20571","22061","43770"],"bundle_stock_status":"instock","bundle_stock_quantity":null,"bundle_virtual":false,"bundle_layout":"","bundle_add_to_cart_form_location":"","bundle_editable_in_cart":false,"bundle_sold_individually_context":"","bundle_item_grouping":"","bundle_min_size":"","bundle_max_size":"","bundle_price":[],"bundled_items":[],"bundle_sell_ids":[],"acf":[],"gallery_images":[25415],"yoast_head":"<!-- This site is optimized with the Yoast SEO plugin v27.3 - https:\/\/yoast.com\/product\/yoast-seo-wordpress\/ -->\n<title>Pikkuvihre\u00e4 dry toilet fan stepless control - Pikkuvihre\u00e4<\/title>\n<meta name=\"description\" content=\"Pikkuvihre\u00e4 duct fan is a handy accessory for all dry toilets. It comes with a stepless power regulator that allows you to adjust the suction.\" \/>\n<meta name=\"robots\" content=\"index, follow, max-snippet:-1, max-image-preview:large, max-video-preview:-1\" \/>\n<link rel=\"canonical\" href=\"https:\/\/pikkuvihrea.fi\/en\/product\/pikkuvihrea-dry-toilet-fan-stepless-control\/\" \/>\n<meta property=\"og:locale\" content=\"en_US\" \/>\n<meta property=\"og:type\" content=\"article\" \/>\n<meta property=\"og:title\" content=\"Pikkuvihre\u00e4 dry toilet fan stepless control - Pikkuvihre\u00e4\" \/>\n<meta property=\"og:description\" content=\"Pikkuvihre\u00e4 duct fan is a handy accessory for all dry toilets. It comes with a stepless power regulator that allows you to adjust the suction.\" \/>\n<meta property=\"og:url\" content=\"https:\/\/pikkuvihrea.fi\/en\/product\/pikkuvihrea-dry-toilet-fan-stepless-control\/\" \/>\n<meta property=\"og:site_name\" content=\"Pikkuvihre\u00e4\" \/>\n<meta property=\"article:modified_time\" content=\"2026-02-24T08:12:22+00:00\" \/>\n<meta property=\"og:image\" content=\"https:\/\/pikkuvihrea.fi\/wp-content\/uploads\/2024\/01\/Pikkuvihrea-kanavatuuletin-portaattomalla-saadolla-1.jpg\" \/>\n\t<meta property=\"og:image:width\" content=\"1000\" \/>\n\t<meta property=\"og:image:height\" content=\"1000\" \/>\n\t<meta property=\"og:image:type\" content=\"image\/jpeg\" \/>\n<meta name=\"twitter:card\" content=\"summary_large_image\" \/>\n<meta name=\"twitter:label1\" content=\"Availability\" \/>\n\t<meta name=\"twitter:data1\" content=\"In stock\" \/>\n<script type=\"application\/ld+json\" class=\"yoast-schema-graph\">{\"@context\":\"https:\\\/\\\/schema.org\",\"@graph\":[{\"@type\":\"WebPage\",\"@id\":\"https:\\\/\\\/pikkuvihrea.fi\\\/en\\\/product\\\/pikkuvihrea-dry-toilet-fan-stepless-control\\\/\",\"url\":\"https:\\\/\\\/pikkuvihrea.fi\\\/en\\\/product\\\/pikkuvihrea-dry-toilet-fan-stepless-control\\\/\",\"name\":\"Pikkuvihre\u00e4 dry toilet fan stepless control - Pikkuvihre\u00e4\",\"isPartOf\":{\"@id\":\"https:\\\/\\\/pikkuvihrea.fi\\\/en\\\/#website\"},\"primaryImageOfPage\":{\"@id\":\"https:\\\/\\\/pikkuvihrea.fi\\\/en\\\/product\\\/pikkuvihrea-dry-toilet-fan-stepless-control\\\/#primaryimage\"},\"image\":{\"@id\":\"https:\\\/\\\/pikkuvihrea.fi\\\/en\\\/product\\\/pikkuvihrea-dry-toilet-fan-stepless-control\\\/#primaryimage\"},\"thumbnailUrl\":\"https:\\\/\\\/pikkuvihrea.fi\\\/wp-content\\\/uploads\\\/2024\\\/01\\\/Pikkuvihrea-kanavatuuletin-portaattomalla-saadolla-1.jpg\",\"datePublished\":\"2024-01-22T14:37:42+00:00\",\"dateModified\":\"2026-02-24T08:12:22+00:00\",\"description\":\"Pikkuvihre\u00e4 duct fan is a handy accessory for all dry toilets. It comes with a stepless power regulator that allows you to adjust the suction.\",\"breadcrumb\":{\"@id\":\"https:\\\/\\\/pikkuvihrea.fi\\\/en\\\/product\\\/pikkuvihrea-dry-toilet-fan-stepless-control\\\/#breadcrumb\"},\"inLanguage\":\"en-US\",\"potentialAction\":[{\"@type\":\"ReadAction\",\"target\":[\"https:\\\/\\\/pikkuvihrea.fi\\\/en\\\/product\\\/pikkuvihrea-dry-toilet-fan-stepless-control\\\/\"]}]},{\"@type\":\"ImageObject\",\"inLanguage\":\"en-US\",\"@id\":\"https:\\\/\\\/pikkuvihrea.fi\\\/en\\\/product\\\/pikkuvihrea-dry-toilet-fan-stepless-control\\\/#primaryimage\",\"url\":\"https:\\\/\\\/pikkuvihrea.fi\\\/wp-content\\\/uploads\\\/2024\\\/01\\\/Pikkuvihrea-kanavatuuletin-portaattomalla-saadolla-1.jpg\",\"contentUrl\":\"https:\\\/\\\/pikkuvihrea.fi\\\/wp-content\\\/uploads\\\/2024\\\/01\\\/Pikkuvihrea-kanavatuuletin-portaattomalla-saadolla-1.jpg\",\"width\":1000,\"height\":1000,\"caption\":\"Pikkuvihre\u00e4 kanavatuuletin portaattomalla s\u00e4\u00e4d\u00f6ll\u00e4 \u2013 hajunpoisto kuivak\u00e4ym\u00e4l\u00e4\u00e4n\"},{\"@type\":\"BreadcrumbList\",\"@id\":\"https:\\\/\\\/pikkuvihrea.fi\\\/en\\\/product\\\/pikkuvihrea-dry-toilet-fan-stepless-control\\\/#breadcrumb\",\"itemListElement\":[{\"@type\":\"ListItem\",\"position\":1,\"name\":\"Etusivu\",\"item\":\"https:\\\/\\\/pikkuvihrea.fi\\\/en\\\/\"},{\"@type\":\"ListItem\",\"position\":2,\"name\":\"Shop\",\"item\":\"https:\\\/\\\/pikkuvihrea.fi\\\/en\\\/shop\\\/\"},{\"@type\":\"ListItem\",\"position\":3,\"name\":\"Pikkuvihre\u00e4 dry toilet fan stepless control\"}]},{\"@type\":\"WebSite\",\"@id\":\"https:\\\/\\\/pikkuvihrea.fi\\\/en\\\/#website\",\"url\":\"https:\\\/\\\/pikkuvihrea.fi\\\/en\\\/\",\"name\":\"Pikkuvihre\u00e4\",\"description\":\"\",\"publisher\":{\"@id\":\"https:\\\/\\\/pikkuvihrea.fi\\\/en\\\/#organization\"},\"potentialAction\":[{\"@type\":\"SearchAction\",\"target\":{\"@type\":\"EntryPoint\",\"urlTemplate\":\"https:\\\/\\\/pikkuvihrea.fi\\\/en\\\/?s={search_term_string}\"},\"query-input\":{\"@type\":\"PropertyValueSpecification\",\"valueRequired\":true,\"valueName\":\"search_term_string\"}}],\"inLanguage\":\"en-US\"},{\"@type\":\"Organization\",\"@id\":\"https:\\\/\\\/pikkuvihrea.fi\\\/en\\\/#organization\",\"name\":\"Pikkuvihre\u00e4\",\"url\":\"https:\\\/\\\/pikkuvihrea.fi\\\/en\\\/\",\"logo\":{\"@type\":\"ImageObject\",\"inLanguage\":\"en-US\",\"@id\":\"https:\\\/\\\/pikkuvihrea.fi\\\/en\\\/#\\\/schema\\\/logo\\\/image\\\/\",\"url\":\"https:\\\/\\\/pikkuvihrea.fi\\\/wp-content\\\/uploads\\\/2020\\\/10\\\/pikkuvihrea_logo_rgb_trimmed.jpg\",\"contentUrl\":\"https:\\\/\\\/pikkuvihrea.fi\\\/wp-content\\\/uploads\\\/2020\\\/10\\\/pikkuvihrea_logo_rgb_trimmed.jpg\",\"width\":660,\"height\":100,\"caption\":\"Pikkuvihre\u00e4\"},\"image\":{\"@id\":\"https:\\\/\\\/pikkuvihrea.fi\\\/en\\\/#\\\/schema\\\/logo\\\/image\\\/\"}}]}<\/script>\n<meta property=\"og:availability\" content=\"instock\" \/>\n<meta property=\"product:availability\" content=\"instock\" \/>\n<meta property=\"product:condition\" content=\"new\" \/>\n<!-- \/ Yoast SEO plugin. -->","yoast_head_json":{"title":"Pikkuvihre\u00e4 dry toilet fan stepless control - Pikkuvihre\u00e4","description":"Pikkuvihre\u00e4 duct fan is a handy accessory for all dry toilets. It comes with a stepless power regulator that allows you to adjust the suction.","robots":{"index":"index","follow":"follow","max-snippet":"max-snippet:-1","max-image-preview":"max-image-preview:large","max-video-preview":"max-video-preview:-1"},"canonical":"https:\/\/pikkuvihrea.fi\/en\/product\/pikkuvihrea-dry-toilet-fan-stepless-control\/","og_locale":"en_US","og_type":"article","og_title":"Pikkuvihre\u00e4 dry toilet fan stepless control - Pikkuvihre\u00e4","og_description":"Pikkuvihre\u00e4 duct fan is a handy accessory for all dry toilets. It comes with a stepless power regulator that allows you to adjust the suction.","og_url":"https:\/\/pikkuvihrea.fi\/en\/product\/pikkuvihrea-dry-toilet-fan-stepless-control\/","og_site_name":"Pikkuvihre\u00e4","article_modified_time":"2026-02-24T08:12:22+00:00","og_image":[{"width":1000,"height":1000,"url":"https:\/\/pikkuvihrea.fi\/wp-content\/uploads\/2024\/01\/Pikkuvihrea-kanavatuuletin-portaattomalla-saadolla-1.jpg","type":"image\/jpeg"}],"twitter_card":"summary_large_image","twitter_misc":{"Availability":"In stock"},"schema":{"@context":"https:\/\/schema.org","@graph":[{"@type":"WebPage","@id":"https:\/\/pikkuvihrea.fi\/en\/product\/pikkuvihrea-dry-toilet-fan-stepless-control\/","url":"https:\/\/pikkuvihrea.fi\/en\/product\/pikkuvihrea-dry-toilet-fan-stepless-control\/","name":"Pikkuvihre\u00e4 dry toilet fan stepless control - Pikkuvihre\u00e4","isPartOf":{"@id":"https:\/\/pikkuvihrea.fi\/en\/#website"},"primaryImageOfPage":{"@id":"https:\/\/pikkuvihrea.fi\/en\/product\/pikkuvihrea-dry-toilet-fan-stepless-control\/#primaryimage"},"image":{"@id":"https:\/\/pikkuvihrea.fi\/en\/product\/pikkuvihrea-dry-toilet-fan-stepless-control\/#primaryimage"},"thumbnailUrl":"https:\/\/pikkuvihrea.fi\/wp-content\/uploads\/2024\/01\/Pikkuvihrea-kanavatuuletin-portaattomalla-saadolla-1.jpg","datePublished":"2024-01-22T14:37:42+00:00","dateModified":"2026-02-24T08:12:22+00:00","description":"Pikkuvihre\u00e4 duct fan is a handy accessory for all dry toilets. It comes with a stepless power regulator that allows you to adjust the suction.","breadcrumb":{"@id":"https:\/\/pikkuvihrea.fi\/en\/product\/pikkuvihrea-dry-toilet-fan-stepless-control\/#breadcrumb"},"inLanguage":"en-US","potentialAction":[{"@type":"ReadAction","target":["https:\/\/pikkuvihrea.fi\/en\/product\/pikkuvihrea-dry-toilet-fan-stepless-control\/"]}]},{"@type":"ImageObject","inLanguage":"en-US","@id":"https:\/\/pikkuvihrea.fi\/en\/product\/pikkuvihrea-dry-toilet-fan-stepless-control\/#primaryimage","url":"https:\/\/pikkuvihrea.fi\/wp-content\/uploads\/2024\/01\/Pikkuvihrea-kanavatuuletin-portaattomalla-saadolla-1.jpg","contentUrl":"https:\/\/pikkuvihrea.fi\/wp-content\/uploads\/2024\/01\/Pikkuvihrea-kanavatuuletin-portaattomalla-saadolla-1.jpg","width":1000,"height":1000,"caption":"Pikkuvihre\u00e4 kanavatuuletin portaattomalla s\u00e4\u00e4d\u00f6ll\u00e4 \u2013 hajunpoisto kuivak\u00e4ym\u00e4l\u00e4\u00e4n"},{"@type":"BreadcrumbList","@id":"https:\/\/pikkuvihrea.fi\/en\/product\/pikkuvihrea-dry-toilet-fan-stepless-control\/#breadcrumb","itemListElement":[{"@type":"ListItem","position":1,"name":"Etusivu","item":"https:\/\/pikkuvihrea.fi\/en\/"},{"@type":"ListItem","position":2,"name":"Shop","item":"https:\/\/pikkuvihrea.fi\/en\/shop\/"},{"@type":"ListItem","position":3,"name":"Pikkuvihre\u00e4 dry toilet fan stepless control"}]},{"@type":"WebSite","@id":"https:\/\/pikkuvihrea.fi\/en\/#website","url":"https:\/\/pikkuvihrea.fi\/en\/","name":"Pikkuvihre\u00e4","description":"","publisher":{"@id":"https:\/\/pikkuvihrea.fi\/en\/#organization"},"potentialAction":[{"@type":"SearchAction","target":{"@type":"EntryPoint","urlTemplate":"https:\/\/pikkuvihrea.fi\/en\/?s={search_term_string}"},"query-input":{"@type":"PropertyValueSpecification","valueRequired":true,"valueName":"search_term_string"}}],"inLanguage":"en-US"},{"@type":"Organization","@id":"https:\/\/pikkuvihrea.fi\/en\/#organization","name":"Pikkuvihre\u00e4","url":"https:\/\/pikkuvihrea.fi\/en\/","logo":{"@type":"ImageObject","inLanguage":"en-US","@id":"https:\/\/pikkuvihrea.fi\/en\/#\/schema\/logo\/image\/","url":"https:\/\/pikkuvihrea.fi\/wp-content\/uploads\/2020\/10\/pikkuvihrea_logo_rgb_trimmed.jpg","contentUrl":"https:\/\/pikkuvihrea.fi\/wp-content\/uploads\/2020\/10\/pikkuvihrea_logo_rgb_trimmed.jpg","width":660,"height":100,"caption":"Pikkuvihre\u00e4"},"image":{"@id":"https:\/\/pikkuvihrea.fi\/en\/#\/schema\/logo\/image\/"}}]},"og_availability":"instock","product_availability":"instock","product_condition":"new"},"_links":{"self":[{"href":"https:\/\/pikkuvihrea.fi\/en\/wp-json\/wp\/v2\/product\/25388","targetHints":{"allow":["GET"]}}],"collection":[{"href":"https:\/\/pikkuvihrea.fi\/en\/wp-json\/wp\/v2\/product"}],"about":[{"href":"https:\/\/pikkuvihrea.fi\/en\/wp-json\/wp\/v2\/types\/product"}],"replies":[{"embeddable":true,"href":"https:\/\/pikkuvihrea.fi\/en\/wp-json\/wp\/v2\/comments?post=25388"}],"wp:featuredmedia":[{"embeddable":true,"href":"https:\/\/pikkuvihrea.fi\/en\/wp-json\/wp\/v2\/media\/25244"}],"wp:attachment":[{"href":"https:\/\/pikkuvihrea.fi\/en\/wp-json\/wp\/v2\/media?parent=25388"}],"wp:term":[{"taxonomy":"product_brand","embeddable":true,"href":"https:\/\/pikkuvihrea.fi\/en\/wp-json\/wp\/v2\/product_brand?post=25388"},{"taxonomy":"product_cat","embeddable":true,"href":"https:\/\/pikkuvihrea.fi\/en\/wp-json\/wp\/v2\/product_cat?post=25388"},{"taxonomy":"product_tag","embeddable":true,"href":"https:\/\/pikkuvihrea.fi\/en\/wp-json\/wp\/v2\/product_tag?post=25388"}],"curies":[{"name":"wp","href":"https:\/\/api.w.org\/{rel}","templated":true}]}}