{"id":219,"date":"2012-07-10T00:00:00","date_gmt":"2012-07-09T21:00:00","guid":{"rendered":"https:\/\/pikkuvihrea.fi\/tuote\/green-toilet-330-spare-container\/"},"modified":"2026-04-29T12:24:44","modified_gmt":"2026-04-29T09:24:44","slug":"green-toilet-330-spare-container","status":"publish","type":"product","link":"https:\/\/pikkuvihrea.fi\/en\/product\/green-toilet-330-spare-container\/","title":{"rendered":"Green Toilet 330 spare container"},"content":{"rendered":"<p>Green Toilet 330 spare container is an accessory to <a href=\"https:\/\/pikkuvihrea.fi\/en\/product\/green-toilet-330-composting-toilet\/\" target=\"_blank\" rel=\"noopener\">Green Toilet composting toilet<\/a>. In family use, usually one spare container is enough. When there are more users, more containers can be added to the system.\u00a0 Thus, Green Toilet system has unlimited capacity and is therefore suitable for eg. in touristic sites and public dry toilets.<\/p>\n<p>With the help of the spare container you need not to handle any raw toilet waste or shovel the compost.<\/p>\n<h3>HOW DOES BATCH COMPOSTING WORK<\/h3>\n<p>When the Green Toilet that has been in use gets full, it is pulled out and the spare container closed lid is put on it. The full container can be left to decompose. The spare container base is covered with dry material with a layer of approx. 10 cm. The lid with the waste shaft is put on the empty spare container and it is ready to be taken into use in the toilet.<\/p>\n<p>There is a ventilation hat on the spare container lid to aerate the compost mass. The wheels are changed to the container being moved.<\/p>\n<p>Toilet waste decomposes fully in 6-12 months depending on the climate. The full spare container should be stored on a sunny side of the yard to get boost to the process from the sun. Also, it is a good idea to work the mass with a digging fork a few times during the storage. A full Green Toilet can be let to freeze &#8211; there is no harm caused.<\/p>\n<p>You can purchase the whole system: the Green Toilet with a spare container in <a href=\"https:\/\/pikkuvihrea.fi\/en\/product\/green-toilet-330-composting-toilet-2\/\" target=\"_blank\" rel=\"noopener noreferrer\">one package<\/a>.<\/p>\n<p>Learn more about batch composting: <a href=\"https:\/\/youtu.be\/wF202zI2P2w\" target=\"_blank\" rel=\"noopener\">Green Toilet presentation<\/a>.<\/p>\n<h3>TECHNICAL INFORMATION<\/h3>\n<ul>\n<li>Height 920 mm<\/li>\n<li>Width 660 mm<\/li>\n<li>Depth 820 cm<\/li>\n<li>Volume 330 l<\/li>\n<li>Weight: 17 kg<\/li>\n<li>package content: Green Toilet 330 container with double base, ventilation hat, bag of dry material<\/li>\n<\/ul>\n<h3>MATERIAL OF GREEN TOILET CONTAINER<\/h3>\n<p>The colour and material of our Green Toilet products (GT 120, GT 330 and GT Lux) are being updated in May 2026. We are transitioning from dark green plastic granulate to <strong>black recycled material \u2013 a durable, high-quality and environmentally responsible choice.<\/strong> The change affects the product\u2019s appearance only \u2013 dimensions, functionality, quality and pricing remain completely unchanged. The timeless black colour suits a wide range of environments, making these products an even more versatile option.<\/p>\n","protected":false},"excerpt":{"rendered":"<p>Spare container for Green Toilet 330 dry toilet. Using the spare container, the service of the toilet becomes easy, fast and clean. The waste turns into ready mulch in the spare container.<\/p>\n<ul>\n<li>service the toilet in minutes<\/li>\n<li>endless capacity<\/li>\n<li>easy and clean maintenance<\/li>\n<li>excellent composting result<\/li>\n<\/ul>\n<p>Green Toilet GT 120, GT 330 and GT Lux are now manufactured in <strong>black recycled material<\/strong> \u2013 dimensions, functionality and pricing remain completely unchanged.<\/p>\n","protected":false},"featured_media":45639,"comment_status":"closed","ping_status":"closed","template":"","meta":{"_acf_changed":false},"product_brand":[],"product_cat":[745,1054,1369],"product_tag":[],"class_list":{"0":"post-219","1":"product","2":"type-product","3":"status-publish","4":"has-post-thumbnail","6":"product_cat-composting-toilets","7":"product_cat-dry-toilets","8":"product_cat-public-use-dry-toilets","9":"product_shipping_class-oversized-packages","11":"first","12":"instock","13":"taxable","14":"shipping-taxable","15":"purchasable","16":"product-type-bundle"},"bundled_by":[],"bundle_stock_status":"instock","bundle_stock_quantity":"","bundle_virtual":false,"bundle_layout":"default","bundle_add_to_cart_form_location":"default","bundle_editable_in_cart":false,"bundle_sold_individually_context":"product","bundle_item_grouping":"noindent","bundle_min_size":"","bundle_max_size":"","bundle_price":{"price":{"min":{"incl_tax":"439.00","excl_tax":"349.80"},"max":{"incl_tax":"484","excl_tax":"385.66"}},"regular_price":{"min":{"incl_tax":"439.00","excl_tax":"349.80"},"max":{"incl_tax":"484","excl_tax":"385.66"}}},"bundled_items":[{"bundled_item_id":73,"product_id":12055,"menu_order":0,"quantity_min":1,"quantity_max":1,"quantity_default":1,"priced_individually":true,"shipped_individually":false,"override_title":true,"title":"Wheels for spare container","override_description":false,"description":"Wheels for Green Toilet Spare Container","optional":true,"hide_thumbnail":false,"discount":"","override_variations":true,"allowed_variations":[12056],"override_default_variation_attributes":true,"default_variation_attributes":[{"id":27,"name":"Valitse renkaiden yhteensopivuus","option":"gt-330-wheels"}],"single_product_visibility":"visible","cart_visibility":"visible","order_visibility":"visible","single_product_price_visibility":"visible","cart_price_visibility":"visible","order_price_visibility":"visible","stock_status":"in_stock"}],"bundle_sell_ids":[],"acf":[],"gallery_images":[32154,45651,45627,45647],"yoast_head":"<!-- This site is optimized with the Yoast SEO plugin v27.5 - https:\/\/yoast.com\/product\/yoast-seo-wordpress\/ -->\n<title>Green Toilet 330 spare container composting toilet<\/title>\n<meta name=\"description\" content=\"Green Toilet 330 is a composting toilet that uses spare containers. No shoveling, the service can be done in minutes. Read more!\" \/>\n<meta name=\"robots\" content=\"index, follow, max-snippet:-1, max-image-preview:large, max-video-preview:-1\" \/>\n<link rel=\"canonical\" href=\"https:\/\/pikkuvihrea.fi\/en\/product\/green-toilet-330-spare-container\/\" \/>\n<meta property=\"og:locale\" content=\"en_US\" \/>\n<meta property=\"og:type\" content=\"article\" \/>\n<meta property=\"og:title\" content=\"Green Toilet 330 spare container composting toilet\" \/>\n<meta property=\"og:description\" content=\"Green Toilet 330 is a composting toilet that uses spare containers. No shoveling, the service can be done in minutes. Read more!\" \/>\n<meta property=\"og:url\" content=\"https:\/\/pikkuvihrea.fi\/en\/product\/green-toilet-330-spare-container\/\" \/>\n<meta property=\"og:site_name\" content=\"Pikkuvihre\u00e4\" \/>\n<meta property=\"article:modified_time\" content=\"2026-04-29T09:24:44+00:00\" \/>\n<meta property=\"og:image\" content=\"https:\/\/pikkuvihrea.fi\/wp-content\/uploads\/2012\/07\/Green-Toilet-330-vaihtosailio-MUSTA.png\" \/>\n\t<meta property=\"og:image:width\" content=\"1024\" \/>\n\t<meta property=\"og:image:height\" content=\"1024\" \/>\n\t<meta property=\"og:image:type\" content=\"image\/png\" \/>\n<meta name=\"twitter:card\" content=\"summary_large_image\" \/>\n<meta name=\"twitter:label1\" content=\"Price\" \/>\n\t<meta name=\"twitter:data1\" content=\"439,00&nbsp;&euro;\" \/>\n\t<meta name=\"twitter:label2\" content=\"Availability\" \/>\n\t<meta name=\"twitter:data2\" content=\"In stock\" \/>\n<script type=\"application\/ld+json\" class=\"yoast-schema-graph\">{\"@context\":\"https:\\\/\\\/schema.org\",\"@graph\":[{\"@type\":\"WebPage\",\"@id\":\"https:\\\/\\\/pikkuvihrea.fi\\\/en\\\/product\\\/green-toilet-330-spare-container\\\/\",\"url\":\"https:\\\/\\\/pikkuvihrea.fi\\\/en\\\/product\\\/green-toilet-330-spare-container\\\/\",\"name\":\"Green Toilet 330 spare container composting toilet\",\"isPartOf\":{\"@id\":\"https:\\\/\\\/pikkuvihrea.fi\\\/en\\\/#website\"},\"primaryImageOfPage\":{\"@id\":\"https:\\\/\\\/pikkuvihrea.fi\\\/en\\\/product\\\/green-toilet-330-spare-container\\\/#primaryimage\"},\"image\":{\"@id\":\"https:\\\/\\\/pikkuvihrea.fi\\\/en\\\/product\\\/green-toilet-330-spare-container\\\/#primaryimage\"},\"thumbnailUrl\":\"https:\\\/\\\/pikkuvihrea.fi\\\/wp-content\\\/uploads\\\/2012\\\/07\\\/Green-Toilet-330-vaihtosailio-MUSTA.png\",\"datePublished\":\"2012-07-09T21:00:00+00:00\",\"dateModified\":\"2026-04-29T09:24:44+00:00\",\"description\":\"Green Toilet 330 is a composting toilet that uses spare containers. No shoveling, the service can be done in minutes. Read more!\",\"breadcrumb\":{\"@id\":\"https:\\\/\\\/pikkuvihrea.fi\\\/en\\\/product\\\/green-toilet-330-spare-container\\\/#breadcrumb\"},\"inLanguage\":\"en-US\",\"potentialAction\":[{\"@type\":\"ReadAction\",\"target\":[\"https:\\\/\\\/pikkuvihrea.fi\\\/en\\\/product\\\/green-toilet-330-spare-container\\\/\"]}]},{\"@type\":\"ImageObject\",\"inLanguage\":\"en-US\",\"@id\":\"https:\\\/\\\/pikkuvihrea.fi\\\/en\\\/product\\\/green-toilet-330-spare-container\\\/#primaryimage\",\"url\":\"https:\\\/\\\/pikkuvihrea.fi\\\/wp-content\\\/uploads\\\/2012\\\/07\\\/Green-Toilet-330-vaihtosailio-MUSTA.png\",\"contentUrl\":\"https:\\\/\\\/pikkuvihrea.fi\\\/wp-content\\\/uploads\\\/2012\\\/07\\\/Green-Toilet-330-vaihtosailio-MUSTA.png\",\"width\":1024,\"height\":1024,\"caption\":\"Green Toilet 330 vaihtos\u00e4ili\u00f6 kierr\u00e4ysmateriaali musta\"},{\"@type\":\"BreadcrumbList\",\"@id\":\"https:\\\/\\\/pikkuvihrea.fi\\\/en\\\/product\\\/green-toilet-330-spare-container\\\/#breadcrumb\",\"itemListElement\":[{\"@type\":\"ListItem\",\"position\":1,\"name\":\"Etusivu\",\"item\":\"https:\\\/\\\/pikkuvihrea.fi\\\/en\\\/\"},{\"@type\":\"ListItem\",\"position\":2,\"name\":\"Shop\",\"item\":\"https:\\\/\\\/pikkuvihrea.fi\\\/en\\\/shop\\\/\"},{\"@type\":\"ListItem\",\"position\":3,\"name\":\"Green Toilet 330 spare container\"}]},{\"@type\":\"WebSite\",\"@id\":\"https:\\\/\\\/pikkuvihrea.fi\\\/en\\\/#website\",\"url\":\"https:\\\/\\\/pikkuvihrea.fi\\\/en\\\/\",\"name\":\"Pikkuvihre\u00e4\",\"description\":\"\",\"publisher\":{\"@id\":\"https:\\\/\\\/pikkuvihrea.fi\\\/en\\\/#organization\"},\"potentialAction\":[{\"@type\":\"SearchAction\",\"target\":{\"@type\":\"EntryPoint\",\"urlTemplate\":\"https:\\\/\\\/pikkuvihrea.fi\\\/en\\\/?s={search_term_string}\"},\"query-input\":{\"@type\":\"PropertyValueSpecification\",\"valueRequired\":true,\"valueName\":\"search_term_string\"}}],\"inLanguage\":\"en-US\"},{\"@type\":\"Organization\",\"@id\":\"https:\\\/\\\/pikkuvihrea.fi\\\/en\\\/#organization\",\"name\":\"Pikkuvihre\u00e4\",\"url\":\"https:\\\/\\\/pikkuvihrea.fi\\\/en\\\/\",\"logo\":{\"@type\":\"ImageObject\",\"inLanguage\":\"en-US\",\"@id\":\"https:\\\/\\\/pikkuvihrea.fi\\\/en\\\/#\\\/schema\\\/logo\\\/image\\\/\",\"url\":\"https:\\\/\\\/pikkuvihrea.fi\\\/wp-content\\\/uploads\\\/2020\\\/10\\\/pikkuvihrea_logo_rgb_trimmed.jpg\",\"contentUrl\":\"https:\\\/\\\/pikkuvihrea.fi\\\/wp-content\\\/uploads\\\/2020\\\/10\\\/pikkuvihrea_logo_rgb_trimmed.jpg\",\"width\":660,\"height\":100,\"caption\":\"Pikkuvihre\u00e4\"},\"image\":{\"@id\":\"https:\\\/\\\/pikkuvihrea.fi\\\/en\\\/#\\\/schema\\\/logo\\\/image\\\/\"}}]}<\/script>\n<meta property=\"product:brand\" content=\"Green Toilet\" \/>\n<meta property=\"product:price:amount\" content=\"439.00\" \/>\n<meta property=\"product:price:currency\" content=\"EUR\" \/>\n<meta property=\"og:availability\" content=\"instock\" \/>\n<meta property=\"product:availability\" content=\"instock\" \/>\n<meta property=\"product:retailer_item_id\" content=\"6430069510013\" \/>\n<meta property=\"product:condition\" content=\"new\" \/>\n<!-- \/ Yoast SEO plugin. -->","yoast_head_json":{"title":"Green Toilet 330 spare container composting toilet","description":"Green Toilet 330 is a composting toilet that uses spare containers. No shoveling, the service can be done in minutes. Read more!","robots":{"index":"index","follow":"follow","max-snippet":"max-snippet:-1","max-image-preview":"max-image-preview:large","max-video-preview":"max-video-preview:-1"},"canonical":"https:\/\/pikkuvihrea.fi\/en\/product\/green-toilet-330-spare-container\/","og_locale":"en_US","og_type":"article","og_title":"Green Toilet 330 spare container composting toilet","og_description":"Green Toilet 330 is a composting toilet that uses spare containers. No shoveling, the service can be done in minutes. Read more!","og_url":"https:\/\/pikkuvihrea.fi\/en\/product\/green-toilet-330-spare-container\/","og_site_name":"Pikkuvihre\u00e4","article_modified_time":"2026-04-29T09:24:44+00:00","og_image":[{"width":1024,"height":1024,"url":"https:\/\/pikkuvihrea.fi\/wp-content\/uploads\/2012\/07\/Green-Toilet-330-vaihtosailio-MUSTA.png","type":"image\/png"}],"twitter_card":"summary_large_image","twitter_misc":{"Price":"439,00&nbsp;&euro;","Availability":"In stock"},"schema":{"@context":"https:\/\/schema.org","@graph":[{"@type":"WebPage","@id":"https:\/\/pikkuvihrea.fi\/en\/product\/green-toilet-330-spare-container\/","url":"https:\/\/pikkuvihrea.fi\/en\/product\/green-toilet-330-spare-container\/","name":"Green Toilet 330 spare container composting toilet","isPartOf":{"@id":"https:\/\/pikkuvihrea.fi\/en\/#website"},"primaryImageOfPage":{"@id":"https:\/\/pikkuvihrea.fi\/en\/product\/green-toilet-330-spare-container\/#primaryimage"},"image":{"@id":"https:\/\/pikkuvihrea.fi\/en\/product\/green-toilet-330-spare-container\/#primaryimage"},"thumbnailUrl":"https:\/\/pikkuvihrea.fi\/wp-content\/uploads\/2012\/07\/Green-Toilet-330-vaihtosailio-MUSTA.png","datePublished":"2012-07-09T21:00:00+00:00","dateModified":"2026-04-29T09:24:44+00:00","description":"Green Toilet 330 is a composting toilet that uses spare containers. No shoveling, the service can be done in minutes. Read more!","breadcrumb":{"@id":"https:\/\/pikkuvihrea.fi\/en\/product\/green-toilet-330-spare-container\/#breadcrumb"},"inLanguage":"en-US","potentialAction":[{"@type":"ReadAction","target":["https:\/\/pikkuvihrea.fi\/en\/product\/green-toilet-330-spare-container\/"]}]},{"@type":"ImageObject","inLanguage":"en-US","@id":"https:\/\/pikkuvihrea.fi\/en\/product\/green-toilet-330-spare-container\/#primaryimage","url":"https:\/\/pikkuvihrea.fi\/wp-content\/uploads\/2012\/07\/Green-Toilet-330-vaihtosailio-MUSTA.png","contentUrl":"https:\/\/pikkuvihrea.fi\/wp-content\/uploads\/2012\/07\/Green-Toilet-330-vaihtosailio-MUSTA.png","width":1024,"height":1024,"caption":"Green Toilet 330 vaihtos\u00e4ili\u00f6 kierr\u00e4ysmateriaali musta"},{"@type":"BreadcrumbList","@id":"https:\/\/pikkuvihrea.fi\/en\/product\/green-toilet-330-spare-container\/#breadcrumb","itemListElement":[{"@type":"ListItem","position":1,"name":"Etusivu","item":"https:\/\/pikkuvihrea.fi\/en\/"},{"@type":"ListItem","position":2,"name":"Shop","item":"https:\/\/pikkuvihrea.fi\/en\/shop\/"},{"@type":"ListItem","position":3,"name":"Green Toilet 330 spare container"}]},{"@type":"WebSite","@id":"https:\/\/pikkuvihrea.fi\/en\/#website","url":"https:\/\/pikkuvihrea.fi\/en\/","name":"Pikkuvihre\u00e4","description":"","publisher":{"@id":"https:\/\/pikkuvihrea.fi\/en\/#organization"},"potentialAction":[{"@type":"SearchAction","target":{"@type":"EntryPoint","urlTemplate":"https:\/\/pikkuvihrea.fi\/en\/?s={search_term_string}"},"query-input":{"@type":"PropertyValueSpecification","valueRequired":true,"valueName":"search_term_string"}}],"inLanguage":"en-US"},{"@type":"Organization","@id":"https:\/\/pikkuvihrea.fi\/en\/#organization","name":"Pikkuvihre\u00e4","url":"https:\/\/pikkuvihrea.fi\/en\/","logo":{"@type":"ImageObject","inLanguage":"en-US","@id":"https:\/\/pikkuvihrea.fi\/en\/#\/schema\/logo\/image\/","url":"https:\/\/pikkuvihrea.fi\/wp-content\/uploads\/2020\/10\/pikkuvihrea_logo_rgb_trimmed.jpg","contentUrl":"https:\/\/pikkuvihrea.fi\/wp-content\/uploads\/2020\/10\/pikkuvihrea_logo_rgb_trimmed.jpg","width":660,"height":100,"caption":"Pikkuvihre\u00e4"},"image":{"@id":"https:\/\/pikkuvihrea.fi\/en\/#\/schema\/logo\/image\/"}}]},"product_brand":"Green Toilet","product_price_amount":"439.00","product_price_currency":"EUR","og_availability":"instock","product_availability":"instock","product_retailer_item_id":"6430069510013","product_condition":"new"},"_links":{"self":[{"href":"https:\/\/pikkuvihrea.fi\/en\/wp-json\/wp\/v2\/product\/219","targetHints":{"allow":["GET"]}}],"collection":[{"href":"https:\/\/pikkuvihrea.fi\/en\/wp-json\/wp\/v2\/product"}],"about":[{"href":"https:\/\/pikkuvihrea.fi\/en\/wp-json\/wp\/v2\/types\/product"}],"replies":[{"embeddable":true,"href":"https:\/\/pikkuvihrea.fi\/en\/wp-json\/wp\/v2\/comments?post=219"}],"wp:featuredmedia":[{"embeddable":true,"href":"https:\/\/pikkuvihrea.fi\/en\/wp-json\/wp\/v2\/media\/45639"}],"wp:attachment":[{"href":"https:\/\/pikkuvihrea.fi\/en\/wp-json\/wp\/v2\/media?parent=219"}],"wp:term":[{"taxonomy":"product_brand","embeddable":true,"href":"https:\/\/pikkuvihrea.fi\/en\/wp-json\/wp\/v2\/product_brand?post=219"},{"taxonomy":"product_cat","embeddable":true,"href":"https:\/\/pikkuvihrea.fi\/en\/wp-json\/wp\/v2\/product_cat?post=219"},{"taxonomy":"product_tag","embeddable":true,"href":"https:\/\/pikkuvihrea.fi\/en\/wp-json\/wp\/v2\/product_tag?post=219"}],"curies":[{"name":"wp","href":"https:\/\/api.w.org\/{rel}","templated":true}]}}