{"id":2099,"date":"2020-05-19T13:44:10","date_gmt":"2020-05-19T10:44:10","guid":{"rendered":"https:\/\/pikkuvihrea.fi\/tuote\/spare-part-pikkula-chamber-pot-seat-ring\/"},"modified":"2026-03-02T19:59:33","modified_gmt":"2026-03-02T17:59:33","slug":"spare-part-pikkula-chamber-pot-seat-ring","status":"publish","type":"product","link":"https:\/\/pikkuvihrea.fi\/en\/product\/spare-part-pikkula-chamber-pot-seat-ring\/","title":{"rendered":"Pikkula Chamber Pot Seat"},"content":{"rendered":"<p>Suitable seat for Pikkuvihre\u00e4 chamber pots: Pikkula and Ekopikkula.<\/p>\n<p>Color: White<\/p>\n<p>Made in Sweden<\/p>\n","protected":false},"excerpt":{"rendered":"<p>Seat with a lid for Ekopikkula and Pikkula chamber pots.<\/p>\n","protected":false},"featured_media":35438,"comment_status":"closed","ping_status":"closed","template":"","meta":{"_acf_changed":false},"product_brand":[],"product_cat":[1107,1053],"product_tag":[],"class_list":{"0":"post-2099","1":"product","2":"type-product","3":"status-publish","4":"has-post-thumbnail","6":"product_cat-portable-toilets","7":"product_cat-supplies-for-dry-toilets","8":"product_shipping_class-medium-size-packages","10":"first","11":"instock","12":"taxable","13":"shipping-taxable","14":"purchasable","15":"product-type-simple"},"bundled_by":[],"bundle_stock_status":"instock","bundle_stock_quantity":null,"bundle_virtual":false,"bundle_layout":"","bundle_add_to_cart_form_location":"","bundle_editable_in_cart":false,"bundle_sold_individually_context":"","bundle_item_grouping":"","bundle_min_size":"","bundle_max_size":"","bundle_price":[],"bundled_items":[],"bundle_sell_ids":[],"acf":[],"gallery_images":[6546,6544,6548],"yoast_head":"<!-- This site is optimized with the Yoast SEO plugin v27.3 - https:\/\/yoast.com\/product\/yoast-seo-wordpress\/ -->\n<title>Pikkula Chamber Pot Seat - Pikkuvihre\u00e4 all accessories for dry toilets<\/title>\n<meta name=\"description\" content=\"Seat with a lid for chamber pots Pikkula and Ekopikkula. All accessories for dry toilets from Pikkuvihre\u00e4.\" \/>\n<meta name=\"robots\" content=\"index, follow, max-snippet:-1, max-image-preview:large, max-video-preview:-1\" \/>\n<link rel=\"canonical\" href=\"https:\/\/pikkuvihrea.fi\/en\/product\/spare-part-pikkula-chamber-pot-seat-ring\/\" \/>\n<meta property=\"og:locale\" content=\"en_US\" \/>\n<meta property=\"og:type\" content=\"article\" \/>\n<meta property=\"og:title\" content=\"Pikkula Chamber Pot Seat - Pikkuvihre\u00e4 all accessories for dry toilets\" \/>\n<meta property=\"og:description\" content=\"Seat with a lid for chamber pots Pikkula and Ekopikkula. All accessories for dry toilets from Pikkuvihre\u00e4.\" \/>\n<meta property=\"og:url\" content=\"https:\/\/pikkuvihrea.fi\/en\/product\/spare-part-pikkula-chamber-pot-seat-ring\/\" \/>\n<meta property=\"og:site_name\" content=\"Pikkuvihre\u00e4\" \/>\n<meta property=\"article:modified_time\" content=\"2026-03-02T17:59:33+00:00\" \/>\n<meta property=\"og:image\" content=\"https:\/\/pikkuvihrea.fi\/wp-content\/uploads\/2020\/05\/pikkula-istuinrinki.jpg\" \/>\n\t<meta property=\"og:image:width\" content=\"900\" \/>\n\t<meta property=\"og:image:height\" content=\"900\" \/>\n\t<meta property=\"og:image:type\" content=\"image\/jpeg\" \/>\n<meta name=\"twitter:card\" content=\"summary_large_image\" \/>\n<meta name=\"twitter:label1\" content=\"Price\" \/>\n\t<meta name=\"twitter:data1\" content=\"28,50&nbsp;&euro;\" \/>\n\t<meta name=\"twitter:label2\" content=\"Availability\" \/>\n\t<meta name=\"twitter:data2\" content=\"In stock\" \/>\n<script type=\"application\/ld+json\" class=\"yoast-schema-graph\">{\"@context\":\"https:\\\/\\\/schema.org\",\"@graph\":[{\"@type\":\"WebPage\",\"@id\":\"https:\\\/\\\/pikkuvihrea.fi\\\/en\\\/product\\\/spare-part-pikkula-chamber-pot-seat-ring\\\/\",\"url\":\"https:\\\/\\\/pikkuvihrea.fi\\\/en\\\/product\\\/spare-part-pikkula-chamber-pot-seat-ring\\\/\",\"name\":\"Pikkula Chamber Pot Seat - Pikkuvihre\u00e4 all accessories for dry toilets\",\"isPartOf\":{\"@id\":\"https:\\\/\\\/pikkuvihrea.fi\\\/en\\\/#website\"},\"primaryImageOfPage\":{\"@id\":\"https:\\\/\\\/pikkuvihrea.fi\\\/en\\\/product\\\/spare-part-pikkula-chamber-pot-seat-ring\\\/#primaryimage\"},\"image\":{\"@id\":\"https:\\\/\\\/pikkuvihrea.fi\\\/en\\\/product\\\/spare-part-pikkula-chamber-pot-seat-ring\\\/#primaryimage\"},\"thumbnailUrl\":\"https:\\\/\\\/pikkuvihrea.fi\\\/wp-content\\\/uploads\\\/2025\\\/03\\\/pikkula_kansi.jpg\",\"datePublished\":\"2020-05-19T10:44:10+00:00\",\"dateModified\":\"2026-03-02T17:59:33+00:00\",\"description\":\"Seat with a lid for chamber pots Pikkula and Ekopikkula. All accessories for dry toilets from Pikkuvihre\u00e4.\",\"breadcrumb\":{\"@id\":\"https:\\\/\\\/pikkuvihrea.fi\\\/en\\\/product\\\/spare-part-pikkula-chamber-pot-seat-ring\\\/#breadcrumb\"},\"inLanguage\":\"en-US\",\"potentialAction\":[{\"@type\":\"ReadAction\",\"target\":[\"https:\\\/\\\/pikkuvihrea.fi\\\/en\\\/product\\\/spare-part-pikkula-chamber-pot-seat-ring\\\/\"]}]},{\"@type\":\"ImageObject\",\"inLanguage\":\"en-US\",\"@id\":\"https:\\\/\\\/pikkuvihrea.fi\\\/en\\\/product\\\/spare-part-pikkula-chamber-pot-seat-ring\\\/#primaryimage\",\"url\":\"https:\\\/\\\/pikkuvihrea.fi\\\/wp-content\\\/uploads\\\/2025\\\/03\\\/pikkula_kansi.jpg\",\"contentUrl\":\"https:\\\/\\\/pikkuvihrea.fi\\\/wp-content\\\/uploads\\\/2025\\\/03\\\/pikkula_kansi.jpg\",\"width\":900,\"height\":900,\"caption\":\"Istuin Pikkula ja Ekopikkula y\u00f6astiaan \u2013 tukeva ja helppo WC-istuin siirrett\u00e4v\u00e4\u00e4n k\u00e4ym\u00e4l\u00e4\u00e4n\"},{\"@type\":\"BreadcrumbList\",\"@id\":\"https:\\\/\\\/pikkuvihrea.fi\\\/en\\\/product\\\/spare-part-pikkula-chamber-pot-seat-ring\\\/#breadcrumb\",\"itemListElement\":[{\"@type\":\"ListItem\",\"position\":1,\"name\":\"Etusivu\",\"item\":\"https:\\\/\\\/pikkuvihrea.fi\\\/en\\\/\"},{\"@type\":\"ListItem\",\"position\":2,\"name\":\"Shop\",\"item\":\"https:\\\/\\\/pikkuvihrea.fi\\\/en\\\/shop\\\/\"},{\"@type\":\"ListItem\",\"position\":3,\"name\":\"Pikkula Chamber Pot Seat\"}]},{\"@type\":\"WebSite\",\"@id\":\"https:\\\/\\\/pikkuvihrea.fi\\\/en\\\/#website\",\"url\":\"https:\\\/\\\/pikkuvihrea.fi\\\/en\\\/\",\"name\":\"Pikkuvihre\u00e4\",\"description\":\"\",\"publisher\":{\"@id\":\"https:\\\/\\\/pikkuvihrea.fi\\\/en\\\/#organization\"},\"potentialAction\":[{\"@type\":\"SearchAction\",\"target\":{\"@type\":\"EntryPoint\",\"urlTemplate\":\"https:\\\/\\\/pikkuvihrea.fi\\\/en\\\/?s={search_term_string}\"},\"query-input\":{\"@type\":\"PropertyValueSpecification\",\"valueRequired\":true,\"valueName\":\"search_term_string\"}}],\"inLanguage\":\"en-US\"},{\"@type\":\"Organization\",\"@id\":\"https:\\\/\\\/pikkuvihrea.fi\\\/en\\\/#organization\",\"name\":\"Pikkuvihre\u00e4\",\"url\":\"https:\\\/\\\/pikkuvihrea.fi\\\/en\\\/\",\"logo\":{\"@type\":\"ImageObject\",\"inLanguage\":\"en-US\",\"@id\":\"https:\\\/\\\/pikkuvihrea.fi\\\/en\\\/#\\\/schema\\\/logo\\\/image\\\/\",\"url\":\"https:\\\/\\\/pikkuvihrea.fi\\\/wp-content\\\/uploads\\\/2020\\\/10\\\/pikkuvihrea_logo_rgb_trimmed.jpg\",\"contentUrl\":\"https:\\\/\\\/pikkuvihrea.fi\\\/wp-content\\\/uploads\\\/2020\\\/10\\\/pikkuvihrea_logo_rgb_trimmed.jpg\",\"width\":660,\"height\":100,\"caption\":\"Pikkuvihre\u00e4\"},\"image\":{\"@id\":\"https:\\\/\\\/pikkuvihrea.fi\\\/en\\\/#\\\/schema\\\/logo\\\/image\\\/\"}}]}<\/script>\n<meta property=\"product:brand\" content=\"Pikkuvihre\u00e4\" \/>\n<meta property=\"product:price:amount\" content=\"28.50\" \/>\n<meta property=\"product:price:currency\" content=\"EUR\" \/>\n<meta property=\"og:availability\" content=\"instock\" \/>\n<meta property=\"product:availability\" content=\"instock\" \/>\n<meta property=\"product:retailer_item_id\" content=\"TP476\" \/>\n<meta property=\"product:condition\" content=\"new\" \/>\n<!-- \/ Yoast SEO plugin. -->","yoast_head_json":{"title":"Pikkula Chamber Pot Seat - Pikkuvihre\u00e4 all accessories for dry toilets","description":"Seat with a lid for chamber pots Pikkula and Ekopikkula. All accessories for dry toilets from Pikkuvihre\u00e4.","robots":{"index":"index","follow":"follow","max-snippet":"max-snippet:-1","max-image-preview":"max-image-preview:large","max-video-preview":"max-video-preview:-1"},"canonical":"https:\/\/pikkuvihrea.fi\/en\/product\/spare-part-pikkula-chamber-pot-seat-ring\/","og_locale":"en_US","og_type":"article","og_title":"Pikkula Chamber Pot Seat - Pikkuvihre\u00e4 all accessories for dry toilets","og_description":"Seat with a lid for chamber pots Pikkula and Ekopikkula. All accessories for dry toilets from Pikkuvihre\u00e4.","og_url":"https:\/\/pikkuvihrea.fi\/en\/product\/spare-part-pikkula-chamber-pot-seat-ring\/","og_site_name":"Pikkuvihre\u00e4","article_modified_time":"2026-03-02T17:59:33+00:00","og_image":[{"width":900,"height":900,"url":"https:\/\/pikkuvihrea.fi\/wp-content\/uploads\/2020\/05\/pikkula-istuinrinki.jpg","type":"image\/jpeg"}],"twitter_card":"summary_large_image","twitter_misc":{"Price":"28,50&nbsp;&euro;","Availability":"In stock"},"schema":{"@context":"https:\/\/schema.org","@graph":[{"@type":"WebPage","@id":"https:\/\/pikkuvihrea.fi\/en\/product\/spare-part-pikkula-chamber-pot-seat-ring\/","url":"https:\/\/pikkuvihrea.fi\/en\/product\/spare-part-pikkula-chamber-pot-seat-ring\/","name":"Pikkula Chamber Pot Seat - Pikkuvihre\u00e4 all accessories for dry toilets","isPartOf":{"@id":"https:\/\/pikkuvihrea.fi\/en\/#website"},"primaryImageOfPage":{"@id":"https:\/\/pikkuvihrea.fi\/en\/product\/spare-part-pikkula-chamber-pot-seat-ring\/#primaryimage"},"image":{"@id":"https:\/\/pikkuvihrea.fi\/en\/product\/spare-part-pikkula-chamber-pot-seat-ring\/#primaryimage"},"thumbnailUrl":"https:\/\/pikkuvihrea.fi\/wp-content\/uploads\/2025\/03\/pikkula_kansi.jpg","datePublished":"2020-05-19T10:44:10+00:00","dateModified":"2026-03-02T17:59:33+00:00","description":"Seat with a lid for chamber pots Pikkula and Ekopikkula. All accessories for dry toilets from Pikkuvihre\u00e4.","breadcrumb":{"@id":"https:\/\/pikkuvihrea.fi\/en\/product\/spare-part-pikkula-chamber-pot-seat-ring\/#breadcrumb"},"inLanguage":"en-US","potentialAction":[{"@type":"ReadAction","target":["https:\/\/pikkuvihrea.fi\/en\/product\/spare-part-pikkula-chamber-pot-seat-ring\/"]}]},{"@type":"ImageObject","inLanguage":"en-US","@id":"https:\/\/pikkuvihrea.fi\/en\/product\/spare-part-pikkula-chamber-pot-seat-ring\/#primaryimage","url":"https:\/\/pikkuvihrea.fi\/wp-content\/uploads\/2025\/03\/pikkula_kansi.jpg","contentUrl":"https:\/\/pikkuvihrea.fi\/wp-content\/uploads\/2025\/03\/pikkula_kansi.jpg","width":900,"height":900,"caption":"Istuin Pikkula ja Ekopikkula y\u00f6astiaan \u2013 tukeva ja helppo WC-istuin siirrett\u00e4v\u00e4\u00e4n k\u00e4ym\u00e4l\u00e4\u00e4n"},{"@type":"BreadcrumbList","@id":"https:\/\/pikkuvihrea.fi\/en\/product\/spare-part-pikkula-chamber-pot-seat-ring\/#breadcrumb","itemListElement":[{"@type":"ListItem","position":1,"name":"Etusivu","item":"https:\/\/pikkuvihrea.fi\/en\/"},{"@type":"ListItem","position":2,"name":"Shop","item":"https:\/\/pikkuvihrea.fi\/en\/shop\/"},{"@type":"ListItem","position":3,"name":"Pikkula Chamber Pot Seat"}]},{"@type":"WebSite","@id":"https:\/\/pikkuvihrea.fi\/en\/#website","url":"https:\/\/pikkuvihrea.fi\/en\/","name":"Pikkuvihre\u00e4","description":"","publisher":{"@id":"https:\/\/pikkuvihrea.fi\/en\/#organization"},"potentialAction":[{"@type":"SearchAction","target":{"@type":"EntryPoint","urlTemplate":"https:\/\/pikkuvihrea.fi\/en\/?s={search_term_string}"},"query-input":{"@type":"PropertyValueSpecification","valueRequired":true,"valueName":"search_term_string"}}],"inLanguage":"en-US"},{"@type":"Organization","@id":"https:\/\/pikkuvihrea.fi\/en\/#organization","name":"Pikkuvihre\u00e4","url":"https:\/\/pikkuvihrea.fi\/en\/","logo":{"@type":"ImageObject","inLanguage":"en-US","@id":"https:\/\/pikkuvihrea.fi\/en\/#\/schema\/logo\/image\/","url":"https:\/\/pikkuvihrea.fi\/wp-content\/uploads\/2020\/10\/pikkuvihrea_logo_rgb_trimmed.jpg","contentUrl":"https:\/\/pikkuvihrea.fi\/wp-content\/uploads\/2020\/10\/pikkuvihrea_logo_rgb_trimmed.jpg","width":660,"height":100,"caption":"Pikkuvihre\u00e4"},"image":{"@id":"https:\/\/pikkuvihrea.fi\/en\/#\/schema\/logo\/image\/"}}]},"product_brand":"Pikkuvihre\u00e4","product_price_amount":"28.50","product_price_currency":"EUR","og_availability":"instock","product_availability":"instock","product_retailer_item_id":"TP476","product_condition":"new"},"_links":{"self":[{"href":"https:\/\/pikkuvihrea.fi\/en\/wp-json\/wp\/v2\/product\/2099","targetHints":{"allow":["GET"]}}],"collection":[{"href":"https:\/\/pikkuvihrea.fi\/en\/wp-json\/wp\/v2\/product"}],"about":[{"href":"https:\/\/pikkuvihrea.fi\/en\/wp-json\/wp\/v2\/types\/product"}],"replies":[{"embeddable":true,"href":"https:\/\/pikkuvihrea.fi\/en\/wp-json\/wp\/v2\/comments?post=2099"}],"wp:featuredmedia":[{"embeddable":true,"href":"https:\/\/pikkuvihrea.fi\/en\/wp-json\/wp\/v2\/media\/35438"}],"wp:attachment":[{"href":"https:\/\/pikkuvihrea.fi\/en\/wp-json\/wp\/v2\/media?parent=2099"}],"wp:term":[{"taxonomy":"product_brand","embeddable":true,"href":"https:\/\/pikkuvihrea.fi\/en\/wp-json\/wp\/v2\/product_brand?post=2099"},{"taxonomy":"product_cat","embeddable":true,"href":"https:\/\/pikkuvihrea.fi\/en\/wp-json\/wp\/v2\/product_cat?post=2099"},{"taxonomy":"product_tag","embeddable":true,"href":"https:\/\/pikkuvihrea.fi\/en\/wp-json\/wp\/v2\/product_tag?post=2099"}],"curies":[{"name":"wp","href":"https:\/\/api.w.org\/{rel}","templated":true}]}}