{"id":20845,"date":"2023-06-01T10:08:43","date_gmt":"2023-06-01T07:08:43","guid":{"rendered":"https:\/\/pikkuvihrea.fi\/tuote\/freezing-toilet-ekohytte\/"},"modified":"2026-03-31T09:36:43","modified_gmt":"2026-03-31T06:36:43","slug":"freezing-toilet-ekohytte","status":"publish","type":"product","link":"https:\/\/pikkuvihrea.fi\/en\/product\/freezing-toilet-ekohytte\/","title":{"rendered":"Freezing toilet Ekohytte"},"content":{"rendered":"<p>The freezing toilet Ekohytte is an excellent choice for an indoor toilet to places where there is no plumbing available.<\/p>\n<ul>\n<li>easy installation, no ventilation or other piping outlets needed \u2013 just plug the electricity<\/li>\n<li>odorless operation \u2013 freezing stops all formation of smell<\/li>\n<li>energy saving \u2013 only 55 W<\/li>\n<li>minimalistic design, easy to place even to small spaces<\/li>\n<li>can also be placed on a heated floor<\/li>\n<li>quiet operation<\/li>\n<\/ul>\n<p>A freezing toilet is especially good to be used on the side of an outhouse, where there is a composting toilet. In this combination the main toilet is the outhouse where most of the toilet waste is handled. The freezing toilet serves as the indoor toilet during night, bad weather, winter \u2013 whenever the outhouse is not easy to use.<\/p>\n<h3>Use of Ekohytte freezing toilet<\/h3>\n<p>The freezing toilet is used like any water closet, only flushing is missing. All toilet waste together with toilet paper goes to the same waste container (21 liters). Biodegradable bags are used in the waste bucket for easier emptying. There is no need to use any dry material, like saw dust.<\/p>\n<p>When the waste container becomes full, it is time for emptying. The bucket is taken out of the toilet and the contents together with the biobag are emptied to a garden composter. Please note, that the composter should have a lid and a bottom, so that the melting waste would not leak into the nature. Also, it is recommended to use a lot of dry material in the composter to ensure efficient and odorless composting process.<\/p>\n<h3>Useful tips<\/h3>\n<p>Ekohytte freezing toilet can be cleaned with a wet cloth and universal detergent. The waste container can be washed separately with hot water if needed.<\/p>\n<p>A freezing toilet can be used is space where there the temperature is above +5. It can be stored with power off in cold, even below zero temperature.<\/p>\n<p><a href=\"https:\/\/pikkuvihrea.fi\/en\/product\/ekohytte-frost-spare-bucket-21-l\/\" target=\"_blank\" rel=\"noopener\">A spare bucket<\/a> is also available for Ekohytte, as the full bucket can thaw for a while before it can be emptied into the composter.<\/p>\n<h3>Technical data<\/h3>\n<ul>\n<li>Depth: 57 cm<\/li>\n<li>Width: 38 cm<\/li>\n<li>Height: 50 cm<\/li>\n<li>Seating height: 48 cm<\/li>\n<li>Waste container: 21 liters<\/li>\n<li>Power: 55 W, 230 V<\/li>\n<li>Electricity consumption 24 h: 0,36 kWh<\/li>\n<li>Weight: 21 kg<\/li>\n<li>Load capacity: 150 kg<\/li>\n<li>Freezing agent: R600a<\/li>\n<li>Electric cable 2,5 m<\/li>\n<li>Warranty 3 years<\/li>\n<\/ul>\n","protected":false},"excerpt":{"rendered":"<p>Ekohytte is a freezing toilet designed in Finland for use at a cottage or permanent home as indoor dry toilet.<\/p>\n<ul>\n<li>easy installation, just plug the electricity<\/li>\n<li>energy saving<\/li>\n<li>soft-close seat with heating<\/li>\n<li>slender design \u2013 easy to fit to small spaces<\/li>\n<\/ul>\n","protected":false},"featured_media":20622,"comment_status":"closed","ping_status":"closed","template":"","meta":{"_acf_changed":false},"product_brand":[],"product_cat":[1054,1364,1051],"product_tag":[],"class_list":{"0":"post-20845","1":"product","2":"type-product","3":"status-publish","4":"has-post-thumbnail","6":"product_cat-dry-toilets","7":"product_cat-freezing-toilet","8":"product_cat-modern-dry-toilets-indoors","9":"product_shipping_class-pallet-shipments","11":"first","12":"instock","13":"sale","14":"taxable","15":"shipping-taxable","16":"purchasable","17":"product-type-bundle"},"bundled_by":[],"bundle_stock_status":"instock","bundle_stock_quantity":"","bundle_virtual":false,"bundle_layout":"default","bundle_add_to_cart_form_location":"default","bundle_editable_in_cart":false,"bundle_sold_individually_context":"product","bundle_item_grouping":"noindent","bundle_min_size":"","bundle_max_size":"","bundle_price":{"price":{"min":{"incl_tax":"890.00","excl_tax":"709.16"},"max":{"incl_tax":"1320.9","excl_tax":"1052.51"}},"regular_price":{"min":{"incl_tax":"999.00","excl_tax":"796.02"},"max":{"incl_tax":"1473.9","excl_tax":"1174.43"}}},"bundled_items":[{"bundled_item_id":128,"product_id":1293,"menu_order":0,"quantity_min":1,"quantity_max":1,"quantity_default":1,"priced_individually":true,"shipped_individually":true,"override_title":true,"title":"Composter for toilet waster","override_description":false,"description":"Green Composter 330 for Toilet Waste","optional":true,"hide_thumbnail":false,"discount":"8.49674","override_variations":false,"allowed_variations":[""],"override_default_variation_attributes":false,"default_variation_attributes":[],"single_product_visibility":"visible","cart_visibility":"visible","order_visibility":"visible","single_product_price_visibility":"visible","cart_price_visibility":"visible","order_price_visibility":"visible","stock_status":"in_stock"},{"bundled_item_id":251,"product_id":33440,"menu_order":1,"quantity_min":1,"quantity_max":1,"quantity_default":1,"priced_individually":true,"shipped_individually":false,"override_title":false,"title":"Pikkuvihre\u00e4 Biodegradable Bags for Dry toilets","override_description":false,"description":"Pikkuvihre\u00e4 Biodegradable Bags for Dry toilets","optional":true,"hide_thumbnail":false,"discount":"31.44655","override_variations":false,"allowed_variations":[""],"override_default_variation_attributes":false,"default_variation_attributes":[],"single_product_visibility":"visible","cart_visibility":"visible","order_visibility":"visible","single_product_price_visibility":"visible","cart_price_visibility":"visible","order_price_visibility":"visible","stock_status":"in_stock"}],"bundle_sell_ids":[],"acf":[],"gallery_images":[34510,34518,34522,29867,20676,20673,20628,31718],"yoast_head":"<!-- This site is optimized with the Yoast SEO plugin v27.3 - https:\/\/yoast.com\/product\/yoast-seo-wordpress\/ -->\n<title>Freezing Toilet Ekohytte \u2013 Odorless Indoor Dry Toilet<\/title>\n<meta name=\"description\" content=\"Ekohytte freezing toilet offers odorless, waterless indoor use with no plumbing or ventilation. Easy plug-in installation and compact Scandinavian design.\" \/>\n<meta name=\"robots\" content=\"index, follow, max-snippet:-1, max-image-preview:large, max-video-preview:-1\" \/>\n<link rel=\"canonical\" href=\"https:\/\/pikkuvihrea.fi\/en\/product\/freezing-toilet-ekohytte\/\" \/>\n<meta property=\"og:locale\" content=\"en_US\" \/>\n<meta property=\"og:type\" content=\"article\" \/>\n<meta property=\"og:title\" content=\"Freezing Toilet Ekohytte \u2013 Odorless Indoor Dry Toilet\" \/>\n<meta property=\"og:description\" content=\"Ekohytte freezing toilet offers odorless, waterless indoor use with no plumbing or ventilation. Easy plug-in installation and compact Scandinavian design.\" \/>\n<meta property=\"og:url\" content=\"https:\/\/pikkuvihrea.fi\/en\/product\/freezing-toilet-ekohytte\/\" \/>\n<meta property=\"og:site_name\" content=\"Pikkuvihre\u00e4\" \/>\n<meta property=\"article:modified_time\" content=\"2026-03-31T06:36:43+00:00\" \/>\n<meta property=\"og:image\" content=\"https:\/\/pikkuvihrea.fi\/wp-content\/uploads\/2023\/06\/Ekohytte-pakastava-kaymala.jpg\" \/>\n\t<meta property=\"og:image:width\" content=\"1000\" \/>\n\t<meta property=\"og:image:height\" content=\"1000\" \/>\n\t<meta property=\"og:image:type\" content=\"image\/jpeg\" \/>\n<meta name=\"twitter:card\" content=\"summary_large_image\" \/>\n<meta name=\"twitter:label1\" content=\"Price\" \/>\n\t<meta name=\"twitter:data1\" content=\"890,00&nbsp;&euro;\" \/>\n\t<meta name=\"twitter:label2\" content=\"Availability\" \/>\n\t<meta name=\"twitter:data2\" content=\"In stock\" \/>\n<script type=\"application\/ld+json\" class=\"yoast-schema-graph\">{\"@context\":\"https:\\\/\\\/schema.org\",\"@graph\":[{\"@type\":\"WebPage\",\"@id\":\"https:\\\/\\\/pikkuvihrea.fi\\\/en\\\/product\\\/freezing-toilet-ekohytte\\\/\",\"url\":\"https:\\\/\\\/pikkuvihrea.fi\\\/en\\\/product\\\/freezing-toilet-ekohytte\\\/\",\"name\":\"Freezing Toilet Ekohytte \u2013 Odorless Indoor Dry Toilet\",\"isPartOf\":{\"@id\":\"https:\\\/\\\/pikkuvihrea.fi\\\/en\\\/#website\"},\"primaryImageOfPage\":{\"@id\":\"https:\\\/\\\/pikkuvihrea.fi\\\/en\\\/product\\\/freezing-toilet-ekohytte\\\/#primaryimage\"},\"image\":{\"@id\":\"https:\\\/\\\/pikkuvihrea.fi\\\/en\\\/product\\\/freezing-toilet-ekohytte\\\/#primaryimage\"},\"thumbnailUrl\":\"https:\\\/\\\/pikkuvihrea.fi\\\/wp-content\\\/uploads\\\/2023\\\/06\\\/Ekohytte-pakastava-kaymala.jpg\",\"datePublished\":\"2023-06-01T07:08:43+00:00\",\"dateModified\":\"2026-03-31T06:36:43+00:00\",\"description\":\"Ekohytte freezing toilet offers odorless, waterless indoor use with no plumbing or ventilation. Easy plug-in installation and compact Scandinavian design.\",\"breadcrumb\":{\"@id\":\"https:\\\/\\\/pikkuvihrea.fi\\\/en\\\/product\\\/freezing-toilet-ekohytte\\\/#breadcrumb\"},\"inLanguage\":\"en-US\",\"potentialAction\":[{\"@type\":\"ReadAction\",\"target\":[\"https:\\\/\\\/pikkuvihrea.fi\\\/en\\\/product\\\/freezing-toilet-ekohytte\\\/\"]}]},{\"@type\":\"ImageObject\",\"inLanguage\":\"en-US\",\"@id\":\"https:\\\/\\\/pikkuvihrea.fi\\\/en\\\/product\\\/freezing-toilet-ekohytte\\\/#primaryimage\",\"url\":\"https:\\\/\\\/pikkuvihrea.fi\\\/wp-content\\\/uploads\\\/2023\\\/06\\\/Ekohytte-pakastava-kaymala.jpg\",\"contentUrl\":\"https:\\\/\\\/pikkuvihrea.fi\\\/wp-content\\\/uploads\\\/2023\\\/06\\\/Ekohytte-pakastava-kaymala.jpg\",\"width\":1000,\"height\":1000,\"caption\":\"Ekohytte on pakastava k\u00e4ym\u00e4l\u00e4, joka j\u00e4\u00e4dytt\u00e4\u00e4 j\u00e4tteen ja poistaa hajut \u2013 sopii m\u00f6kille ilman vett\u00e4 tai viem\u00e4ri\u00e4\"},{\"@type\":\"BreadcrumbList\",\"@id\":\"https:\\\/\\\/pikkuvihrea.fi\\\/en\\\/product\\\/freezing-toilet-ekohytte\\\/#breadcrumb\",\"itemListElement\":[{\"@type\":\"ListItem\",\"position\":1,\"name\":\"Etusivu\",\"item\":\"https:\\\/\\\/pikkuvihrea.fi\\\/en\\\/\"},{\"@type\":\"ListItem\",\"position\":2,\"name\":\"Shop\",\"item\":\"https:\\\/\\\/pikkuvihrea.fi\\\/en\\\/shop\\\/\"},{\"@type\":\"ListItem\",\"position\":3,\"name\":\"Freezing toilet Ekohytte\"}]},{\"@type\":\"WebSite\",\"@id\":\"https:\\\/\\\/pikkuvihrea.fi\\\/en\\\/#website\",\"url\":\"https:\\\/\\\/pikkuvihrea.fi\\\/en\\\/\",\"name\":\"Pikkuvihre\u00e4\",\"description\":\"\",\"publisher\":{\"@id\":\"https:\\\/\\\/pikkuvihrea.fi\\\/en\\\/#organization\"},\"potentialAction\":[{\"@type\":\"SearchAction\",\"target\":{\"@type\":\"EntryPoint\",\"urlTemplate\":\"https:\\\/\\\/pikkuvihrea.fi\\\/en\\\/?s={search_term_string}\"},\"query-input\":{\"@type\":\"PropertyValueSpecification\",\"valueRequired\":true,\"valueName\":\"search_term_string\"}}],\"inLanguage\":\"en-US\"},{\"@type\":\"Organization\",\"@id\":\"https:\\\/\\\/pikkuvihrea.fi\\\/en\\\/#organization\",\"name\":\"Pikkuvihre\u00e4\",\"url\":\"https:\\\/\\\/pikkuvihrea.fi\\\/en\\\/\",\"logo\":{\"@type\":\"ImageObject\",\"inLanguage\":\"en-US\",\"@id\":\"https:\\\/\\\/pikkuvihrea.fi\\\/en\\\/#\\\/schema\\\/logo\\\/image\\\/\",\"url\":\"https:\\\/\\\/pikkuvihrea.fi\\\/wp-content\\\/uploads\\\/2020\\\/10\\\/pikkuvihrea_logo_rgb_trimmed.jpg\",\"contentUrl\":\"https:\\\/\\\/pikkuvihrea.fi\\\/wp-content\\\/uploads\\\/2020\\\/10\\\/pikkuvihrea_logo_rgb_trimmed.jpg\",\"width\":660,\"height\":100,\"caption\":\"Pikkuvihre\u00e4\"},\"image\":{\"@id\":\"https:\\\/\\\/pikkuvihrea.fi\\\/en\\\/#\\\/schema\\\/logo\\\/image\\\/\"}}]}<\/script>\n<meta property=\"product:brand\" content=\"Ekohytte\" \/>\n<meta property=\"product:price:amount\" content=\"890.00\" \/>\n<meta property=\"product:price:currency\" content=\"EUR\" \/>\n<meta property=\"og:availability\" content=\"instock\" \/>\n<meta property=\"product:availability\" content=\"instock\" \/>\n<meta property=\"product:retailer_item_id\" content=\"6438014350523\" \/>\n<meta property=\"product:condition\" content=\"new\" \/>\n<!-- \/ Yoast SEO plugin. -->","yoast_head_json":{"title":"Freezing Toilet Ekohytte \u2013 Odorless Indoor Dry Toilet","description":"Ekohytte freezing toilet offers odorless, waterless indoor use with no plumbing or ventilation. Easy plug-in installation and compact Scandinavian design.","robots":{"index":"index","follow":"follow","max-snippet":"max-snippet:-1","max-image-preview":"max-image-preview:large","max-video-preview":"max-video-preview:-1"},"canonical":"https:\/\/pikkuvihrea.fi\/en\/product\/freezing-toilet-ekohytte\/","og_locale":"en_US","og_type":"article","og_title":"Freezing Toilet Ekohytte \u2013 Odorless Indoor Dry Toilet","og_description":"Ekohytte freezing toilet offers odorless, waterless indoor use with no plumbing or ventilation. Easy plug-in installation and compact Scandinavian design.","og_url":"https:\/\/pikkuvihrea.fi\/en\/product\/freezing-toilet-ekohytte\/","og_site_name":"Pikkuvihre\u00e4","article_modified_time":"2026-03-31T06:36:43+00:00","og_image":[{"width":1000,"height":1000,"url":"https:\/\/pikkuvihrea.fi\/wp-content\/uploads\/2023\/06\/Ekohytte-pakastava-kaymala.jpg","type":"image\/jpeg"}],"twitter_card":"summary_large_image","twitter_misc":{"Price":"890,00&nbsp;&euro;","Availability":"In stock"},"schema":{"@context":"https:\/\/schema.org","@graph":[{"@type":"WebPage","@id":"https:\/\/pikkuvihrea.fi\/en\/product\/freezing-toilet-ekohytte\/","url":"https:\/\/pikkuvihrea.fi\/en\/product\/freezing-toilet-ekohytte\/","name":"Freezing Toilet Ekohytte \u2013 Odorless Indoor Dry Toilet","isPartOf":{"@id":"https:\/\/pikkuvihrea.fi\/en\/#website"},"primaryImageOfPage":{"@id":"https:\/\/pikkuvihrea.fi\/en\/product\/freezing-toilet-ekohytte\/#primaryimage"},"image":{"@id":"https:\/\/pikkuvihrea.fi\/en\/product\/freezing-toilet-ekohytte\/#primaryimage"},"thumbnailUrl":"https:\/\/pikkuvihrea.fi\/wp-content\/uploads\/2023\/06\/Ekohytte-pakastava-kaymala.jpg","datePublished":"2023-06-01T07:08:43+00:00","dateModified":"2026-03-31T06:36:43+00:00","description":"Ekohytte freezing toilet offers odorless, waterless indoor use with no plumbing or ventilation. Easy plug-in installation and compact Scandinavian design.","breadcrumb":{"@id":"https:\/\/pikkuvihrea.fi\/en\/product\/freezing-toilet-ekohytte\/#breadcrumb"},"inLanguage":"en-US","potentialAction":[{"@type":"ReadAction","target":["https:\/\/pikkuvihrea.fi\/en\/product\/freezing-toilet-ekohytte\/"]}]},{"@type":"ImageObject","inLanguage":"en-US","@id":"https:\/\/pikkuvihrea.fi\/en\/product\/freezing-toilet-ekohytte\/#primaryimage","url":"https:\/\/pikkuvihrea.fi\/wp-content\/uploads\/2023\/06\/Ekohytte-pakastava-kaymala.jpg","contentUrl":"https:\/\/pikkuvihrea.fi\/wp-content\/uploads\/2023\/06\/Ekohytte-pakastava-kaymala.jpg","width":1000,"height":1000,"caption":"Ekohytte on pakastava k\u00e4ym\u00e4l\u00e4, joka j\u00e4\u00e4dytt\u00e4\u00e4 j\u00e4tteen ja poistaa hajut \u2013 sopii m\u00f6kille ilman vett\u00e4 tai viem\u00e4ri\u00e4"},{"@type":"BreadcrumbList","@id":"https:\/\/pikkuvihrea.fi\/en\/product\/freezing-toilet-ekohytte\/#breadcrumb","itemListElement":[{"@type":"ListItem","position":1,"name":"Etusivu","item":"https:\/\/pikkuvihrea.fi\/en\/"},{"@type":"ListItem","position":2,"name":"Shop","item":"https:\/\/pikkuvihrea.fi\/en\/shop\/"},{"@type":"ListItem","position":3,"name":"Freezing toilet Ekohytte"}]},{"@type":"WebSite","@id":"https:\/\/pikkuvihrea.fi\/en\/#website","url":"https:\/\/pikkuvihrea.fi\/en\/","name":"Pikkuvihre\u00e4","description":"","publisher":{"@id":"https:\/\/pikkuvihrea.fi\/en\/#organization"},"potentialAction":[{"@type":"SearchAction","target":{"@type":"EntryPoint","urlTemplate":"https:\/\/pikkuvihrea.fi\/en\/?s={search_term_string}"},"query-input":{"@type":"PropertyValueSpecification","valueRequired":true,"valueName":"search_term_string"}}],"inLanguage":"en-US"},{"@type":"Organization","@id":"https:\/\/pikkuvihrea.fi\/en\/#organization","name":"Pikkuvihre\u00e4","url":"https:\/\/pikkuvihrea.fi\/en\/","logo":{"@type":"ImageObject","inLanguage":"en-US","@id":"https:\/\/pikkuvihrea.fi\/en\/#\/schema\/logo\/image\/","url":"https:\/\/pikkuvihrea.fi\/wp-content\/uploads\/2020\/10\/pikkuvihrea_logo_rgb_trimmed.jpg","contentUrl":"https:\/\/pikkuvihrea.fi\/wp-content\/uploads\/2020\/10\/pikkuvihrea_logo_rgb_trimmed.jpg","width":660,"height":100,"caption":"Pikkuvihre\u00e4"},"image":{"@id":"https:\/\/pikkuvihrea.fi\/en\/#\/schema\/logo\/image\/"}}]},"product_brand":"Ekohytte","product_price_amount":"890.00","product_price_currency":"EUR","og_availability":"instock","product_availability":"instock","product_retailer_item_id":"6438014350523","product_condition":"new"},"_links":{"self":[{"href":"https:\/\/pikkuvihrea.fi\/en\/wp-json\/wp\/v2\/product\/20845","targetHints":{"allow":["GET"]}}],"collection":[{"href":"https:\/\/pikkuvihrea.fi\/en\/wp-json\/wp\/v2\/product"}],"about":[{"href":"https:\/\/pikkuvihrea.fi\/en\/wp-json\/wp\/v2\/types\/product"}],"replies":[{"embeddable":true,"href":"https:\/\/pikkuvihrea.fi\/en\/wp-json\/wp\/v2\/comments?post=20845"}],"wp:featuredmedia":[{"embeddable":true,"href":"https:\/\/pikkuvihrea.fi\/en\/wp-json\/wp\/v2\/media\/20622"}],"wp:attachment":[{"href":"https:\/\/pikkuvihrea.fi\/en\/wp-json\/wp\/v2\/media?parent=20845"}],"wp:term":[{"taxonomy":"product_brand","embeddable":true,"href":"https:\/\/pikkuvihrea.fi\/en\/wp-json\/wp\/v2\/product_brand?post=20845"},{"taxonomy":"product_cat","embeddable":true,"href":"https:\/\/pikkuvihrea.fi\/en\/wp-json\/wp\/v2\/product_cat?post=20845"},{"taxonomy":"product_tag","embeddable":true,"href":"https:\/\/pikkuvihrea.fi\/en\/wp-json\/wp\/v2\/product_tag?post=20845"}],"curies":[{"name":"wp","href":"https:\/\/api.w.org\/{rel}","templated":true}]}}