{"id":20571,"date":"2023-05-17T15:07:41","date_gmt":"2023-05-17T12:07:41","guid":{"rendered":"https:\/\/pikkuvihrea.fi\/tuote\/green-toilet-100-easy-composting-toilet\/"},"modified":"2026-03-03T14:20:19","modified_gmt":"2026-03-03T12:20:19","slug":"green-toilet-100-easy-composting-toilet","status":"publish","type":"product","link":"https:\/\/pikkuvihrea.fi\/en\/product\/green-toilet-100-easy-composting-toilet\/","title":{"rendered":"Green Toilet 100 Easy composting toilet"},"content":{"rendered":"<p>Green Toilet 100 Easy is a composting toilet that can be used both in an outhouse or indoors. All toilet waste, the liquids, and solids together with the toilet paper go into the same composting container. The special double base of Green Toilet efficiently separates the excess liquid from the compost mass, which is the key feature for composting and preventing odor problems.<\/p>\n<p>Green Toilet 100 Easy is suitable for 4-5 persons in seasonal use, eg. in a holiday home and for 2-3 persons in continuous use. Like the other Green Toilets, there is <strong><a href=\"https:\/\/pikkuvihrea.fi\/en\/product\/green-toilet-100-easy-spare-container\/\" target=\"_blank\" rel=\"noopener\">a spare container<\/a><\/strong> available for the Green Toilet Easy as well. The use of a spare container doubles the capacity of the system and makes the service easy. One does not have to handle any raw compost at any point.<\/p>\n<h3>Advantages of Green Toilet 100 Easy<\/h3>\n<ul>\n<li>Easy and flexible assembly to any free space<\/li>\n<li>Reliable technique that separates excess liquid<\/li>\n<li>All people can use without special instructions<\/li>\n<li>Good capacity, +100 liters. With a spare container even double.<\/li>\n<li>Robust and durable structure<\/li>\n<li>Effortless service with the help of wheels<\/li>\n<li>Generously sized seat opening (width 215 mm, depth 300 mm) \u2013 resists staining easily<\/li>\n<\/ul>\n<h3>Use of Green Toilet 100 Easy<\/h3>\n<p>Green Toilet Easy is used like any other composting toilet. All the waste go into same container and the inner structure of the toilet takes care of the separation of the excess liquid. Some bulking material is recommended to be used: peat, dry garden waste, saw dust or equivalent. The dry material can be added by the users (2-3 dl after every use) or separately as a service, eg 1-2 \/ week a bigger amount, 5-7 liters. The suitable amount depends on the level of the use.<\/p>\n<p>The excess liquid, which is not absorbed to the compos mass or dehydrated by ventilation, will flow out through the liquid hose from the back. It can be collected to a canister or alternatively filtered with <a href=\"https:\/\/pikkuvihrea.fi\/en\/product\/geotrap-dry-toilet-filter\/\" target=\"_blank\" rel=\"noopener\">GeoTrap Dry Toilet Filter<\/a> and through that absorbed to the ground.<\/p>\n<p>When the installation is made to indoors, an<a href=\"https:\/\/pikkuvihrea.fi\/en\/product\/pikkuvihrea-dry-toilet-fan-stepless-control\/\" target=\"_blank\" rel=\"noopener\"><strong> electrical duct fan<\/strong><\/a> is highly recommended. That will ensure odorless use in all circumstances.<\/p>\n<h3>Service<\/h3>\n<p>When Green Toilet Easy becomes full, it is time for service. The liquid hose as well as the ventilation pipe is unfastened from the toilet. The wheels are placed under the toilet. All this can be done without any tools. Then the toilet can be wheeled out of the outhouse or bathroom. The compost inside the toilet can either be turned over to a garden compost or left to decompose under the closed lid of <strong><a href=\"https:\/\/pikkuvihrea.fi\/en\/product\/green-toilet-100-easy-spare-container\/\" target=\"_blank\" rel=\"noopener\">a Green Toilet 100 Easy spare container<\/a><\/strong>. The spare container can be let to decompose until it is time for the next service. Thus it is possible to have an efficient and carefree composting system where the compost from the spare container can be used safely in the garden.<\/p>\n<h3>Installation of Green Toilet 100 Easy is flexible<\/h3>\n<p>Green Toilet Easy can be installed directly on the floor to a free space in the outhouse or bathroom. There should be a possibility to lead the ventilation pipes as well as the liquid hose out through the back of the toilet. The ventilation can be installed from the back (default) or from the top of the toilet.<\/p>\n<p>The liquid hose should go out from the back and it should run at least slightly down to ensure the flow of the liquid out. The wheels are put under the toilet only during the service.<\/p>\n<p>More detailed information of the installation can be found in the <a href=\"https:\/\/pikkuvihrea.fi\/wp-content\/uploads\/2023\/05\/Green-Toilet-100-Easy-Manual-ENG.pdf\" target=\"_blank\" rel=\"noopener\">Green Toilet 100 Easy Manual<\/a>.<\/p>\n<h3>Content of the package<\/h3>\n<ul>\n<li>Composting toilet tank with a lid<\/li>\n<li>Green Toilet hinged thermal seat<\/li>\n<li>Ventilation kit (diam 75 mm): 3 pcs black hard pipe 70 cm, 1 pc black hard pipe 30 cm, flexible pipe 50 cm, 3 pcs joints, 2 pairs pipe holder, ventilation pipe hat<\/li>\n<li>Liquid hose 150 cm, diam 32 mm<\/li>\n<li>Plug for covering the liquid outlet 75 mm (black), fixtures and screws<\/li>\n<li>Plug for covering the ventilation outlet (blue)<\/li>\n<li>Pack of dry material for composting<\/li>\n<li>Manual for installation and use<\/li>\n<\/ul>\n<h3>Accessories for Green Toilet Easy<\/h3>\n<ul>\n<li><a href=\"https:\/\/pikkuvihrea.fi\/en\/product\/green-toilet-100-easy-spare-container\/\" target=\"_blank\" rel=\"noopener\">Green Toilet 100 Easy spare container<\/a><\/li>\n<li><a href=\"https:\/\/pikkuvihrea.fi\/en\/product\/urine-canister\/\" target=\"_blank\" rel=\"noopener\">Canister<\/a><\/li>\n<li><a href=\"https:\/\/pikkuvihrea.fi\/en\/product\/wind-driven-ventilator-ecoplast\/\" target=\"_blank\" rel=\"noopener\">Wind driven ventilator<\/a><\/li>\n<li><a href=\"https:\/\/pikkuvihrea.fi\/en\/product\/pikkuvihrea-dry-toilet-fan-stepless-control\/\" target=\"_blank\" rel=\"noopener\">Electrical duct fan<\/a><\/li>\n<li><a href=\"https:\/\/pikkuvihrea.fi\/en\/product\/geotrap-dry-toilet-filter\/\" target=\"_blank\" rel=\"noopener\">GeoTrap Dry Toilet Filter<\/a><\/li>\n<\/ul>\n","protected":false},"excerpt":{"rendered":"<p>Green Toilet 100 Easy is &#8211; like the name states &#8211; a composting toilet that is easy to install and use. It has a good capacity of 100 liters, which can be doubled with the use of a spare container. Green Toilet Easy is a durable, odorless and reliable in use.<\/p>\n","protected":false},"featured_media":35553,"comment_status":"closed","ping_status":"closed","template":"","meta":{"_acf_changed":false},"product_brand":[],"product_cat":[745,1054],"product_tag":[],"class_list":{"0":"post-20571","1":"product","2":"type-product","3":"status-publish","4":"has-post-thumbnail","6":"product_cat-composting-toilets","7":"product_cat-dry-toilets","8":"product_shipping_class-large-packages","10":"first","11":"instock","12":"downloadable","13":"taxable","14":"shipping-taxable","15":"purchasable","16":"product-type-bundle"},"bundled_by":[],"bundle_stock_status":"instock","bundle_stock_quantity":"","bundle_virtual":false,"bundle_layout":"default","bundle_add_to_cart_form_location":"default","bundle_editable_in_cart":false,"bundle_sold_individually_context":"product","bundle_item_grouping":"noindent","bundle_min_size":"","bundle_max_size":"","bundle_price":{"price":{"min":{"incl_tax":"449.00","excl_tax":"357.77"},"max":{"incl_tax":"593","excl_tax":"472.51"}},"regular_price":{"min":{"incl_tax":"449.00","excl_tax":"357.77"},"max":{"incl_tax":"623","excl_tax":"496.41"}}},"bundled_items":[{"bundled_item_id":244,"product_id":25388,"menu_order":0,"quantity_min":1,"quantity_max":1,"quantity_default":1,"priced_individually":true,"shipped_individually":false,"override_title":false,"title":"Pikkuvihre\u00e4 dry toilet fan stepless control","override_description":false,"description":"Pikkuvihre\u00e4 dry toilet fan stepless control","optional":true,"hide_thumbnail":false,"discount":"23.37662","override_variations":true,"allowed_variations":[25389],"override_default_variation_attributes":true,"default_variation_attributes":[{"id":26,"name":"Tuulettimen yhteensopivuus:","option":"reduction-to-75mm-o-diameter"}],"single_product_visibility":"visible","cart_visibility":"visible","order_visibility":"visible","single_product_price_visibility":"visible","cart_price_visibility":"visible","order_price_visibility":"visible","stock_status":"in_stock"},{"bundled_item_id":280,"product_id":36441,"menu_order":1,"quantity_min":1,"quantity_max":1,"quantity_default":1,"priced_individually":true,"shipped_individually":false,"override_title":true,"title":"","override_description":false,"description":"Wind-driven ventilator Ecoplast","optional":true,"hide_thumbnail":false,"discount":"12.371134","override_variations":true,"allowed_variations":[37040],"override_default_variation_attributes":true,"default_variation_attributes":[{"id":26,"name":"Tuulettimen yhteensopivuus:","option":"75mm-en"}],"single_product_visibility":"visible","cart_visibility":"visible","order_visibility":"visible","single_product_price_visibility":"visible","cart_price_visibility":"visible","order_price_visibility":"visible","stock_status":"in_stock"}],"bundle_sell_ids":[],"acf":[],"gallery_images":[35557,37293,20411,20322,20417,20420,20423,20319,37307,23264],"yoast_head":"<!-- This site is optimized with the Yoast SEO plugin v27.3 - https:\/\/yoast.com\/product\/yoast-seo-wordpress\/ -->\n<title>Green Toilet 100 Easy composting toilet - Pikkuvihre\u00e4<\/title>\n<meta name=\"description\" content=\"Reliable, easy-to-use composting toilet for outhouse or indoor use. Installation directly on the floor and service with wheels and a spare container.\" \/>\n<meta name=\"robots\" content=\"index, follow, max-snippet:-1, max-image-preview:large, max-video-preview:-1\" \/>\n<link rel=\"canonical\" href=\"https:\/\/pikkuvihrea.fi\/en\/product\/green-toilet-100-easy-composting-toilet\/\" \/>\n<meta property=\"og:locale\" content=\"en_US\" \/>\n<meta property=\"og:type\" content=\"article\" \/>\n<meta property=\"og:title\" content=\"Green Toilet 100 Easy composting toilet - Pikkuvihre\u00e4\" \/>\n<meta property=\"og:description\" content=\"Reliable, easy-to-use composting toilet for outhouse or indoor use. Installation directly on the floor and service with wheels and a spare container.\" \/>\n<meta property=\"og:url\" content=\"https:\/\/pikkuvihrea.fi\/en\/product\/green-toilet-100-easy-composting-toilet\/\" \/>\n<meta property=\"og:site_name\" content=\"Pikkuvihre\u00e4\" \/>\n<meta property=\"article:modified_time\" content=\"2026-03-03T12:20:19+00:00\" \/>\n<meta property=\"og:image\" content=\"https:\/\/pikkuvihrea.fi\/wp-content\/uploads\/2025\/03\/Green-Toilet-Easy_2025-1.jpg\" \/>\n\t<meta property=\"og:image:width\" content=\"900\" \/>\n\t<meta property=\"og:image:height\" content=\"900\" \/>\n\t<meta property=\"og:image:type\" content=\"image\/jpeg\" \/>\n<meta name=\"twitter:card\" content=\"summary_large_image\" \/>\n<meta name=\"twitter:label1\" content=\"Price\" \/>\n\t<meta name=\"twitter:data1\" content=\"449,00&nbsp;&euro;\" \/>\n\t<meta name=\"twitter:label2\" content=\"Availability\" \/>\n\t<meta name=\"twitter:data2\" content=\"In stock\" \/>\n<script type=\"application\/ld+json\" class=\"yoast-schema-graph\">{\"@context\":\"https:\\\/\\\/schema.org\",\"@graph\":[{\"@type\":\"WebPage\",\"@id\":\"https:\\\/\\\/pikkuvihrea.fi\\\/en\\\/product\\\/green-toilet-100-easy-composting-toilet\\\/\",\"url\":\"https:\\\/\\\/pikkuvihrea.fi\\\/en\\\/product\\\/green-toilet-100-easy-composting-toilet\\\/\",\"name\":\"Green Toilet 100 Easy composting toilet - Pikkuvihre\u00e4\",\"isPartOf\":{\"@id\":\"https:\\\/\\\/pikkuvihrea.fi\\\/en\\\/#website\"},\"primaryImageOfPage\":{\"@id\":\"https:\\\/\\\/pikkuvihrea.fi\\\/en\\\/product\\\/green-toilet-100-easy-composting-toilet\\\/#primaryimage\"},\"image\":{\"@id\":\"https:\\\/\\\/pikkuvihrea.fi\\\/en\\\/product\\\/green-toilet-100-easy-composting-toilet\\\/#primaryimage\"},\"thumbnailUrl\":\"https:\\\/\\\/pikkuvihrea.fi\\\/wp-content\\\/uploads\\\/2025\\\/03\\\/Green-Toilet-Easy_2025-1.jpg\",\"datePublished\":\"2023-05-17T12:07:41+00:00\",\"dateModified\":\"2026-03-03T12:20:19+00:00\",\"description\":\"Reliable, easy-to-use composting toilet for outhouse or indoor use. Installation directly on the floor and service with wheels and a spare container.\",\"breadcrumb\":{\"@id\":\"https:\\\/\\\/pikkuvihrea.fi\\\/en\\\/product\\\/green-toilet-100-easy-composting-toilet\\\/#breadcrumb\"},\"inLanguage\":\"en-US\",\"potentialAction\":[{\"@type\":\"ReadAction\",\"target\":[\"https:\\\/\\\/pikkuvihrea.fi\\\/en\\\/product\\\/green-toilet-100-easy-composting-toilet\\\/\"]}]},{\"@type\":\"ImageObject\",\"inLanguage\":\"en-US\",\"@id\":\"https:\\\/\\\/pikkuvihrea.fi\\\/en\\\/product\\\/green-toilet-100-easy-composting-toilet\\\/#primaryimage\",\"url\":\"https:\\\/\\\/pikkuvihrea.fi\\\/wp-content\\\/uploads\\\/2025\\\/03\\\/Green-Toilet-Easy_2025-1.jpg\",\"contentUrl\":\"https:\\\/\\\/pikkuvihrea.fi\\\/wp-content\\\/uploads\\\/2025\\\/03\\\/Green-Toilet-Easy_2025-1.jpg\",\"width\":900,\"height\":900,\"caption\":\"Green Toilet 100 Easy on helppok\u00e4ytt\u00f6inen ja kompakti kompostoiva kuivak\u00e4ym\u00e4l\u00e4 \u2013 sopii m\u00f6kille, jossa k\u00e4ytt\u00f6 on v\u00e4h\u00e4isemp\u00e4\u00e4\"},{\"@type\":\"BreadcrumbList\",\"@id\":\"https:\\\/\\\/pikkuvihrea.fi\\\/en\\\/product\\\/green-toilet-100-easy-composting-toilet\\\/#breadcrumb\",\"itemListElement\":[{\"@type\":\"ListItem\",\"position\":1,\"name\":\"Etusivu\",\"item\":\"https:\\\/\\\/pikkuvihrea.fi\\\/en\\\/\"},{\"@type\":\"ListItem\",\"position\":2,\"name\":\"Shop\",\"item\":\"https:\\\/\\\/pikkuvihrea.fi\\\/en\\\/shop\\\/\"},{\"@type\":\"ListItem\",\"position\":3,\"name\":\"Green Toilet 100 Easy composting toilet\"}]},{\"@type\":\"WebSite\",\"@id\":\"https:\\\/\\\/pikkuvihrea.fi\\\/en\\\/#website\",\"url\":\"https:\\\/\\\/pikkuvihrea.fi\\\/en\\\/\",\"name\":\"Pikkuvihre\u00e4\",\"description\":\"\",\"publisher\":{\"@id\":\"https:\\\/\\\/pikkuvihrea.fi\\\/en\\\/#organization\"},\"potentialAction\":[{\"@type\":\"SearchAction\",\"target\":{\"@type\":\"EntryPoint\",\"urlTemplate\":\"https:\\\/\\\/pikkuvihrea.fi\\\/en\\\/?s={search_term_string}\"},\"query-input\":{\"@type\":\"PropertyValueSpecification\",\"valueRequired\":true,\"valueName\":\"search_term_string\"}}],\"inLanguage\":\"en-US\"},{\"@type\":\"Organization\",\"@id\":\"https:\\\/\\\/pikkuvihrea.fi\\\/en\\\/#organization\",\"name\":\"Pikkuvihre\u00e4\",\"url\":\"https:\\\/\\\/pikkuvihrea.fi\\\/en\\\/\",\"logo\":{\"@type\":\"ImageObject\",\"inLanguage\":\"en-US\",\"@id\":\"https:\\\/\\\/pikkuvihrea.fi\\\/en\\\/#\\\/schema\\\/logo\\\/image\\\/\",\"url\":\"https:\\\/\\\/pikkuvihrea.fi\\\/wp-content\\\/uploads\\\/2020\\\/10\\\/pikkuvihrea_logo_rgb_trimmed.jpg\",\"contentUrl\":\"https:\\\/\\\/pikkuvihrea.fi\\\/wp-content\\\/uploads\\\/2020\\\/10\\\/pikkuvihrea_logo_rgb_trimmed.jpg\",\"width\":660,\"height\":100,\"caption\":\"Pikkuvihre\u00e4\"},\"image\":{\"@id\":\"https:\\\/\\\/pikkuvihrea.fi\\\/en\\\/#\\\/schema\\\/logo\\\/image\\\/\"}}]}<\/script>\n<meta property=\"product:price:amount\" content=\"449.00\" \/>\n<meta property=\"product:price:currency\" content=\"EUR\" \/>\n<meta property=\"og:availability\" content=\"instock\" \/>\n<meta property=\"product:availability\" content=\"instock\" \/>\n<meta property=\"product:retailer_item_id\" content=\"6430069510563\" \/>\n<meta property=\"product:condition\" content=\"new\" \/>\n<!-- \/ Yoast SEO plugin. -->","yoast_head_json":{"title":"Green Toilet 100 Easy composting toilet - Pikkuvihre\u00e4","description":"Reliable, easy-to-use composting toilet for outhouse or indoor use. Installation directly on the floor and service with wheels and a spare container.","robots":{"index":"index","follow":"follow","max-snippet":"max-snippet:-1","max-image-preview":"max-image-preview:large","max-video-preview":"max-video-preview:-1"},"canonical":"https:\/\/pikkuvihrea.fi\/en\/product\/green-toilet-100-easy-composting-toilet\/","og_locale":"en_US","og_type":"article","og_title":"Green Toilet 100 Easy composting toilet - Pikkuvihre\u00e4","og_description":"Reliable, easy-to-use composting toilet for outhouse or indoor use. Installation directly on the floor and service with wheels and a spare container.","og_url":"https:\/\/pikkuvihrea.fi\/en\/product\/green-toilet-100-easy-composting-toilet\/","og_site_name":"Pikkuvihre\u00e4","article_modified_time":"2026-03-03T12:20:19+00:00","og_image":[{"width":900,"height":900,"url":"https:\/\/pikkuvihrea.fi\/wp-content\/uploads\/2025\/03\/Green-Toilet-Easy_2025-1.jpg","type":"image\/jpeg"}],"twitter_card":"summary_large_image","twitter_misc":{"Price":"449,00&nbsp;&euro;","Availability":"In stock"},"schema":{"@context":"https:\/\/schema.org","@graph":[{"@type":"WebPage","@id":"https:\/\/pikkuvihrea.fi\/en\/product\/green-toilet-100-easy-composting-toilet\/","url":"https:\/\/pikkuvihrea.fi\/en\/product\/green-toilet-100-easy-composting-toilet\/","name":"Green Toilet 100 Easy composting toilet - Pikkuvihre\u00e4","isPartOf":{"@id":"https:\/\/pikkuvihrea.fi\/en\/#website"},"primaryImageOfPage":{"@id":"https:\/\/pikkuvihrea.fi\/en\/product\/green-toilet-100-easy-composting-toilet\/#primaryimage"},"image":{"@id":"https:\/\/pikkuvihrea.fi\/en\/product\/green-toilet-100-easy-composting-toilet\/#primaryimage"},"thumbnailUrl":"https:\/\/pikkuvihrea.fi\/wp-content\/uploads\/2025\/03\/Green-Toilet-Easy_2025-1.jpg","datePublished":"2023-05-17T12:07:41+00:00","dateModified":"2026-03-03T12:20:19+00:00","description":"Reliable, easy-to-use composting toilet for outhouse or indoor use. Installation directly on the floor and service with wheels and a spare container.","breadcrumb":{"@id":"https:\/\/pikkuvihrea.fi\/en\/product\/green-toilet-100-easy-composting-toilet\/#breadcrumb"},"inLanguage":"en-US","potentialAction":[{"@type":"ReadAction","target":["https:\/\/pikkuvihrea.fi\/en\/product\/green-toilet-100-easy-composting-toilet\/"]}]},{"@type":"ImageObject","inLanguage":"en-US","@id":"https:\/\/pikkuvihrea.fi\/en\/product\/green-toilet-100-easy-composting-toilet\/#primaryimage","url":"https:\/\/pikkuvihrea.fi\/wp-content\/uploads\/2025\/03\/Green-Toilet-Easy_2025-1.jpg","contentUrl":"https:\/\/pikkuvihrea.fi\/wp-content\/uploads\/2025\/03\/Green-Toilet-Easy_2025-1.jpg","width":900,"height":900,"caption":"Green Toilet 100 Easy on helppok\u00e4ytt\u00f6inen ja kompakti kompostoiva kuivak\u00e4ym\u00e4l\u00e4 \u2013 sopii m\u00f6kille, jossa k\u00e4ytt\u00f6 on v\u00e4h\u00e4isemp\u00e4\u00e4"},{"@type":"BreadcrumbList","@id":"https:\/\/pikkuvihrea.fi\/en\/product\/green-toilet-100-easy-composting-toilet\/#breadcrumb","itemListElement":[{"@type":"ListItem","position":1,"name":"Etusivu","item":"https:\/\/pikkuvihrea.fi\/en\/"},{"@type":"ListItem","position":2,"name":"Shop","item":"https:\/\/pikkuvihrea.fi\/en\/shop\/"},{"@type":"ListItem","position":3,"name":"Green Toilet 100 Easy composting toilet"}]},{"@type":"WebSite","@id":"https:\/\/pikkuvihrea.fi\/en\/#website","url":"https:\/\/pikkuvihrea.fi\/en\/","name":"Pikkuvihre\u00e4","description":"","publisher":{"@id":"https:\/\/pikkuvihrea.fi\/en\/#organization"},"potentialAction":[{"@type":"SearchAction","target":{"@type":"EntryPoint","urlTemplate":"https:\/\/pikkuvihrea.fi\/en\/?s={search_term_string}"},"query-input":{"@type":"PropertyValueSpecification","valueRequired":true,"valueName":"search_term_string"}}],"inLanguage":"en-US"},{"@type":"Organization","@id":"https:\/\/pikkuvihrea.fi\/en\/#organization","name":"Pikkuvihre\u00e4","url":"https:\/\/pikkuvihrea.fi\/en\/","logo":{"@type":"ImageObject","inLanguage":"en-US","@id":"https:\/\/pikkuvihrea.fi\/en\/#\/schema\/logo\/image\/","url":"https:\/\/pikkuvihrea.fi\/wp-content\/uploads\/2020\/10\/pikkuvihrea_logo_rgb_trimmed.jpg","contentUrl":"https:\/\/pikkuvihrea.fi\/wp-content\/uploads\/2020\/10\/pikkuvihrea_logo_rgb_trimmed.jpg","width":660,"height":100,"caption":"Pikkuvihre\u00e4"},"image":{"@id":"https:\/\/pikkuvihrea.fi\/en\/#\/schema\/logo\/image\/"}}]},"product_price_amount":"449.00","product_price_currency":"EUR","og_availability":"instock","product_availability":"instock","product_retailer_item_id":"6430069510563","product_condition":"new"},"_links":{"self":[{"href":"https:\/\/pikkuvihrea.fi\/en\/wp-json\/wp\/v2\/product\/20571","targetHints":{"allow":["GET"]}}],"collection":[{"href":"https:\/\/pikkuvihrea.fi\/en\/wp-json\/wp\/v2\/product"}],"about":[{"href":"https:\/\/pikkuvihrea.fi\/en\/wp-json\/wp\/v2\/types\/product"}],"replies":[{"embeddable":true,"href":"https:\/\/pikkuvihrea.fi\/en\/wp-json\/wp\/v2\/comments?post=20571"}],"wp:featuredmedia":[{"embeddable":true,"href":"https:\/\/pikkuvihrea.fi\/en\/wp-json\/wp\/v2\/media\/35553"}],"wp:attachment":[{"href":"https:\/\/pikkuvihrea.fi\/en\/wp-json\/wp\/v2\/media?parent=20571"}],"wp:term":[{"taxonomy":"product_brand","embeddable":true,"href":"https:\/\/pikkuvihrea.fi\/en\/wp-json\/wp\/v2\/product_brand?post=20571"},{"taxonomy":"product_cat","embeddable":true,"href":"https:\/\/pikkuvihrea.fi\/en\/wp-json\/wp\/v2\/product_cat?post=20571"},{"taxonomy":"product_tag","embeddable":true,"href":"https:\/\/pikkuvihrea.fi\/en\/wp-json\/wp\/v2\/product_tag?post=20571"}],"curies":[{"name":"wp","href":"https:\/\/api.w.org\/{rel}","templated":true}]}}