{"id":20036,"date":"2023-03-30T09:50:40","date_gmt":"2023-03-30T06:50:40","guid":{"rendered":"https:\/\/pikkuvihrea.fi\/tuote\/green-toilet-lux-cassette-indoor-dry-toilet\/"},"modified":"2025-10-14T10:39:23","modified_gmt":"2025-10-14T07:39:23","slug":"green-toilet-lux-cassette-indoor-dry-toilet","status":"publish","type":"product","link":"https:\/\/pikkuvihrea.fi\/en\/product\/green-toilet-lux-cassette-indoor-dry-toilet\/","title":{"rendered":"Green Toilet Lux Cassette Indoor Dry Toilet"},"content":{"rendered":"<p>The Green Toilet Lux Cassette is an indoor composting dry toilet designed for locations with limited space beneath the floor. This cassette model is a perfect fit for situations where space for a composting tank is limited. It comes with a stylish porcelain seat, available in both non-separating and separating (urine-diverting) versions. The Green Toilet Lux is a reliable, durable, and comfortable choice, with many satisfied users!<\/p>\n<h3>ADVANTAGES OF GREEN TOILET LUX<\/h3>\n<ul>\n<li>Placement of the composting cassette outside the bathroom where the maintenance is easier to perform.<\/li>\n<li>The porcelain pedestal closely resembles and functions like a flush toilet, eliminating the need for special instructions.<\/li>\n<li>The waste chute ensures that waste is not visible to users<\/li>\n<li>The channel fan guarantees 100% odor-free operation of the dry toilet.<\/li>\n<li>The toilet has good capacity and is easily expandable. The basic package is suitable for seasonal for 2-4 people.<\/li>\n<li>Additional capacity can be easily added with replacement cassettes.<\/li>\n<li>Changing the cassette takes less than 15 minutes.<\/li>\n<li>Green Toilet Lux is long-lasting, with parts that are of high-quality and can last for decades. The only moving part in the system is the fan, which comes with a 2-year warranty.<\/li>\n<li>It is environmentally friendly and energy-efficient, using only 1.68 W of electricity, resulting in low annual energy costs. In off-grid locations, the electric fan can be replaced with a wind-powered fan.<\/li>\n<li>The right choice and installation of a waterless indoor toilet bring comfort and convenience to users. Green Toilet LUX saves water, provides the comforts of a flush toilet indoors, and is a true ecological choice!<\/li>\n<\/ul>\n<h3>Operation principle of composting toilet<\/h3>\n<p>All toilet waste, including paper, is directed into the cassette through the porcelain seat. A special double bottom inside the cassette separates solid waste from liquids, allowing composting to occur already during use.<\/p>\n<p>Green Toilet is based on batch composting, which involves the use of replacement cassettes. When the in-use cassette is full, it is swapped out for a new one. The full cassette is covered and moved to an appropriate location for secondary composting, where it transforms into nutrient-rich soil (typically 6-18 months depending on conditions).<\/p>\n<h3>Green Toilet Lux Cassette Maintenance<\/h3>\n<p>When the Green Toilet Lux cassette is full, you can immediately replace it with an empty replacement cassette and leave the full cassette outdoors for composting. This way, toilet maintenance is always easy, quick, and clean. If the dry toilet is used by multiple users and\/or in year-round conditions, it may be a good idea to have several replacement cassettes on hand. Alternatively, you can empty the full cassette into a separate compost bin designed for toilet waste, eliminating the need for replacement cassettes.<\/p>\n<p><iframe loading=\"lazy\" title=\"YouTube video player\" data-cookieconsent=\"statistics, marketing\" data-src=\"https:\/\/www.youtube.com\/embed\/vCPLFAkhirg\" width=\"315\" height=\"560\" frameborder=\"0\" allowfullscreen=\"allowfullscreen\"><span data-mce-type=\"bookmark\" style=\"display: inline-block; width: 0px; overflow: hidden; line-height: 0;\" class=\"mce_SELRES_start\">\ufeff<\/span><\/iframe><div class=\"cookieconsent-optout-statistics cookieconsent-optout-marketing\">Please accept <a href=\"javascript:Cookiebot.renew()\">statistics, marketing<\/a> cookies to watch this video.<\/div><\/p>\n<h3>Required Clearance Under the Bathroom<\/h3>\n<p>Green Toilet Lux offers various composting options for different space constraints. Typically, the choice is guided by the clearance height beneath the bathroom floor. The table below lists the required minimum clearance height for maintenance. Ideally, the toilet should be located near an exterior wall for easy access to the composter.<\/p>\n<p>Also, you should\u00a0 choose the largest possible composter that you can fit, as composting process is always better when there is plenty of composting mass inside.<\/p>\n<table style=\"border: 1px solid; width: 100%;\">\n<tbody>\n<tr>\n<td style=\"width: 50%;\"><strong>Green Toilet Lux model<\/strong><\/td>\n<td style=\"width: 50%;\"><strong>Minimun clearance below the floor<\/strong><\/td>\n<\/tr>\n<tr>\n<td style=\"width: 50%;\">Green Toilet Lux Cassette 120 liters<\/td>\n<td style=\"width: 50%;\">40 cm<\/td>\n<\/tr>\n<tr>\n<td style=\"width: 50%;\">Green Toilet Lux Cassette 150 liters<\/td>\n<td style=\"width: 50%;\">55 cm<\/td>\n<\/tr>\n<tr>\n<td style=\"width: 50%;\">Green Toilet Lux 120 Family composting unit with wheels<\/td>\n<td style=\"width: 50%;\">75 cm<\/td>\n<\/tr>\n<tr>\n<td style=\"width: 50%;\">Green Toilet Lux 330 composting unit with wheels<\/td>\n<td style=\"width: 50%;\">95 cm<\/td>\n<\/tr>\n<\/tbody>\n<\/table>\n<p>&nbsp;<\/p>\n<p><strong>Green Toilet Lux Cassette Dimensions<\/strong><\/p>\n<ul>\n<li>120-liter model: Height 325 mm, Width 600 mm, Depth 800 mm<\/li>\n<li>150-liter model: Height 425 mm, Width 600 mm, Depth 800 mm<\/li>\n<\/ul>\n<h3>Green Toilet Lux Cassette Basic Package Includes<\/h3>\n<ul>\n<li>Green Toilet cassette composter with double base (120 or 150 liters)<\/li>\n<li>Porcelain pedestal with a seat and a lid, <a href=\"https:\/\/pikkuvihrea.fi\/en\/product\/oslo-porcelain-pedestal\/\" target=\"_blank\" rel=\"noopener\">non-separating<\/a> or<a href=\"https:\/\/pikkuvihrea.fi\/en\/product\/hanko-urine-separating-porcelain-pedestal\/\" target=\"_blank\" rel=\"noopener\"> urine diverting<\/a><\/li>\n<li><a href=\"https:\/\/pikkuvihrea.fi\/en\/product\/pikkuvihrea-dry-toilet-fan-stepless-control\/\" target=\"_blank\" rel=\"noopener\">Electrical duct fan<\/a><\/li>\n<li>Ventilation pipes 3 x 70 cm, 100 cm flexible pipe (with brackets and ventilation pipe cap)<\/li>\n<li>Waste chute, 20 cm in diameter, 50 cm long (can be longer\/shorter if needed)<\/li>\n<li>Bag of dry cover material<\/li>\n<li>Canister with liquid hose 150 cm<\/li>\n<\/ul>\n<p>If you choose the separating seat, the package includes an extra canister and hose.<\/p>\n<h3>Maintenance<\/h3>\n<p>During use, add dry cover material to the Green Toilet Lux after each use (approximately 1-2 dl) or as a separate maintenance procedure (approximately 5-10 liters) every 1-2 weeks.<\/p>\n<p>When the composting tank is full, replace it with an empty replacement cassette. The full composter can then be left to compost in peace. Alternatively, you can empty the full cassette into a separate compost bin designed for toilet waste, eliminating the need for replacement cassettes.<\/p>\n<h3>Options and Accessories<\/h3>\n<p>In off-grid locations, the electric fan can be replaced with <a href=\"https:\/\/pikkuvihrea.fi\/en\/product\/pikkuvihreae-tuulituuletin\/\" target=\"_blank\" rel=\"noopener\">a wind-powered fan<\/a>.<\/p>\n<p>If you don&#8217;t want to collect the excess liquid from the compost to a canister, you can use the <a href=\"https:\/\/pikkuvihrea.fi\/en\/product\/geotrap-dry-toilet-filter\/\" target=\"_blank\" rel=\"noopener\">GeoTrap Dry Toilet Filter<\/a> instead.<\/p>\n<p>&nbsp;<\/p>\n","protected":false},"excerpt":{"rendered":"<p>Green Toilet Lux Cassette is a stylish and eco-friendly indoor composting dry toilet. Featuring a sleek porcelain seat with a soft-close lid, it complements modern bathrooms. The innovative double bottom separates urine from solid waste. <strong>Green Toilet\u00a0cassette composter offers efficient and odor-free waste management in compact spaces.<\/strong><\/p>\n","protected":false},"featured_media":41187,"comment_status":"closed","ping_status":"closed","template":"","meta":{"_acf_changed":false},"product_brand":[],"product_cat":[745,1054,1051,1365],"product_tag":[],"class_list":{"0":"post-20036","1":"product","2":"type-product","3":"status-publish","4":"has-post-thumbnail","6":"product_cat-composting-toilets","7":"product_cat-dry-toilets","8":"product_cat-modern-dry-toilets-indoors","9":"product_cat-urine-diverting-toilet","10":"product_shipping_class-pallet-shipments","12":"first","13":"instock","14":"sale","15":"taxable","16":"shipping-taxable","17":"purchasable","18":"product-type-variable","19":"has-default-attributes"},"bundled_by":[],"bundle_stock_status":"instock","bundle_stock_quantity":null,"bundle_virtual":false,"bundle_layout":"","bundle_add_to_cart_form_location":"","bundle_editable_in_cart":false,"bundle_sold_individually_context":"","bundle_item_grouping":"","bundle_min_size":"","bundle_max_size":"","bundle_price":[],"bundled_items":[],"bundle_sell_ids":[],"acf":[],"gallery_images":[41101,41097,41093,19501,41193,41205,19495,31152,31148,30701,30705,30823,31156],"yoast_head":"<!-- This site is optimized with the Yoast SEO plugin v27.3 - https:\/\/yoast.com\/product\/yoast-seo-wordpress\/ -->\n<title>Green Toilet Lux Cassette Indoor Dry Toilet - With porcelain seat<\/title>\n<meta name=\"description\" content=\"Green Toilet Lux is an composting toilet for indoors. A stylish porcelain seat inside the bathroom and a composter with low clearance below the floor.\" \/>\n<meta name=\"robots\" content=\"index, follow, max-snippet:-1, max-image-preview:large, max-video-preview:-1\" \/>\n<link rel=\"canonical\" href=\"https:\/\/pikkuvihrea.fi\/en\/product\/green-toilet-lux-cassette-indoor-dry-toilet\/\" \/>\n<meta property=\"og:locale\" content=\"en_US\" \/>\n<meta property=\"og:type\" content=\"article\" \/>\n<meta property=\"og:title\" content=\"Green Toilet Lux Cassette Indoor Dry Toilet - With porcelain seat\" \/>\n<meta property=\"og:description\" content=\"Green Toilet Lux is an composting toilet for indoors. A stylish porcelain seat inside the bathroom and a composter with low clearance below the floor.\" \/>\n<meta property=\"og:url\" content=\"https:\/\/pikkuvihrea.fi\/en\/product\/green-toilet-lux-cassette-indoor-dry-toilet\/\" \/>\n<meta property=\"og:site_name\" content=\"Pikkuvihre\u00e4\" \/>\n<meta property=\"article:modified_time\" content=\"2025-10-14T07:39:23+00:00\" \/>\n<meta property=\"og:image\" content=\"https:\/\/pikkuvihrea.fi\/wp-content\/uploads\/2023\/03\/Green-Toilet-Lux-Kasetti-kompostoiva-kuivakaymala.jpg\" \/>\n\t<meta property=\"og:image:width\" content=\"900\" \/>\n\t<meta property=\"og:image:height\" content=\"900\" \/>\n\t<meta property=\"og:image:type\" content=\"image\/jpeg\" \/>\n<meta name=\"twitter:card\" content=\"summary_large_image\" \/>\n<meta name=\"twitter:label1\" content=\"Availability\" \/>\n\t<meta name=\"twitter:data1\" content=\"In stock\" \/>\n<script type=\"application\/ld+json\" class=\"yoast-schema-graph\">{\"@context\":\"https:\\\/\\\/schema.org\",\"@graph\":[{\"@type\":\"WebPage\",\"@id\":\"https:\\\/\\\/pikkuvihrea.fi\\\/en\\\/product\\\/green-toilet-lux-cassette-indoor-dry-toilet\\\/\",\"url\":\"https:\\\/\\\/pikkuvihrea.fi\\\/en\\\/product\\\/green-toilet-lux-cassette-indoor-dry-toilet\\\/\",\"name\":\"Green Toilet Lux Cassette Indoor Dry Toilet - With porcelain seat\",\"isPartOf\":{\"@id\":\"https:\\\/\\\/pikkuvihrea.fi\\\/en\\\/#website\"},\"primaryImageOfPage\":{\"@id\":\"https:\\\/\\\/pikkuvihrea.fi\\\/en\\\/product\\\/green-toilet-lux-cassette-indoor-dry-toilet\\\/#primaryimage\"},\"image\":{\"@id\":\"https:\\\/\\\/pikkuvihrea.fi\\\/en\\\/product\\\/green-toilet-lux-cassette-indoor-dry-toilet\\\/#primaryimage\"},\"thumbnailUrl\":\"https:\\\/\\\/pikkuvihrea.fi\\\/wp-content\\\/uploads\\\/2023\\\/03\\\/Green-Toilet-Lux-Kasetti-kompostoiva-kuivakaymala.jpg\",\"datePublished\":\"2023-03-30T06:50:40+00:00\",\"dateModified\":\"2025-10-14T07:39:23+00:00\",\"description\":\"Green Toilet Lux is an composting toilet for indoors. A stylish porcelain seat inside the bathroom and a composter with low clearance below the floor.\",\"breadcrumb\":{\"@id\":\"https:\\\/\\\/pikkuvihrea.fi\\\/en\\\/product\\\/green-toilet-lux-cassette-indoor-dry-toilet\\\/#breadcrumb\"},\"inLanguage\":\"en-US\",\"potentialAction\":[{\"@type\":\"ReadAction\",\"target\":[\"https:\\\/\\\/pikkuvihrea.fi\\\/en\\\/product\\\/green-toilet-lux-cassette-indoor-dry-toilet\\\/\"]}]},{\"@type\":\"ImageObject\",\"inLanguage\":\"en-US\",\"@id\":\"https:\\\/\\\/pikkuvihrea.fi\\\/en\\\/product\\\/green-toilet-lux-cassette-indoor-dry-toilet\\\/#primaryimage\",\"url\":\"https:\\\/\\\/pikkuvihrea.fi\\\/wp-content\\\/uploads\\\/2023\\\/03\\\/Green-Toilet-Lux-Kasetti-kompostoiva-kuivakaymala.jpg\",\"contentUrl\":\"https:\\\/\\\/pikkuvihrea.fi\\\/wp-content\\\/uploads\\\/2023\\\/03\\\/Green-Toilet-Lux-Kasetti-kompostoiva-kuivakaymala.jpg\",\"width\":900,\"height\":900,\"caption\":\"Green Toilet Lux kasettimalli on kompostoiva sis\u00e4k\u00e4ym\u00e4l\u00e4 posliini-istuimella ja helposti tyhjennett\u00e4v\u00e4ll\u00e4 kasettiratkaisulla\"},{\"@type\":\"BreadcrumbList\",\"@id\":\"https:\\\/\\\/pikkuvihrea.fi\\\/en\\\/product\\\/green-toilet-lux-cassette-indoor-dry-toilet\\\/#breadcrumb\",\"itemListElement\":[{\"@type\":\"ListItem\",\"position\":1,\"name\":\"Etusivu\",\"item\":\"https:\\\/\\\/pikkuvihrea.fi\\\/en\\\/\"},{\"@type\":\"ListItem\",\"position\":2,\"name\":\"Shop\",\"item\":\"https:\\\/\\\/pikkuvihrea.fi\\\/en\\\/shop\\\/\"},{\"@type\":\"ListItem\",\"position\":3,\"name\":\"Green Toilet Lux Cassette Indoor Dry Toilet\"}]},{\"@type\":\"WebSite\",\"@id\":\"https:\\\/\\\/pikkuvihrea.fi\\\/en\\\/#website\",\"url\":\"https:\\\/\\\/pikkuvihrea.fi\\\/en\\\/\",\"name\":\"Pikkuvihre\u00e4\",\"description\":\"\",\"publisher\":{\"@id\":\"https:\\\/\\\/pikkuvihrea.fi\\\/en\\\/#organization\"},\"potentialAction\":[{\"@type\":\"SearchAction\",\"target\":{\"@type\":\"EntryPoint\",\"urlTemplate\":\"https:\\\/\\\/pikkuvihrea.fi\\\/en\\\/?s={search_term_string}\"},\"query-input\":{\"@type\":\"PropertyValueSpecification\",\"valueRequired\":true,\"valueName\":\"search_term_string\"}}],\"inLanguage\":\"en-US\"},{\"@type\":\"Organization\",\"@id\":\"https:\\\/\\\/pikkuvihrea.fi\\\/en\\\/#organization\",\"name\":\"Pikkuvihre\u00e4\",\"url\":\"https:\\\/\\\/pikkuvihrea.fi\\\/en\\\/\",\"logo\":{\"@type\":\"ImageObject\",\"inLanguage\":\"en-US\",\"@id\":\"https:\\\/\\\/pikkuvihrea.fi\\\/en\\\/#\\\/schema\\\/logo\\\/image\\\/\",\"url\":\"https:\\\/\\\/pikkuvihrea.fi\\\/wp-content\\\/uploads\\\/2020\\\/10\\\/pikkuvihrea_logo_rgb_trimmed.jpg\",\"contentUrl\":\"https:\\\/\\\/pikkuvihrea.fi\\\/wp-content\\\/uploads\\\/2020\\\/10\\\/pikkuvihrea_logo_rgb_trimmed.jpg\",\"width\":660,\"height\":100,\"caption\":\"Pikkuvihre\u00e4\"},\"image\":{\"@id\":\"https:\\\/\\\/pikkuvihrea.fi\\\/en\\\/#\\\/schema\\\/logo\\\/image\\\/\"}}]}<\/script>\n<meta property=\"product:brand\" content=\"Green Toilet\" \/>\n<meta property=\"og:availability\" content=\"instock\" \/>\n<meta property=\"product:availability\" content=\"instock\" \/>\n<meta property=\"product:retailer_item_id\" content=\"6430069510495\" \/>\n<meta property=\"product:condition\" content=\"new\" \/>\n<!-- \/ Yoast SEO plugin. -->","yoast_head_json":{"title":"Green Toilet Lux Cassette Indoor Dry Toilet - With porcelain seat","description":"Green Toilet Lux is an composting toilet for indoors. A stylish porcelain seat inside the bathroom and a composter with low clearance below the floor.","robots":{"index":"index","follow":"follow","max-snippet":"max-snippet:-1","max-image-preview":"max-image-preview:large","max-video-preview":"max-video-preview:-1"},"canonical":"https:\/\/pikkuvihrea.fi\/en\/product\/green-toilet-lux-cassette-indoor-dry-toilet\/","og_locale":"en_US","og_type":"article","og_title":"Green Toilet Lux Cassette Indoor Dry Toilet - With porcelain seat","og_description":"Green Toilet Lux is an composting toilet for indoors. A stylish porcelain seat inside the bathroom and a composter with low clearance below the floor.","og_url":"https:\/\/pikkuvihrea.fi\/en\/product\/green-toilet-lux-cassette-indoor-dry-toilet\/","og_site_name":"Pikkuvihre\u00e4","article_modified_time":"2025-10-14T07:39:23+00:00","og_image":[{"width":900,"height":900,"url":"https:\/\/pikkuvihrea.fi\/wp-content\/uploads\/2023\/03\/Green-Toilet-Lux-Kasetti-kompostoiva-kuivakaymala.jpg","type":"image\/jpeg"}],"twitter_card":"summary_large_image","twitter_misc":{"Availability":"In stock"},"schema":{"@context":"https:\/\/schema.org","@graph":[{"@type":"WebPage","@id":"https:\/\/pikkuvihrea.fi\/en\/product\/green-toilet-lux-cassette-indoor-dry-toilet\/","url":"https:\/\/pikkuvihrea.fi\/en\/product\/green-toilet-lux-cassette-indoor-dry-toilet\/","name":"Green Toilet Lux Cassette Indoor Dry Toilet - With porcelain seat","isPartOf":{"@id":"https:\/\/pikkuvihrea.fi\/en\/#website"},"primaryImageOfPage":{"@id":"https:\/\/pikkuvihrea.fi\/en\/product\/green-toilet-lux-cassette-indoor-dry-toilet\/#primaryimage"},"image":{"@id":"https:\/\/pikkuvihrea.fi\/en\/product\/green-toilet-lux-cassette-indoor-dry-toilet\/#primaryimage"},"thumbnailUrl":"https:\/\/pikkuvihrea.fi\/wp-content\/uploads\/2023\/03\/Green-Toilet-Lux-Kasetti-kompostoiva-kuivakaymala.jpg","datePublished":"2023-03-30T06:50:40+00:00","dateModified":"2025-10-14T07:39:23+00:00","description":"Green Toilet Lux is an composting toilet for indoors. A stylish porcelain seat inside the bathroom and a composter with low clearance below the floor.","breadcrumb":{"@id":"https:\/\/pikkuvihrea.fi\/en\/product\/green-toilet-lux-cassette-indoor-dry-toilet\/#breadcrumb"},"inLanguage":"en-US","potentialAction":[{"@type":"ReadAction","target":["https:\/\/pikkuvihrea.fi\/en\/product\/green-toilet-lux-cassette-indoor-dry-toilet\/"]}]},{"@type":"ImageObject","inLanguage":"en-US","@id":"https:\/\/pikkuvihrea.fi\/en\/product\/green-toilet-lux-cassette-indoor-dry-toilet\/#primaryimage","url":"https:\/\/pikkuvihrea.fi\/wp-content\/uploads\/2023\/03\/Green-Toilet-Lux-Kasetti-kompostoiva-kuivakaymala.jpg","contentUrl":"https:\/\/pikkuvihrea.fi\/wp-content\/uploads\/2023\/03\/Green-Toilet-Lux-Kasetti-kompostoiva-kuivakaymala.jpg","width":900,"height":900,"caption":"Green Toilet Lux kasettimalli on kompostoiva sis\u00e4k\u00e4ym\u00e4l\u00e4 posliini-istuimella ja helposti tyhjennett\u00e4v\u00e4ll\u00e4 kasettiratkaisulla"},{"@type":"BreadcrumbList","@id":"https:\/\/pikkuvihrea.fi\/en\/product\/green-toilet-lux-cassette-indoor-dry-toilet\/#breadcrumb","itemListElement":[{"@type":"ListItem","position":1,"name":"Etusivu","item":"https:\/\/pikkuvihrea.fi\/en\/"},{"@type":"ListItem","position":2,"name":"Shop","item":"https:\/\/pikkuvihrea.fi\/en\/shop\/"},{"@type":"ListItem","position":3,"name":"Green Toilet Lux Cassette Indoor Dry Toilet"}]},{"@type":"WebSite","@id":"https:\/\/pikkuvihrea.fi\/en\/#website","url":"https:\/\/pikkuvihrea.fi\/en\/","name":"Pikkuvihre\u00e4","description":"","publisher":{"@id":"https:\/\/pikkuvihrea.fi\/en\/#organization"},"potentialAction":[{"@type":"SearchAction","target":{"@type":"EntryPoint","urlTemplate":"https:\/\/pikkuvihrea.fi\/en\/?s={search_term_string}"},"query-input":{"@type":"PropertyValueSpecification","valueRequired":true,"valueName":"search_term_string"}}],"inLanguage":"en-US"},{"@type":"Organization","@id":"https:\/\/pikkuvihrea.fi\/en\/#organization","name":"Pikkuvihre\u00e4","url":"https:\/\/pikkuvihrea.fi\/en\/","logo":{"@type":"ImageObject","inLanguage":"en-US","@id":"https:\/\/pikkuvihrea.fi\/en\/#\/schema\/logo\/image\/","url":"https:\/\/pikkuvihrea.fi\/wp-content\/uploads\/2020\/10\/pikkuvihrea_logo_rgb_trimmed.jpg","contentUrl":"https:\/\/pikkuvihrea.fi\/wp-content\/uploads\/2020\/10\/pikkuvihrea_logo_rgb_trimmed.jpg","width":660,"height":100,"caption":"Pikkuvihre\u00e4"},"image":{"@id":"https:\/\/pikkuvihrea.fi\/en\/#\/schema\/logo\/image\/"}}]},"product_brand":"Green Toilet","og_availability":"instock","product_availability":"instock","product_retailer_item_id":"6430069510495","product_condition":"new"},"_links":{"self":[{"href":"https:\/\/pikkuvihrea.fi\/en\/wp-json\/wp\/v2\/product\/20036","targetHints":{"allow":["GET"]}}],"collection":[{"href":"https:\/\/pikkuvihrea.fi\/en\/wp-json\/wp\/v2\/product"}],"about":[{"href":"https:\/\/pikkuvihrea.fi\/en\/wp-json\/wp\/v2\/types\/product"}],"replies":[{"embeddable":true,"href":"https:\/\/pikkuvihrea.fi\/en\/wp-json\/wp\/v2\/comments?post=20036"}],"wp:featuredmedia":[{"embeddable":true,"href":"https:\/\/pikkuvihrea.fi\/en\/wp-json\/wp\/v2\/media\/41187"}],"wp:attachment":[{"href":"https:\/\/pikkuvihrea.fi\/en\/wp-json\/wp\/v2\/media?parent=20036"}],"wp:term":[{"taxonomy":"product_brand","embeddable":true,"href":"https:\/\/pikkuvihrea.fi\/en\/wp-json\/wp\/v2\/product_brand?post=20036"},{"taxonomy":"product_cat","embeddable":true,"href":"https:\/\/pikkuvihrea.fi\/en\/wp-json\/wp\/v2\/product_cat?post=20036"},{"taxonomy":"product_tag","embeddable":true,"href":"https:\/\/pikkuvihrea.fi\/en\/wp-json\/wp\/v2\/product_tag?post=20036"}],"curies":[{"name":"wp","href":"https:\/\/api.w.org\/{rel}","templated":true}]}}