{"id":1977,"date":"2020-03-17T10:57:09","date_gmt":"2020-03-17T08:57:09","guid":{"rendered":"https:\/\/pikkuvihrea.fi\/tuote\/puucee-biodegrader-sprinkles-18-kg\/"},"modified":"2026-03-11T11:27:03","modified_gmt":"2026-03-11T09:27:03","slug":"puucee-biodegrader-sprinkles","status":"publish","type":"product","link":"https:\/\/pikkuvihrea.fi\/en\/product\/puucee-biodegrader-sprinkles\/","title":{"rendered":"PuuCee Biodegrader Sprinkles 1.8 KG"},"content":{"rendered":"<p>PuuCee Janne, also known as &#8220;outhouse powder&#8221;, is a lemon-scented yellow classic among dry toilet products. It&#8217;s suitable for use in all types of dry toilets and outhouses. It effectively combats unpleasant odors and significantly speeds up the composting process. In addition, PuuCee Janne repels flies and allows you to reduce the amount of bulking material needed. When composting is more active, the capacity of the composting toilet improves and maintenance becomes easier.<\/p>\n<h3>INSTRUCTIONS FOR USE<\/h3>\n<p>Sprinkle about one tablespoon of PuuCee Janne into the toilet container after each use. This powder is non-toxic and can also be used in other composters, such as kitchen compost bins, to accelerate composting.<\/p>\n<p>If the product gets into your eyes or mouth, rinse thoroughly with plenty of water.<\/p>\n<p>Store sealed in a cool, dry place. The microbes in the product remain effective for several years in the package. They become active when exposed to moisture and warmth.<\/p>\n<p><strong>Price per kilo: 22.17 \u20ac<\/strong><\/p>\n<p><strong>Ingredients:<\/strong><br \/>\nMicrobes &lt; 5%,<br \/>\nEnzymes &lt; 5%,<br \/>\nFragrance &lt; 5%<\/p>\n<p>Also available in <a href=\"https:\/\/pikkuvihrea.fi\/en\/product\/puucee-janne-biodegrader-sprinkels-4kg\/\" target=\"_blank\" rel=\"noopener\"><strong>a larger 4 kg package<\/strong><\/a> (price per kilo: 19.75 \u20ac).<\/p>\n","protected":false},"excerpt":{"rendered":"<p><strong>PuuCee Janne Biodegrader<\/strong> is used for odor control in dry toilets. PuuCee Janne is suitable for all types of dry toilets and gives your outhouse a pleasant scent.<\/p>\n<ul>\n<li>Eliminates unpleasant odors<\/li>\n<li>Speeds up composting<\/li>\n<li>Repels flies<\/li>\n<li>Non-toxic natural product<\/li>\n<\/ul>\n","protected":false},"featured_media":44654,"comment_status":"closed","ping_status":"closed","template":"","meta":{"_acf_changed":false},"product_brand":[],"product_cat":[1368,1053],"product_tag":[1349],"class_list":{"0":"post-1977","1":"product","2":"type-product","3":"status-publish","4":"has-post-thumbnail","6":"product_cat-compost-boosters","7":"product_cat-supplies-for-dry-toilets","8":"product_tag-odor-removal","9":"product_shipping_class-small-packages","11":"first","12":"instock","13":"taxable","14":"shipping-taxable","15":"purchasable","16":"product-type-simple"},"bundled_by":[],"bundle_stock_status":"instock","bundle_stock_quantity":null,"bundle_virtual":false,"bundle_layout":"","bundle_add_to_cart_form_location":"","bundle_editable_in_cart":false,"bundle_sold_individually_context":"","bundle_item_grouping":"","bundle_min_size":"","bundle_max_size":"","bundle_price":[],"bundled_items":[],"bundle_sell_ids":[],"acf":[],"gallery_images":[1971,36990,13179],"yoast_head":"<!-- This site is optimized with the Yoast SEO plugin v27.3 - https:\/\/yoast.com\/product\/yoast-seo-wordpress\/ -->\n<title>PuuCee Biodegrader Sprinkles 1.8 KG - Pikkuvihre\u00e4 ecological web shop<\/title>\n<meta name=\"description\" content=\"PuuCee Janne is a classic in the outhouse: the yellow, efficient biodegrader with the lemon scent. Boosts composting and expels flies.\" \/>\n<meta name=\"robots\" content=\"index, follow, max-snippet:-1, max-image-preview:large, max-video-preview:-1\" \/>\n<link rel=\"canonical\" href=\"https:\/\/pikkuvihrea.fi\/en\/product\/puucee-biodegrader-sprinkles\/\" \/>\n<meta property=\"og:locale\" content=\"en_US\" \/>\n<meta property=\"og:type\" content=\"article\" \/>\n<meta property=\"og:title\" content=\"PuuCee Biodegrader Sprinkles 1.8 KG - Pikkuvihre\u00e4 ecological web shop\" \/>\n<meta property=\"og:description\" content=\"PuuCee Janne is a classic in the outhouse: the yellow, efficient biodegrader with the lemon scent. Boosts composting and expels flies.\" \/>\n<meta property=\"og:url\" content=\"https:\/\/pikkuvihrea.fi\/en\/product\/puucee-biodegrader-sprinkles\/\" \/>\n<meta property=\"og:site_name\" content=\"Pikkuvihre\u00e4\" \/>\n<meta property=\"article:modified_time\" content=\"2026-03-11T09:27:03+00:00\" \/>\n<meta property=\"og:image\" content=\"https:\/\/pikkuvihrea.fi\/wp-content\/uploads\/2020\/03\/PuuCee-Janne-1.jpg\" \/>\n\t<meta property=\"og:image:width\" content=\"900\" \/>\n\t<meta property=\"og:image:height\" content=\"900\" \/>\n\t<meta property=\"og:image:type\" content=\"image\/jpeg\" \/>\n<meta name=\"twitter:card\" content=\"summary_large_image\" \/>\n<meta name=\"twitter:label1\" content=\"Price\" \/>\n\t<meta name=\"twitter:data1\" content=\"39,90&nbsp;&euro;\" \/>\n\t<meta name=\"twitter:label2\" content=\"Availability\" \/>\n\t<meta name=\"twitter:data2\" content=\"In stock\" \/>\n<script type=\"application\/ld+json\" class=\"yoast-schema-graph\">{\"@context\":\"https:\\\/\\\/schema.org\",\"@graph\":[{\"@type\":\"WebPage\",\"@id\":\"https:\\\/\\\/pikkuvihrea.fi\\\/en\\\/product\\\/puucee-biodegrader-sprinkles\\\/\",\"url\":\"https:\\\/\\\/pikkuvihrea.fi\\\/en\\\/product\\\/puucee-biodegrader-sprinkles\\\/\",\"name\":\"PuuCee Biodegrader Sprinkles 1.8 KG - Pikkuvihre\u00e4 ecological web shop\",\"isPartOf\":{\"@id\":\"https:\\\/\\\/pikkuvihrea.fi\\\/en\\\/#website\"},\"primaryImageOfPage\":{\"@id\":\"https:\\\/\\\/pikkuvihrea.fi\\\/en\\\/product\\\/puucee-biodegrader-sprinkles\\\/#primaryimage\"},\"image\":{\"@id\":\"https:\\\/\\\/pikkuvihrea.fi\\\/en\\\/product\\\/puucee-biodegrader-sprinkles\\\/#primaryimage\"},\"thumbnailUrl\":\"https:\\\/\\\/pikkuvihrea.fi\\\/wp-content\\\/uploads\\\/2026\\\/03\\\/PuuCee_Janne_18_kg_2026_2.jpg\",\"datePublished\":\"2020-03-17T08:57:09+00:00\",\"dateModified\":\"2026-03-11T09:27:03+00:00\",\"description\":\"PuuCee Janne is a classic in the outhouse: the yellow, efficient biodegrader with the lemon scent. Boosts composting and expels flies.\",\"breadcrumb\":{\"@id\":\"https:\\\/\\\/pikkuvihrea.fi\\\/en\\\/product\\\/puucee-biodegrader-sprinkles\\\/#breadcrumb\"},\"inLanguage\":\"en-US\",\"potentialAction\":[{\"@type\":\"ReadAction\",\"target\":[\"https:\\\/\\\/pikkuvihrea.fi\\\/en\\\/product\\\/puucee-biodegrader-sprinkles\\\/\"]}]},{\"@type\":\"ImageObject\",\"inLanguage\":\"en-US\",\"@id\":\"https:\\\/\\\/pikkuvihrea.fi\\\/en\\\/product\\\/puucee-biodegrader-sprinkles\\\/#primaryimage\",\"url\":\"https:\\\/\\\/pikkuvihrea.fi\\\/wp-content\\\/uploads\\\/2026\\\/03\\\/PuuCee_Janne_18_kg_2026_2.jpg\",\"contentUrl\":\"https:\\\/\\\/pikkuvihrea.fi\\\/wp-content\\\/uploads\\\/2026\\\/03\\\/PuuCee_Janne_18_kg_2026_2.jpg\",\"width\":900,\"height\":900,\"caption\":\"PuuCee Janne biohajottaja tehostaa kuivak\u00e4ym\u00e4l\u00e4n kompostoitumista ja auttaa pit\u00e4m\u00e4\u00e4n hajut kurissa\"},{\"@type\":\"BreadcrumbList\",\"@id\":\"https:\\\/\\\/pikkuvihrea.fi\\\/en\\\/product\\\/puucee-biodegrader-sprinkles\\\/#breadcrumb\",\"itemListElement\":[{\"@type\":\"ListItem\",\"position\":1,\"name\":\"Etusivu\",\"item\":\"https:\\\/\\\/pikkuvihrea.fi\\\/en\\\/\"},{\"@type\":\"ListItem\",\"position\":2,\"name\":\"Shop\",\"item\":\"https:\\\/\\\/pikkuvihrea.fi\\\/en\\\/shop\\\/\"},{\"@type\":\"ListItem\",\"position\":3,\"name\":\"PuuCee Biodegrader Sprinkles 1.8 KG\"}]},{\"@type\":\"WebSite\",\"@id\":\"https:\\\/\\\/pikkuvihrea.fi\\\/en\\\/#website\",\"url\":\"https:\\\/\\\/pikkuvihrea.fi\\\/en\\\/\",\"name\":\"Pikkuvihre\u00e4\",\"description\":\"\",\"publisher\":{\"@id\":\"https:\\\/\\\/pikkuvihrea.fi\\\/en\\\/#organization\"},\"potentialAction\":[{\"@type\":\"SearchAction\",\"target\":{\"@type\":\"EntryPoint\",\"urlTemplate\":\"https:\\\/\\\/pikkuvihrea.fi\\\/en\\\/?s={search_term_string}\"},\"query-input\":{\"@type\":\"PropertyValueSpecification\",\"valueRequired\":true,\"valueName\":\"search_term_string\"}}],\"inLanguage\":\"en-US\"},{\"@type\":\"Organization\",\"@id\":\"https:\\\/\\\/pikkuvihrea.fi\\\/en\\\/#organization\",\"name\":\"Pikkuvihre\u00e4\",\"url\":\"https:\\\/\\\/pikkuvihrea.fi\\\/en\\\/\",\"logo\":{\"@type\":\"ImageObject\",\"inLanguage\":\"en-US\",\"@id\":\"https:\\\/\\\/pikkuvihrea.fi\\\/en\\\/#\\\/schema\\\/logo\\\/image\\\/\",\"url\":\"https:\\\/\\\/pikkuvihrea.fi\\\/wp-content\\\/uploads\\\/2020\\\/10\\\/pikkuvihrea_logo_rgb_trimmed.jpg\",\"contentUrl\":\"https:\\\/\\\/pikkuvihrea.fi\\\/wp-content\\\/uploads\\\/2020\\\/10\\\/pikkuvihrea_logo_rgb_trimmed.jpg\",\"width\":660,\"height\":100,\"caption\":\"Pikkuvihre\u00e4\"},\"image\":{\"@id\":\"https:\\\/\\\/pikkuvihrea.fi\\\/en\\\/#\\\/schema\\\/logo\\\/image\\\/\"}}]}<\/script>\n<meta property=\"product:brand\" content=\"PuuCee Janne&#039;s\" \/>\n<meta property=\"product:price:amount\" content=\"39.90\" \/>\n<meta property=\"product:price:currency\" content=\"EUR\" \/>\n<meta property=\"og:availability\" content=\"instock\" \/>\n<meta property=\"product:availability\" content=\"instock\" \/>\n<meta property=\"product:retailer_item_id\" content=\"5060190640931\" \/>\n<meta property=\"product:condition\" content=\"new\" \/>\n<!-- \/ Yoast SEO plugin. -->","yoast_head_json":{"title":"PuuCee Biodegrader Sprinkles 1.8 KG - Pikkuvihre\u00e4 ecological web shop","description":"PuuCee Janne is a classic in the outhouse: the yellow, efficient biodegrader with the lemon scent. Boosts composting and expels flies.","robots":{"index":"index","follow":"follow","max-snippet":"max-snippet:-1","max-image-preview":"max-image-preview:large","max-video-preview":"max-video-preview:-1"},"canonical":"https:\/\/pikkuvihrea.fi\/en\/product\/puucee-biodegrader-sprinkles\/","og_locale":"en_US","og_type":"article","og_title":"PuuCee Biodegrader Sprinkles 1.8 KG - Pikkuvihre\u00e4 ecological web shop","og_description":"PuuCee Janne is a classic in the outhouse: the yellow, efficient biodegrader with the lemon scent. Boosts composting and expels flies.","og_url":"https:\/\/pikkuvihrea.fi\/en\/product\/puucee-biodegrader-sprinkles\/","og_site_name":"Pikkuvihre\u00e4","article_modified_time":"2026-03-11T09:27:03+00:00","og_image":[{"width":900,"height":900,"url":"https:\/\/pikkuvihrea.fi\/wp-content\/uploads\/2020\/03\/PuuCee-Janne-1.jpg","type":"image\/jpeg"}],"twitter_card":"summary_large_image","twitter_misc":{"Price":"39,90&nbsp;&euro;","Availability":"In stock"},"schema":{"@context":"https:\/\/schema.org","@graph":[{"@type":"WebPage","@id":"https:\/\/pikkuvihrea.fi\/en\/product\/puucee-biodegrader-sprinkles\/","url":"https:\/\/pikkuvihrea.fi\/en\/product\/puucee-biodegrader-sprinkles\/","name":"PuuCee Biodegrader Sprinkles 1.8 KG - Pikkuvihre\u00e4 ecological web shop","isPartOf":{"@id":"https:\/\/pikkuvihrea.fi\/en\/#website"},"primaryImageOfPage":{"@id":"https:\/\/pikkuvihrea.fi\/en\/product\/puucee-biodegrader-sprinkles\/#primaryimage"},"image":{"@id":"https:\/\/pikkuvihrea.fi\/en\/product\/puucee-biodegrader-sprinkles\/#primaryimage"},"thumbnailUrl":"https:\/\/pikkuvihrea.fi\/wp-content\/uploads\/2026\/03\/PuuCee_Janne_18_kg_2026_2.jpg","datePublished":"2020-03-17T08:57:09+00:00","dateModified":"2026-03-11T09:27:03+00:00","description":"PuuCee Janne is a classic in the outhouse: the yellow, efficient biodegrader with the lemon scent. Boosts composting and expels flies.","breadcrumb":{"@id":"https:\/\/pikkuvihrea.fi\/en\/product\/puucee-biodegrader-sprinkles\/#breadcrumb"},"inLanguage":"en-US","potentialAction":[{"@type":"ReadAction","target":["https:\/\/pikkuvihrea.fi\/en\/product\/puucee-biodegrader-sprinkles\/"]}]},{"@type":"ImageObject","inLanguage":"en-US","@id":"https:\/\/pikkuvihrea.fi\/en\/product\/puucee-biodegrader-sprinkles\/#primaryimage","url":"https:\/\/pikkuvihrea.fi\/wp-content\/uploads\/2026\/03\/PuuCee_Janne_18_kg_2026_2.jpg","contentUrl":"https:\/\/pikkuvihrea.fi\/wp-content\/uploads\/2026\/03\/PuuCee_Janne_18_kg_2026_2.jpg","width":900,"height":900,"caption":"PuuCee Janne biohajottaja tehostaa kuivak\u00e4ym\u00e4l\u00e4n kompostoitumista ja auttaa pit\u00e4m\u00e4\u00e4n hajut kurissa"},{"@type":"BreadcrumbList","@id":"https:\/\/pikkuvihrea.fi\/en\/product\/puucee-biodegrader-sprinkles\/#breadcrumb","itemListElement":[{"@type":"ListItem","position":1,"name":"Etusivu","item":"https:\/\/pikkuvihrea.fi\/en\/"},{"@type":"ListItem","position":2,"name":"Shop","item":"https:\/\/pikkuvihrea.fi\/en\/shop\/"},{"@type":"ListItem","position":3,"name":"PuuCee Biodegrader Sprinkles 1.8 KG"}]},{"@type":"WebSite","@id":"https:\/\/pikkuvihrea.fi\/en\/#website","url":"https:\/\/pikkuvihrea.fi\/en\/","name":"Pikkuvihre\u00e4","description":"","publisher":{"@id":"https:\/\/pikkuvihrea.fi\/en\/#organization"},"potentialAction":[{"@type":"SearchAction","target":{"@type":"EntryPoint","urlTemplate":"https:\/\/pikkuvihrea.fi\/en\/?s={search_term_string}"},"query-input":{"@type":"PropertyValueSpecification","valueRequired":true,"valueName":"search_term_string"}}],"inLanguage":"en-US"},{"@type":"Organization","@id":"https:\/\/pikkuvihrea.fi\/en\/#organization","name":"Pikkuvihre\u00e4","url":"https:\/\/pikkuvihrea.fi\/en\/","logo":{"@type":"ImageObject","inLanguage":"en-US","@id":"https:\/\/pikkuvihrea.fi\/en\/#\/schema\/logo\/image\/","url":"https:\/\/pikkuvihrea.fi\/wp-content\/uploads\/2020\/10\/pikkuvihrea_logo_rgb_trimmed.jpg","contentUrl":"https:\/\/pikkuvihrea.fi\/wp-content\/uploads\/2020\/10\/pikkuvihrea_logo_rgb_trimmed.jpg","width":660,"height":100,"caption":"Pikkuvihre\u00e4"},"image":{"@id":"https:\/\/pikkuvihrea.fi\/en\/#\/schema\/logo\/image\/"}}]},"product_brand":"PuuCee Janne's","product_price_amount":"39.90","product_price_currency":"EUR","og_availability":"instock","product_availability":"instock","product_retailer_item_id":"5060190640931","product_condition":"new"},"_links":{"self":[{"href":"https:\/\/pikkuvihrea.fi\/en\/wp-json\/wp\/v2\/product\/1977","targetHints":{"allow":["GET"]}}],"collection":[{"href":"https:\/\/pikkuvihrea.fi\/en\/wp-json\/wp\/v2\/product"}],"about":[{"href":"https:\/\/pikkuvihrea.fi\/en\/wp-json\/wp\/v2\/types\/product"}],"replies":[{"embeddable":true,"href":"https:\/\/pikkuvihrea.fi\/en\/wp-json\/wp\/v2\/comments?post=1977"}],"wp:featuredmedia":[{"embeddable":true,"href":"https:\/\/pikkuvihrea.fi\/en\/wp-json\/wp\/v2\/media\/44654"}],"wp:attachment":[{"href":"https:\/\/pikkuvihrea.fi\/en\/wp-json\/wp\/v2\/media?parent=1977"}],"wp:term":[{"taxonomy":"product_brand","embeddable":true,"href":"https:\/\/pikkuvihrea.fi\/en\/wp-json\/wp\/v2\/product_brand?post=1977"},{"taxonomy":"product_cat","embeddable":true,"href":"https:\/\/pikkuvihrea.fi\/en\/wp-json\/wp\/v2\/product_cat?post=1977"},{"taxonomy":"product_tag","embeddable":true,"href":"https:\/\/pikkuvihrea.fi\/en\/wp-json\/wp\/v2\/product_tag?post=1977"}],"curies":[{"name":"wp","href":"https:\/\/api.w.org\/{rel}","templated":true}]}}