{"id":18775,"date":"2023-03-01T15:30:39","date_gmt":"2023-03-01T13:30:39","guid":{"rendered":"https:\/\/pikkuvihrea.fi\/?post_type=product&#038;p=18775"},"modified":"2026-02-24T09:34:00","modified_gmt":"2026-02-24T07:34:00","slug":"green-toilet-light-urine-separating-toilet","status":"publish","type":"product","link":"https:\/\/pikkuvihrea.fi\/en\/product\/green-toilet-light-urine-separating-toilet\/","title":{"rendered":"Green Toilet Light Urine Separating Toilet"},"content":{"rendered":"<p>Green Toilet Light is a urine separating dry toilet that fits in many use cases. The Light separates urine from solids with a two-fold seat design in which all urine naturally hits the front bowl whereas the solids drop through the back into a solids chamber. Thanks to the separation, the Green Toilet Light is odorless and pleasant to use. Green Toilet Light has a sturdy, robust structure without any moving parts that would break in use.<\/p>\n<p>The Light is a great choise in particular for family use e.g. in a summer cottage or a holiday home. Majority of the toilet waste is urine and when it is separated, there is not much solid waste to compost even in high use volume.<\/p>\n<p>The Green Toilet Light can well be used both in an outhouse or indoors. The Light has a comfy thermal seat which is nice to sit on even if the toilet space is cold. When installed indoors, there is <a href=\"https:\/\/pikkuvihrea.fi\/en\/product\/pikkuvihrea-dry-toilet-fan-stepless-control\/\" target=\"_blank\" rel=\"noopener\"><strong>an electric duct fan<\/strong> <\/a>sold separately that is to ensure odorless use at all times.<\/p>\n<h3>USAGE<\/h3>\n<p>Green Toilet Light is used seated. When seated, urine will naturally hit the front bowl of the toilet while the solids drop through the back part into a solids chamber. Toilet paper is also put into the solids chamber. Use of other dry material or bulking agent is not mandatory, but allowed.<\/p>\n<p>Note! For men there is <strong><a href=\"https:\/\/pikkuvihrea.fi\/en\/product\/pikkuvihreae-urinal\/\" target=\"_blank\" rel=\"noopener\">a waterless urinal<\/a><\/strong> available that can be used to urinate while standing.<\/p>\n<h3>SERVICE<\/h3>\n<p>Green Toilet Light is serviced from the back where it has a detachable back wall. To empty the toilet, you simply need to pull off the back wall and get the solids chamber out. The chamber has a lid which makes it easy to carry out for emptying. From a urine separating toilet, the solids can be composted in a composter that has a lid, like for example the <strong><a href=\"https:\/\/pikkuvihrea.fi\/en\/product\/green-composter-330\/\" target=\"_blank\" rel=\"noopener\">Green Composter 330 for Toilet Waste<\/a><\/strong>.<\/p>\n<h3>TECHNICAL DETAILS<\/h3>\n<ul>\n<li>Length 645 mm<\/li>\n<li>Width 620 mm<\/li>\n<li>Height 500 mm<\/li>\n<li>Seat height 500 mm<\/li>\n<li>Weight when empty approx. 10 kg<\/li>\n<li>Material: HDPE-plastic<\/li>\n<li>Color: Dark grey<\/li>\n<li>Country of manufacture: Finland<\/li>\n<\/ul>\n<h3>DELIVERY CONTENTS<\/h3>\n<ul>\n<li>Green Toilet Light urine separating toilet<\/li>\n<li>Hinged thermal seat, black<\/li>\n<li>Solids chamber and a lid, 22 liters<\/li>\n<li>Flexible urine pipe 70 cm white (32 mm diameter)<\/li>\n<li>Flexible urine hose 150 cm black (32 mm diameter)<\/li>\n<li>Ventilation pipes 4 x 50 cm (75 mm diameter), joints 3 pcs<\/li>\n<\/ul>\n<p>Package measurements: 63 x 59 x 60 cm approx. 12 kg<\/p>\n","protected":false},"excerpt":{"rendered":"<p>The <strong>Green Toilet Light<\/strong> is a urine-separating dry toilet suitable for both outhouses and indoor spaces. It features a soft thermal seat for comfort even in cold environments and is easy to install directly on the floor. With a durable, no-moving-parts design, it ensures reliability and hassle-free use.<\/p>\n<ul>\n<li>Odorless with urine separation<\/li>\n<li>Ideal for family use<\/li>\n<li>Floor-level installation<\/li>\n<li>Made in Finland<\/li>\n<\/ul>\n","protected":false},"featured_media":18733,"comment_status":"closed","ping_status":"closed","template":"","meta":{"_acf_changed":false},"product_brand":[],"product_cat":[745,1054,1051,1365],"product_tag":[],"class_list":{"0":"post-18775","1":"product","2":"type-product","3":"status-publish","4":"has-post-thumbnail","6":"product_cat-composting-toilets","7":"product_cat-dry-toilets","8":"product_cat-modern-dry-toilets-indoors","9":"product_cat-urine-diverting-toilet","10":"product_shipping_class-large-packages","12":"first","13":"instock","14":"downloadable","15":"taxable","16":"shipping-taxable","17":"purchasable","18":"product-type-bundle"},"bundled_by":[],"bundle_stock_status":"instock","bundle_stock_quantity":"","bundle_virtual":false,"bundle_layout":"default","bundle_add_to_cart_form_location":"default","bundle_editable_in_cart":false,"bundle_sold_individually_context":"product","bundle_item_grouping":"noindent","bundle_min_size":"","bundle_max_size":"","bundle_price":{"price":{"min":{"incl_tax":"469.00","excl_tax":"373.71"},"max":{"incl_tax":"479.9","excl_tax":"382.4"}},"regular_price":{"min":{"incl_tax":"469.00","excl_tax":"373.71"},"max":{"incl_tax":"484.9","excl_tax":"386.38"}}},"bundled_items":[{"bundled_item_id":253,"product_id":33440,"menu_order":0,"quantity_min":1,"quantity_max":1,"quantity_default":1,"priced_individually":true,"shipped_individually":false,"override_title":false,"title":"Pikkuvihre\u00e4 Biodegradable Bags for Dry toilets","override_description":false,"description":"Pikkuvihre\u00e4 Biodegradable Bags for Dry toilets","optional":true,"hide_thumbnail":false,"discount":"31.44654","override_variations":false,"allowed_variations":[""],"override_default_variation_attributes":false,"default_variation_attributes":[],"single_product_visibility":"visible","cart_visibility":"visible","order_visibility":"visible","single_product_price_visibility":"visible","cart_price_visibility":"visible","order_price_visibility":"visible","stock_status":"in_stock"}],"bundle_sell_ids":[],"acf":[],"gallery_images":[43348,18746,18740,23609,18767,18755,18764,18752,18749,18743,18758],"yoast_head":"<!-- This site is optimized with the Yoast SEO plugin v27.3 - https:\/\/yoast.com\/product\/yoast-seo-wordpress\/ -->\n<title>Green Toilet Light Urine Separating Toilet - Pikkuvihre\u00e4<\/title>\n<meta name=\"description\" content=\"Green Toilet Light is a urine separating dry toilet ideal for holiday homes and summer cottages especially for family use.\" \/>\n<meta name=\"robots\" content=\"index, follow, max-snippet:-1, max-image-preview:large, max-video-preview:-1\" \/>\n<link rel=\"canonical\" href=\"https:\/\/pikkuvihrea.fi\/en\/product\/green-toilet-light-urine-separating-toilet\/\" \/>\n<meta property=\"og:locale\" content=\"en_US\" \/>\n<meta property=\"og:type\" content=\"article\" \/>\n<meta property=\"og:title\" content=\"Green Toilet Light Urine Separating Toilet - Pikkuvihre\u00e4\" \/>\n<meta property=\"og:description\" content=\"Green Toilet Light is a urine separating dry toilet ideal for holiday homes and summer cottages especially for family use.\" \/>\n<meta property=\"og:url\" content=\"https:\/\/pikkuvihrea.fi\/en\/product\/green-toilet-light-urine-separating-toilet\/\" \/>\n<meta property=\"og:site_name\" content=\"Pikkuvihre\u00e4\" \/>\n<meta property=\"article:modified_time\" content=\"2026-02-24T07:34:00+00:00\" \/>\n<meta property=\"og:image\" content=\"https:\/\/pikkuvihrea.fi\/wp-content\/uploads\/2023\/02\/Green-Toilet-Light.jpg\" \/>\n\t<meta property=\"og:image:width\" content=\"1000\" \/>\n\t<meta property=\"og:image:height\" content=\"1000\" \/>\n\t<meta property=\"og:image:type\" content=\"image\/jpeg\" \/>\n<meta name=\"twitter:card\" content=\"summary_large_image\" \/>\n<meta name=\"twitter:label1\" content=\"Price\" \/>\n\t<meta name=\"twitter:data1\" content=\"469,00&nbsp;&euro;\" \/>\n\t<meta name=\"twitter:label2\" content=\"Availability\" \/>\n\t<meta name=\"twitter:data2\" content=\"In stock\" \/>\n<script type=\"application\/ld+json\" class=\"yoast-schema-graph\">{\"@context\":\"https:\\\/\\\/schema.org\",\"@graph\":[{\"@type\":\"WebPage\",\"@id\":\"https:\\\/\\\/pikkuvihrea.fi\\\/en\\\/product\\\/green-toilet-light-urine-separating-toilet\\\/\",\"url\":\"https:\\\/\\\/pikkuvihrea.fi\\\/en\\\/product\\\/green-toilet-light-urine-separating-toilet\\\/\",\"name\":\"Green Toilet Light Urine Separating Toilet - Pikkuvihre\u00e4\",\"isPartOf\":{\"@id\":\"https:\\\/\\\/pikkuvihrea.fi\\\/en\\\/#website\"},\"primaryImageOfPage\":{\"@id\":\"https:\\\/\\\/pikkuvihrea.fi\\\/en\\\/product\\\/green-toilet-light-urine-separating-toilet\\\/#primaryimage\"},\"image\":{\"@id\":\"https:\\\/\\\/pikkuvihrea.fi\\\/en\\\/product\\\/green-toilet-light-urine-separating-toilet\\\/#primaryimage\"},\"thumbnailUrl\":\"https:\\\/\\\/pikkuvihrea.fi\\\/wp-content\\\/uploads\\\/2023\\\/02\\\/Green-Toilet-Light.jpg\",\"datePublished\":\"2023-03-01T13:30:39+00:00\",\"dateModified\":\"2026-02-24T07:34:00+00:00\",\"description\":\"Green Toilet Light is a urine separating dry toilet ideal for holiday homes and summer cottages especially for family use.\",\"breadcrumb\":{\"@id\":\"https:\\\/\\\/pikkuvihrea.fi\\\/en\\\/product\\\/green-toilet-light-urine-separating-toilet\\\/#breadcrumb\"},\"inLanguage\":\"en-US\",\"potentialAction\":[{\"@type\":\"ReadAction\",\"target\":[\"https:\\\/\\\/pikkuvihrea.fi\\\/en\\\/product\\\/green-toilet-light-urine-separating-toilet\\\/\"]}]},{\"@type\":\"ImageObject\",\"inLanguage\":\"en-US\",\"@id\":\"https:\\\/\\\/pikkuvihrea.fi\\\/en\\\/product\\\/green-toilet-light-urine-separating-toilet\\\/#primaryimage\",\"url\":\"https:\\\/\\\/pikkuvihrea.fi\\\/wp-content\\\/uploads\\\/2023\\\/02\\\/Green-Toilet-Light.jpg\",\"contentUrl\":\"https:\\\/\\\/pikkuvihrea.fi\\\/wp-content\\\/uploads\\\/2023\\\/02\\\/Green-Toilet-Light.jpg\",\"width\":1000,\"height\":1000,\"caption\":\"Green Toilet Light on erottelev\u00e4 kuivak\u00e4ym\u00e4l\u00e4, joka v\u00e4hent\u00e4\u00e4 hajua ja helpottaa k\u00e4ytt\u00f6\u00e4 \u2013 sopii m\u00f6kille ilman vett\u00e4\"},{\"@type\":\"BreadcrumbList\",\"@id\":\"https:\\\/\\\/pikkuvihrea.fi\\\/en\\\/product\\\/green-toilet-light-urine-separating-toilet\\\/#breadcrumb\",\"itemListElement\":[{\"@type\":\"ListItem\",\"position\":1,\"name\":\"Etusivu\",\"item\":\"https:\\\/\\\/pikkuvihrea.fi\\\/en\\\/\"},{\"@type\":\"ListItem\",\"position\":2,\"name\":\"Shop\",\"item\":\"https:\\\/\\\/pikkuvihrea.fi\\\/en\\\/shop\\\/\"},{\"@type\":\"ListItem\",\"position\":3,\"name\":\"Green Toilet Light Urine Separating Toilet\"}]},{\"@type\":\"WebSite\",\"@id\":\"https:\\\/\\\/pikkuvihrea.fi\\\/en\\\/#website\",\"url\":\"https:\\\/\\\/pikkuvihrea.fi\\\/en\\\/\",\"name\":\"Pikkuvihre\u00e4\",\"description\":\"\",\"publisher\":{\"@id\":\"https:\\\/\\\/pikkuvihrea.fi\\\/en\\\/#organization\"},\"potentialAction\":[{\"@type\":\"SearchAction\",\"target\":{\"@type\":\"EntryPoint\",\"urlTemplate\":\"https:\\\/\\\/pikkuvihrea.fi\\\/en\\\/?s={search_term_string}\"},\"query-input\":{\"@type\":\"PropertyValueSpecification\",\"valueRequired\":true,\"valueName\":\"search_term_string\"}}],\"inLanguage\":\"en-US\"},{\"@type\":\"Organization\",\"@id\":\"https:\\\/\\\/pikkuvihrea.fi\\\/en\\\/#organization\",\"name\":\"Pikkuvihre\u00e4\",\"url\":\"https:\\\/\\\/pikkuvihrea.fi\\\/en\\\/\",\"logo\":{\"@type\":\"ImageObject\",\"inLanguage\":\"en-US\",\"@id\":\"https:\\\/\\\/pikkuvihrea.fi\\\/en\\\/#\\\/schema\\\/logo\\\/image\\\/\",\"url\":\"https:\\\/\\\/pikkuvihrea.fi\\\/wp-content\\\/uploads\\\/2020\\\/10\\\/pikkuvihrea_logo_rgb_trimmed.jpg\",\"contentUrl\":\"https:\\\/\\\/pikkuvihrea.fi\\\/wp-content\\\/uploads\\\/2020\\\/10\\\/pikkuvihrea_logo_rgb_trimmed.jpg\",\"width\":660,\"height\":100,\"caption\":\"Pikkuvihre\u00e4\"},\"image\":{\"@id\":\"https:\\\/\\\/pikkuvihrea.fi\\\/en\\\/#\\\/schema\\\/logo\\\/image\\\/\"}}]}<\/script>\n<meta property=\"product:brand\" content=\"Green Toilet\" \/>\n<meta property=\"product:price:amount\" content=\"469.00\" \/>\n<meta property=\"product:price:currency\" content=\"EUR\" \/>\n<meta property=\"og:availability\" content=\"instock\" \/>\n<meta property=\"product:availability\" content=\"instock\" \/>\n<meta property=\"product:retailer_item_id\" content=\"6430069510709\" \/>\n<meta property=\"product:condition\" content=\"new\" \/>\n<!-- \/ Yoast SEO plugin. -->","yoast_head_json":{"title":"Green Toilet Light Urine Separating Toilet - Pikkuvihre\u00e4","description":"Green Toilet Light is a urine separating dry toilet ideal for holiday homes and summer cottages especially for family use.","robots":{"index":"index","follow":"follow","max-snippet":"max-snippet:-1","max-image-preview":"max-image-preview:large","max-video-preview":"max-video-preview:-1"},"canonical":"https:\/\/pikkuvihrea.fi\/en\/product\/green-toilet-light-urine-separating-toilet\/","og_locale":"en_US","og_type":"article","og_title":"Green Toilet Light Urine Separating Toilet - Pikkuvihre\u00e4","og_description":"Green Toilet Light is a urine separating dry toilet ideal for holiday homes and summer cottages especially for family use.","og_url":"https:\/\/pikkuvihrea.fi\/en\/product\/green-toilet-light-urine-separating-toilet\/","og_site_name":"Pikkuvihre\u00e4","article_modified_time":"2026-02-24T07:34:00+00:00","og_image":[{"width":1000,"height":1000,"url":"https:\/\/pikkuvihrea.fi\/wp-content\/uploads\/2023\/02\/Green-Toilet-Light.jpg","type":"image\/jpeg"}],"twitter_card":"summary_large_image","twitter_misc":{"Price":"469,00&nbsp;&euro;","Availability":"In stock"},"schema":{"@context":"https:\/\/schema.org","@graph":[{"@type":"WebPage","@id":"https:\/\/pikkuvihrea.fi\/en\/product\/green-toilet-light-urine-separating-toilet\/","url":"https:\/\/pikkuvihrea.fi\/en\/product\/green-toilet-light-urine-separating-toilet\/","name":"Green Toilet Light Urine Separating Toilet - Pikkuvihre\u00e4","isPartOf":{"@id":"https:\/\/pikkuvihrea.fi\/en\/#website"},"primaryImageOfPage":{"@id":"https:\/\/pikkuvihrea.fi\/en\/product\/green-toilet-light-urine-separating-toilet\/#primaryimage"},"image":{"@id":"https:\/\/pikkuvihrea.fi\/en\/product\/green-toilet-light-urine-separating-toilet\/#primaryimage"},"thumbnailUrl":"https:\/\/pikkuvihrea.fi\/wp-content\/uploads\/2023\/02\/Green-Toilet-Light.jpg","datePublished":"2023-03-01T13:30:39+00:00","dateModified":"2026-02-24T07:34:00+00:00","description":"Green Toilet Light is a urine separating dry toilet ideal for holiday homes and summer cottages especially for family use.","breadcrumb":{"@id":"https:\/\/pikkuvihrea.fi\/en\/product\/green-toilet-light-urine-separating-toilet\/#breadcrumb"},"inLanguage":"en-US","potentialAction":[{"@type":"ReadAction","target":["https:\/\/pikkuvihrea.fi\/en\/product\/green-toilet-light-urine-separating-toilet\/"]}]},{"@type":"ImageObject","inLanguage":"en-US","@id":"https:\/\/pikkuvihrea.fi\/en\/product\/green-toilet-light-urine-separating-toilet\/#primaryimage","url":"https:\/\/pikkuvihrea.fi\/wp-content\/uploads\/2023\/02\/Green-Toilet-Light.jpg","contentUrl":"https:\/\/pikkuvihrea.fi\/wp-content\/uploads\/2023\/02\/Green-Toilet-Light.jpg","width":1000,"height":1000,"caption":"Green Toilet Light on erottelev\u00e4 kuivak\u00e4ym\u00e4l\u00e4, joka v\u00e4hent\u00e4\u00e4 hajua ja helpottaa k\u00e4ytt\u00f6\u00e4 \u2013 sopii m\u00f6kille ilman vett\u00e4"},{"@type":"BreadcrumbList","@id":"https:\/\/pikkuvihrea.fi\/en\/product\/green-toilet-light-urine-separating-toilet\/#breadcrumb","itemListElement":[{"@type":"ListItem","position":1,"name":"Etusivu","item":"https:\/\/pikkuvihrea.fi\/en\/"},{"@type":"ListItem","position":2,"name":"Shop","item":"https:\/\/pikkuvihrea.fi\/en\/shop\/"},{"@type":"ListItem","position":3,"name":"Green Toilet Light Urine Separating Toilet"}]},{"@type":"WebSite","@id":"https:\/\/pikkuvihrea.fi\/en\/#website","url":"https:\/\/pikkuvihrea.fi\/en\/","name":"Pikkuvihre\u00e4","description":"","publisher":{"@id":"https:\/\/pikkuvihrea.fi\/en\/#organization"},"potentialAction":[{"@type":"SearchAction","target":{"@type":"EntryPoint","urlTemplate":"https:\/\/pikkuvihrea.fi\/en\/?s={search_term_string}"},"query-input":{"@type":"PropertyValueSpecification","valueRequired":true,"valueName":"search_term_string"}}],"inLanguage":"en-US"},{"@type":"Organization","@id":"https:\/\/pikkuvihrea.fi\/en\/#organization","name":"Pikkuvihre\u00e4","url":"https:\/\/pikkuvihrea.fi\/en\/","logo":{"@type":"ImageObject","inLanguage":"en-US","@id":"https:\/\/pikkuvihrea.fi\/en\/#\/schema\/logo\/image\/","url":"https:\/\/pikkuvihrea.fi\/wp-content\/uploads\/2020\/10\/pikkuvihrea_logo_rgb_trimmed.jpg","contentUrl":"https:\/\/pikkuvihrea.fi\/wp-content\/uploads\/2020\/10\/pikkuvihrea_logo_rgb_trimmed.jpg","width":660,"height":100,"caption":"Pikkuvihre\u00e4"},"image":{"@id":"https:\/\/pikkuvihrea.fi\/en\/#\/schema\/logo\/image\/"}}]},"product_brand":"Green Toilet","product_price_amount":"469.00","product_price_currency":"EUR","og_availability":"instock","product_availability":"instock","product_retailer_item_id":"6430069510709","product_condition":"new"},"_links":{"self":[{"href":"https:\/\/pikkuvihrea.fi\/en\/wp-json\/wp\/v2\/product\/18775","targetHints":{"allow":["GET"]}}],"collection":[{"href":"https:\/\/pikkuvihrea.fi\/en\/wp-json\/wp\/v2\/product"}],"about":[{"href":"https:\/\/pikkuvihrea.fi\/en\/wp-json\/wp\/v2\/types\/product"}],"replies":[{"embeddable":true,"href":"https:\/\/pikkuvihrea.fi\/en\/wp-json\/wp\/v2\/comments?post=18775"}],"wp:featuredmedia":[{"embeddable":true,"href":"https:\/\/pikkuvihrea.fi\/en\/wp-json\/wp\/v2\/media\/18733"}],"wp:attachment":[{"href":"https:\/\/pikkuvihrea.fi\/en\/wp-json\/wp\/v2\/media?parent=18775"}],"wp:term":[{"taxonomy":"product_brand","embeddable":true,"href":"https:\/\/pikkuvihrea.fi\/en\/wp-json\/wp\/v2\/product_brand?post=18775"},{"taxonomy":"product_cat","embeddable":true,"href":"https:\/\/pikkuvihrea.fi\/en\/wp-json\/wp\/v2\/product_cat?post=18775"},{"taxonomy":"product_tag","embeddable":true,"href":"https:\/\/pikkuvihrea.fi\/en\/wp-json\/wp\/v2\/product_tag?post=18775"}],"curies":[{"name":"wp","href":"https:\/\/api.w.org\/{rel}","templated":true}]}}