{"id":1833,"date":"2019-07-29T13:01:04","date_gmt":"2019-07-29T10:01:04","guid":{"rendered":"https:\/\/pikkuvihrea.fi\/tuote\/pikkuvihreae-pumppukaivo\/"},"modified":"2025-09-26T15:02:21","modified_gmt":"2025-09-26T12:02:21","slug":"pikkuvihreae-pumppukaivo","status":"publish","type":"product","link":"https:\/\/pikkuvihrea.fi\/en\/product\/pikkuvihreae-pumppukaivo\/","title":{"rendered":"Pikkuvihre\u00e4 Pump Well"},"content":{"rendered":"<p>When planning the waste water purification, there often are situations where it is useful or obligatory to store and lead wastewater to another filter or outlet. Thus, for example, the wastewater from the main cottage and the sauna can be led to the same purifying system.<\/p>\n<h3>Product information of the Pump Well<\/h3>\n<ul>\n<li>Height with(out) lid: 126 cm (120 cm)<\/li>\n<li>Diameter: 70 cm<\/li>\n<li>Volume: approx. 460 liters<\/li>\n<li>Weight: 52.5 kg<\/li>\n<\/ul>\n<h3>Product information of the Pentair Flotec submersible pump<\/h3>\n<ul>\n<li>Model: FP14KVX stainless steel<\/li>\n<li>Weight: 5 kg<\/li>\n<li>Maximum head: 8 m<\/li>\n<li>Absorbed power: 600 Watt<\/li>\n<li>Mains voltage: 230 V &#8211; 50 Hz<\/li>\n<li>Power cable length: 10 m<\/li>\n<li>Maximum flow rate: 14 000 liters \/ hour<\/li>\n<li>Suction fitting: 1 1\/4&#8243; M<\/li>\n<li>Maximum temperature of the pumped fluid: 35* C<\/li>\n<li>Connection level: 370 mm<\/li>\n<li>IP X8<\/li>\n<li>Guarantee 2 years<\/li>\n<\/ul>\n<p>Instructions for use and maintenance FI\/ENG included. CE-certified.<\/p>\n","protected":false},"excerpt":{"rendered":"<p>Pikkuvihre\u00e4 Pump Well is used to lead waste water further away from the nearby water areas. Alternatively, with a pump well, waste water can be led from multiple sources to one grey water purifier (e.g. to GeoTrap).\u00a0 The Pump Well can easily be equipped with a high quality Pentair Flotec submersible pump.<\/p>\n","protected":false},"featured_media":42309,"comment_status":"closed","ping_status":"closed","template":"","meta":{"_acf_changed":false},"product_brand":[],"product_cat":[1104,1055],"product_tag":[],"class_list":{"0":"post-1833","1":"product","2":"type-product","3":"status-publish","4":"has-post-thumbnail","6":"product_cat-waste-water-purifiers","7":"product_cat-waste-water-treatment","8":"product_shipping_class-pallet-shipments","10":"first","11":"instock","12":"taxable","13":"shipping-taxable","14":"purchasable","15":"product-type-simple"},"bundled_by":[],"bundle_stock_status":"instock","bundle_stock_quantity":2,"bundle_virtual":false,"bundle_layout":"","bundle_add_to_cart_form_location":"","bundle_editable_in_cart":false,"bundle_sold_individually_context":"","bundle_item_grouping":"","bundle_min_size":"","bundle_max_size":"","bundle_price":[],"bundled_items":[],"bundle_sell_ids":[1481],"acf":[],"gallery_images":[6615],"yoast_head":"<!-- This site is optimized with the Yoast SEO plugin v27.3 - https:\/\/yoast.com\/product\/yoast-seo-wordpress\/ -->\n<title>Pikkuvihre\u00e4 Pump Well - Pikkuvihre\u00e4 grey water supplies<\/title>\n<meta name=\"description\" content=\"Pikkuvihre\u00e4 Pump Well stores and leads waste water to eg. one central purifier or to an outlet further away from the coast line.\" \/>\n<meta name=\"robots\" content=\"index, follow, max-snippet:-1, max-image-preview:large, max-video-preview:-1\" \/>\n<link rel=\"canonical\" href=\"https:\/\/pikkuvihrea.fi\/en\/product\/pikkuvihreae-pumppukaivo\/\" \/>\n<meta property=\"og:locale\" content=\"en_US\" \/>\n<meta property=\"og:type\" content=\"article\" \/>\n<meta property=\"og:title\" content=\"Pikkuvihre\u00e4 Pump Well - Pikkuvihre\u00e4 grey water supplies\" \/>\n<meta property=\"og:description\" content=\"Pikkuvihre\u00e4 Pump Well stores and leads waste water to eg. one central purifier or to an outlet further away from the coast line.\" \/>\n<meta property=\"og:url\" content=\"https:\/\/pikkuvihrea.fi\/en\/product\/pikkuvihreae-pumppukaivo\/\" \/>\n<meta property=\"og:site_name\" content=\"Pikkuvihre\u00e4\" \/>\n<meta property=\"article:modified_time\" content=\"2025-09-26T12:02:21+00:00\" \/>\n<meta property=\"og:image\" content=\"https:\/\/pikkuvihrea.fi\/wp-content\/uploads\/2019\/07\/Pikkuvihrea-Pumppukaivo.jpg\" \/>\n\t<meta property=\"og:image:width\" content=\"900\" \/>\n\t<meta property=\"og:image:height\" content=\"900\" \/>\n\t<meta property=\"og:image:type\" content=\"image\/jpeg\" \/>\n<meta name=\"twitter:card\" content=\"summary_large_image\" \/>\n<meta name=\"twitter:label1\" content=\"Price\" \/>\n\t<meta name=\"twitter:data1\" content=\"849,00&nbsp;&euro;\" \/>\n\t<meta name=\"twitter:label2\" content=\"Availability\" \/>\n\t<meta name=\"twitter:data2\" content=\"In stock\" \/>\n<script type=\"application\/ld+json\" class=\"yoast-schema-graph\">{\"@context\":\"https:\\\/\\\/schema.org\",\"@graph\":[{\"@type\":\"WebPage\",\"@id\":\"https:\\\/\\\/pikkuvihrea.fi\\\/en\\\/product\\\/pikkuvihreae-pumppukaivo\\\/\",\"url\":\"https:\\\/\\\/pikkuvihrea.fi\\\/en\\\/product\\\/pikkuvihreae-pumppukaivo\\\/\",\"name\":\"Pikkuvihre\u00e4 Pump Well - Pikkuvihre\u00e4 grey water supplies\",\"isPartOf\":{\"@id\":\"https:\\\/\\\/pikkuvihrea.fi\\\/en\\\/#website\"},\"primaryImageOfPage\":{\"@id\":\"https:\\\/\\\/pikkuvihrea.fi\\\/en\\\/product\\\/pikkuvihreae-pumppukaivo\\\/#primaryimage\"},\"image\":{\"@id\":\"https:\\\/\\\/pikkuvihrea.fi\\\/en\\\/product\\\/pikkuvihreae-pumppukaivo\\\/#primaryimage\"},\"thumbnailUrl\":\"https:\\\/\\\/pikkuvihrea.fi\\\/wp-content\\\/uploads\\\/2019\\\/07\\\/Pikkuvihrean-Pumppukaivo.jpg\",\"datePublished\":\"2019-07-29T10:01:04+00:00\",\"dateModified\":\"2025-09-26T12:02:21+00:00\",\"description\":\"Pikkuvihre\u00e4 Pump Well stores and leads waste water to eg. one central purifier or to an outlet further away from the coast line.\",\"breadcrumb\":{\"@id\":\"https:\\\/\\\/pikkuvihrea.fi\\\/en\\\/product\\\/pikkuvihreae-pumppukaivo\\\/#breadcrumb\"},\"inLanguage\":\"en-US\",\"potentialAction\":[{\"@type\":\"ReadAction\",\"target\":[\"https:\\\/\\\/pikkuvihrea.fi\\\/en\\\/product\\\/pikkuvihreae-pumppukaivo\\\/\"]}]},{\"@type\":\"ImageObject\",\"inLanguage\":\"en-US\",\"@id\":\"https:\\\/\\\/pikkuvihrea.fi\\\/en\\\/product\\\/pikkuvihreae-pumppukaivo\\\/#primaryimage\",\"url\":\"https:\\\/\\\/pikkuvihrea.fi\\\/wp-content\\\/uploads\\\/2019\\\/07\\\/Pikkuvihrean-Pumppukaivo.jpg\",\"contentUrl\":\"https:\\\/\\\/pikkuvihrea.fi\\\/wp-content\\\/uploads\\\/2019\\\/07\\\/Pikkuvihrean-Pumppukaivo.jpg\",\"width\":900,\"height\":900,\"caption\":\"Pikkuvihre\u00e4n Pumppukaivo\"},{\"@type\":\"BreadcrumbList\",\"@id\":\"https:\\\/\\\/pikkuvihrea.fi\\\/en\\\/product\\\/pikkuvihreae-pumppukaivo\\\/#breadcrumb\",\"itemListElement\":[{\"@type\":\"ListItem\",\"position\":1,\"name\":\"Etusivu\",\"item\":\"https:\\\/\\\/pikkuvihrea.fi\\\/en\\\/\"},{\"@type\":\"ListItem\",\"position\":2,\"name\":\"Shop\",\"item\":\"https:\\\/\\\/pikkuvihrea.fi\\\/en\\\/shop\\\/\"},{\"@type\":\"ListItem\",\"position\":3,\"name\":\"Pikkuvihre\u00e4 Pump Well\"}]},{\"@type\":\"WebSite\",\"@id\":\"https:\\\/\\\/pikkuvihrea.fi\\\/en\\\/#website\",\"url\":\"https:\\\/\\\/pikkuvihrea.fi\\\/en\\\/\",\"name\":\"Pikkuvihre\u00e4\",\"description\":\"\",\"publisher\":{\"@id\":\"https:\\\/\\\/pikkuvihrea.fi\\\/en\\\/#organization\"},\"potentialAction\":[{\"@type\":\"SearchAction\",\"target\":{\"@type\":\"EntryPoint\",\"urlTemplate\":\"https:\\\/\\\/pikkuvihrea.fi\\\/en\\\/?s={search_term_string}\"},\"query-input\":{\"@type\":\"PropertyValueSpecification\",\"valueRequired\":true,\"valueName\":\"search_term_string\"}}],\"inLanguage\":\"en-US\"},{\"@type\":\"Organization\",\"@id\":\"https:\\\/\\\/pikkuvihrea.fi\\\/en\\\/#organization\",\"name\":\"Pikkuvihre\u00e4\",\"url\":\"https:\\\/\\\/pikkuvihrea.fi\\\/en\\\/\",\"logo\":{\"@type\":\"ImageObject\",\"inLanguage\":\"en-US\",\"@id\":\"https:\\\/\\\/pikkuvihrea.fi\\\/en\\\/#\\\/schema\\\/logo\\\/image\\\/\",\"url\":\"https:\\\/\\\/pikkuvihrea.fi\\\/wp-content\\\/uploads\\\/2020\\\/10\\\/pikkuvihrea_logo_rgb_trimmed.jpg\",\"contentUrl\":\"https:\\\/\\\/pikkuvihrea.fi\\\/wp-content\\\/uploads\\\/2020\\\/10\\\/pikkuvihrea_logo_rgb_trimmed.jpg\",\"width\":660,\"height\":100,\"caption\":\"Pikkuvihre\u00e4\"},\"image\":{\"@id\":\"https:\\\/\\\/pikkuvihrea.fi\\\/en\\\/#\\\/schema\\\/logo\\\/image\\\/\"}}]}<\/script>\n<meta property=\"product:brand\" content=\"Pikkuvihre\u00e4\" \/>\n<meta property=\"product:price:amount\" content=\"849.00\" \/>\n<meta property=\"product:price:currency\" content=\"EUR\" \/>\n<meta property=\"og:availability\" content=\"instock\" \/>\n<meta property=\"product:availability\" content=\"instock\" \/>\n<meta property=\"product:retailer_item_id\" content=\"TP486\" \/>\n<meta property=\"product:condition\" content=\"new\" \/>\n<!-- \/ Yoast SEO plugin. -->","yoast_head_json":{"title":"Pikkuvihre\u00e4 Pump Well - Pikkuvihre\u00e4 grey water supplies","description":"Pikkuvihre\u00e4 Pump Well stores and leads waste water to eg. one central purifier or to an outlet further away from the coast line.","robots":{"index":"index","follow":"follow","max-snippet":"max-snippet:-1","max-image-preview":"max-image-preview:large","max-video-preview":"max-video-preview:-1"},"canonical":"https:\/\/pikkuvihrea.fi\/en\/product\/pikkuvihreae-pumppukaivo\/","og_locale":"en_US","og_type":"article","og_title":"Pikkuvihre\u00e4 Pump Well - Pikkuvihre\u00e4 grey water supplies","og_description":"Pikkuvihre\u00e4 Pump Well stores and leads waste water to eg. one central purifier or to an outlet further away from the coast line.","og_url":"https:\/\/pikkuvihrea.fi\/en\/product\/pikkuvihreae-pumppukaivo\/","og_site_name":"Pikkuvihre\u00e4","article_modified_time":"2025-09-26T12:02:21+00:00","og_image":[{"width":900,"height":900,"url":"https:\/\/pikkuvihrea.fi\/wp-content\/uploads\/2019\/07\/Pikkuvihrea-Pumppukaivo.jpg","type":"image\/jpeg"}],"twitter_card":"summary_large_image","twitter_misc":{"Price":"849,00&nbsp;&euro;","Availability":"In stock"},"schema":{"@context":"https:\/\/schema.org","@graph":[{"@type":"WebPage","@id":"https:\/\/pikkuvihrea.fi\/en\/product\/pikkuvihreae-pumppukaivo\/","url":"https:\/\/pikkuvihrea.fi\/en\/product\/pikkuvihreae-pumppukaivo\/","name":"Pikkuvihre\u00e4 Pump Well - Pikkuvihre\u00e4 grey water supplies","isPartOf":{"@id":"https:\/\/pikkuvihrea.fi\/en\/#website"},"primaryImageOfPage":{"@id":"https:\/\/pikkuvihrea.fi\/en\/product\/pikkuvihreae-pumppukaivo\/#primaryimage"},"image":{"@id":"https:\/\/pikkuvihrea.fi\/en\/product\/pikkuvihreae-pumppukaivo\/#primaryimage"},"thumbnailUrl":"https:\/\/pikkuvihrea.fi\/wp-content\/uploads\/2019\/07\/Pikkuvihrean-Pumppukaivo.jpg","datePublished":"2019-07-29T10:01:04+00:00","dateModified":"2025-09-26T12:02:21+00:00","description":"Pikkuvihre\u00e4 Pump Well stores and leads waste water to eg. one central purifier or to an outlet further away from the coast line.","breadcrumb":{"@id":"https:\/\/pikkuvihrea.fi\/en\/product\/pikkuvihreae-pumppukaivo\/#breadcrumb"},"inLanguage":"en-US","potentialAction":[{"@type":"ReadAction","target":["https:\/\/pikkuvihrea.fi\/en\/product\/pikkuvihreae-pumppukaivo\/"]}]},{"@type":"ImageObject","inLanguage":"en-US","@id":"https:\/\/pikkuvihrea.fi\/en\/product\/pikkuvihreae-pumppukaivo\/#primaryimage","url":"https:\/\/pikkuvihrea.fi\/wp-content\/uploads\/2019\/07\/Pikkuvihrean-Pumppukaivo.jpg","contentUrl":"https:\/\/pikkuvihrea.fi\/wp-content\/uploads\/2019\/07\/Pikkuvihrean-Pumppukaivo.jpg","width":900,"height":900,"caption":"Pikkuvihre\u00e4n Pumppukaivo"},{"@type":"BreadcrumbList","@id":"https:\/\/pikkuvihrea.fi\/en\/product\/pikkuvihreae-pumppukaivo\/#breadcrumb","itemListElement":[{"@type":"ListItem","position":1,"name":"Etusivu","item":"https:\/\/pikkuvihrea.fi\/en\/"},{"@type":"ListItem","position":2,"name":"Shop","item":"https:\/\/pikkuvihrea.fi\/en\/shop\/"},{"@type":"ListItem","position":3,"name":"Pikkuvihre\u00e4 Pump Well"}]},{"@type":"WebSite","@id":"https:\/\/pikkuvihrea.fi\/en\/#website","url":"https:\/\/pikkuvihrea.fi\/en\/","name":"Pikkuvihre\u00e4","description":"","publisher":{"@id":"https:\/\/pikkuvihrea.fi\/en\/#organization"},"potentialAction":[{"@type":"SearchAction","target":{"@type":"EntryPoint","urlTemplate":"https:\/\/pikkuvihrea.fi\/en\/?s={search_term_string}"},"query-input":{"@type":"PropertyValueSpecification","valueRequired":true,"valueName":"search_term_string"}}],"inLanguage":"en-US"},{"@type":"Organization","@id":"https:\/\/pikkuvihrea.fi\/en\/#organization","name":"Pikkuvihre\u00e4","url":"https:\/\/pikkuvihrea.fi\/en\/","logo":{"@type":"ImageObject","inLanguage":"en-US","@id":"https:\/\/pikkuvihrea.fi\/en\/#\/schema\/logo\/image\/","url":"https:\/\/pikkuvihrea.fi\/wp-content\/uploads\/2020\/10\/pikkuvihrea_logo_rgb_trimmed.jpg","contentUrl":"https:\/\/pikkuvihrea.fi\/wp-content\/uploads\/2020\/10\/pikkuvihrea_logo_rgb_trimmed.jpg","width":660,"height":100,"caption":"Pikkuvihre\u00e4"},"image":{"@id":"https:\/\/pikkuvihrea.fi\/en\/#\/schema\/logo\/image\/"}}]},"product_brand":"Pikkuvihre\u00e4","product_price_amount":"849.00","product_price_currency":"EUR","og_availability":"instock","product_availability":"instock","product_retailer_item_id":"TP486","product_condition":"new"},"_links":{"self":[{"href":"https:\/\/pikkuvihrea.fi\/en\/wp-json\/wp\/v2\/product\/1833","targetHints":{"allow":["GET"]}}],"collection":[{"href":"https:\/\/pikkuvihrea.fi\/en\/wp-json\/wp\/v2\/product"}],"about":[{"href":"https:\/\/pikkuvihrea.fi\/en\/wp-json\/wp\/v2\/types\/product"}],"replies":[{"embeddable":true,"href":"https:\/\/pikkuvihrea.fi\/en\/wp-json\/wp\/v2\/comments?post=1833"}],"wp:featuredmedia":[{"embeddable":true,"href":"https:\/\/pikkuvihrea.fi\/en\/wp-json\/wp\/v2\/media\/42309"}],"wp:attachment":[{"href":"https:\/\/pikkuvihrea.fi\/en\/wp-json\/wp\/v2\/media?parent=1833"}],"wp:term":[{"taxonomy":"product_brand","embeddable":true,"href":"https:\/\/pikkuvihrea.fi\/en\/wp-json\/wp\/v2\/product_brand?post=1833"},{"taxonomy":"product_cat","embeddable":true,"href":"https:\/\/pikkuvihrea.fi\/en\/wp-json\/wp\/v2\/product_cat?post=1833"},{"taxonomy":"product_tag","embeddable":true,"href":"https:\/\/pikkuvihrea.fi\/en\/wp-json\/wp\/v2\/product_tag?post=1833"}],"curies":[{"name":"wp","href":"https:\/\/api.w.org\/{rel}","templated":true}]}}