{"id":1783,"date":"2019-07-16T09:57:27","date_gmt":"2019-07-16T06:57:27","guid":{"rendered":"https:\/\/pikkuvihrea.fi\/tuote\/geotrap-dry-toilet-filter\/"},"modified":"2026-04-01T00:02:21","modified_gmt":"2026-03-31T21:02:21","slug":"geotrap-dry-toilet-filter","status":"publish","type":"product","link":"https:\/\/pikkuvihrea.fi\/en\/product\/geotrap-dry-toilet-filter\/","title":{"rendered":"GeoTrap Dry Toilet Filter"},"content":{"rendered":"<p>GeoTrap Dry toilet filter is designed to purify the seap liquid of composting toilets. The purification of GeoTrap Dry toilet filter is based on <strong><a href=\"https:\/\/pikkuvihrea.fi\/en\/product\/geotrap-nutrient-trap-to-dry-toilet\/\" target=\"_blank\" rel=\"noopener\">GeoTrap Nutrient Trap mineral<\/a><\/strong> which absorbs nutrients (eg. phosphorous and nitrogen) from the seap liquid. The purified liquid can be led to ground. <strong>GeoTrap Dry toilet filter is an excellent accessory to all composting toilets.\u00a0<\/strong><\/p>\n<p>Please note, that GeoTrap Dry toilet filter is not suitable for urine diverting toilets. Also, when using the GeoTrap Filter, the outflow hose should not be lead straight to water (or any well, bond, ditch etc.) but to ground, preferably to large trees or plants.<\/p>\n<h3>PACKAGE CONTENT<\/h3>\n<ul>\n<li>GeoTrap Dry Toilet Filter with lid<\/li>\n<li>Outflow hose, \u00d8 32 mm, length 1,5 m<\/li>\n<li>GeoTrap filtering mass<\/li>\n<\/ul>\n<h3>SERVICE<\/h3>\n<p>In seasonal private holiday home use, the filter mass\u00a0should be replaced once a year. In public use, the filter material must be replaced 1-3 times a year depending on the use of the toilet.<\/p>\n<p>The used filter mass can be composted or it can be used directly as fertilizer to ornamental plants.<\/p>\n<h3>WINTER USE<\/h3>\n<p>If the composting toilet is not used during the winter, the GeoTrap Dry Toilet Filter can be left in place and allowed to freeze without causing any damage. In the spring, the filter will thaw, and use can continue as usual, unless it is time to replace the filter mass.<\/p>\n<p>However, if the toilet is used regularly during the winter, the filter should be insulated with insulation boards on the sides and top. Insulating the liquid hose is not necessary, as it will empty itself of liquid in any case.<\/p>\n<h3>TECHNICAL DETAILS<\/h3>\n<ul>\n<li>Height: 30 cm<\/li>\n<li>Length: 35 cm<\/li>\n<li>Width: 35 cm<\/li>\n<li>Incoming hose at approx. 16 cm from bottom, outcoming hose at approx. 14 cm from bottom<\/li>\n<li>Volume: 25 L<\/li>\n<li>Weight (empty): 2.5 kg<\/li>\n<li>Material: PE<\/li>\n<\/ul>\n","protected":false},"excerpt":{"rendered":"<p>GeoTrap Dry Toilet Filter purifies the seap liquid of a composting toilet with <strong><a href=\"https:\/\/pikkuvihrea.fi\/en\/product\/geotrap-nutrient-trap-to-dry-toilet\/\" target=\"_blank\" rel=\"noopener\">GeoTrap Nutrient Trap mineral<\/a><\/strong>. GeoTrap Dry toilet filter makes the use of a composting toilets easier as there is no longer need to collect and treat the seap liquid separately.<\/p>\n<ul>\n<li>natural way to restore nutrients<\/li>\n<li>replaces canisters<\/li>\n<li>easy to install and use<\/li>\n<\/ul>\n","protected":false},"featured_media":44880,"comment_status":"closed","ping_status":"closed","template":"","meta":{"_acf_changed":false},"product_brand":[],"product_cat":[745,1369,1053,1105,1055],"product_tag":[],"class_list":{"0":"post-1783","1":"product","2":"type-product","3":"status-publish","4":"has-post-thumbnail","6":"product_cat-composting-toilets","7":"product_cat-public-use-dry-toilets","8":"product_cat-supplies-for-dry-toilets","9":"product_cat-supplies-for-waste-water-treatment","10":"product_cat-waste-water-treatment","11":"product_shipping_class-medium-size-packages","13":"first","14":"instock","15":"taxable","16":"shipping-taxable","17":"purchasable","18":"product-type-bundle"},"bundled_by":[],"bundle_stock_status":"instock","bundle_stock_quantity":"","bundle_virtual":false,"bundle_layout":"default","bundle_add_to_cart_form_location":"default","bundle_editable_in_cart":false,"bundle_sold_individually_context":"product","bundle_item_grouping":"noindent","bundle_min_size":"","bundle_max_size":"","bundle_price":{"price":{"min":{"incl_tax":"209.00","excl_tax":"166.53"},"max":{"incl_tax":"231.9","excl_tax":"184.78"}},"regular_price":{"min":{"incl_tax":"209.00","excl_tax":"166.53"},"max":{"incl_tax":"236.9","excl_tax":"188.76"}}},"bundled_items":[{"bundled_item_id":241,"product_id":1035,"menu_order":0,"quantity_min":1,"quantity_max":1,"quantity_default":1,"priced_individually":true,"shipped_individually":false,"override_title":false,"title":"GeoTrap &#8211; Nutrient Trap for dry toilet","override_description":false,"description":"GeoTrap &#8211; Nutrient Trap for dry toilet","optional":true,"hide_thumbnail":false,"discount":"17.921146","override_variations":false,"allowed_variations":[""],"override_default_variation_attributes":false,"default_variation_attributes":[],"single_product_visibility":"visible","cart_visibility":"visible","order_visibility":"visible","single_product_price_visibility":"visible","cart_price_visibility":"visible","order_price_visibility":"visible","stock_status":"in_stock"}],"bundle_sell_ids":[],"acf":[],"gallery_images":[18264,42520,29862,35466,35470,22162],"yoast_head":"<!-- This site is optimized with the Yoast SEO plugin v27.3 - https:\/\/yoast.com\/product\/yoast-seo-wordpress\/ -->\n<title>GeoTrap Dry Toilet Filter - Pikkuvihre\u00e4 get rid of canisters<\/title>\n<meta name=\"description\" content=\"GeoTrap Dry Toilet filter allows you to treat the excess liquid from your composting toilet on-site with no canisters safely and easily.\" \/>\n<meta name=\"robots\" content=\"index, follow, max-snippet:-1, max-image-preview:large, max-video-preview:-1\" \/>\n<link rel=\"canonical\" href=\"https:\/\/pikkuvihrea.fi\/en\/product\/geotrap-dry-toilet-filter\/\" \/>\n<meta property=\"og:locale\" content=\"en_US\" \/>\n<meta property=\"og:type\" content=\"article\" \/>\n<meta property=\"og:title\" content=\"GeoTrap Dry Toilet Filter - Pikkuvihre\u00e4 get rid of canisters\" \/>\n<meta property=\"og:description\" content=\"GeoTrap Dry Toilet filter allows you to treat the excess liquid from your composting toilet on-site with no canisters safely and easily.\" \/>\n<meta property=\"og:url\" content=\"https:\/\/pikkuvihrea.fi\/en\/product\/geotrap-dry-toilet-filter\/\" \/>\n<meta property=\"og:site_name\" content=\"Pikkuvihre\u00e4\" \/>\n<meta property=\"article:modified_time\" content=\"2026-03-31T21:02:21+00:00\" \/>\n<meta property=\"og:image\" content=\"https:\/\/pikkuvihrea.fi\/wp-content\/uploads\/2019\/07\/Huussisuodatin-kompostikaymalan-suotonesteille_uusipussiPV.png\" \/>\n\t<meta property=\"og:image:width\" content=\"900\" \/>\n\t<meta property=\"og:image:height\" content=\"900\" \/>\n\t<meta property=\"og:image:type\" content=\"image\/png\" \/>\n<meta name=\"twitter:card\" content=\"summary_large_image\" \/>\n<meta name=\"twitter:label1\" content=\"Price\" \/>\n\t<meta name=\"twitter:data1\" content=\"209,00&nbsp;&euro;\" \/>\n\t<meta name=\"twitter:label2\" content=\"Availability\" \/>\n\t<meta name=\"twitter:data2\" content=\"In stock\" \/>\n<script type=\"application\/ld+json\" class=\"yoast-schema-graph\">{\"@context\":\"https:\\\/\\\/schema.org\",\"@graph\":[{\"@type\":\"WebPage\",\"@id\":\"https:\\\/\\\/pikkuvihrea.fi\\\/en\\\/product\\\/geotrap-dry-toilet-filter\\\/\",\"url\":\"https:\\\/\\\/pikkuvihrea.fi\\\/en\\\/product\\\/geotrap-dry-toilet-filter\\\/\",\"name\":\"GeoTrap Dry Toilet Filter - Pikkuvihre\u00e4 get rid of canisters\",\"isPartOf\":{\"@id\":\"https:\\\/\\\/pikkuvihrea.fi\\\/en\\\/#website\"},\"primaryImageOfPage\":{\"@id\":\"https:\\\/\\\/pikkuvihrea.fi\\\/en\\\/product\\\/geotrap-dry-toilet-filter\\\/#primaryimage\"},\"image\":{\"@id\":\"https:\\\/\\\/pikkuvihrea.fi\\\/en\\\/product\\\/geotrap-dry-toilet-filter\\\/#primaryimage\"},\"thumbnailUrl\":\"https:\\\/\\\/pikkuvihrea.fi\\\/wp-content\\\/uploads\\\/2026\\\/04\\\/Huussisuodatin_2026.jpg\",\"datePublished\":\"2019-07-16T06:57:27+00:00\",\"dateModified\":\"2026-03-31T21:02:21+00:00\",\"description\":\"GeoTrap Dry Toilet filter allows you to treat the excess liquid from your composting toilet on-site with no canisters safely and easily.\",\"breadcrumb\":{\"@id\":\"https:\\\/\\\/pikkuvihrea.fi\\\/en\\\/product\\\/geotrap-dry-toilet-filter\\\/#breadcrumb\"},\"inLanguage\":\"en-US\",\"potentialAction\":[{\"@type\":\"ReadAction\",\"target\":[\"https:\\\/\\\/pikkuvihrea.fi\\\/en\\\/product\\\/geotrap-dry-toilet-filter\\\/\"]}]},{\"@type\":\"ImageObject\",\"inLanguage\":\"en-US\",\"@id\":\"https:\\\/\\\/pikkuvihrea.fi\\\/en\\\/product\\\/geotrap-dry-toilet-filter\\\/#primaryimage\",\"url\":\"https:\\\/\\\/pikkuvihrea.fi\\\/wp-content\\\/uploads\\\/2026\\\/04\\\/Huussisuodatin_2026.jpg\",\"contentUrl\":\"https:\\\/\\\/pikkuvihrea.fi\\\/wp-content\\\/uploads\\\/2026\\\/04\\\/Huussisuodatin_2026.jpg\",\"width\":900,\"height\":900,\"caption\":\"GeoTrap huussisuodatin k\u00e4sittelee kuivak\u00e4ym\u00e4l\u00e4n suotonesteen ja auttaa v\u00e4hent\u00e4m\u00e4\u00e4n hajua sek\u00e4 ymp\u00e4rist\u00f6kuormitusta\"},{\"@type\":\"BreadcrumbList\",\"@id\":\"https:\\\/\\\/pikkuvihrea.fi\\\/en\\\/product\\\/geotrap-dry-toilet-filter\\\/#breadcrumb\",\"itemListElement\":[{\"@type\":\"ListItem\",\"position\":1,\"name\":\"Etusivu\",\"item\":\"https:\\\/\\\/pikkuvihrea.fi\\\/en\\\/\"},{\"@type\":\"ListItem\",\"position\":2,\"name\":\"Shop\",\"item\":\"https:\\\/\\\/pikkuvihrea.fi\\\/en\\\/shop\\\/\"},{\"@type\":\"ListItem\",\"position\":3,\"name\":\"GeoTrap Dry Toilet Filter\"}]},{\"@type\":\"WebSite\",\"@id\":\"https:\\\/\\\/pikkuvihrea.fi\\\/en\\\/#website\",\"url\":\"https:\\\/\\\/pikkuvihrea.fi\\\/en\\\/\",\"name\":\"Pikkuvihre\u00e4\",\"description\":\"\",\"publisher\":{\"@id\":\"https:\\\/\\\/pikkuvihrea.fi\\\/en\\\/#organization\"},\"potentialAction\":[{\"@type\":\"SearchAction\",\"target\":{\"@type\":\"EntryPoint\",\"urlTemplate\":\"https:\\\/\\\/pikkuvihrea.fi\\\/en\\\/?s={search_term_string}\"},\"query-input\":{\"@type\":\"PropertyValueSpecification\",\"valueRequired\":true,\"valueName\":\"search_term_string\"}}],\"inLanguage\":\"en-US\"},{\"@type\":\"Organization\",\"@id\":\"https:\\\/\\\/pikkuvihrea.fi\\\/en\\\/#organization\",\"name\":\"Pikkuvihre\u00e4\",\"url\":\"https:\\\/\\\/pikkuvihrea.fi\\\/en\\\/\",\"logo\":{\"@type\":\"ImageObject\",\"inLanguage\":\"en-US\",\"@id\":\"https:\\\/\\\/pikkuvihrea.fi\\\/en\\\/#\\\/schema\\\/logo\\\/image\\\/\",\"url\":\"https:\\\/\\\/pikkuvihrea.fi\\\/wp-content\\\/uploads\\\/2020\\\/10\\\/pikkuvihrea_logo_rgb_trimmed.jpg\",\"contentUrl\":\"https:\\\/\\\/pikkuvihrea.fi\\\/wp-content\\\/uploads\\\/2020\\\/10\\\/pikkuvihrea_logo_rgb_trimmed.jpg\",\"width\":660,\"height\":100,\"caption\":\"Pikkuvihre\u00e4\"},\"image\":{\"@id\":\"https:\\\/\\\/pikkuvihrea.fi\\\/en\\\/#\\\/schema\\\/logo\\\/image\\\/\"}}]}<\/script>\n<meta property=\"product:brand\" content=\"GeoTrap\" \/>\n<meta property=\"product:price:amount\" content=\"209.00\" \/>\n<meta property=\"product:price:currency\" content=\"EUR\" \/>\n<meta property=\"og:availability\" content=\"instock\" \/>\n<meta property=\"product:availability\" content=\"instock\" \/>\n<meta property=\"product:retailer_item_id\" content=\"6430069510235\" \/>\n<meta property=\"product:condition\" content=\"new\" \/>\n<!-- \/ Yoast SEO plugin. -->","yoast_head_json":{"title":"GeoTrap Dry Toilet Filter - Pikkuvihre\u00e4 get rid of canisters","description":"GeoTrap Dry Toilet filter allows you to treat the excess liquid from your composting toilet on-site with no canisters safely and easily.","robots":{"index":"index","follow":"follow","max-snippet":"max-snippet:-1","max-image-preview":"max-image-preview:large","max-video-preview":"max-video-preview:-1"},"canonical":"https:\/\/pikkuvihrea.fi\/en\/product\/geotrap-dry-toilet-filter\/","og_locale":"en_US","og_type":"article","og_title":"GeoTrap Dry Toilet Filter - Pikkuvihre\u00e4 get rid of canisters","og_description":"GeoTrap Dry Toilet filter allows you to treat the excess liquid from your composting toilet on-site with no canisters safely and easily.","og_url":"https:\/\/pikkuvihrea.fi\/en\/product\/geotrap-dry-toilet-filter\/","og_site_name":"Pikkuvihre\u00e4","article_modified_time":"2026-03-31T21:02:21+00:00","og_image":[{"width":900,"height":900,"url":"https:\/\/pikkuvihrea.fi\/wp-content\/uploads\/2019\/07\/Huussisuodatin-kompostikaymalan-suotonesteille_uusipussiPV.png","type":"image\/png"}],"twitter_card":"summary_large_image","twitter_misc":{"Price":"209,00&nbsp;&euro;","Availability":"In stock"},"schema":{"@context":"https:\/\/schema.org","@graph":[{"@type":"WebPage","@id":"https:\/\/pikkuvihrea.fi\/en\/product\/geotrap-dry-toilet-filter\/","url":"https:\/\/pikkuvihrea.fi\/en\/product\/geotrap-dry-toilet-filter\/","name":"GeoTrap Dry Toilet Filter - Pikkuvihre\u00e4 get rid of canisters","isPartOf":{"@id":"https:\/\/pikkuvihrea.fi\/en\/#website"},"primaryImageOfPage":{"@id":"https:\/\/pikkuvihrea.fi\/en\/product\/geotrap-dry-toilet-filter\/#primaryimage"},"image":{"@id":"https:\/\/pikkuvihrea.fi\/en\/product\/geotrap-dry-toilet-filter\/#primaryimage"},"thumbnailUrl":"https:\/\/pikkuvihrea.fi\/wp-content\/uploads\/2026\/04\/Huussisuodatin_2026.jpg","datePublished":"2019-07-16T06:57:27+00:00","dateModified":"2026-03-31T21:02:21+00:00","description":"GeoTrap Dry Toilet filter allows you to treat the excess liquid from your composting toilet on-site with no canisters safely and easily.","breadcrumb":{"@id":"https:\/\/pikkuvihrea.fi\/en\/product\/geotrap-dry-toilet-filter\/#breadcrumb"},"inLanguage":"en-US","potentialAction":[{"@type":"ReadAction","target":["https:\/\/pikkuvihrea.fi\/en\/product\/geotrap-dry-toilet-filter\/"]}]},{"@type":"ImageObject","inLanguage":"en-US","@id":"https:\/\/pikkuvihrea.fi\/en\/product\/geotrap-dry-toilet-filter\/#primaryimage","url":"https:\/\/pikkuvihrea.fi\/wp-content\/uploads\/2026\/04\/Huussisuodatin_2026.jpg","contentUrl":"https:\/\/pikkuvihrea.fi\/wp-content\/uploads\/2026\/04\/Huussisuodatin_2026.jpg","width":900,"height":900,"caption":"GeoTrap huussisuodatin k\u00e4sittelee kuivak\u00e4ym\u00e4l\u00e4n suotonesteen ja auttaa v\u00e4hent\u00e4m\u00e4\u00e4n hajua sek\u00e4 ymp\u00e4rist\u00f6kuormitusta"},{"@type":"BreadcrumbList","@id":"https:\/\/pikkuvihrea.fi\/en\/product\/geotrap-dry-toilet-filter\/#breadcrumb","itemListElement":[{"@type":"ListItem","position":1,"name":"Etusivu","item":"https:\/\/pikkuvihrea.fi\/en\/"},{"@type":"ListItem","position":2,"name":"Shop","item":"https:\/\/pikkuvihrea.fi\/en\/shop\/"},{"@type":"ListItem","position":3,"name":"GeoTrap Dry Toilet Filter"}]},{"@type":"WebSite","@id":"https:\/\/pikkuvihrea.fi\/en\/#website","url":"https:\/\/pikkuvihrea.fi\/en\/","name":"Pikkuvihre\u00e4","description":"","publisher":{"@id":"https:\/\/pikkuvihrea.fi\/en\/#organization"},"potentialAction":[{"@type":"SearchAction","target":{"@type":"EntryPoint","urlTemplate":"https:\/\/pikkuvihrea.fi\/en\/?s={search_term_string}"},"query-input":{"@type":"PropertyValueSpecification","valueRequired":true,"valueName":"search_term_string"}}],"inLanguage":"en-US"},{"@type":"Organization","@id":"https:\/\/pikkuvihrea.fi\/en\/#organization","name":"Pikkuvihre\u00e4","url":"https:\/\/pikkuvihrea.fi\/en\/","logo":{"@type":"ImageObject","inLanguage":"en-US","@id":"https:\/\/pikkuvihrea.fi\/en\/#\/schema\/logo\/image\/","url":"https:\/\/pikkuvihrea.fi\/wp-content\/uploads\/2020\/10\/pikkuvihrea_logo_rgb_trimmed.jpg","contentUrl":"https:\/\/pikkuvihrea.fi\/wp-content\/uploads\/2020\/10\/pikkuvihrea_logo_rgb_trimmed.jpg","width":660,"height":100,"caption":"Pikkuvihre\u00e4"},"image":{"@id":"https:\/\/pikkuvihrea.fi\/en\/#\/schema\/logo\/image\/"}}]},"product_brand":"GeoTrap","product_price_amount":"209.00","product_price_currency":"EUR","og_availability":"instock","product_availability":"instock","product_retailer_item_id":"6430069510235","product_condition":"new"},"_links":{"self":[{"href":"https:\/\/pikkuvihrea.fi\/en\/wp-json\/wp\/v2\/product\/1783","targetHints":{"allow":["GET"]}}],"collection":[{"href":"https:\/\/pikkuvihrea.fi\/en\/wp-json\/wp\/v2\/product"}],"about":[{"href":"https:\/\/pikkuvihrea.fi\/en\/wp-json\/wp\/v2\/types\/product"}],"replies":[{"embeddable":true,"href":"https:\/\/pikkuvihrea.fi\/en\/wp-json\/wp\/v2\/comments?post=1783"}],"wp:featuredmedia":[{"embeddable":true,"href":"https:\/\/pikkuvihrea.fi\/en\/wp-json\/wp\/v2\/media\/44880"}],"wp:attachment":[{"href":"https:\/\/pikkuvihrea.fi\/en\/wp-json\/wp\/v2\/media?parent=1783"}],"wp:term":[{"taxonomy":"product_brand","embeddable":true,"href":"https:\/\/pikkuvihrea.fi\/en\/wp-json\/wp\/v2\/product_brand?post=1783"},{"taxonomy":"product_cat","embeddable":true,"href":"https:\/\/pikkuvihrea.fi\/en\/wp-json\/wp\/v2\/product_cat?post=1783"},{"taxonomy":"product_tag","embeddable":true,"href":"https:\/\/pikkuvihrea.fi\/en\/wp-json\/wp\/v2\/product_tag?post=1783"}],"curies":[{"name":"wp","href":"https:\/\/api.w.org\/{rel}","templated":true}]}}