{"id":1699,"date":"2019-02-18T10:42:16","date_gmt":"2019-02-18T08:42:16","guid":{"rendered":"https:\/\/pikkuvihrea.fi\/tuote\/green-toilet-lux\/"},"modified":"2026-04-15T11:26:10","modified_gmt":"2026-04-15T08:26:10","slug":"green-toilet-lux-composting-toilet-for-indoors","status":"publish","type":"product","link":"https:\/\/pikkuvihrea.fi\/en\/product\/green-toilet-lux-composting-toilet-for-indoors\/","title":{"rendered":"Green Toilet Lux composting toilet for indoors"},"content":{"rendered":"<p class=\"MsoNormal\">Green Toilet LUX is a composting toilet for indoor use. It has an elegant porcelain pedestal, which is familiar and easy to use by anyone without instructions. Green Toilet LUX is an excellent choice to both holiday homes and to all-year use in permanent homes.<\/p>\n<h3>ADVANTAGES OF GREEN TOILET LUX<\/h3>\n<ul>\n<li>The service and storage of the waste is in a separate space below the bathroom or toilet<\/li>\n<li>The porcelain pedestal looks and works like the traditional water closet, so there is no need for instructions for the users<\/li>\n<li>Thanks to the black waste pipe, there is no view to the compost or the feaces<\/li>\n<li>the quality electrical fan ensures complete odorless operation<\/li>\n<li>the capacity of this solution is good: eg. the 120 l Green Toilet can serve 2-4 persons in continuous use<\/li>\n<li>With spare containers, the capacity is practically limitless<\/li>\n<li>the service can be done in minutes without shoveling. the composting container can be moved with wheels.<\/li>\n<li>Green Toilet LUX is durable: the only moving part is the duct fan which has 3 years guarantee. Other parts are made to last decades.<\/li>\n<li>It is highly ecological and energy efficient choice. Electricity is only needed for the fan and the energy consumption is low (23W).<\/li>\n<li>If there is no electricity available, the electric fan can be replaced with <a href=\"https:\/\/pikkuvihrea.fi\/en\/product\/wind-driven-ventilator-ecoplast\/\" target=\"_blank\" rel=\"noopener\">a wind driven ventilator<\/a>.<\/li>\n<\/ul>\n<p>A waterless toilet, when chosen and installed right, brings joy to the users every day. <strong>Green Toilet LUX saves water 100% , brings the same comfort as a water toilet and is really ecological!<\/strong><\/p>\n<p>Clearance below the floor requirements:<\/p>\n<ul>\n<li>120 liter composter &#8211; 80 cm<\/li>\n<li>330 liter composter &#8211; 100 cm<\/li>\n<\/ul>\n<p>Contact us if you need help to choosing the right combination or want to ask more.<\/p>\n<h3>OPERATING PRINCIPLE<\/h3>\n<p>All toilet waste together with toilet papers go down the waste shaft to the composting unit. Green Toilet container has a special double base which separates excess liquid from the compost. This feature enables the composting process to start already during the use of the toilet.<\/p>\n<p>Green Toilet LUX is based on batch composting, which means the use of a spare container. When one container gets full, it is replaced by an empty container. The full container is closed with a lid and left to decompose gradually to ready, nutritious mulch (6-12 months depending on the conditions). Green Toilet containers are easy to move with wheels.<\/p>\n<h3 class=\"MsoNormal\" style=\"line-height: normal;\"><strong>BASIC PACKAGE CONTENT<\/strong><\/h3>\n<p>The basic package consists of non-separating pedestal and 120-liter composting units.<\/p>\n<ul>\n<li>Green Toilet 120 Family composting toilet<\/li>\n<li>Green Toilet 120 spare container<\/li>\n<li>Porcelain pedestal (non-separating)<\/li>\n<li>Electric duct fan<\/li>\n<li>Ventilation pipes 2 x 100 cm, 1 x flexible pipe 100-250 cm (+fixtures, joints and ventilation pipe hat)<\/li>\n<li>Waste shaft 100 cm, diam 20 cm (shorter or longer ones also available)<\/li>\n<li>Canister with a liquid hose 150 cm, plug for liquid outlet<\/li>\n<li>Wheels (one set, interchangeable)<\/li>\n<li>Bag of dry material<\/li>\n<\/ul>\n<p>If you choose the separating seat, the package includes an extra canister and hose.<\/p>\n<p>Alternatives to the basic package include: larger 330-liter composters, the <a href=\"https:\/\/pikkuvihrea.fi\/en\/product\/green-toilet-lux-cassette-indoor-dry-toilet\/\" target=\"_blank\" rel=\"noopener\">Green Toilet Lux cassette<\/a> for compact spaces, and <a href=\"https:\/\/pikkuvihrea.fi\/en\/product\/hanko-urine-separating-porcelain-pedestal\/\" target=\"_blank\" rel=\"noopener\">a urine-separating porcelain pedestal<\/a>.<\/p>\n<h3>SERVICE<\/h3>\n<p>During the use of the dry toilet, dry material like saw dust or peat is added after every use 1-2 dl. Alternatively, dry material can be added separately 1-2 times a week a larger amount, about 5-10 liters.<\/p>\n<p>The porcelain pedestal can be washed with water, a toilet brush and biodegradable detergent.<\/p>\n<p>When the Green Toilet container gets full, an empty full container is taken into use. The service can be done in minutes and no shoveling is needed.<\/p>\n<h3><strong>OPTIONS AND ACCESSORIES<\/strong><\/h3>\n<p>Larger Green Toilet 330 liter containers are the right choice when there is a need to get higher capacity or longer intervals between service. Also, <a href=\"https:\/\/pikkuvihrea.fi\/en\/product\/hanko-urine-separating-porcelain-pedestal\/\" target=\"_blank\" rel=\"noopener\">urine separating porcelain pedestal<\/a> enables urine collection and use as well as increases the toilet capacity.<\/p>\n<p><a href=\"https:\/\/pikkuvihrea.fi\/en\/product\/green-toilet-lux-cassette-indoor-dry-toilet\/\" target=\"_blank\" rel=\"noopener\">Green Toilet Lux Cassette<\/a> is an option when there is very limited space for the composting container.<\/p>\n<p>For sites where there is no electricity available, the duct fan can be replaced with a wind or solar driven fan.<\/p>\n<p>There is also an <a href=\"https:\/\/pikkuvihrea.fi\/en\/product\/pikkuvihrea-dry-toilet-fan-stepless-control\/\" target=\"_blank\" rel=\"noopener\">electric fan with stepless speed control<\/a> available.<\/p>\n<p>All of the ventilation kit parts are also available separately, so contact us, if you need more than what comes with the basic delivery.<\/p>\n<p>A handy accessory to replace the canister collection of the seap liquid is <a href=\"https:\/\/pikkuvihrea.fi\/en\/product\/geotrap-dry-toilet-filter\/\" target=\"_blank\" rel=\"noopener noreferrer\">GeoTrap Dry Toilet Filter.<\/a><\/p>\n","protected":false},"excerpt":{"rendered":"<p>&nbsp;<\/p>\n<p><strong>DELIVERIES OF THE LARGER 330 L CONTAINERS WILL CONTINUE IN WEEK 19<\/strong><\/p>\n<p>Green Toilet Lux is a complete dry toilet solution with a porcelain pedestal. Green Toilet LUX ideal for sites where there is space below the bathroom floor available.\u00a0<strong>Green Toilet LUX is reliable in use, durable and easy to maintain &#8211; the choice of many satisfied users!<\/strong><\/p>\n","protected":false},"featured_media":43145,"comment_status":"closed","ping_status":"closed","template":"","meta":{"_acf_changed":false},"product_brand":[],"product_cat":[745,1054,1051,1369,1365],"product_tag":[],"class_list":{"0":"post-1699","1":"product","2":"type-product","3":"status-publish","4":"has-post-thumbnail","6":"product_cat-composting-toilets","7":"product_cat-dry-toilets","8":"product_cat-modern-dry-toilets-indoors","9":"product_cat-public-use-dry-toilets","10":"product_cat-urine-diverting-toilet","11":"product_shipping_class-pallet-shipments","13":"first","14":"instock","15":"sale","16":"taxable","17":"shipping-taxable","18":"purchasable","19":"product-type-variable","20":"has-default-attributes"},"bundled_by":[],"bundle_stock_status":"instock","bundle_stock_quantity":null,"bundle_virtual":false,"bundle_layout":"","bundle_add_to_cart_form_location":"","bundle_editable_in_cart":false,"bundle_sold_individually_context":"","bundle_item_grouping":"","bundle_min_size":"","bundle_max_size":"","bundle_price":[],"bundled_items":[],"bundle_sell_ids":[],"acf":[],"gallery_images":[37297,37301,41089,41097,41093,41101,21961,21964,13210],"yoast_head":"<!-- This site is optimized with the Yoast SEO plugin v27.4 - https:\/\/yoast.com\/product\/yoast-seo-wordpress\/ -->\n<title>Green Toilet Lux composting toilet for indoors - simply the best<\/title>\n<meta name=\"description\" content=\"Green Toilet LUX is a dry toilet that gives the same feeling and comfort as the water toilet - without any water or sewage. Read more!\" \/>\n<meta name=\"robots\" content=\"index, follow, max-snippet:-1, max-image-preview:large, max-video-preview:-1\" \/>\n<link rel=\"canonical\" href=\"https:\/\/pikkuvihrea.fi\/en\/product\/green-toilet-lux-composting-toilet-for-indoors\/\" \/>\n<meta property=\"og:locale\" content=\"en_US\" \/>\n<meta property=\"og:type\" content=\"article\" \/>\n<meta property=\"og:title\" content=\"Green Toilet Lux composting toilet for indoors - simply the best\" \/>\n<meta property=\"og:description\" content=\"Green Toilet LUX is a dry toilet that gives the same feeling and comfort as the water toilet - without any water or sewage. Read more!\" \/>\n<meta property=\"og:url\" content=\"https:\/\/pikkuvihrea.fi\/en\/product\/green-toilet-lux-composting-toilet-for-indoors\/\" \/>\n<meta property=\"og:site_name\" content=\"Pikkuvihre\u00e4\" \/>\n<meta property=\"article:modified_time\" content=\"2026-04-15T08:26:10+00:00\" \/>\n<meta property=\"og:image\" content=\"https:\/\/pikkuvihrea.fi\/wp-content\/uploads\/2026\/02\/Green-Toilet-Lux-120-kompostikaymala_korjattu.jpg\" \/>\n\t<meta property=\"og:image:width\" content=\"900\" \/>\n\t<meta property=\"og:image:height\" content=\"900\" \/>\n\t<meta property=\"og:image:type\" content=\"image\/jpeg\" \/>\n<meta name=\"twitter:card\" content=\"summary_large_image\" \/>\n<meta name=\"twitter:label1\" content=\"Availability\" \/>\n\t<meta name=\"twitter:data1\" content=\"In stock\" \/>\n<script type=\"application\/ld+json\" class=\"yoast-schema-graph\">{\"@context\":\"https:\\\/\\\/schema.org\",\"@graph\":[{\"@type\":\"WebPage\",\"@id\":\"https:\\\/\\\/pikkuvihrea.fi\\\/en\\\/product\\\/green-toilet-lux-composting-toilet-for-indoors\\\/\",\"url\":\"https:\\\/\\\/pikkuvihrea.fi\\\/en\\\/product\\\/green-toilet-lux-composting-toilet-for-indoors\\\/\",\"name\":\"Green Toilet Lux composting toilet for indoors - simply the best\",\"isPartOf\":{\"@id\":\"https:\\\/\\\/pikkuvihrea.fi\\\/en\\\/#website\"},\"primaryImageOfPage\":{\"@id\":\"https:\\\/\\\/pikkuvihrea.fi\\\/en\\\/product\\\/green-toilet-lux-composting-toilet-for-indoors\\\/#primaryimage\"},\"image\":{\"@id\":\"https:\\\/\\\/pikkuvihrea.fi\\\/en\\\/product\\\/green-toilet-lux-composting-toilet-for-indoors\\\/#primaryimage\"},\"thumbnailUrl\":\"https:\\\/\\\/pikkuvihrea.fi\\\/wp-content\\\/uploads\\\/2026\\\/02\\\/Green-Toilet-Lux-120-kompostikaymala_korjattu.jpg\",\"datePublished\":\"2019-02-18T08:42:16+00:00\",\"dateModified\":\"2026-04-15T08:26:10+00:00\",\"description\":\"Green Toilet LUX is a dry toilet that gives the same feeling and comfort as the water toilet - without any water or sewage. Read more!\",\"breadcrumb\":{\"@id\":\"https:\\\/\\\/pikkuvihrea.fi\\\/en\\\/product\\\/green-toilet-lux-composting-toilet-for-indoors\\\/#breadcrumb\"},\"inLanguage\":\"en-US\",\"potentialAction\":[{\"@type\":\"ReadAction\",\"target\":[\"https:\\\/\\\/pikkuvihrea.fi\\\/en\\\/product\\\/green-toilet-lux-composting-toilet-for-indoors\\\/\"]}]},{\"@type\":\"ImageObject\",\"inLanguage\":\"en-US\",\"@id\":\"https:\\\/\\\/pikkuvihrea.fi\\\/en\\\/product\\\/green-toilet-lux-composting-toilet-for-indoors\\\/#primaryimage\",\"url\":\"https:\\\/\\\/pikkuvihrea.fi\\\/wp-content\\\/uploads\\\/2026\\\/02\\\/Green-Toilet-Lux-120-kompostikaymala_korjattu.jpg\",\"contentUrl\":\"https:\\\/\\\/pikkuvihrea.fi\\\/wp-content\\\/uploads\\\/2026\\\/02\\\/Green-Toilet-Lux-120-kompostikaymala_korjattu.jpg\",\"width\":900,\"height\":900,\"caption\":\"Green Toilet Lux on kompostoiva kuivak\u00e4ym\u00e4l\u00e4 posliini-istuimella \u2013 tarjoaa vesivessan k\u00e4ytt\u00f6mukavuuden ilman vett\u00e4 tai viem\u00e4ri\u00e4\"},{\"@type\":\"BreadcrumbList\",\"@id\":\"https:\\\/\\\/pikkuvihrea.fi\\\/en\\\/product\\\/green-toilet-lux-composting-toilet-for-indoors\\\/#breadcrumb\",\"itemListElement\":[{\"@type\":\"ListItem\",\"position\":1,\"name\":\"Etusivu\",\"item\":\"https:\\\/\\\/pikkuvihrea.fi\\\/en\\\/\"},{\"@type\":\"ListItem\",\"position\":2,\"name\":\"Shop\",\"item\":\"https:\\\/\\\/pikkuvihrea.fi\\\/en\\\/shop\\\/\"},{\"@type\":\"ListItem\",\"position\":3,\"name\":\"Green Toilet Lux composting toilet for indoors\"}]},{\"@type\":\"WebSite\",\"@id\":\"https:\\\/\\\/pikkuvihrea.fi\\\/en\\\/#website\",\"url\":\"https:\\\/\\\/pikkuvihrea.fi\\\/en\\\/\",\"name\":\"Pikkuvihre\u00e4\",\"description\":\"\",\"publisher\":{\"@id\":\"https:\\\/\\\/pikkuvihrea.fi\\\/en\\\/#organization\"},\"potentialAction\":[{\"@type\":\"SearchAction\",\"target\":{\"@type\":\"EntryPoint\",\"urlTemplate\":\"https:\\\/\\\/pikkuvihrea.fi\\\/en\\\/?s={search_term_string}\"},\"query-input\":{\"@type\":\"PropertyValueSpecification\",\"valueRequired\":true,\"valueName\":\"search_term_string\"}}],\"inLanguage\":\"en-US\"},{\"@type\":\"Organization\",\"@id\":\"https:\\\/\\\/pikkuvihrea.fi\\\/en\\\/#organization\",\"name\":\"Pikkuvihre\u00e4\",\"url\":\"https:\\\/\\\/pikkuvihrea.fi\\\/en\\\/\",\"logo\":{\"@type\":\"ImageObject\",\"inLanguage\":\"en-US\",\"@id\":\"https:\\\/\\\/pikkuvihrea.fi\\\/en\\\/#\\\/schema\\\/logo\\\/image\\\/\",\"url\":\"https:\\\/\\\/pikkuvihrea.fi\\\/wp-content\\\/uploads\\\/2020\\\/10\\\/pikkuvihrea_logo_rgb_trimmed.jpg\",\"contentUrl\":\"https:\\\/\\\/pikkuvihrea.fi\\\/wp-content\\\/uploads\\\/2020\\\/10\\\/pikkuvihrea_logo_rgb_trimmed.jpg\",\"width\":660,\"height\":100,\"caption\":\"Pikkuvihre\u00e4\"},\"image\":{\"@id\":\"https:\\\/\\\/pikkuvihrea.fi\\\/en\\\/#\\\/schema\\\/logo\\\/image\\\/\"}}]}<\/script>\n<meta property=\"product:brand\" content=\"Green Toilet\" \/>\n<meta property=\"og:availability\" content=\"instock\" \/>\n<meta property=\"product:availability\" content=\"instock\" \/>\n<meta property=\"product:retailer_item_id\" content=\"6430069510310\" \/>\n<meta property=\"product:condition\" content=\"new\" \/>\n<!-- \/ Yoast SEO plugin. -->","yoast_head_json":{"title":"Green Toilet Lux composting toilet for indoors - simply the best","description":"Green Toilet LUX is a dry toilet that gives the same feeling and comfort as the water toilet - without any water or sewage. Read more!","robots":{"index":"index","follow":"follow","max-snippet":"max-snippet:-1","max-image-preview":"max-image-preview:large","max-video-preview":"max-video-preview:-1"},"canonical":"https:\/\/pikkuvihrea.fi\/en\/product\/green-toilet-lux-composting-toilet-for-indoors\/","og_locale":"en_US","og_type":"article","og_title":"Green Toilet Lux composting toilet for indoors - simply the best","og_description":"Green Toilet LUX is a dry toilet that gives the same feeling and comfort as the water toilet - without any water or sewage. Read more!","og_url":"https:\/\/pikkuvihrea.fi\/en\/product\/green-toilet-lux-composting-toilet-for-indoors\/","og_site_name":"Pikkuvihre\u00e4","article_modified_time":"2026-04-15T08:26:10+00:00","og_image":[{"width":900,"height":900,"url":"https:\/\/pikkuvihrea.fi\/wp-content\/uploads\/2026\/02\/Green-Toilet-Lux-120-kompostikaymala_korjattu.jpg","type":"image\/jpeg"}],"twitter_card":"summary_large_image","twitter_misc":{"Availability":"In stock"},"schema":{"@context":"https:\/\/schema.org","@graph":[{"@type":"WebPage","@id":"https:\/\/pikkuvihrea.fi\/en\/product\/green-toilet-lux-composting-toilet-for-indoors\/","url":"https:\/\/pikkuvihrea.fi\/en\/product\/green-toilet-lux-composting-toilet-for-indoors\/","name":"Green Toilet Lux composting toilet for indoors - simply the best","isPartOf":{"@id":"https:\/\/pikkuvihrea.fi\/en\/#website"},"primaryImageOfPage":{"@id":"https:\/\/pikkuvihrea.fi\/en\/product\/green-toilet-lux-composting-toilet-for-indoors\/#primaryimage"},"image":{"@id":"https:\/\/pikkuvihrea.fi\/en\/product\/green-toilet-lux-composting-toilet-for-indoors\/#primaryimage"},"thumbnailUrl":"https:\/\/pikkuvihrea.fi\/wp-content\/uploads\/2026\/02\/Green-Toilet-Lux-120-kompostikaymala_korjattu.jpg","datePublished":"2019-02-18T08:42:16+00:00","dateModified":"2026-04-15T08:26:10+00:00","description":"Green Toilet LUX is a dry toilet that gives the same feeling and comfort as the water toilet - without any water or sewage. Read more!","breadcrumb":{"@id":"https:\/\/pikkuvihrea.fi\/en\/product\/green-toilet-lux-composting-toilet-for-indoors\/#breadcrumb"},"inLanguage":"en-US","potentialAction":[{"@type":"ReadAction","target":["https:\/\/pikkuvihrea.fi\/en\/product\/green-toilet-lux-composting-toilet-for-indoors\/"]}]},{"@type":"ImageObject","inLanguage":"en-US","@id":"https:\/\/pikkuvihrea.fi\/en\/product\/green-toilet-lux-composting-toilet-for-indoors\/#primaryimage","url":"https:\/\/pikkuvihrea.fi\/wp-content\/uploads\/2026\/02\/Green-Toilet-Lux-120-kompostikaymala_korjattu.jpg","contentUrl":"https:\/\/pikkuvihrea.fi\/wp-content\/uploads\/2026\/02\/Green-Toilet-Lux-120-kompostikaymala_korjattu.jpg","width":900,"height":900,"caption":"Green Toilet Lux on kompostoiva kuivak\u00e4ym\u00e4l\u00e4 posliini-istuimella \u2013 tarjoaa vesivessan k\u00e4ytt\u00f6mukavuuden ilman vett\u00e4 tai viem\u00e4ri\u00e4"},{"@type":"BreadcrumbList","@id":"https:\/\/pikkuvihrea.fi\/en\/product\/green-toilet-lux-composting-toilet-for-indoors\/#breadcrumb","itemListElement":[{"@type":"ListItem","position":1,"name":"Etusivu","item":"https:\/\/pikkuvihrea.fi\/en\/"},{"@type":"ListItem","position":2,"name":"Shop","item":"https:\/\/pikkuvihrea.fi\/en\/shop\/"},{"@type":"ListItem","position":3,"name":"Green Toilet Lux composting toilet for indoors"}]},{"@type":"WebSite","@id":"https:\/\/pikkuvihrea.fi\/en\/#website","url":"https:\/\/pikkuvihrea.fi\/en\/","name":"Pikkuvihre\u00e4","description":"","publisher":{"@id":"https:\/\/pikkuvihrea.fi\/en\/#organization"},"potentialAction":[{"@type":"SearchAction","target":{"@type":"EntryPoint","urlTemplate":"https:\/\/pikkuvihrea.fi\/en\/?s={search_term_string}"},"query-input":{"@type":"PropertyValueSpecification","valueRequired":true,"valueName":"search_term_string"}}],"inLanguage":"en-US"},{"@type":"Organization","@id":"https:\/\/pikkuvihrea.fi\/en\/#organization","name":"Pikkuvihre\u00e4","url":"https:\/\/pikkuvihrea.fi\/en\/","logo":{"@type":"ImageObject","inLanguage":"en-US","@id":"https:\/\/pikkuvihrea.fi\/en\/#\/schema\/logo\/image\/","url":"https:\/\/pikkuvihrea.fi\/wp-content\/uploads\/2020\/10\/pikkuvihrea_logo_rgb_trimmed.jpg","contentUrl":"https:\/\/pikkuvihrea.fi\/wp-content\/uploads\/2020\/10\/pikkuvihrea_logo_rgb_trimmed.jpg","width":660,"height":100,"caption":"Pikkuvihre\u00e4"},"image":{"@id":"https:\/\/pikkuvihrea.fi\/en\/#\/schema\/logo\/image\/"}}]},"product_brand":"Green Toilet","og_availability":"instock","product_availability":"instock","product_retailer_item_id":"6430069510310","product_condition":"new"},"_links":{"self":[{"href":"https:\/\/pikkuvihrea.fi\/en\/wp-json\/wp\/v2\/product\/1699","targetHints":{"allow":["GET"]}}],"collection":[{"href":"https:\/\/pikkuvihrea.fi\/en\/wp-json\/wp\/v2\/product"}],"about":[{"href":"https:\/\/pikkuvihrea.fi\/en\/wp-json\/wp\/v2\/types\/product"}],"replies":[{"embeddable":true,"href":"https:\/\/pikkuvihrea.fi\/en\/wp-json\/wp\/v2\/comments?post=1699"}],"wp:featuredmedia":[{"embeddable":true,"href":"https:\/\/pikkuvihrea.fi\/en\/wp-json\/wp\/v2\/media\/43145"}],"wp:attachment":[{"href":"https:\/\/pikkuvihrea.fi\/en\/wp-json\/wp\/v2\/media?parent=1699"}],"wp:term":[{"taxonomy":"product_brand","embeddable":true,"href":"https:\/\/pikkuvihrea.fi\/en\/wp-json\/wp\/v2\/product_brand?post=1699"},{"taxonomy":"product_cat","embeddable":true,"href":"https:\/\/pikkuvihrea.fi\/en\/wp-json\/wp\/v2\/product_cat?post=1699"},{"taxonomy":"product_tag","embeddable":true,"href":"https:\/\/pikkuvihrea.fi\/en\/wp-json\/wp\/v2\/product_tag?post=1699"}],"curies":[{"name":"wp","href":"https:\/\/api.w.org\/{rel}","templated":true}]}}