{"id":1435,"date":"2018-04-13T09:00:58","date_gmt":"2018-04-13T06:00:58","guid":{"rendered":"https:\/\/pikkuvihrea.fi\/tuote\/green-toilet-120-family-composting-toilet-2\/"},"modified":"2026-04-10T11:08:41","modified_gmt":"2026-04-10T08:08:41","slug":"green-toilet-120-family-composting-toilet-with-spare-container","status":"publish","type":"product","link":"https:\/\/pikkuvihrea.fi\/en\/product\/green-toilet-120-family-composting-toilet-with-spare-container\/","title":{"rendered":"Package Green Toilet 120 Family composting toilet with spare container"},"content":{"rendered":"<p>Green Toilet is an ecological composting dry toilet designed and manufactured in Finland. Green Toilet operates with any water or electricity and is therefore an ideal solution anywhere where there is no drainage or water available.<\/p>\n<p><iframe loading=\"lazy\" title=\"YouTube video player\" data-cookieconsent=\"statistics, marketing\" data-src=\"https:\/\/www.youtube.com\/embed\/nL2KPensgB0\" width=\"315\" height=\"560\" frameborder=\"0\" allowfullscreen=\"allowfullscreen\"><span data-mce-type=\"bookmark\" style=\"display: inline-block; width: 0px; overflow: hidden; line-height: 0;\" class=\"mce_SELRES_start\">\ufeff<\/span><\/iframe><div class=\"cookieconsent-optout-statistics cookieconsent-optout-marketing\">Please accept <a href=\"javascript:Cookiebot.renew()\">statistics, marketing<\/a> cookies to watch this video.<\/div><\/p>\n<h3>ADVANTAGES OF GREEN TOILET<\/h3>\n<ul>\n<li>good composting ability<\/li>\n<li>tested in use for decades<\/li>\n<li>ecological<\/li>\n<li>odorless<\/li>\n<li>endless capacity with spare containers<\/li>\n<li>long service intervals<\/li>\n<li>handy size &#8211; easy to move<\/li>\n<li>durable, no moving parts<\/li>\n<li>effective handling of liquid waste<\/li>\n<li>low operating costs<\/li>\n<\/ul>\n<h3><strong>OPERATING PRINCIPLE<\/strong><\/h3>\n<p>Inside the Green Toilet container, there is a special double base, which separates the urine from the solid waste making the toilet completely odorless and pleasant to use. The special capillary bottom allows some of the urine to be absorbed back to the composting solid waste, just like in underwatering flowerpots. This unique feature of the Green Toilet speeds up the composting process significantly. Efficient composting requires suitable moisture: the mass inside the container should not be too wet or too dry.<\/p>\n<p>The excess liquid, ie. the seap liquid is led through a hose from the bottom of the container to a canister. Alternatively, the seap liquid can be filtered with a <a href=\"https:\/\/pikkuvihrea.fi\/product\/geotrap-dry-toilet-filter\/?lang=en\" target=\"_blank\" rel=\"noopener\">GeoTrap Dry Toilet Filter<\/a>.<\/p>\n<p>The use and the service of the Green Toilet is based on batch composting: when the composting container in use gets full, it is pulled out of the toilet by wheels and a spare container is taken into use. The full container is closed with a lid and it is left to decompose until the next service. Thus, one does not have to shovel or handle raw toilet waste in any way.<\/p>\n<p>The third important feature is the ventilation pipe, which ensures that the air flows from the toilet seat and composting container outwards and no unpleasant odor is let into toilet in any circumstances. The ventilation also boosts the evaporation of liquid \u2013 especially at warm weather.<\/p>\n<h3><strong>PACKAGE CONTENT<\/strong><\/h3>\n<ul>\n<li>composting container 120 liters with a waste shaft<\/li>\n<li>spare container 120 liters with a closed lid<\/li>\n<li>wheels<\/li>\n<li>ventilation kit: ventilation pipe 100 cm 2 pcs, a flexible pipe 50 cm, a ventilation pipe cap, a joint and fixtures<\/li>\n<li>liquid hose 150 cm (<a href=\"https:\/\/pikkuvihrea.fi\/en\/product\/flexible-hose-1m-diam-32mm\/\" target=\"_blank\" rel=\"noopener\">extra liquid hose available;<\/a>\u00a0just add as many extra meters as you need)<\/li>\n<li>liquid canister 20 liters<\/li>\n<li>lid of the container and an adjustable waste shaft 30 cm<\/li>\n<li><a href=\"https:\/\/pikkuvihrea.fi\/en\/product\/hinged-thermal-seat\/\" target=\"_blank\" rel=\"noopener\">thermal seat with fixtures<\/a><\/li>\n<li>plug for the seap liquid outlet<\/li>\n<li>bag of dry material<\/li>\n<li>manual for installation and use<\/li>\n<\/ul>\n<h3><strong>SERVICE<\/strong><\/h3>\n<p>When the Green Toilet container gets full and it is time for service, the flexible part of the ventilation pipe and the liquid hose are taken off. No tools are needed for this. After this, the container is pulled out with wheels.<\/p>\n<p>Then the Green Toilet spare container is taken into use and the bottom of the empty container is covered with dry material. The lid with the waste shaft is put on the empty container and put back to the toilet. The full container is covered with a closed lid and left to decompose until it is time for the next service.<\/p>\n<p>More information: <a href=\"https:\/\/youtu.be\/wF202zI2P2w\" target=\"_blank\" rel=\"noopener\">Green Toilet video<\/a>.<\/p>\n<h3><strong>COMMON USE CASES<\/strong><\/h3>\n<p>Green Toilet is excellent for family use in holiday homes and cottages both indoors and in traditional outhouses. In seasonal use, Green Toilet 120 serves 4-6 people and usually one spare container is enough. Spare containers can be acquired separately according to the need. Thus, Green Toilet 120 can serve also in continuous use in permanent houses.<\/p>\n<h3><strong>OPTIONS AND ACCESSORIES<\/strong><\/h3>\n<ul>\n<li><a href=\"https:\/\/pikkuvihrea.fi\/en\/product\/green-toilet-330-composting-toilet-with-spare-container\/\" target=\"_blank\" rel=\"noopener\">Green Toilet 330<\/a> is the larger version, which is suitable when there are more users, to public sites or whenever long service intervals are important<\/li>\n<li><a href=\"https:\/\/pikkuvihrea.fi\/en\/product\/green-toilet-lux-composting-toilet-for-indoors\/\" target=\"_blank\" rel=\"noopener\">Green Toilet LUX<\/a> is a composting dry toilet with a porcelain pedestal for indoor use<\/li>\n<li><a href=\"https:\/\/pikkuvihrea.fi\/en\/product\/green-toilet-120-family-spare-container\/\" target=\"_blank\" rel=\"noopener\">Green Toilet 120 Family spare container<\/a> which can be obtained according to the need separately as well<\/li>\n<li><a href=\"https:\/\/pikkuvihrea.fi\/en\/product\/wind-driven-ventilator-ecoplast\/\" target=\"_blank\" rel=\"noopener\">Wind driven ventilator<\/a> to boost the ventilation<\/li>\n<li><a href=\"https:\/\/pikkuvihrea.fi\/en\/product\/geotrap-dry-toilet-filter\/\" target=\"_blank\" rel=\"noopener\">GeoTrap Dry Toilet Filter<\/a><\/li>\n<li><a href=\"https:\/\/pikkuvihrea.fi\/en\/product\/puucee-biodegrader-sprinkles\/\" target=\"_blank\" rel=\"noopener\">Biodegrader<\/a><\/li>\n<\/ul>\n","protected":false},"excerpt":{"rendered":"<p><strong data-start=\"96\" data-end=\"143\">A complete toilet package for outhouse use:<\/strong> the <strong data-start=\"148\" data-end=\"175\">Green Toilet 120 Family<\/strong> composting toilet with a spare container. Its efficient double base design ensures effective composting, while maintenance with the spare container is quick and effortless.<\/p>\n<ul>\n<li>No handling of raw toilet waste<\/li>\n<li>Compact size \u2013 easy to move and position<\/li>\n<li>Simple maintenance \u2013 no shoveling needed<\/li>\n<\/ul>\n","protected":false},"featured_media":44753,"comment_status":"closed","ping_status":"closed","template":"","meta":{"_acf_changed":false},"product_brand":[],"product_cat":[745,1054,1369],"product_tag":[],"class_list":{"0":"post-1435","1":"product","2":"type-product","3":"status-publish","4":"has-post-thumbnail","6":"product_cat-composting-toilets","7":"product_cat-dry-toilets","8":"product_cat-public-use-dry-toilets","9":"product_shipping_class-oversized-packages","11":"first","12":"instock","13":"sale","14":"downloadable","15":"taxable","16":"shipping-taxable","17":"purchasable","18":"product-type-bundle"},"bundled_by":[],"bundle_stock_status":"instock","bundle_stock_quantity":"","bundle_virtual":false,"bundle_layout":"default","bundle_add_to_cart_form_location":"default","bundle_editable_in_cart":false,"bundle_sold_individually_context":"product","bundle_item_grouping":"noindent","bundle_min_size":"","bundle_max_size":"","bundle_price":{"price":{"min":{"incl_tax":"799.00","excl_tax":"636.65"},"max":{"incl_tax":"878","excl_tax":"699.6"}},"regular_price":{"min":{"incl_tax":"885.00","excl_tax":"705.18"},"max":{"incl_tax":"974","excl_tax":"776.1"}}},"bundled_items":[{"bundled_item_id":270,"product_id":36441,"menu_order":0,"quantity_min":1,"quantity_max":1,"quantity_default":1,"priced_individually":true,"shipped_individually":false,"override_title":true,"title":"","override_description":false,"description":"Wind-driven ventilator Ecoplast","optional":true,"hide_thumbnail":false,"discount":"11.235955","override_variations":true,"allowed_variations":[37039],"override_default_variation_attributes":true,"default_variation_attributes":[{"id":26,"name":"Tuulettimen yhteensopivuus:","option":"standard-110mm-o-diameter"}],"single_product_visibility":"visible","cart_visibility":"visible","order_visibility":"visible","single_product_price_visibility":"visible","cart_price_visibility":"visible","order_price_visibility":"visible","stock_status":"in_stock"}],"bundle_sell_ids":[],"acf":[],"gallery_images":[30225,41277,32150,41964,13357,22377,44753],"yoast_head":"<!-- This site is optimized with the Yoast SEO plugin v27.4 - https:\/\/yoast.com\/product\/yoast-seo-wordpress\/ -->\n<title>Green Toilet 120 Family Composting Toilet with Spare Container<\/title>\n<meta name=\"description\" content=\"Green Toilet is an odourless composting dry toilet which can has excellent composting ability and easy service with spare container.\" \/>\n<meta name=\"robots\" content=\"index, follow, max-snippet:-1, max-image-preview:large, max-video-preview:-1\" \/>\n<link rel=\"canonical\" href=\"https:\/\/pikkuvihrea.fi\/en\/product\/green-toilet-120-family-composting-toilet-with-spare-container\/\" \/>\n<meta property=\"og:locale\" content=\"en_US\" \/>\n<meta property=\"og:type\" content=\"article\" \/>\n<meta property=\"og:title\" content=\"Green Toilet 120 Family Composting Toilet with Spare Container\" \/>\n<meta property=\"og:description\" content=\"Green Toilet is an odourless composting dry toilet which can has excellent composting ability and easy service with spare container.\" \/>\n<meta property=\"og:url\" content=\"https:\/\/pikkuvihrea.fi\/en\/product\/green-toilet-120-family-composting-toilet-with-spare-container\/\" \/>\n<meta property=\"og:site_name\" content=\"Pikkuvihre\u00e4\" \/>\n<meta property=\"article:modified_time\" content=\"2026-04-10T08:08:41+00:00\" \/>\n<meta property=\"og:image\" content=\"https:\/\/pikkuvihrea.fi\/wp-content\/uploads\/2026\/03\/Green-Toilet-120-Family-kompostikaymala-ja-vaihtosailio.jpg\" \/>\n\t<meta property=\"og:image:width\" content=\"900\" \/>\n\t<meta property=\"og:image:height\" content=\"900\" \/>\n\t<meta property=\"og:image:type\" content=\"image\/jpeg\" \/>\n<meta name=\"twitter:card\" content=\"summary_large_image\" \/>\n<meta name=\"twitter:label1\" content=\"Price\" \/>\n\t<meta name=\"twitter:data1\" content=\"799,00&nbsp;&euro;\" \/>\n\t<meta name=\"twitter:label2\" content=\"Availability\" \/>\n\t<meta name=\"twitter:data2\" content=\"In stock\" \/>\n<script type=\"application\/ld+json\" class=\"yoast-schema-graph\">{\"@context\":\"https:\\\/\\\/schema.org\",\"@graph\":[{\"@type\":\"WebPage\",\"@id\":\"https:\\\/\\\/pikkuvihrea.fi\\\/en\\\/product\\\/green-toilet-120-family-composting-toilet-with-spare-container\\\/\",\"url\":\"https:\\\/\\\/pikkuvihrea.fi\\\/en\\\/product\\\/green-toilet-120-family-composting-toilet-with-spare-container\\\/\",\"name\":\"Green Toilet 120 Family Composting Toilet with Spare Container\",\"isPartOf\":{\"@id\":\"https:\\\/\\\/pikkuvihrea.fi\\\/en\\\/#website\"},\"primaryImageOfPage\":{\"@id\":\"https:\\\/\\\/pikkuvihrea.fi\\\/en\\\/product\\\/green-toilet-120-family-composting-toilet-with-spare-container\\\/#primaryimage\"},\"image\":{\"@id\":\"https:\\\/\\\/pikkuvihrea.fi\\\/en\\\/product\\\/green-toilet-120-family-composting-toilet-with-spare-container\\\/#primaryimage\"},\"thumbnailUrl\":\"https:\\\/\\\/pikkuvihrea.fi\\\/wp-content\\\/uploads\\\/2026\\\/03\\\/Green-Toilet-120-Family-kompostikaymala-ja-vaihtosailio.jpg\",\"datePublished\":\"2018-04-13T06:00:58+00:00\",\"dateModified\":\"2026-04-10T08:08:41+00:00\",\"description\":\"Green Toilet is an odourless composting dry toilet which can has excellent composting ability and easy service with spare container.\",\"breadcrumb\":{\"@id\":\"https:\\\/\\\/pikkuvihrea.fi\\\/en\\\/product\\\/green-toilet-120-family-composting-toilet-with-spare-container\\\/#breadcrumb\"},\"inLanguage\":\"en-US\",\"potentialAction\":[{\"@type\":\"ReadAction\",\"target\":[\"https:\\\/\\\/pikkuvihrea.fi\\\/en\\\/product\\\/green-toilet-120-family-composting-toilet-with-spare-container\\\/\"]}]},{\"@type\":\"ImageObject\",\"inLanguage\":\"en-US\",\"@id\":\"https:\\\/\\\/pikkuvihrea.fi\\\/en\\\/product\\\/green-toilet-120-family-composting-toilet-with-spare-container\\\/#primaryimage\",\"url\":\"https:\\\/\\\/pikkuvihrea.fi\\\/wp-content\\\/uploads\\\/2026\\\/03\\\/Green-Toilet-120-Family-kompostikaymala-ja-vaihtosailio.jpg\",\"contentUrl\":\"https:\\\/\\\/pikkuvihrea.fi\\\/wp-content\\\/uploads\\\/2026\\\/03\\\/Green-Toilet-120-Family-kompostikaymala-ja-vaihtosailio.jpg\",\"width\":900,\"height\":900,\"caption\":\"Paketti sis\u00e4lt\u00e4\u00e4 Green Toilet 120 Family kompostoivan kuivak\u00e4ym\u00e4l\u00e4n ja varas\u00e4ili\u00f6n \u2013 sopii m\u00f6kille, jossa tarvitaan suurempaa kapasiteettia\"},{\"@type\":\"BreadcrumbList\",\"@id\":\"https:\\\/\\\/pikkuvihrea.fi\\\/en\\\/product\\\/green-toilet-120-family-composting-toilet-with-spare-container\\\/#breadcrumb\",\"itemListElement\":[{\"@type\":\"ListItem\",\"position\":1,\"name\":\"Etusivu\",\"item\":\"https:\\\/\\\/pikkuvihrea.fi\\\/en\\\/\"},{\"@type\":\"ListItem\",\"position\":2,\"name\":\"Shop\",\"item\":\"https:\\\/\\\/pikkuvihrea.fi\\\/en\\\/shop\\\/\"},{\"@type\":\"ListItem\",\"position\":3,\"name\":\"Package Green Toilet 120 Family composting toilet with spare container\"}]},{\"@type\":\"WebSite\",\"@id\":\"https:\\\/\\\/pikkuvihrea.fi\\\/en\\\/#website\",\"url\":\"https:\\\/\\\/pikkuvihrea.fi\\\/en\\\/\",\"name\":\"Pikkuvihre\u00e4\",\"description\":\"\",\"publisher\":{\"@id\":\"https:\\\/\\\/pikkuvihrea.fi\\\/en\\\/#organization\"},\"potentialAction\":[{\"@type\":\"SearchAction\",\"target\":{\"@type\":\"EntryPoint\",\"urlTemplate\":\"https:\\\/\\\/pikkuvihrea.fi\\\/en\\\/?s={search_term_string}\"},\"query-input\":{\"@type\":\"PropertyValueSpecification\",\"valueRequired\":true,\"valueName\":\"search_term_string\"}}],\"inLanguage\":\"en-US\"},{\"@type\":\"Organization\",\"@id\":\"https:\\\/\\\/pikkuvihrea.fi\\\/en\\\/#organization\",\"name\":\"Pikkuvihre\u00e4\",\"url\":\"https:\\\/\\\/pikkuvihrea.fi\\\/en\\\/\",\"logo\":{\"@type\":\"ImageObject\",\"inLanguage\":\"en-US\",\"@id\":\"https:\\\/\\\/pikkuvihrea.fi\\\/en\\\/#\\\/schema\\\/logo\\\/image\\\/\",\"url\":\"https:\\\/\\\/pikkuvihrea.fi\\\/wp-content\\\/uploads\\\/2020\\\/10\\\/pikkuvihrea_logo_rgb_trimmed.jpg\",\"contentUrl\":\"https:\\\/\\\/pikkuvihrea.fi\\\/wp-content\\\/uploads\\\/2020\\\/10\\\/pikkuvihrea_logo_rgb_trimmed.jpg\",\"width\":660,\"height\":100,\"caption\":\"Pikkuvihre\u00e4\"},\"image\":{\"@id\":\"https:\\\/\\\/pikkuvihrea.fi\\\/en\\\/#\\\/schema\\\/logo\\\/image\\\/\"}}]}<\/script>\n<meta property=\"product:brand\" content=\"Green Toilet\" \/>\n<meta property=\"product:price:amount\" content=\"799.00\" \/>\n<meta property=\"product:price:currency\" content=\"EUR\" \/>\n<meta property=\"og:availability\" content=\"instock\" \/>\n<meta property=\"product:availability\" content=\"instock\" \/>\n<meta property=\"product:retailer_item_id\" content=\"6430069510532\" \/>\n<meta property=\"product:condition\" content=\"new\" \/>\n<!-- \/ Yoast SEO plugin. -->","yoast_head_json":{"title":"Green Toilet 120 Family Composting Toilet with Spare Container","description":"Green Toilet is an odourless composting dry toilet which can has excellent composting ability and easy service with spare container.","robots":{"index":"index","follow":"follow","max-snippet":"max-snippet:-1","max-image-preview":"max-image-preview:large","max-video-preview":"max-video-preview:-1"},"canonical":"https:\/\/pikkuvihrea.fi\/en\/product\/green-toilet-120-family-composting-toilet-with-spare-container\/","og_locale":"en_US","og_type":"article","og_title":"Green Toilet 120 Family Composting Toilet with Spare Container","og_description":"Green Toilet is an odourless composting dry toilet which can has excellent composting ability and easy service with spare container.","og_url":"https:\/\/pikkuvihrea.fi\/en\/product\/green-toilet-120-family-composting-toilet-with-spare-container\/","og_site_name":"Pikkuvihre\u00e4","article_modified_time":"2026-04-10T08:08:41+00:00","og_image":[{"width":900,"height":900,"url":"https:\/\/pikkuvihrea.fi\/wp-content\/uploads\/2026\/03\/Green-Toilet-120-Family-kompostikaymala-ja-vaihtosailio.jpg","type":"image\/jpeg"}],"twitter_card":"summary_large_image","twitter_misc":{"Price":"799,00&nbsp;&euro;","Availability":"In stock"},"schema":{"@context":"https:\/\/schema.org","@graph":[{"@type":"WebPage","@id":"https:\/\/pikkuvihrea.fi\/en\/product\/green-toilet-120-family-composting-toilet-with-spare-container\/","url":"https:\/\/pikkuvihrea.fi\/en\/product\/green-toilet-120-family-composting-toilet-with-spare-container\/","name":"Green Toilet 120 Family Composting Toilet with Spare Container","isPartOf":{"@id":"https:\/\/pikkuvihrea.fi\/en\/#website"},"primaryImageOfPage":{"@id":"https:\/\/pikkuvihrea.fi\/en\/product\/green-toilet-120-family-composting-toilet-with-spare-container\/#primaryimage"},"image":{"@id":"https:\/\/pikkuvihrea.fi\/en\/product\/green-toilet-120-family-composting-toilet-with-spare-container\/#primaryimage"},"thumbnailUrl":"https:\/\/pikkuvihrea.fi\/wp-content\/uploads\/2026\/03\/Green-Toilet-120-Family-kompostikaymala-ja-vaihtosailio.jpg","datePublished":"2018-04-13T06:00:58+00:00","dateModified":"2026-04-10T08:08:41+00:00","description":"Green Toilet is an odourless composting dry toilet which can has excellent composting ability and easy service with spare container.","breadcrumb":{"@id":"https:\/\/pikkuvihrea.fi\/en\/product\/green-toilet-120-family-composting-toilet-with-spare-container\/#breadcrumb"},"inLanguage":"en-US","potentialAction":[{"@type":"ReadAction","target":["https:\/\/pikkuvihrea.fi\/en\/product\/green-toilet-120-family-composting-toilet-with-spare-container\/"]}]},{"@type":"ImageObject","inLanguage":"en-US","@id":"https:\/\/pikkuvihrea.fi\/en\/product\/green-toilet-120-family-composting-toilet-with-spare-container\/#primaryimage","url":"https:\/\/pikkuvihrea.fi\/wp-content\/uploads\/2026\/03\/Green-Toilet-120-Family-kompostikaymala-ja-vaihtosailio.jpg","contentUrl":"https:\/\/pikkuvihrea.fi\/wp-content\/uploads\/2026\/03\/Green-Toilet-120-Family-kompostikaymala-ja-vaihtosailio.jpg","width":900,"height":900,"caption":"Paketti sis\u00e4lt\u00e4\u00e4 Green Toilet 120 Family kompostoivan kuivak\u00e4ym\u00e4l\u00e4n ja varas\u00e4ili\u00f6n \u2013 sopii m\u00f6kille, jossa tarvitaan suurempaa kapasiteettia"},{"@type":"BreadcrumbList","@id":"https:\/\/pikkuvihrea.fi\/en\/product\/green-toilet-120-family-composting-toilet-with-spare-container\/#breadcrumb","itemListElement":[{"@type":"ListItem","position":1,"name":"Etusivu","item":"https:\/\/pikkuvihrea.fi\/en\/"},{"@type":"ListItem","position":2,"name":"Shop","item":"https:\/\/pikkuvihrea.fi\/en\/shop\/"},{"@type":"ListItem","position":3,"name":"Package Green Toilet 120 Family composting toilet with spare container"}]},{"@type":"WebSite","@id":"https:\/\/pikkuvihrea.fi\/en\/#website","url":"https:\/\/pikkuvihrea.fi\/en\/","name":"Pikkuvihre\u00e4","description":"","publisher":{"@id":"https:\/\/pikkuvihrea.fi\/en\/#organization"},"potentialAction":[{"@type":"SearchAction","target":{"@type":"EntryPoint","urlTemplate":"https:\/\/pikkuvihrea.fi\/en\/?s={search_term_string}"},"query-input":{"@type":"PropertyValueSpecification","valueRequired":true,"valueName":"search_term_string"}}],"inLanguage":"en-US"},{"@type":"Organization","@id":"https:\/\/pikkuvihrea.fi\/en\/#organization","name":"Pikkuvihre\u00e4","url":"https:\/\/pikkuvihrea.fi\/en\/","logo":{"@type":"ImageObject","inLanguage":"en-US","@id":"https:\/\/pikkuvihrea.fi\/en\/#\/schema\/logo\/image\/","url":"https:\/\/pikkuvihrea.fi\/wp-content\/uploads\/2020\/10\/pikkuvihrea_logo_rgb_trimmed.jpg","contentUrl":"https:\/\/pikkuvihrea.fi\/wp-content\/uploads\/2020\/10\/pikkuvihrea_logo_rgb_trimmed.jpg","width":660,"height":100,"caption":"Pikkuvihre\u00e4"},"image":{"@id":"https:\/\/pikkuvihrea.fi\/en\/#\/schema\/logo\/image\/"}}]},"product_brand":"Green Toilet","product_price_amount":"799.00","product_price_currency":"EUR","og_availability":"instock","product_availability":"instock","product_retailer_item_id":"6430069510532","product_condition":"new"},"_links":{"self":[{"href":"https:\/\/pikkuvihrea.fi\/en\/wp-json\/wp\/v2\/product\/1435","targetHints":{"allow":["GET"]}}],"collection":[{"href":"https:\/\/pikkuvihrea.fi\/en\/wp-json\/wp\/v2\/product"}],"about":[{"href":"https:\/\/pikkuvihrea.fi\/en\/wp-json\/wp\/v2\/types\/product"}],"replies":[{"embeddable":true,"href":"https:\/\/pikkuvihrea.fi\/en\/wp-json\/wp\/v2\/comments?post=1435"}],"wp:featuredmedia":[{"embeddable":true,"href":"https:\/\/pikkuvihrea.fi\/en\/wp-json\/wp\/v2\/media\/44753"}],"wp:attachment":[{"href":"https:\/\/pikkuvihrea.fi\/en\/wp-json\/wp\/v2\/media?parent=1435"}],"wp:term":[{"taxonomy":"product_brand","embeddable":true,"href":"https:\/\/pikkuvihrea.fi\/en\/wp-json\/wp\/v2\/product_brand?post=1435"},{"taxonomy":"product_cat","embeddable":true,"href":"https:\/\/pikkuvihrea.fi\/en\/wp-json\/wp\/v2\/product_cat?post=1435"},{"taxonomy":"product_tag","embeddable":true,"href":"https:\/\/pikkuvihrea.fi\/en\/wp-json\/wp\/v2\/product_tag?post=1435"}],"curies":[{"name":"wp","href":"https:\/\/api.w.org\/{rel}","templated":true}]}}