{"id":14247,"date":"2022-07-19T15:40:06","date_gmt":"2022-07-19T12:40:06","guid":{"rendered":"https:\/\/pikkuvihrea.fi\/?post_type=product&#038;p=14247"},"modified":"2025-09-22T15:28:05","modified_gmt":"2025-09-22T12:28:05","slug":"separett-tiny-urine-separating-toilet","status":"publish","type":"product","link":"https:\/\/pikkuvihrea.fi\/en\/product\/separett-tiny-urine-separating-toilet\/","title":{"rendered":"Separett Tiny urine separating toilet"},"content":{"rendered":"<p>Separett Tiny has been designed especially for small spaces: RV\u00b4s, tiny homes, cottages etc. It is easy to install and despite the compact measurements, it can handle large amount of toilet waste &#8211; thanks to the urine separation. Special attention has been paid in the design that the service would be easy and clean for the user.<\/p>\n<p>There are two variations of the product:<\/p>\n<ul>\n<li>with urine collection inside the toilet (a canister)<\/li>\n<li>with urine outlet (through a hose out)<\/li>\n<\/ul>\n<p>The canister version is usually good for moving homes and tiny houses, whereas the version with the urine outlet more suitable for permanent locations like summer cottages.<\/p>\n<p>When the toilet is used by two persons, the urine container needs to be emptied 2-3 times per week and the solids container once per two weeks. The urine container has a sensor that lights up when it is time to empty the canister.<\/p>\n<p>&nbsp;<\/p>\n<table class=\"tab-text\" style=\"width: 75.2566%;\">\n<tbody>\n<tr>\n<th style=\"width: 47.2368%;\">Filter by function<\/th>\n<td style=\"width: 51.8541%;\">Battery powered \/ solar powered<\/td>\n<\/tr>\n<tr>\n<th style=\"width: 47.2368%;\">Place of installation<\/th>\n<td style=\"width: 51.8541%;\">Leisure home without electricity<\/td>\n<\/tr>\n<tr>\n<th style=\"width: 47.2368%;\">Capacity<\/th>\n<td style=\"width: 51.8541%;\">Unlimited &#8211; need for emptying depends on the amount of users<\/td>\n<\/tr>\n<tr>\n<th style=\"width: 47.2368%;\">Product weight<\/th>\n<td style=\"width: 51.8541%;\">8,5 kg<\/td>\n<\/tr>\n<tr>\n<th style=\"width: 47.2368%;\">Package weight<\/th>\n<td style=\"width: 51.8541%;\">12 kg<\/td>\n<\/tr>\n<tr>\n<th style=\"width: 47.2368%;\">Max user weight<\/th>\n<td style=\"width: 51.8541%;\">150 kg<\/td>\n<\/tr>\n<tr>\n<th style=\"width: 47.2368%;\">Product measurements<\/th>\n<td style=\"width: 51.8541%;\">Length 49,7 cm | Width 39,8 cm | Height 47 cm<\/td>\n<\/tr>\n<tr>\n<th style=\"width: 47.2368%;\">Seat height<\/th>\n<td style=\"width: 51.8541%;\">44-45 cm<\/td>\n<\/tr>\n<tr>\n<th style=\"width: 47.2368%;\">Package size<\/th>\n<td style=\"width: 51.8541%;\">Length 52,5 cm | Width 40,5 cm | Height 50 cm<\/td>\n<\/tr>\n<tr>\n<th style=\"width: 47.2368%;\">Material<\/th>\n<td style=\"width: 51.8541%;\">Recyclable high-gloss polypropylene<\/td>\n<\/tr>\n<tr>\n<th style=\"width: 47.2368%;\">Emptying interval with 4 users (liquids)<\/th>\n<td style=\"width: 51.8541%;\">Every other day<\/td>\n<\/tr>\n<tr>\n<th style=\"width: 47.2368%;\">Emptying interval with 4 users (solids)<\/th>\n<td style=\"width: 51.8541%;\">2 times a week<\/td>\n<\/tr>\n<tr>\n<th style=\"width: 47.2368%;\">Inner container volume (liquids)<\/th>\n<td style=\"width: 51.8541%;\">7,5 l<\/td>\n<\/tr>\n<tr>\n<th style=\"width: 47.2368%;\">Energy consumption<\/th>\n<td style=\"width: 51.8541%;\">0,04 kWh\/day<\/td>\n<\/tr>\n<tr>\n<th style=\"width: 47.2368%;\">Connection<\/th>\n<td style=\"width: 51.8541%;\">Battery cables 1,55 m or power adapter 110-230 V \/ 12 V<\/td>\n<\/tr>\n<tr>\n<th style=\"width: 47.2368%;\">Total effect<\/th>\n<td style=\"width: 51.8541%;\">12 V \/ 1,6 W \/ 133 mA<\/td>\n<\/tr>\n<tr>\n<th style=\"width: 47.2368%;\">Voltage<\/th>\n<td style=\"width: 51.8541%;\">12V<\/td>\n<\/tr>\n<tr>\n<th style=\"width: 47.2368%;\">Ventilation duct \/ pipes<\/th>\n<td style=\"width: 51.8541%;\">Ventilation pipe \u00d850 mm<\/td>\n<\/tr>\n<tr>\n<th style=\"width: 47.2368%;\">Noise level in use<\/th>\n<td style=\"width: 51.8541%;\">&lt;30 dB(A)<\/td>\n<\/tr>\n<\/tbody>\n<\/table>\n<h3>Package content<\/h3>\n<ul>\n<li>Instructions for use<\/li>\n<li>Installation manual<\/li>\n<li>Battery cables for 12 V use<\/li>\n<li>Universal adapter for 110-240 V use<\/li>\n<li>1 x latrine container with lid<\/li>\n<li>1 x urine tank<\/li>\n<li>\u00d8 50 mm ventilation pipe 40 cm<\/li>\n<li>Adapter \u00d8 50 mm &#8211; 1 \u00bd \u201d<\/li>\n<li>Ventilation grille with insect net<\/li>\n<li>Ventilation cowl<\/li>\n<li>Holder for drain cleaning tablet<\/li>\n<li>Installation sketch<\/li>\n<li>Screws for wall \/ floor<\/li>\n<li>Sample compostable bags<\/li>\n<li>Drain cleaning sample<\/li>\n<li>Absorb pad sample<\/li>\n<li>Filter for ventilation pipes<\/li>\n<\/ul>\n","protected":false},"excerpt":{"rendered":"<p>Separett Tiny is a urine diverting toilet is especially designed for small and moving homes: boats, tiny houses, RV\u00b4s etc. All that is needed for installation is the electric energy of 12 V or 110\u2013240 V and a 50 mm pipe that is used for ventilating the toilet.<\/p>\n","protected":false},"featured_media":13349,"comment_status":"closed","ping_status":"closed","template":"","meta":{"_acf_changed":false},"product_brand":[],"product_cat":[1054,1051,1365],"product_tag":[],"class_list":{"0":"post-14247","1":"product","2":"type-product","3":"status-publish","4":"has-post-thumbnail","6":"product_cat-dry-toilets","7":"product_cat-modern-dry-toilets-indoors","8":"product_cat-urine-diverting-toilet","9":"product_shipping_class-medium-size-packages","11":"first","12":"instock","13":"taxable","14":"shipping-taxable","15":"purchasable","16":"product-type-variable","17":"has-default-attributes"},"bundled_by":[],"bundle_stock_status":"instock","bundle_stock_quantity":null,"bundle_virtual":false,"bundle_layout":"","bundle_add_to_cart_form_location":"","bundle_editable_in_cart":false,"bundle_sold_individually_context":"","bundle_item_grouping":"","bundle_min_size":"","bundle_max_size":"","bundle_price":[],"bundled_items":[],"bundle_sell_ids":[],"acf":[],"gallery_images":[13347,13345,13388,13343],"yoast_head":"<!-- This site is optimized with the Yoast SEO plugin v27.3 - https:\/\/yoast.com\/product\/yoast-seo-wordpress\/ -->\n<title>Separett Tiny urine separating toilet - Pikkuvihre\u00e4 web shop<\/title>\n<meta name=\"description\" content=\"Separett Tiny is the latest model of urine separation toilets. Modern design with many nice features that help the installation and use.\" \/>\n<meta name=\"robots\" content=\"index, follow, max-snippet:-1, max-image-preview:large, max-video-preview:-1\" \/>\n<link rel=\"canonical\" href=\"https:\/\/pikkuvihrea.fi\/en\/product\/separett-tiny-urine-separating-toilet\/\" \/>\n<meta property=\"og:locale\" content=\"en_US\" \/>\n<meta property=\"og:type\" content=\"article\" \/>\n<meta property=\"og:title\" content=\"Separett Tiny urine separating toilet - Pikkuvihre\u00e4 web shop\" \/>\n<meta property=\"og:description\" content=\"Separett Tiny is the latest model of urine separation toilets. Modern design with many nice features that help the installation and use.\" \/>\n<meta property=\"og:url\" content=\"https:\/\/pikkuvihrea.fi\/en\/product\/separett-tiny-urine-separating-toilet\/\" \/>\n<meta property=\"og:site_name\" content=\"Pikkuvihre\u00e4\" \/>\n<meta property=\"article:modified_time\" content=\"2025-09-22T12:28:05+00:00\" \/>\n<meta property=\"og:image\" content=\"https:\/\/pikkuvihrea.fi\/wp-content\/uploads\/2022\/05\/separett-tiny-erotteleva-kaymala.jpg\" \/>\n\t<meta property=\"og:image:width\" content=\"900\" \/>\n\t<meta property=\"og:image:height\" content=\"900\" \/>\n\t<meta property=\"og:image:type\" content=\"image\/jpeg\" \/>\n<meta name=\"twitter:card\" content=\"summary_large_image\" \/>\n<meta name=\"twitter:label1\" content=\"Availability\" \/>\n\t<meta name=\"twitter:data1\" content=\"In stock\" \/>\n<script type=\"application\/ld+json\" class=\"yoast-schema-graph\">{\"@context\":\"https:\\\/\\\/schema.org\",\"@graph\":[{\"@type\":\"WebPage\",\"@id\":\"https:\\\/\\\/pikkuvihrea.fi\\\/en\\\/product\\\/separett-tiny-urine-separating-toilet\\\/\",\"url\":\"https:\\\/\\\/pikkuvihrea.fi\\\/en\\\/product\\\/separett-tiny-urine-separating-toilet\\\/\",\"name\":\"Separett Tiny urine separating toilet - Pikkuvihre\u00e4 web shop\",\"isPartOf\":{\"@id\":\"https:\\\/\\\/pikkuvihrea.fi\\\/en\\\/#website\"},\"primaryImageOfPage\":{\"@id\":\"https:\\\/\\\/pikkuvihrea.fi\\\/en\\\/product\\\/separett-tiny-urine-separating-toilet\\\/#primaryimage\"},\"image\":{\"@id\":\"https:\\\/\\\/pikkuvihrea.fi\\\/en\\\/product\\\/separett-tiny-urine-separating-toilet\\\/#primaryimage\"},\"thumbnailUrl\":\"https:\\\/\\\/pikkuvihrea.fi\\\/wp-content\\\/uploads\\\/2022\\\/05\\\/separett-tiny-erotteleva-kaymala.jpg\",\"datePublished\":\"2022-07-19T12:40:06+00:00\",\"dateModified\":\"2025-09-22T12:28:05+00:00\",\"description\":\"Separett Tiny is the latest model of urine separation toilets. Modern design with many nice features that help the installation and use.\",\"breadcrumb\":{\"@id\":\"https:\\\/\\\/pikkuvihrea.fi\\\/en\\\/product\\\/separett-tiny-urine-separating-toilet\\\/#breadcrumb\"},\"inLanguage\":\"en-US\",\"potentialAction\":[{\"@type\":\"ReadAction\",\"target\":[\"https:\\\/\\\/pikkuvihrea.fi\\\/en\\\/product\\\/separett-tiny-urine-separating-toilet\\\/\"]}]},{\"@type\":\"ImageObject\",\"inLanguage\":\"en-US\",\"@id\":\"https:\\\/\\\/pikkuvihrea.fi\\\/en\\\/product\\\/separett-tiny-urine-separating-toilet\\\/#primaryimage\",\"url\":\"https:\\\/\\\/pikkuvihrea.fi\\\/wp-content\\\/uploads\\\/2022\\\/05\\\/separett-tiny-erotteleva-kaymala.jpg\",\"contentUrl\":\"https:\\\/\\\/pikkuvihrea.fi\\\/wp-content\\\/uploads\\\/2022\\\/05\\\/separett-tiny-erotteleva-kaymala.jpg\",\"width\":900,\"height\":900,\"caption\":\"separett tiny erotteleva k\u00e4ym\u00e4l\u00e4\"},{\"@type\":\"BreadcrumbList\",\"@id\":\"https:\\\/\\\/pikkuvihrea.fi\\\/en\\\/product\\\/separett-tiny-urine-separating-toilet\\\/#breadcrumb\",\"itemListElement\":[{\"@type\":\"ListItem\",\"position\":1,\"name\":\"Etusivu\",\"item\":\"https:\\\/\\\/pikkuvihrea.fi\\\/en\\\/\"},{\"@type\":\"ListItem\",\"position\":2,\"name\":\"Shop\",\"item\":\"https:\\\/\\\/pikkuvihrea.fi\\\/en\\\/shop\\\/\"},{\"@type\":\"ListItem\",\"position\":3,\"name\":\"Separett Tiny urine separating toilet\"}]},{\"@type\":\"WebSite\",\"@id\":\"https:\\\/\\\/pikkuvihrea.fi\\\/en\\\/#website\",\"url\":\"https:\\\/\\\/pikkuvihrea.fi\\\/en\\\/\",\"name\":\"Pikkuvihre\u00e4\",\"description\":\"\",\"publisher\":{\"@id\":\"https:\\\/\\\/pikkuvihrea.fi\\\/en\\\/#organization\"},\"potentialAction\":[{\"@type\":\"SearchAction\",\"target\":{\"@type\":\"EntryPoint\",\"urlTemplate\":\"https:\\\/\\\/pikkuvihrea.fi\\\/en\\\/?s={search_term_string}\"},\"query-input\":{\"@type\":\"PropertyValueSpecification\",\"valueRequired\":true,\"valueName\":\"search_term_string\"}}],\"inLanguage\":\"en-US\"},{\"@type\":\"Organization\",\"@id\":\"https:\\\/\\\/pikkuvihrea.fi\\\/en\\\/#organization\",\"name\":\"Pikkuvihre\u00e4\",\"url\":\"https:\\\/\\\/pikkuvihrea.fi\\\/en\\\/\",\"logo\":{\"@type\":\"ImageObject\",\"inLanguage\":\"en-US\",\"@id\":\"https:\\\/\\\/pikkuvihrea.fi\\\/en\\\/#\\\/schema\\\/logo\\\/image\\\/\",\"url\":\"https:\\\/\\\/pikkuvihrea.fi\\\/wp-content\\\/uploads\\\/2020\\\/10\\\/pikkuvihrea_logo_rgb_trimmed.jpg\",\"contentUrl\":\"https:\\\/\\\/pikkuvihrea.fi\\\/wp-content\\\/uploads\\\/2020\\\/10\\\/pikkuvihrea_logo_rgb_trimmed.jpg\",\"width\":660,\"height\":100,\"caption\":\"Pikkuvihre\u00e4\"},\"image\":{\"@id\":\"https:\\\/\\\/pikkuvihrea.fi\\\/en\\\/#\\\/schema\\\/logo\\\/image\\\/\"}}]}<\/script>\n<meta property=\"og:availability\" content=\"instock\" \/>\n<meta property=\"product:availability\" content=\"instock\" \/>\n<meta property=\"product:condition\" content=\"new\" \/>\n<!-- \/ Yoast SEO plugin. -->","yoast_head_json":{"title":"Separett Tiny urine separating toilet - Pikkuvihre\u00e4 web shop","description":"Separett Tiny is the latest model of urine separation toilets. Modern design with many nice features that help the installation and use.","robots":{"index":"index","follow":"follow","max-snippet":"max-snippet:-1","max-image-preview":"max-image-preview:large","max-video-preview":"max-video-preview:-1"},"canonical":"https:\/\/pikkuvihrea.fi\/en\/product\/separett-tiny-urine-separating-toilet\/","og_locale":"en_US","og_type":"article","og_title":"Separett Tiny urine separating toilet - Pikkuvihre\u00e4 web shop","og_description":"Separett Tiny is the latest model of urine separation toilets. Modern design with many nice features that help the installation and use.","og_url":"https:\/\/pikkuvihrea.fi\/en\/product\/separett-tiny-urine-separating-toilet\/","og_site_name":"Pikkuvihre\u00e4","article_modified_time":"2025-09-22T12:28:05+00:00","og_image":[{"width":900,"height":900,"url":"https:\/\/pikkuvihrea.fi\/wp-content\/uploads\/2022\/05\/separett-tiny-erotteleva-kaymala.jpg","type":"image\/jpeg"}],"twitter_card":"summary_large_image","twitter_misc":{"Availability":"In stock"},"schema":{"@context":"https:\/\/schema.org","@graph":[{"@type":"WebPage","@id":"https:\/\/pikkuvihrea.fi\/en\/product\/separett-tiny-urine-separating-toilet\/","url":"https:\/\/pikkuvihrea.fi\/en\/product\/separett-tiny-urine-separating-toilet\/","name":"Separett Tiny urine separating toilet - Pikkuvihre\u00e4 web shop","isPartOf":{"@id":"https:\/\/pikkuvihrea.fi\/en\/#website"},"primaryImageOfPage":{"@id":"https:\/\/pikkuvihrea.fi\/en\/product\/separett-tiny-urine-separating-toilet\/#primaryimage"},"image":{"@id":"https:\/\/pikkuvihrea.fi\/en\/product\/separett-tiny-urine-separating-toilet\/#primaryimage"},"thumbnailUrl":"https:\/\/pikkuvihrea.fi\/wp-content\/uploads\/2022\/05\/separett-tiny-erotteleva-kaymala.jpg","datePublished":"2022-07-19T12:40:06+00:00","dateModified":"2025-09-22T12:28:05+00:00","description":"Separett Tiny is the latest model of urine separation toilets. Modern design with many nice features that help the installation and use.","breadcrumb":{"@id":"https:\/\/pikkuvihrea.fi\/en\/product\/separett-tiny-urine-separating-toilet\/#breadcrumb"},"inLanguage":"en-US","potentialAction":[{"@type":"ReadAction","target":["https:\/\/pikkuvihrea.fi\/en\/product\/separett-tiny-urine-separating-toilet\/"]}]},{"@type":"ImageObject","inLanguage":"en-US","@id":"https:\/\/pikkuvihrea.fi\/en\/product\/separett-tiny-urine-separating-toilet\/#primaryimage","url":"https:\/\/pikkuvihrea.fi\/wp-content\/uploads\/2022\/05\/separett-tiny-erotteleva-kaymala.jpg","contentUrl":"https:\/\/pikkuvihrea.fi\/wp-content\/uploads\/2022\/05\/separett-tiny-erotteleva-kaymala.jpg","width":900,"height":900,"caption":"separett tiny erotteleva k\u00e4ym\u00e4l\u00e4"},{"@type":"BreadcrumbList","@id":"https:\/\/pikkuvihrea.fi\/en\/product\/separett-tiny-urine-separating-toilet\/#breadcrumb","itemListElement":[{"@type":"ListItem","position":1,"name":"Etusivu","item":"https:\/\/pikkuvihrea.fi\/en\/"},{"@type":"ListItem","position":2,"name":"Shop","item":"https:\/\/pikkuvihrea.fi\/en\/shop\/"},{"@type":"ListItem","position":3,"name":"Separett Tiny urine separating toilet"}]},{"@type":"WebSite","@id":"https:\/\/pikkuvihrea.fi\/en\/#website","url":"https:\/\/pikkuvihrea.fi\/en\/","name":"Pikkuvihre\u00e4","description":"","publisher":{"@id":"https:\/\/pikkuvihrea.fi\/en\/#organization"},"potentialAction":[{"@type":"SearchAction","target":{"@type":"EntryPoint","urlTemplate":"https:\/\/pikkuvihrea.fi\/en\/?s={search_term_string}"},"query-input":{"@type":"PropertyValueSpecification","valueRequired":true,"valueName":"search_term_string"}}],"inLanguage":"en-US"},{"@type":"Organization","@id":"https:\/\/pikkuvihrea.fi\/en\/#organization","name":"Pikkuvihre\u00e4","url":"https:\/\/pikkuvihrea.fi\/en\/","logo":{"@type":"ImageObject","inLanguage":"en-US","@id":"https:\/\/pikkuvihrea.fi\/en\/#\/schema\/logo\/image\/","url":"https:\/\/pikkuvihrea.fi\/wp-content\/uploads\/2020\/10\/pikkuvihrea_logo_rgb_trimmed.jpg","contentUrl":"https:\/\/pikkuvihrea.fi\/wp-content\/uploads\/2020\/10\/pikkuvihrea_logo_rgb_trimmed.jpg","width":660,"height":100,"caption":"Pikkuvihre\u00e4"},"image":{"@id":"https:\/\/pikkuvihrea.fi\/en\/#\/schema\/logo\/image\/"}}]},"og_availability":"instock","product_availability":"instock","product_condition":"new"},"_links":{"self":[{"href":"https:\/\/pikkuvihrea.fi\/en\/wp-json\/wp\/v2\/product\/14247","targetHints":{"allow":["GET"]}}],"collection":[{"href":"https:\/\/pikkuvihrea.fi\/en\/wp-json\/wp\/v2\/product"}],"about":[{"href":"https:\/\/pikkuvihrea.fi\/en\/wp-json\/wp\/v2\/types\/product"}],"replies":[{"embeddable":true,"href":"https:\/\/pikkuvihrea.fi\/en\/wp-json\/wp\/v2\/comments?post=14247"}],"wp:featuredmedia":[{"embeddable":true,"href":"https:\/\/pikkuvihrea.fi\/en\/wp-json\/wp\/v2\/media\/13349"}],"wp:attachment":[{"href":"https:\/\/pikkuvihrea.fi\/en\/wp-json\/wp\/v2\/media?parent=14247"}],"wp:term":[{"taxonomy":"product_brand","embeddable":true,"href":"https:\/\/pikkuvihrea.fi\/en\/wp-json\/wp\/v2\/product_brand?post=14247"},{"taxonomy":"product_cat","embeddable":true,"href":"https:\/\/pikkuvihrea.fi\/en\/wp-json\/wp\/v2\/product_cat?post=14247"},{"taxonomy":"product_tag","embeddable":true,"href":"https:\/\/pikkuvihrea.fi\/en\/wp-json\/wp\/v2\/product_tag?post=14247"}],"curies":[{"name":"wp","href":"https:\/\/api.w.org\/{rel}","templated":true}]}}