{"id":1415,"date":"2018-04-13T08:49:11","date_gmt":"2018-04-13T05:49:11","guid":{"rendered":"https:\/\/pikkuvihrea.fi\/tuote\/green-toilet-330-composting-toilet-2\/"},"modified":"2026-04-10T10:55:45","modified_gmt":"2026-04-10T07:55:45","slug":"green-toilet-330-composting-toilet-with-spare-container","status":"publish","type":"product","link":"https:\/\/pikkuvihrea.fi\/en\/product\/green-toilet-330-composting-toilet-with-spare-container\/","title":{"rendered":"Package Green Toilet 330 composting toilet with spare container"},"content":{"rendered":"<p>Green Toilet is an ecological composting dry toilet designed and manufactured in Finland. Green Toilet operates with any water or electricity and is therefore an ideal solution anywhere where there is no drainage or water available. This larger version, Green Toilet 330 is suitable for bigger families, year-round-use or to public sites, such as nature trails, summer cafes or marinas. Also, it is the right choice when long service intervals are important.<\/p>\n<h3>ADVANTAGES OF GREEN TOILET<\/h3>\n<ul>\n<li>good composting ability<\/li>\n<li>tested in use for decades<\/li>\n<li>ecological<\/li>\n<li>odorless<\/li>\n<li>endless capacity with spare containers<\/li>\n<li>long service intervals<\/li>\n<li>durable, no moving parts<\/li>\n<li>effective handling of liquid waste<\/li>\n<li>low operating costs<\/li>\n<\/ul>\n<h3><strong>OPERATING PRINCIPLE<\/strong><\/h3>\n<p>Inside the Green Toilet container, there is a special double base, which separates the urine from the solid waste making the toilet completely odorless and pleasant to use. The special capillary bottom allows some of the urine to be absorbed back to the composting solid waste, just like in under watering flowerpots. This unique feature of the Green Toilet speeds up the composting process significantly. Efficient composting requires suitable moisture: the mass inside the container should not be too wet or too dry.<\/p>\n<p>The excess liquid, ie. the seap liquid is led through a hose from the bottom of the container to a canister. Alternatively, the seap liquid can be filtered with a <a href=\"https:\/\/pikkuvihrea.fi\/en\/product\/geotrap-dry-toilet-filter\/\" target=\"_blank\" rel=\"noopener\">GeoTrap Dry Toilet Filter<\/a>.<\/p>\n<p>The use and the service of the Green Toilet is based on batch composting: when the composting container in use gets full, it is pulled out of the toilet by wheels and a spare container is taken into use. The full container is closed with a lid and it is left to decompose until the next service. Thus, one does not have to shovel or handle raw toilet waste in any way.<\/p>\n<p>The third important feature is the ventilation pipe, which ensures that the air flows from the toilet seat and composting container outwards and no unpleasant odor is let into toilet in any circumstances. The ventilation also boosts the evaporation of liquid \u2013 especially at warm weather.<\/p>\n<h3><strong>PACKAGE CONTENT<\/strong><\/h3>\n<ul>\n<li>composting container 330 liters with a waste shaft<\/li>\n<li>spare container 330 liters with a closed lid<\/li>\n<li>wheels<\/li>\n<li>ventilation kit: ventilation pipe 100 cm 2 pcs, a flexible pipe 50 cm, a ventilation pipe cap, a joint and fixtures<\/li>\n<li>liquid hose 150 cm (<a href=\"https:\/\/pikkuvihrea.fi\/en\/product\/flexible-hose-1m-diam-32mm\/\" target=\"_blank\" rel=\"noopener\">extra liquid hose available;<\/a> just add as many extra meters as you need)<\/li>\n<li>liquid canister 20 liters<\/li>\n<li>lid of the container and an adjustable waste shaft 20 cm<\/li>\n<li>bag of dry material<\/li>\n<li><a href=\"https:\/\/pikkuvihrea.fi\/en\/product\/hinged-thermal-seat\/\" target=\"_blank\" rel=\"noopener\">thermal seat with fixtures<\/a><\/li>\n<li>plug for the seap liquid outlet<\/li>\n<li>manual for installation and use<\/li>\n<\/ul>\n<h3><strong>SERVICE<\/strong><\/h3>\n<p>When the Green Toilet container gets full and it is time for service, the flexible part of the ventilation pipe and the liquid hose are taken off. No tools are needed for this. After this, the container is pulled out with wheels.<\/p>\n<p>Then the Green Toilet spare container is taken into use and the bottom of the empty container is covered with dry material. The lid with the waste shaft is put on the empty container and put back to the toilet. The full container is covered with a closed lid and left to decompose until it is time for the next service.<\/p>\n<p>For more information: <a href=\"https:\/\/youtu.be\/wF202zI2P2w\" target=\"_blank\" rel=\"noopener\">Green Toilet presentation video<\/a>.<\/p>\n<h3><strong>COMMON USE CASES<\/strong><\/h3>\n<p>Green Toilet 330 is the right choice to holiday and permanent homes when there are users 4-6 persons. It allows longer service intervals than the smaller Green Toilet 120 Family.<\/p>\n<p>Green Toilet 330 is also widely used in public sites in various countries: nature parks, touristic sites, beaches, marinas &#8211; where ever there is no sewage system available, but a lot of people visiting. Take advantage of our know-how: We are happy to assist in the planning of the dry toilet &#8211; contact us.<\/p>\n<h3><strong>OPTIONS AND ACCESSORIES<\/strong><\/h3>\n<ul>\n<li><a href=\"https:\/\/pikkuvihrea.fi\/en\/product\/green-toilet-120-family-composting-toilet\/\" target=\"_blank\" rel=\"noopener noreferrer\">Green Toilet 120 Family<\/a> is the smaller version, which is suitable for one family for seasonal use or when there is no space for the bigger container.<\/li>\n<li><a href=\"https:\/\/pikkuvihrea.fi\/en\/product\/green-toilet-lux-composting-toilet-for-indoors\/\" target=\"_blank\" rel=\"noopener\">Green Toilet LUX<\/a> is a composting dry toilet with a porcelain pedestal for indoor use<\/li>\n<li><a href=\"https:\/\/pikkuvihrea.fi\/en\/product\/green-toilet-330-spare-container\/\" target=\"_blank\" rel=\"noopener\">Green Toilet 330 spare container<\/a> which can be obtained according to the need separately as well<\/li>\n<li><a href=\"https:\/\/pikkuvihrea.fi\/en\/product\/wind-driven-ventilator-ecoplast\/\" target=\"_blank\" rel=\"noopener\">Wind driven ventilator<\/a> to boost the ventilation<\/li>\n<li><a href=\"https:\/\/pikkuvihrea.fi\/en\/product\/pikkuvihreae-duct-fan-110-mm\/\" target=\"_blank\" rel=\"noopener\">Electrical duct fan<\/a><\/li>\n<li><a href=\"https:\/\/pikkuvihrea.fi\/en\/product\/puucee-biodragrader-sprinkles-700g\/\" target=\"_blank\" rel=\"noopener\">Biodegrader<\/a><\/li>\n<li><a href=\"https:\/\/pikkuvihrea.fi\/en\/product\/xxl-wheels-for-green-toilet\/\" target=\"_blank\" rel=\"noopener\">XXL Wheels for Green Toilet<\/a>\u00a0might be useful if you need to move containers longer distances or the terrain is challenging<\/li>\n<\/ul>\n","protected":false},"excerpt":{"rendered":"<p>This is a complete dry toilet package: Green Toilet 330 composting toilet with a spare container. The power of the Green Toilet is based on a special double base which enables effective composting. Service with the spare container is fast and effortless.<\/p>\n<ul>\n<li>no handling of raw toilet waste<\/li>\n<li>tested and proven in use already decades<\/li>\n<li>easy service in minutes &#8211; no shoveling<\/li>\n<\/ul>\n","protected":false},"featured_media":34392,"comment_status":"closed","ping_status":"closed","template":"","meta":{"_acf_changed":false},"product_brand":[],"product_cat":[745,1054,1369],"product_tag":[],"class_list":{"0":"post-1415","1":"product","2":"type-product","3":"status-publish","4":"has-post-thumbnail","6":"product_cat-composting-toilets","7":"product_cat-dry-toilets","8":"product_cat-public-use-dry-toilets","9":"product_shipping_class-oversized-packages","11":"first","12":"instock","13":"downloadable","14":"taxable","15":"shipping-taxable","16":"purchasable","17":"product-type-bundle"},"bundled_by":[],"bundle_stock_status":"instock","bundle_stock_quantity":"","bundle_virtual":false,"bundle_layout":"default","bundle_add_to_cart_form_location":"default","bundle_editable_in_cart":false,"bundle_sold_individually_context":"product","bundle_item_grouping":"noindent","bundle_min_size":"","bundle_max_size":"","bundle_price":{"price":{"min":{"incl_tax":"995.00","excl_tax":"792.83"},"max":{"incl_tax":"1074","excl_tax":"855.78"}},"regular_price":{"min":{"incl_tax":"995.00","excl_tax":"792.83"},"max":{"incl_tax":"1084","excl_tax":"863.75"}}},"bundled_items":[{"bundled_item_id":276,"product_id":36441,"menu_order":0,"quantity_min":1,"quantity_max":1,"quantity_default":1,"priced_individually":true,"shipped_individually":false,"override_title":true,"title":"","override_description":false,"description":"Wind-driven ventilator Ecoplast","optional":true,"hide_thumbnail":false,"discount":"11.235955","override_variations":true,"allowed_variations":[37039],"override_default_variation_attributes":true,"default_variation_attributes":[{"id":26,"name":"Tuulettimen yhteensopivuus:","option":"standard-110mm-o-diameter"}],"single_product_visibility":"visible","cart_visibility":"visible","order_visibility":"visible","single_product_price_visibility":"visible","cart_price_visibility":"visible","order_price_visibility":"visible","stock_status":"in_stock"}],"bundle_sell_ids":[],"acf":[],"gallery_images":[34388,34396,19363,31478,22388,34456,34460,34452,32154],"yoast_head":"<!-- This site is optimized with the Yoast SEO plugin v27.3 - https:\/\/yoast.com\/product\/yoast-seo-wordpress\/ -->\n<title>Green Toilet 330 Composting Toilet + Spare Container | Pikkuvihre\u00e4<\/title>\n<meta name=\"description\" content=\"Green Toilet 330 is an odourless, easy-to-use composting dry toilet that does not need any water of electricity to operate.\" \/>\n<meta name=\"robots\" content=\"index, follow, max-snippet:-1, max-image-preview:large, max-video-preview:-1\" \/>\n<link rel=\"canonical\" href=\"https:\/\/pikkuvihrea.fi\/en\/product\/green-toilet-330-composting-toilet-with-spare-container\/\" \/>\n<meta property=\"og:locale\" content=\"en_US\" \/>\n<meta property=\"og:type\" content=\"article\" \/>\n<meta property=\"og:title\" content=\"Green Toilet 330 Composting Toilet + Spare Container | Pikkuvihre\u00e4\" \/>\n<meta property=\"og:description\" content=\"Green Toilet 330 is an odourless, easy-to-use composting dry toilet that does not need any water of electricity to operate.\" \/>\n<meta property=\"og:url\" content=\"https:\/\/pikkuvihrea.fi\/en\/product\/green-toilet-330-composting-toilet-with-spare-container\/\" \/>\n<meta property=\"og:site_name\" content=\"Pikkuvihre\u00e4\" \/>\n<meta property=\"article:modified_time\" content=\"2026-04-10T07:55:45+00:00\" \/>\n<meta property=\"og:image\" content=\"https:\/\/pikkuvihrea.fi\/wp-content\/uploads\/2025\/01\/Green-Toilet-330_paketti_2025.jpg\" \/>\n\t<meta property=\"og:image:width\" content=\"900\" \/>\n\t<meta property=\"og:image:height\" content=\"900\" \/>\n\t<meta property=\"og:image:type\" content=\"image\/jpeg\" \/>\n<meta name=\"twitter:card\" content=\"summary_large_image\" \/>\n<meta name=\"twitter:label1\" content=\"Price\" \/>\n\t<meta name=\"twitter:data1\" content=\"995,00&nbsp;&euro;\" \/>\n\t<meta name=\"twitter:label2\" content=\"Availability\" \/>\n\t<meta name=\"twitter:data2\" content=\"In stock\" \/>\n<script type=\"application\/ld+json\" class=\"yoast-schema-graph\">{\"@context\":\"https:\\\/\\\/schema.org\",\"@graph\":[{\"@type\":\"WebPage\",\"@id\":\"https:\\\/\\\/pikkuvihrea.fi\\\/en\\\/product\\\/green-toilet-330-composting-toilet-with-spare-container\\\/\",\"url\":\"https:\\\/\\\/pikkuvihrea.fi\\\/en\\\/product\\\/green-toilet-330-composting-toilet-with-spare-container\\\/\",\"name\":\"Green Toilet 330 Composting Toilet + Spare Container | Pikkuvihre\u00e4\",\"isPartOf\":{\"@id\":\"https:\\\/\\\/pikkuvihrea.fi\\\/en\\\/#website\"},\"primaryImageOfPage\":{\"@id\":\"https:\\\/\\\/pikkuvihrea.fi\\\/en\\\/product\\\/green-toilet-330-composting-toilet-with-spare-container\\\/#primaryimage\"},\"image\":{\"@id\":\"https:\\\/\\\/pikkuvihrea.fi\\\/en\\\/product\\\/green-toilet-330-composting-toilet-with-spare-container\\\/#primaryimage\"},\"thumbnailUrl\":\"https:\\\/\\\/pikkuvihrea.fi\\\/wp-content\\\/uploads\\\/2025\\\/01\\\/Green-Toilet-330_paketti_2025.jpg\",\"datePublished\":\"2018-04-13T05:49:11+00:00\",\"dateModified\":\"2026-04-10T07:55:45+00:00\",\"description\":\"Green Toilet 330 is an odourless, easy-to-use composting dry toilet that does not need any water of electricity to operate.\",\"breadcrumb\":{\"@id\":\"https:\\\/\\\/pikkuvihrea.fi\\\/en\\\/product\\\/green-toilet-330-composting-toilet-with-spare-container\\\/#breadcrumb\"},\"inLanguage\":\"en-US\",\"potentialAction\":[{\"@type\":\"ReadAction\",\"target\":[\"https:\\\/\\\/pikkuvihrea.fi\\\/en\\\/product\\\/green-toilet-330-composting-toilet-with-spare-container\\\/\"]}]},{\"@type\":\"ImageObject\",\"inLanguage\":\"en-US\",\"@id\":\"https:\\\/\\\/pikkuvihrea.fi\\\/en\\\/product\\\/green-toilet-330-composting-toilet-with-spare-container\\\/#primaryimage\",\"url\":\"https:\\\/\\\/pikkuvihrea.fi\\\/wp-content\\\/uploads\\\/2025\\\/01\\\/Green-Toilet-330_paketti_2025.jpg\",\"contentUrl\":\"https:\\\/\\\/pikkuvihrea.fi\\\/wp-content\\\/uploads\\\/2025\\\/01\\\/Green-Toilet-330_paketti_2025.jpg\",\"width\":900,\"height\":900,\"caption\":\"Green Toilet 330 paketti varas\u00e4ili\u00f6ll\u00e4\"},{\"@type\":\"BreadcrumbList\",\"@id\":\"https:\\\/\\\/pikkuvihrea.fi\\\/en\\\/product\\\/green-toilet-330-composting-toilet-with-spare-container\\\/#breadcrumb\",\"itemListElement\":[{\"@type\":\"ListItem\",\"position\":1,\"name\":\"Etusivu\",\"item\":\"https:\\\/\\\/pikkuvihrea.fi\\\/en\\\/\"},{\"@type\":\"ListItem\",\"position\":2,\"name\":\"Shop\",\"item\":\"https:\\\/\\\/pikkuvihrea.fi\\\/en\\\/shop\\\/\"},{\"@type\":\"ListItem\",\"position\":3,\"name\":\"Package Green Toilet 330 composting toilet with spare container\"}]},{\"@type\":\"WebSite\",\"@id\":\"https:\\\/\\\/pikkuvihrea.fi\\\/en\\\/#website\",\"url\":\"https:\\\/\\\/pikkuvihrea.fi\\\/en\\\/\",\"name\":\"Pikkuvihre\u00e4\",\"description\":\"\",\"publisher\":{\"@id\":\"https:\\\/\\\/pikkuvihrea.fi\\\/en\\\/#organization\"},\"potentialAction\":[{\"@type\":\"SearchAction\",\"target\":{\"@type\":\"EntryPoint\",\"urlTemplate\":\"https:\\\/\\\/pikkuvihrea.fi\\\/en\\\/?s={search_term_string}\"},\"query-input\":{\"@type\":\"PropertyValueSpecification\",\"valueRequired\":true,\"valueName\":\"search_term_string\"}}],\"inLanguage\":\"en-US\"},{\"@type\":\"Organization\",\"@id\":\"https:\\\/\\\/pikkuvihrea.fi\\\/en\\\/#organization\",\"name\":\"Pikkuvihre\u00e4\",\"url\":\"https:\\\/\\\/pikkuvihrea.fi\\\/en\\\/\",\"logo\":{\"@type\":\"ImageObject\",\"inLanguage\":\"en-US\",\"@id\":\"https:\\\/\\\/pikkuvihrea.fi\\\/en\\\/#\\\/schema\\\/logo\\\/image\\\/\",\"url\":\"https:\\\/\\\/pikkuvihrea.fi\\\/wp-content\\\/uploads\\\/2020\\\/10\\\/pikkuvihrea_logo_rgb_trimmed.jpg\",\"contentUrl\":\"https:\\\/\\\/pikkuvihrea.fi\\\/wp-content\\\/uploads\\\/2020\\\/10\\\/pikkuvihrea_logo_rgb_trimmed.jpg\",\"width\":660,\"height\":100,\"caption\":\"Pikkuvihre\u00e4\"},\"image\":{\"@id\":\"https:\\\/\\\/pikkuvihrea.fi\\\/en\\\/#\\\/schema\\\/logo\\\/image\\\/\"}}]}<\/script>\n<meta property=\"product:brand\" content=\"Green Toilet\" \/>\n<meta property=\"product:price:amount\" content=\"995.00\" \/>\n<meta property=\"product:price:currency\" content=\"EUR\" \/>\n<meta property=\"og:availability\" content=\"instock\" \/>\n<meta property=\"product:availability\" content=\"instock\" \/>\n<meta property=\"product:retailer_item_id\" content=\"6430069510549\" \/>\n<meta property=\"product:condition\" content=\"new\" \/>\n<!-- \/ Yoast SEO plugin. -->","yoast_head_json":{"title":"Green Toilet 330 Composting Toilet + Spare Container | Pikkuvihre\u00e4","description":"Green Toilet 330 is an odourless, easy-to-use composting dry toilet that does not need any water of electricity to operate.","robots":{"index":"index","follow":"follow","max-snippet":"max-snippet:-1","max-image-preview":"max-image-preview:large","max-video-preview":"max-video-preview:-1"},"canonical":"https:\/\/pikkuvihrea.fi\/en\/product\/green-toilet-330-composting-toilet-with-spare-container\/","og_locale":"en_US","og_type":"article","og_title":"Green Toilet 330 Composting Toilet + Spare Container | Pikkuvihre\u00e4","og_description":"Green Toilet 330 is an odourless, easy-to-use composting dry toilet that does not need any water of electricity to operate.","og_url":"https:\/\/pikkuvihrea.fi\/en\/product\/green-toilet-330-composting-toilet-with-spare-container\/","og_site_name":"Pikkuvihre\u00e4","article_modified_time":"2026-04-10T07:55:45+00:00","og_image":[{"width":900,"height":900,"url":"https:\/\/pikkuvihrea.fi\/wp-content\/uploads\/2025\/01\/Green-Toilet-330_paketti_2025.jpg","type":"image\/jpeg"}],"twitter_card":"summary_large_image","twitter_misc":{"Price":"995,00&nbsp;&euro;","Availability":"In stock"},"schema":{"@context":"https:\/\/schema.org","@graph":[{"@type":"WebPage","@id":"https:\/\/pikkuvihrea.fi\/en\/product\/green-toilet-330-composting-toilet-with-spare-container\/","url":"https:\/\/pikkuvihrea.fi\/en\/product\/green-toilet-330-composting-toilet-with-spare-container\/","name":"Green Toilet 330 Composting Toilet + Spare Container | Pikkuvihre\u00e4","isPartOf":{"@id":"https:\/\/pikkuvihrea.fi\/en\/#website"},"primaryImageOfPage":{"@id":"https:\/\/pikkuvihrea.fi\/en\/product\/green-toilet-330-composting-toilet-with-spare-container\/#primaryimage"},"image":{"@id":"https:\/\/pikkuvihrea.fi\/en\/product\/green-toilet-330-composting-toilet-with-spare-container\/#primaryimage"},"thumbnailUrl":"https:\/\/pikkuvihrea.fi\/wp-content\/uploads\/2025\/01\/Green-Toilet-330_paketti_2025.jpg","datePublished":"2018-04-13T05:49:11+00:00","dateModified":"2026-04-10T07:55:45+00:00","description":"Green Toilet 330 is an odourless, easy-to-use composting dry toilet that does not need any water of electricity to operate.","breadcrumb":{"@id":"https:\/\/pikkuvihrea.fi\/en\/product\/green-toilet-330-composting-toilet-with-spare-container\/#breadcrumb"},"inLanguage":"en-US","potentialAction":[{"@type":"ReadAction","target":["https:\/\/pikkuvihrea.fi\/en\/product\/green-toilet-330-composting-toilet-with-spare-container\/"]}]},{"@type":"ImageObject","inLanguage":"en-US","@id":"https:\/\/pikkuvihrea.fi\/en\/product\/green-toilet-330-composting-toilet-with-spare-container\/#primaryimage","url":"https:\/\/pikkuvihrea.fi\/wp-content\/uploads\/2025\/01\/Green-Toilet-330_paketti_2025.jpg","contentUrl":"https:\/\/pikkuvihrea.fi\/wp-content\/uploads\/2025\/01\/Green-Toilet-330_paketti_2025.jpg","width":900,"height":900,"caption":"Green Toilet 330 paketti varas\u00e4ili\u00f6ll\u00e4"},{"@type":"BreadcrumbList","@id":"https:\/\/pikkuvihrea.fi\/en\/product\/green-toilet-330-composting-toilet-with-spare-container\/#breadcrumb","itemListElement":[{"@type":"ListItem","position":1,"name":"Etusivu","item":"https:\/\/pikkuvihrea.fi\/en\/"},{"@type":"ListItem","position":2,"name":"Shop","item":"https:\/\/pikkuvihrea.fi\/en\/shop\/"},{"@type":"ListItem","position":3,"name":"Package Green Toilet 330 composting toilet with spare container"}]},{"@type":"WebSite","@id":"https:\/\/pikkuvihrea.fi\/en\/#website","url":"https:\/\/pikkuvihrea.fi\/en\/","name":"Pikkuvihre\u00e4","description":"","publisher":{"@id":"https:\/\/pikkuvihrea.fi\/en\/#organization"},"potentialAction":[{"@type":"SearchAction","target":{"@type":"EntryPoint","urlTemplate":"https:\/\/pikkuvihrea.fi\/en\/?s={search_term_string}"},"query-input":{"@type":"PropertyValueSpecification","valueRequired":true,"valueName":"search_term_string"}}],"inLanguage":"en-US"},{"@type":"Organization","@id":"https:\/\/pikkuvihrea.fi\/en\/#organization","name":"Pikkuvihre\u00e4","url":"https:\/\/pikkuvihrea.fi\/en\/","logo":{"@type":"ImageObject","inLanguage":"en-US","@id":"https:\/\/pikkuvihrea.fi\/en\/#\/schema\/logo\/image\/","url":"https:\/\/pikkuvihrea.fi\/wp-content\/uploads\/2020\/10\/pikkuvihrea_logo_rgb_trimmed.jpg","contentUrl":"https:\/\/pikkuvihrea.fi\/wp-content\/uploads\/2020\/10\/pikkuvihrea_logo_rgb_trimmed.jpg","width":660,"height":100,"caption":"Pikkuvihre\u00e4"},"image":{"@id":"https:\/\/pikkuvihrea.fi\/en\/#\/schema\/logo\/image\/"}}]},"product_brand":"Green Toilet","product_price_amount":"995.00","product_price_currency":"EUR","og_availability":"instock","product_availability":"instock","product_retailer_item_id":"6430069510549","product_condition":"new"},"_links":{"self":[{"href":"https:\/\/pikkuvihrea.fi\/en\/wp-json\/wp\/v2\/product\/1415","targetHints":{"allow":["GET"]}}],"collection":[{"href":"https:\/\/pikkuvihrea.fi\/en\/wp-json\/wp\/v2\/product"}],"about":[{"href":"https:\/\/pikkuvihrea.fi\/en\/wp-json\/wp\/v2\/types\/product"}],"replies":[{"embeddable":true,"href":"https:\/\/pikkuvihrea.fi\/en\/wp-json\/wp\/v2\/comments?post=1415"}],"wp:featuredmedia":[{"embeddable":true,"href":"https:\/\/pikkuvihrea.fi\/en\/wp-json\/wp\/v2\/media\/34392"}],"wp:attachment":[{"href":"https:\/\/pikkuvihrea.fi\/en\/wp-json\/wp\/v2\/media?parent=1415"}],"wp:term":[{"taxonomy":"product_brand","embeddable":true,"href":"https:\/\/pikkuvihrea.fi\/en\/wp-json\/wp\/v2\/product_brand?post=1415"},{"taxonomy":"product_cat","embeddable":true,"href":"https:\/\/pikkuvihrea.fi\/en\/wp-json\/wp\/v2\/product_cat?post=1415"},{"taxonomy":"product_tag","embeddable":true,"href":"https:\/\/pikkuvihrea.fi\/en\/wp-json\/wp\/v2\/product_tag?post=1415"}],"curies":[{"name":"wp","href":"https:\/\/api.w.org\/{rel}","templated":true}]}}