{"id":1293,"date":"2017-09-29T14:34:56","date_gmt":"2017-09-29T11:34:56","guid":{"rendered":"https:\/\/pikkuvihrea.fi\/tuote\/green-kaeymaelaejaetekompostori\/"},"modified":"2025-11-04T02:05:35","modified_gmt":"2025-11-04T00:05:35","slug":"green-composter-330","status":"publish","type":"product","link":"https:\/\/pikkuvihrea.fi\/en\/product\/green-composter-330\/","title":{"rendered":"Green Composter 330 for Toilet Waste"},"content":{"rendered":"<p>Raw toilet waste contains bacteria that should not be let without treatment to the nature, especially not to any water body. During composting, this bacteria will die and the compost turns into valuable fertilizer to be used in the garden. According the regulations, the composting should be done so that not any liquid leaks out. Green Composter 330 meets the standards and is an easy way to handle toilet waste safely.<\/p>\n<h3>OPERATING PRINCIPLE<\/h3>\n<p>The most important part of the Green Composter 330 is the double capillary base, which works like an under watering flower pot. It lets excess liquid out of the compost mass, but also enables some of the liquid to be absorbed backwards. Thus, the compost will stay adequately moist and composting is efficient.<\/p>\n<p>The excess liquid is led through the hose to a canister. This seap liquid can usually be poured back to the compost, where the urine will speed up the process.<\/p>\n<p>There is a ventilation hat on the top and ventilation holes on the sides, which will let necessary oxygen in.<\/p>\n<h3>PACKAGE CONTENT<\/h3>\n<ul>\n<li>composter, double base and lid<\/li>\n<li>canister with hose<\/li>\n<li>wheels<\/li>\n<li>bag of dry material<\/li>\n<\/ul>\n<h3>USE CASES<\/h3>\n<p>Green Composter 330 is excellent in handling the waste from<\/p>\n<ul>\n<li>a freezing toilet<\/li>\n<li>small dry toilets<\/li>\n<li>small eco toilets or chamber pots<\/li>\n<\/ul>\n<p>In these toilets the waste does not compost at all or not enough. With Green Composter 330, the treatment of the waste is easy.<\/p>\n<h3>USE<\/h3>\n<p>It is recommended to compost toilet waste 6-12 months depending on the climate. It is not allowed to let the excess liquid to leak out. In Green Composter 330 the liquid is collected and it can be composted together with the solid waste. If the waste is very wet, some dry material, such as peat should be added.<\/p>\n<p>The compost is ready when it looks like mulch and there is no odor. Then it can be safely used in the garden.<\/p>\n<p>If there is a lot of toilet waste to handle, it might be a good idea to have two composters: when one is used and material added into it, the other one can be let to decompose gradually.<\/p>\n","protected":false},"excerpt":{"rendered":"<p>Green Composter 330 is designed for composting <strong>all kinds of toilet waste<\/strong>. The container has a special double base which separates excess liquid from the solid waste. Green is perfect for handling eg. the waste from a freezing toilet.<\/p>\n<ul>\n<li>safe way to handle toilet waste<\/li>\n<li>excellent composting ability<\/li>\n<li>large volume: 330 liters<\/li>\n<\/ul>\n","protected":false},"featured_media":42414,"comment_status":"closed","ping_status":"closed","template":"","meta":{"_acf_changed":false},"product_brand":[],"product_cat":[1367,1056,1364],"product_tag":[],"class_list":{"0":"post-1293","1":"product","2":"type-product","3":"status-publish","4":"has-post-thumbnail","6":"product_cat-composters","7":"product_cat-composting","8":"product_cat-freezing-toilet","9":"product_shipping_class-oversized-packages","11":"first","12":"instock","13":"taxable","14":"shipping-taxable","15":"purchasable","16":"product-type-simple"},"bundled_by":["20837","20845","22281","317"],"bundle_stock_status":"instock","bundle_stock_quantity":null,"bundle_virtual":false,"bundle_layout":"","bundle_add_to_cart_form_location":"","bundle_editable_in_cart":false,"bundle_sold_individually_context":"","bundle_item_grouping":"","bundle_min_size":"","bundle_max_size":"","bundle_price":[],"bundled_items":[],"bundle_sell_ids":[],"acf":[],"gallery_images":[42417,33872,33893,33860,33876,33897],"yoast_head":"<!-- This site is optimized with the Yoast SEO plugin v27.3 - https:\/\/yoast.com\/product\/yoast-seo-wordpress\/ -->\n<title>Green Composter 330 for Toilet Waste - Pikkuvihre\u00e4<\/title>\n<meta name=\"description\" content=\"It is recommended to compost toilet waste 6-12 months before using the compost. Green Toilet Waste Composter is efficient and safe.\" \/>\n<meta name=\"robots\" content=\"index, follow, max-snippet:-1, max-image-preview:large, max-video-preview:-1\" \/>\n<link rel=\"canonical\" href=\"https:\/\/pikkuvihrea.fi\/en\/product\/green-composter-330\/\" \/>\n<meta property=\"og:locale\" content=\"en_US\" \/>\n<meta property=\"og:type\" content=\"article\" \/>\n<meta property=\"og:title\" content=\"Green Composter 330 for Toilet Waste - Pikkuvihre\u00e4\" \/>\n<meta property=\"og:description\" content=\"It is recommended to compost toilet waste 6-12 months before using the compost. Green Toilet Waste Composter is efficient and safe.\" \/>\n<meta property=\"og:url\" content=\"https:\/\/pikkuvihrea.fi\/en\/product\/green-composter-330\/\" \/>\n<meta property=\"og:site_name\" content=\"Pikkuvihre\u00e4\" \/>\n<meta property=\"article:modified_time\" content=\"2025-11-04T00:05:35+00:00\" \/>\n<meta property=\"og:image\" content=\"https:\/\/pikkuvihrea.fi\/wp-content\/uploads\/2025\/09\/Green_kaymalajatekompostori_2025_korjattu.jpg\" \/>\n\t<meta property=\"og:image:width\" content=\"900\" \/>\n\t<meta property=\"og:image:height\" content=\"900\" \/>\n\t<meta property=\"og:image:type\" content=\"image\/jpeg\" \/>\n<meta name=\"twitter:card\" content=\"summary_large_image\" \/>\n<meta name=\"twitter:label1\" content=\"Price\" \/>\n\t<meta name=\"twitter:data1\" content=\"459,00&nbsp;&euro;\" \/>\n\t<meta name=\"twitter:label2\" content=\"Availability\" \/>\n\t<meta name=\"twitter:data2\" content=\"In stock\" \/>\n<script type=\"application\/ld+json\" class=\"yoast-schema-graph\">{\"@context\":\"https:\\\/\\\/schema.org\",\"@graph\":[{\"@type\":\"WebPage\",\"@id\":\"https:\\\/\\\/pikkuvihrea.fi\\\/en\\\/product\\\/green-composter-330\\\/\",\"url\":\"https:\\\/\\\/pikkuvihrea.fi\\\/en\\\/product\\\/green-composter-330\\\/\",\"name\":\"Green Composter 330 for Toilet Waste - Pikkuvihre\u00e4\",\"isPartOf\":{\"@id\":\"https:\\\/\\\/pikkuvihrea.fi\\\/en\\\/#website\"},\"primaryImageOfPage\":{\"@id\":\"https:\\\/\\\/pikkuvihrea.fi\\\/en\\\/product\\\/green-composter-330\\\/#primaryimage\"},\"image\":{\"@id\":\"https:\\\/\\\/pikkuvihrea.fi\\\/en\\\/product\\\/green-composter-330\\\/#primaryimage\"},\"thumbnailUrl\":\"https:\\\/\\\/pikkuvihrea.fi\\\/wp-content\\\/uploads\\\/2017\\\/09\\\/Kaymalajatekompostori-Green-Pikkuvihrea.jpg\",\"datePublished\":\"2017-09-29T11:34:56+00:00\",\"dateModified\":\"2025-11-04T00:05:35+00:00\",\"description\":\"It is recommended to compost toilet waste 6-12 months before using the compost. Green Toilet Waste Composter is efficient and safe.\",\"breadcrumb\":{\"@id\":\"https:\\\/\\\/pikkuvihrea.fi\\\/en\\\/product\\\/green-composter-330\\\/#breadcrumb\"},\"inLanguage\":\"en-US\",\"potentialAction\":[{\"@type\":\"ReadAction\",\"target\":[\"https:\\\/\\\/pikkuvihrea.fi\\\/en\\\/product\\\/green-composter-330\\\/\"]}]},{\"@type\":\"ImageObject\",\"inLanguage\":\"en-US\",\"@id\":\"https:\\\/\\\/pikkuvihrea.fi\\\/en\\\/product\\\/green-composter-330\\\/#primaryimage\",\"url\":\"https:\\\/\\\/pikkuvihrea.fi\\\/wp-content\\\/uploads\\\/2017\\\/09\\\/Kaymalajatekompostori-Green-Pikkuvihrea.jpg\",\"contentUrl\":\"https:\\\/\\\/pikkuvihrea.fi\\\/wp-content\\\/uploads\\\/2017\\\/09\\\/Kaymalajatekompostori-Green-Pikkuvihrea.jpg\",\"width\":900,\"height\":900,\"caption\":\"K\u00e4ym\u00e4l\u00e4j\u00e4tekompostori Green Pikkuvihre\u00e4\"},{\"@type\":\"BreadcrumbList\",\"@id\":\"https:\\\/\\\/pikkuvihrea.fi\\\/en\\\/product\\\/green-composter-330\\\/#breadcrumb\",\"itemListElement\":[{\"@type\":\"ListItem\",\"position\":1,\"name\":\"Etusivu\",\"item\":\"https:\\\/\\\/pikkuvihrea.fi\\\/en\\\/\"},{\"@type\":\"ListItem\",\"position\":2,\"name\":\"Shop\",\"item\":\"https:\\\/\\\/pikkuvihrea.fi\\\/en\\\/shop\\\/\"},{\"@type\":\"ListItem\",\"position\":3,\"name\":\"Green Composter 330 for Toilet Waste\"}]},{\"@type\":\"WebSite\",\"@id\":\"https:\\\/\\\/pikkuvihrea.fi\\\/en\\\/#website\",\"url\":\"https:\\\/\\\/pikkuvihrea.fi\\\/en\\\/\",\"name\":\"Pikkuvihre\u00e4\",\"description\":\"\",\"publisher\":{\"@id\":\"https:\\\/\\\/pikkuvihrea.fi\\\/en\\\/#organization\"},\"potentialAction\":[{\"@type\":\"SearchAction\",\"target\":{\"@type\":\"EntryPoint\",\"urlTemplate\":\"https:\\\/\\\/pikkuvihrea.fi\\\/en\\\/?s={search_term_string}\"},\"query-input\":{\"@type\":\"PropertyValueSpecification\",\"valueRequired\":true,\"valueName\":\"search_term_string\"}}],\"inLanguage\":\"en-US\"},{\"@type\":\"Organization\",\"@id\":\"https:\\\/\\\/pikkuvihrea.fi\\\/en\\\/#organization\",\"name\":\"Pikkuvihre\u00e4\",\"url\":\"https:\\\/\\\/pikkuvihrea.fi\\\/en\\\/\",\"logo\":{\"@type\":\"ImageObject\",\"inLanguage\":\"en-US\",\"@id\":\"https:\\\/\\\/pikkuvihrea.fi\\\/en\\\/#\\\/schema\\\/logo\\\/image\\\/\",\"url\":\"https:\\\/\\\/pikkuvihrea.fi\\\/wp-content\\\/uploads\\\/2020\\\/10\\\/pikkuvihrea_logo_rgb_trimmed.jpg\",\"contentUrl\":\"https:\\\/\\\/pikkuvihrea.fi\\\/wp-content\\\/uploads\\\/2020\\\/10\\\/pikkuvihrea_logo_rgb_trimmed.jpg\",\"width\":660,\"height\":100,\"caption\":\"Pikkuvihre\u00e4\"},\"image\":{\"@id\":\"https:\\\/\\\/pikkuvihrea.fi\\\/en\\\/#\\\/schema\\\/logo\\\/image\\\/\"}}]}<\/script>\n<meta property=\"product:brand\" content=\"Green Toilet\" \/>\n<meta property=\"product:price:amount\" content=\"459.00\" \/>\n<meta property=\"product:price:currency\" content=\"EUR\" \/>\n<meta property=\"og:availability\" content=\"instock\" \/>\n<meta property=\"product:availability\" content=\"instock\" \/>\n<meta property=\"product:retailer_item_id\" content=\"6430069510099\" \/>\n<meta property=\"product:condition\" content=\"new\" \/>\n<!-- \/ Yoast SEO plugin. -->","yoast_head_json":{"title":"Green Composter 330 for Toilet Waste - Pikkuvihre\u00e4","description":"It is recommended to compost toilet waste 6-12 months before using the compost. Green Toilet Waste Composter is efficient and safe.","robots":{"index":"index","follow":"follow","max-snippet":"max-snippet:-1","max-image-preview":"max-image-preview:large","max-video-preview":"max-video-preview:-1"},"canonical":"https:\/\/pikkuvihrea.fi\/en\/product\/green-composter-330\/","og_locale":"en_US","og_type":"article","og_title":"Green Composter 330 for Toilet Waste - Pikkuvihre\u00e4","og_description":"It is recommended to compost toilet waste 6-12 months before using the compost. Green Toilet Waste Composter is efficient and safe.","og_url":"https:\/\/pikkuvihrea.fi\/en\/product\/green-composter-330\/","og_site_name":"Pikkuvihre\u00e4","article_modified_time":"2025-11-04T00:05:35+00:00","og_image":[{"width":900,"height":900,"url":"https:\/\/pikkuvihrea.fi\/wp-content\/uploads\/2025\/09\/Green_kaymalajatekompostori_2025_korjattu.jpg","type":"image\/jpeg"}],"twitter_card":"summary_large_image","twitter_misc":{"Price":"459,00&nbsp;&euro;","Availability":"In stock"},"schema":{"@context":"https:\/\/schema.org","@graph":[{"@type":"WebPage","@id":"https:\/\/pikkuvihrea.fi\/en\/product\/green-composter-330\/","url":"https:\/\/pikkuvihrea.fi\/en\/product\/green-composter-330\/","name":"Green Composter 330 for Toilet Waste - Pikkuvihre\u00e4","isPartOf":{"@id":"https:\/\/pikkuvihrea.fi\/en\/#website"},"primaryImageOfPage":{"@id":"https:\/\/pikkuvihrea.fi\/en\/product\/green-composter-330\/#primaryimage"},"image":{"@id":"https:\/\/pikkuvihrea.fi\/en\/product\/green-composter-330\/#primaryimage"},"thumbnailUrl":"https:\/\/pikkuvihrea.fi\/wp-content\/uploads\/2017\/09\/Kaymalajatekompostori-Green-Pikkuvihrea.jpg","datePublished":"2017-09-29T11:34:56+00:00","dateModified":"2025-11-04T00:05:35+00:00","description":"It is recommended to compost toilet waste 6-12 months before using the compost. Green Toilet Waste Composter is efficient and safe.","breadcrumb":{"@id":"https:\/\/pikkuvihrea.fi\/en\/product\/green-composter-330\/#breadcrumb"},"inLanguage":"en-US","potentialAction":[{"@type":"ReadAction","target":["https:\/\/pikkuvihrea.fi\/en\/product\/green-composter-330\/"]}]},{"@type":"ImageObject","inLanguage":"en-US","@id":"https:\/\/pikkuvihrea.fi\/en\/product\/green-composter-330\/#primaryimage","url":"https:\/\/pikkuvihrea.fi\/wp-content\/uploads\/2017\/09\/Kaymalajatekompostori-Green-Pikkuvihrea.jpg","contentUrl":"https:\/\/pikkuvihrea.fi\/wp-content\/uploads\/2017\/09\/Kaymalajatekompostori-Green-Pikkuvihrea.jpg","width":900,"height":900,"caption":"K\u00e4ym\u00e4l\u00e4j\u00e4tekompostori Green Pikkuvihre\u00e4"},{"@type":"BreadcrumbList","@id":"https:\/\/pikkuvihrea.fi\/en\/product\/green-composter-330\/#breadcrumb","itemListElement":[{"@type":"ListItem","position":1,"name":"Etusivu","item":"https:\/\/pikkuvihrea.fi\/en\/"},{"@type":"ListItem","position":2,"name":"Shop","item":"https:\/\/pikkuvihrea.fi\/en\/shop\/"},{"@type":"ListItem","position":3,"name":"Green Composter 330 for Toilet Waste"}]},{"@type":"WebSite","@id":"https:\/\/pikkuvihrea.fi\/en\/#website","url":"https:\/\/pikkuvihrea.fi\/en\/","name":"Pikkuvihre\u00e4","description":"","publisher":{"@id":"https:\/\/pikkuvihrea.fi\/en\/#organization"},"potentialAction":[{"@type":"SearchAction","target":{"@type":"EntryPoint","urlTemplate":"https:\/\/pikkuvihrea.fi\/en\/?s={search_term_string}"},"query-input":{"@type":"PropertyValueSpecification","valueRequired":true,"valueName":"search_term_string"}}],"inLanguage":"en-US"},{"@type":"Organization","@id":"https:\/\/pikkuvihrea.fi\/en\/#organization","name":"Pikkuvihre\u00e4","url":"https:\/\/pikkuvihrea.fi\/en\/","logo":{"@type":"ImageObject","inLanguage":"en-US","@id":"https:\/\/pikkuvihrea.fi\/en\/#\/schema\/logo\/image\/","url":"https:\/\/pikkuvihrea.fi\/wp-content\/uploads\/2020\/10\/pikkuvihrea_logo_rgb_trimmed.jpg","contentUrl":"https:\/\/pikkuvihrea.fi\/wp-content\/uploads\/2020\/10\/pikkuvihrea_logo_rgb_trimmed.jpg","width":660,"height":100,"caption":"Pikkuvihre\u00e4"},"image":{"@id":"https:\/\/pikkuvihrea.fi\/en\/#\/schema\/logo\/image\/"}}]},"product_brand":"Green Toilet","product_price_amount":"459.00","product_price_currency":"EUR","og_availability":"instock","product_availability":"instock","product_retailer_item_id":"6430069510099","product_condition":"new"},"_links":{"self":[{"href":"https:\/\/pikkuvihrea.fi\/en\/wp-json\/wp\/v2\/product\/1293","targetHints":{"allow":["GET"]}}],"collection":[{"href":"https:\/\/pikkuvihrea.fi\/en\/wp-json\/wp\/v2\/product"}],"about":[{"href":"https:\/\/pikkuvihrea.fi\/en\/wp-json\/wp\/v2\/types\/product"}],"replies":[{"embeddable":true,"href":"https:\/\/pikkuvihrea.fi\/en\/wp-json\/wp\/v2\/comments?post=1293"}],"wp:featuredmedia":[{"embeddable":true,"href":"https:\/\/pikkuvihrea.fi\/en\/wp-json\/wp\/v2\/media\/42414"}],"wp:attachment":[{"href":"https:\/\/pikkuvihrea.fi\/en\/wp-json\/wp\/v2\/media?parent=1293"}],"wp:term":[{"taxonomy":"product_brand","embeddable":true,"href":"https:\/\/pikkuvihrea.fi\/en\/wp-json\/wp\/v2\/product_brand?post=1293"},{"taxonomy":"product_cat","embeddable":true,"href":"https:\/\/pikkuvihrea.fi\/en\/wp-json\/wp\/v2\/product_cat?post=1293"},{"taxonomy":"product_tag","embeddable":true,"href":"https:\/\/pikkuvihrea.fi\/en\/wp-json\/wp\/v2\/product_tag?post=1293"}],"curies":[{"name":"wp","href":"https:\/\/api.w.org\/{rel}","templated":true}]}}