{"id":12024,"date":"2022-01-10T12:42:53","date_gmt":"2022-01-10T10:42:53","guid":{"rendered":"https:\/\/pikkuvihrea.fi\/tuote\/pellet-for-dry-toilet-economy-pack\/"},"modified":"2025-10-24T09:31:14","modified_gmt":"2025-10-24T06:31:14","slug":"pellet-for-dry-toilet-economy-pack","status":"publish","type":"product","link":"https:\/\/pikkuvihrea.fi\/en\/product\/pellet-for-dry-toilet-economy-pack\/","title":{"rendered":"Pellet for dry toilet &#8211; Economy pack"},"content":{"rendered":"<p>Pellet dry material is especially handy to be used indoors, because it is more clean in use that eg. peat. When used in a chamber pot, the emptying can be done every 2-3 days, instead of not using dry material and emptying every day.<\/p>\n<p>Add 1-2 dl of pellet after every use of the dry toilet.<\/p>\n<p>All natural product without added chemicals. Ecological paper bag package.<\/p>\n<p>Economy pack includes four bags of dry toilet pellet totally 16 kilograms.<\/p>\n","protected":false},"excerpt":{"rendered":"<p><strong>New Economy Pack! Includes 4 x 4 kilogram dry toilet pellet bags.<\/strong><\/p>\n<p>Ecological, wood-based pellet to be used in a dry toilet. Absorbs efficiently odors and moisture. Can be composted together with the toilet waste.<\/p>\n<ul>\n<li>clean to use indoors<\/li>\n<li>plentiful<\/li>\n<li>suitable for all dry toilets and chamber pots<\/li>\n<\/ul>\n","protected":false},"featured_media":34875,"comment_status":"closed","ping_status":"closed","template":"","meta":{"_acf_changed":false},"product_brand":[],"product_cat":[1107],"product_tag":[],"class_list":{"0":"post-12024","1":"product","2":"type-product","3":"status-publish","4":"has-post-thumbnail","6":"product_cat-portable-toilets","7":"product_shipping_class-medium-size-packages","9":"first","10":"instock","11":"sale","12":"taxable","13":"shipping-taxable","14":"purchasable","15":"product-type-simple"},"bundled_by":["12667"],"bundle_stock_status":"instock","bundle_stock_quantity":null,"bundle_virtual":false,"bundle_layout":"","bundle_add_to_cart_form_location":"","bundle_editable_in_cart":false,"bundle_sold_individually_context":"","bundle_item_grouping":"","bundle_min_size":"","bundle_max_size":"","bundle_price":[],"bundled_items":[],"bundle_sell_ids":[],"acf":[],"gallery_images":[34867,34863],"yoast_head":"<!-- This site is optimized with the Yoast SEO plugin v27.3 - https:\/\/yoast.com\/product\/yoast-seo-wordpress\/ -->\n<title>Pellet for dry toilet - Economy pack - Pikkuvihre\u00e4<\/title>\n<meta name=\"robots\" content=\"index, follow, max-snippet:-1, max-image-preview:large, max-video-preview:-1\" \/>\n<link rel=\"canonical\" href=\"https:\/\/pikkuvihrea.fi\/en\/product\/pellet-for-dry-toilet\/\" \/>\n<meta property=\"og:locale\" content=\"en_US\" \/>\n<meta property=\"og:type\" content=\"article\" \/>\n<meta property=\"og:title\" content=\"Pellet for dry toilet - Economy pack - Pikkuvihre\u00e4\" \/>\n<meta property=\"og:description\" content=\"New Economy Pack! Includes 4 x 4 kilogram dry toilet pellet bags.  Ecological, wood-based pellet to be used in a dry toilet. Absorbs efficiently odors and moisture. Can be composted together with the toilet waste.   clean to use indoors  plentiful  suitable for all dry toilets and chamber pots\" \/>\n<meta property=\"og:url\" content=\"https:\/\/pikkuvihrea.fi\/en\/product\/pellet-for-dry-toilet\/\" \/>\n<meta property=\"og:site_name\" content=\"Pikkuvihre\u00e4\" \/>\n<meta property=\"article:modified_time\" content=\"2025-10-24T06:31:14+00:00\" \/>\n<meta property=\"og:image\" content=\"https:\/\/pikkuvihrea.fi\/wp-content\/uploads\/2025\/01\/kuivikkeet_paketti.jpg\" \/>\n\t<meta property=\"og:image:width\" content=\"900\" \/>\n\t<meta property=\"og:image:height\" content=\"900\" \/>\n\t<meta property=\"og:image:type\" content=\"image\/jpeg\" \/>\n<meta name=\"twitter:card\" content=\"summary_large_image\" \/>\n<meta name=\"twitter:label1\" content=\"Price\" \/>\n\t<meta name=\"twitter:data1\" content=\"34,50&nbsp;&euro;\" \/>\n\t<meta name=\"twitter:label2\" content=\"Availability\" \/>\n\t<meta name=\"twitter:data2\" content=\"In stock\" \/>\n<script type=\"application\/ld+json\" class=\"yoast-schema-graph\">{\"@context\":\"https:\\\/\\\/schema.org\",\"@graph\":[{\"@type\":\"WebPage\",\"@id\":\"https:\\\/\\\/pikkuvihrea.fi\\\/en\\\/product\\\/pellet-for-dry-toilet-economy-pack\\\/\",\"url\":\"https:\\\/\\\/pikkuvihrea.fi\\\/en\\\/product\\\/pellet-for-dry-toilet\\\/\",\"name\":\"Pellet for dry toilet - Economy pack - Pikkuvihre\u00e4\",\"isPartOf\":{\"@id\":\"https:\\\/\\\/pikkuvihrea.fi\\\/en\\\/#website\"},\"primaryImageOfPage\":{\"@id\":\"https:\\\/\\\/pikkuvihrea.fi\\\/en\\\/product\\\/pellet-for-dry-toilet\\\/#primaryimage\"},\"image\":{\"@id\":\"https:\\\/\\\/pikkuvihrea.fi\\\/en\\\/product\\\/pellet-for-dry-toilet\\\/#primaryimage\"},\"thumbnailUrl\":\"https:\\\/\\\/pikkuvihrea.fi\\\/wp-content\\\/uploads\\\/2025\\\/01\\\/kuivikkeet_paketti.jpg\",\"datePublished\":\"2022-01-10T10:42:53+00:00\",\"dateModified\":\"2025-10-24T06:31:14+00:00\",\"breadcrumb\":{\"@id\":\"https:\\\/\\\/pikkuvihrea.fi\\\/en\\\/product\\\/pellet-for-dry-toilet\\\/#breadcrumb\"},\"inLanguage\":\"en-US\",\"potentialAction\":[{\"@type\":\"ReadAction\",\"target\":[\"https:\\\/\\\/pikkuvihrea.fi\\\/en\\\/product\\\/pellet-for-dry-toilet\\\/\"]}]},{\"@type\":\"ImageObject\",\"inLanguage\":\"en-US\",\"@id\":\"https:\\\/\\\/pikkuvihrea.fi\\\/en\\\/product\\\/pellet-for-dry-toilet\\\/#primaryimage\",\"url\":\"https:\\\/\\\/pikkuvihrea.fi\\\/wp-content\\\/uploads\\\/2025\\\/01\\\/kuivikkeet_paketti.jpg\",\"contentUrl\":\"https:\\\/\\\/pikkuvihrea.fi\\\/wp-content\\\/uploads\\\/2025\\\/01\\\/kuivikkeet_paketti.jpg\",\"width\":900,\"height\":900,\"caption\":\"kuivikepelletti s\u00e4\u00e4st\u00f6pakkaus\"},{\"@type\":\"BreadcrumbList\",\"@id\":\"https:\\\/\\\/pikkuvihrea.fi\\\/en\\\/product\\\/pellet-for-dry-toilet\\\/#breadcrumb\",\"itemListElement\":[{\"@type\":\"ListItem\",\"position\":1,\"name\":\"Etusivu\",\"item\":\"https:\\\/\\\/pikkuvihrea.fi\\\/en\\\/\"},{\"@type\":\"ListItem\",\"position\":2,\"name\":\"Shop\",\"item\":\"https:\\\/\\\/pikkuvihrea.fi\\\/en\\\/shop\\\/\"},{\"@type\":\"ListItem\",\"position\":3,\"name\":\"Pellet for dry toilet &#8211; Economy pack\"}]},{\"@type\":\"WebSite\",\"@id\":\"https:\\\/\\\/pikkuvihrea.fi\\\/en\\\/#website\",\"url\":\"https:\\\/\\\/pikkuvihrea.fi\\\/en\\\/\",\"name\":\"Pikkuvihre\u00e4\",\"description\":\"\",\"publisher\":{\"@id\":\"https:\\\/\\\/pikkuvihrea.fi\\\/en\\\/#organization\"},\"potentialAction\":[{\"@type\":\"SearchAction\",\"target\":{\"@type\":\"EntryPoint\",\"urlTemplate\":\"https:\\\/\\\/pikkuvihrea.fi\\\/en\\\/?s={search_term_string}\"},\"query-input\":{\"@type\":\"PropertyValueSpecification\",\"valueRequired\":true,\"valueName\":\"search_term_string\"}}],\"inLanguage\":\"en-US\"},{\"@type\":\"Organization\",\"@id\":\"https:\\\/\\\/pikkuvihrea.fi\\\/en\\\/#organization\",\"name\":\"Pikkuvihre\u00e4\",\"url\":\"https:\\\/\\\/pikkuvihrea.fi\\\/en\\\/\",\"logo\":{\"@type\":\"ImageObject\",\"inLanguage\":\"en-US\",\"@id\":\"https:\\\/\\\/pikkuvihrea.fi\\\/en\\\/#\\\/schema\\\/logo\\\/image\\\/\",\"url\":\"https:\\\/\\\/pikkuvihrea.fi\\\/wp-content\\\/uploads\\\/2020\\\/10\\\/pikkuvihrea_logo_rgb_trimmed.jpg\",\"contentUrl\":\"https:\\\/\\\/pikkuvihrea.fi\\\/wp-content\\\/uploads\\\/2020\\\/10\\\/pikkuvihrea_logo_rgb_trimmed.jpg\",\"width\":660,\"height\":100,\"caption\":\"Pikkuvihre\u00e4\"},\"image\":{\"@id\":\"https:\\\/\\\/pikkuvihrea.fi\\\/en\\\/#\\\/schema\\\/logo\\\/image\\\/\"}}]}<\/script>\n<meta property=\"product:brand\" content=\"Pikkuvihre\u00e4\" \/>\n<meta property=\"product:price:amount\" content=\"34.50\" \/>\n<meta property=\"product:price:currency\" content=\"EUR\" \/>\n<meta property=\"og:availability\" content=\"instock\" \/>\n<meta property=\"product:availability\" content=\"instock\" \/>\n<meta property=\"product:condition\" content=\"new\" \/>\n<!-- \/ Yoast SEO plugin. -->","yoast_head_json":{"title":"Pellet for dry toilet - Economy pack - Pikkuvihre\u00e4","robots":{"index":"index","follow":"follow","max-snippet":"max-snippet:-1","max-image-preview":"max-image-preview:large","max-video-preview":"max-video-preview:-1"},"canonical":"https:\/\/pikkuvihrea.fi\/en\/product\/pellet-for-dry-toilet\/","og_locale":"en_US","og_type":"article","og_title":"Pellet for dry toilet - Economy pack - Pikkuvihre\u00e4","og_description":"New Economy Pack! Includes 4 x 4 kilogram dry toilet pellet bags.  Ecological, wood-based pellet to be used in a dry toilet. Absorbs efficiently odors and moisture. Can be composted together with the toilet waste.   clean to use indoors  plentiful  suitable for all dry toilets and chamber pots","og_url":"https:\/\/pikkuvihrea.fi\/en\/product\/pellet-for-dry-toilet\/","og_site_name":"Pikkuvihre\u00e4","article_modified_time":"2025-10-24T06:31:14+00:00","og_image":[{"width":900,"height":900,"url":"https:\/\/pikkuvihrea.fi\/wp-content\/uploads\/2025\/01\/kuivikkeet_paketti.jpg","type":"image\/jpeg"}],"twitter_card":"summary_large_image","twitter_misc":{"Price":"34,50&nbsp;&euro;","Availability":"In stock"},"schema":{"@context":"https:\/\/schema.org","@graph":[{"@type":"WebPage","@id":"https:\/\/pikkuvihrea.fi\/en\/product\/pellet-for-dry-toilet-economy-pack\/","url":"https:\/\/pikkuvihrea.fi\/en\/product\/pellet-for-dry-toilet\/","name":"Pellet for dry toilet - Economy pack - Pikkuvihre\u00e4","isPartOf":{"@id":"https:\/\/pikkuvihrea.fi\/en\/#website"},"primaryImageOfPage":{"@id":"https:\/\/pikkuvihrea.fi\/en\/product\/pellet-for-dry-toilet\/#primaryimage"},"image":{"@id":"https:\/\/pikkuvihrea.fi\/en\/product\/pellet-for-dry-toilet\/#primaryimage"},"thumbnailUrl":"https:\/\/pikkuvihrea.fi\/wp-content\/uploads\/2025\/01\/kuivikkeet_paketti.jpg","datePublished":"2022-01-10T10:42:53+00:00","dateModified":"2025-10-24T06:31:14+00:00","breadcrumb":{"@id":"https:\/\/pikkuvihrea.fi\/en\/product\/pellet-for-dry-toilet\/#breadcrumb"},"inLanguage":"en-US","potentialAction":[{"@type":"ReadAction","target":["https:\/\/pikkuvihrea.fi\/en\/product\/pellet-for-dry-toilet\/"]}]},{"@type":"ImageObject","inLanguage":"en-US","@id":"https:\/\/pikkuvihrea.fi\/en\/product\/pellet-for-dry-toilet\/#primaryimage","url":"https:\/\/pikkuvihrea.fi\/wp-content\/uploads\/2025\/01\/kuivikkeet_paketti.jpg","contentUrl":"https:\/\/pikkuvihrea.fi\/wp-content\/uploads\/2025\/01\/kuivikkeet_paketti.jpg","width":900,"height":900,"caption":"kuivikepelletti s\u00e4\u00e4st\u00f6pakkaus"},{"@type":"BreadcrumbList","@id":"https:\/\/pikkuvihrea.fi\/en\/product\/pellet-for-dry-toilet\/#breadcrumb","itemListElement":[{"@type":"ListItem","position":1,"name":"Etusivu","item":"https:\/\/pikkuvihrea.fi\/en\/"},{"@type":"ListItem","position":2,"name":"Shop","item":"https:\/\/pikkuvihrea.fi\/en\/shop\/"},{"@type":"ListItem","position":3,"name":"Pellet for dry toilet &#8211; Economy pack"}]},{"@type":"WebSite","@id":"https:\/\/pikkuvihrea.fi\/en\/#website","url":"https:\/\/pikkuvihrea.fi\/en\/","name":"Pikkuvihre\u00e4","description":"","publisher":{"@id":"https:\/\/pikkuvihrea.fi\/en\/#organization"},"potentialAction":[{"@type":"SearchAction","target":{"@type":"EntryPoint","urlTemplate":"https:\/\/pikkuvihrea.fi\/en\/?s={search_term_string}"},"query-input":{"@type":"PropertyValueSpecification","valueRequired":true,"valueName":"search_term_string"}}],"inLanguage":"en-US"},{"@type":"Organization","@id":"https:\/\/pikkuvihrea.fi\/en\/#organization","name":"Pikkuvihre\u00e4","url":"https:\/\/pikkuvihrea.fi\/en\/","logo":{"@type":"ImageObject","inLanguage":"en-US","@id":"https:\/\/pikkuvihrea.fi\/en\/#\/schema\/logo\/image\/","url":"https:\/\/pikkuvihrea.fi\/wp-content\/uploads\/2020\/10\/pikkuvihrea_logo_rgb_trimmed.jpg","contentUrl":"https:\/\/pikkuvihrea.fi\/wp-content\/uploads\/2020\/10\/pikkuvihrea_logo_rgb_trimmed.jpg","width":660,"height":100,"caption":"Pikkuvihre\u00e4"},"image":{"@id":"https:\/\/pikkuvihrea.fi\/en\/#\/schema\/logo\/image\/"}}]},"product_brand":"Pikkuvihre\u00e4","product_price_amount":"34.50","product_price_currency":"EUR","og_availability":"instock","product_availability":"instock","product_condition":"new"},"_links":{"self":[{"href":"https:\/\/pikkuvihrea.fi\/en\/wp-json\/wp\/v2\/product\/12024","targetHints":{"allow":["GET"]}}],"collection":[{"href":"https:\/\/pikkuvihrea.fi\/en\/wp-json\/wp\/v2\/product"}],"about":[{"href":"https:\/\/pikkuvihrea.fi\/en\/wp-json\/wp\/v2\/types\/product"}],"replies":[{"embeddable":true,"href":"https:\/\/pikkuvihrea.fi\/en\/wp-json\/wp\/v2\/comments?post=12024"}],"wp:featuredmedia":[{"embeddable":true,"href":"https:\/\/pikkuvihrea.fi\/en\/wp-json\/wp\/v2\/media\/34875"}],"wp:attachment":[{"href":"https:\/\/pikkuvihrea.fi\/en\/wp-json\/wp\/v2\/media?parent=12024"}],"wp:term":[{"taxonomy":"product_brand","embeddable":true,"href":"https:\/\/pikkuvihrea.fi\/en\/wp-json\/wp\/v2\/product_brand?post=12024"},{"taxonomy":"product_cat","embeddable":true,"href":"https:\/\/pikkuvihrea.fi\/en\/wp-json\/wp\/v2\/product_cat?post=12024"},{"taxonomy":"product_tag","embeddable":true,"href":"https:\/\/pikkuvihrea.fi\/en\/wp-json\/wp\/v2\/product_tag?post=12024"}],"curies":[{"name":"wp","href":"https:\/\/api.w.org\/{rel}","templated":true}]}}