{"id":1027,"date":"2016-04-05T00:00:00","date_gmt":"2016-04-04T21:00:00","guid":{"rendered":"https:\/\/pikkuvihrea.fi\/tuote\/green-toilet-120-family-spare-container\/"},"modified":"2026-03-23T09:36:05","modified_gmt":"2026-03-23T07:36:05","slug":"green-toilet-120-family-spare-container","status":"publish","type":"product","link":"https:\/\/pikkuvihrea.fi\/en\/product\/green-toilet-120-family-spare-container\/","title":{"rendered":"Green Toilet 120 Family spare container"},"content":{"rendered":"<p>Green Toilet 120 Family spare container is an accessory to Green Toilet composting toilet. In seasonal family use, usually one spare container is enough. In continuous use, more containers can be used.\u00a0 Green Toilet system can have unlimited capacity with spare containers. When using the spare container, you don\u00b4t have to shovel the compost or handle any raw toilet waste. The mass can gradually decompose to mulch in the container.<\/p>\n<h3>USE OF THE SPARE CONTAINER<\/h3>\n<p>When the Green Toilet that has been in use gets full, it is pulled out and the spare container closed lid is put on it. The lid with the waste shaft is put on the empty spare container and it is taken into use in the toilet.<\/p>\n<p>There is a ventilation hat on the spare container lid to aerate the compost mass. The wheels are changed to the container being moved.<\/p>\n<p>Toilet waste decomposes fully in 8-18 months depending on the climate. The full spare container should be stored on a sunny side of the yard because sunlight boosts the composting process naturally. Also, it is a good idea to work the mass with a digging fork a few times during the storage. A full Green Toilet can be let to freeze &#8211; there is no harm caused.<\/p>\n<p>You can purchase the whole system: the Green Toilet with a spare container in <a href=\"https:\/\/pikkuvihrea.fi\/en\/product\/green-toilet-120-family-composting-toilet-with-spare-container\/\" target=\"_blank\" rel=\"noopener noreferrer\">one package<\/a>.<\/p>\n<p>Learn more: <a href=\"https:\/\/youtu.be\/wF202zI2P2w\" target=\"_blank\" rel=\"noopener\">Green Toilet video<\/a>.<\/p>\n<h3>TECHNICAL INFORMATION<\/h3>\n<ul>\n<li>Height 700 mm<\/li>\n<li>Width 600 mm<\/li>\n<li>Depth 600 cm<\/li>\n<li>Volume 120 l<\/li>\n<li>Weight: 10 kg<\/li>\n<li>Content: Green Toilet container with a double base, ventilation hat, plug for the seap liquid outlet, bag of dry material<\/li>\n<\/ul>\n<p>Please note, that there are no wheels included in the basic Green Toilet spare container. The wheels come with the Green Toilet itself and the idea is, that they are changed to the container you want to move. The wheels and the axle can easily be removed and put back without any tools. However, if you prefer to have wheels in every container, they can be purchased separately, as an accessory.<\/p>\n","protected":false},"excerpt":{"rendered":"<p>Spare container for Green Toilet Family 120 composting toilet. Using the spare container, the service of the toilet becomes easy, fast and clean. The waste turns in to ready mulch in the spare container.<\/p>\n<ul>\n<li>service the toilet in minutes<\/li>\n<li>easy and clean maintenance<\/li>\n<li>excellent composting result<\/li>\n<\/ul>\n","protected":false},"featured_media":41964,"comment_status":"closed","ping_status":"closed","template":"","meta":{"_acf_changed":false},"product_brand":[],"product_cat":[745,1054,1369],"product_tag":[],"class_list":{"0":"post-1027","1":"product","2":"type-product","3":"status-publish","4":"has-post-thumbnail","6":"product_cat-composting-toilets","7":"product_cat-dry-toilets","8":"product_cat-public-use-dry-toilets","9":"product_shipping_class-oversized-packages","11":"first","12":"instock","13":"sale","14":"taxable","15":"shipping-taxable","16":"purchasable","17":"product-type-bundle"},"bundled_by":[],"bundle_stock_status":"instock","bundle_stock_quantity":"","bundle_virtual":false,"bundle_layout":"default","bundle_add_to_cart_form_location":"default","bundle_editable_in_cart":false,"bundle_sold_individually_context":"product","bundle_item_grouping":"noindent","bundle_min_size":"","bundle_max_size":"","bundle_price":{"price":{"min":{"incl_tax":"299.00","excl_tax":"238.25"},"max":{"incl_tax":"338","excl_tax":"269.33"}},"regular_price":{"min":{"incl_tax":"339.00","excl_tax":"270.12"},"max":{"incl_tax":"378","excl_tax":"301.2"}}},"bundled_items":[{"bundled_item_id":71,"product_id":12055,"menu_order":0,"quantity_min":1,"quantity_max":1,"quantity_default":1,"priced_individually":true,"shipped_individually":false,"override_title":true,"title":"Wheels for spare container","override_description":false,"description":"Wheels for Green Toilet Spare Container","optional":true,"hide_thumbnail":false,"discount":"","override_variations":true,"allowed_variations":[12057],"override_default_variation_attributes":false,"default_variation_attributes":[],"single_product_visibility":"visible","cart_visibility":"visible","order_visibility":"visible","single_product_price_visibility":"visible","cart_price_visibility":"visible","order_price_visibility":"visible","stock_status":"in_stock"}],"bundle_sell_ids":[],"acf":[],"gallery_images":[13357,35498],"yoast_head":"<!-- This site is optimized with the Yoast SEO plugin v27.3 - https:\/\/yoast.com\/product\/yoast-seo-wordpress\/ -->\n<title>Green Toilet 120 Family spare container - Pikkuvihre\u00e4<\/title>\n<meta name=\"description\" content=\"Green Toilet is based on batch composting: when one container becomes full, an empty one is changed. Easy, effortless and clean!\" \/>\n<meta name=\"robots\" content=\"index, follow, max-snippet:-1, max-image-preview:large, max-video-preview:-1\" \/>\n<link rel=\"canonical\" href=\"https:\/\/pikkuvihrea.fi\/en\/product\/green-toilet-120-family-spare-container\/\" \/>\n<meta property=\"og:locale\" content=\"en_US\" \/>\n<meta property=\"og:type\" content=\"article\" \/>\n<meta property=\"og:title\" content=\"Green Toilet 120 Family spare container - Pikkuvihre\u00e4\" \/>\n<meta property=\"og:description\" content=\"Green Toilet is based on batch composting: when one container becomes full, an empty one is changed. Easy, effortless and clean!\" \/>\n<meta property=\"og:url\" content=\"https:\/\/pikkuvihrea.fi\/en\/product\/green-toilet-120-family-spare-container\/\" \/>\n<meta property=\"og:site_name\" content=\"Pikkuvihre\u00e4\" \/>\n<meta property=\"article:modified_time\" content=\"2026-03-23T07:36:05+00:00\" \/>\n<meta property=\"og:image\" content=\"https:\/\/pikkuvihrea.fi\/wp-content\/uploads\/2016\/04\/Green-Toilet-120_vaihtosailio_2026.jpg\" \/>\n\t<meta property=\"og:image:width\" content=\"900\" \/>\n\t<meta property=\"og:image:height\" content=\"900\" \/>\n\t<meta property=\"og:image:type\" content=\"image\/jpeg\" \/>\n<meta name=\"twitter:card\" content=\"summary_large_image\" \/>\n<meta name=\"twitter:label1\" content=\"Price\" \/>\n\t<meta name=\"twitter:data1\" content=\"299,00&nbsp;&euro;\" \/>\n\t<meta name=\"twitter:label2\" content=\"Availability\" \/>\n\t<meta name=\"twitter:data2\" content=\"In stock\" \/>\n<script type=\"application\/ld+json\" class=\"yoast-schema-graph\">{\"@context\":\"https:\\\/\\\/schema.org\",\"@graph\":[{\"@type\":\"WebPage\",\"@id\":\"https:\\\/\\\/pikkuvihrea.fi\\\/en\\\/product\\\/green-toilet-120-family-spare-container\\\/\",\"url\":\"https:\\\/\\\/pikkuvihrea.fi\\\/en\\\/product\\\/green-toilet-120-family-spare-container\\\/\",\"name\":\"Green Toilet 120 Family spare container - Pikkuvihre\u00e4\",\"isPartOf\":{\"@id\":\"https:\\\/\\\/pikkuvihrea.fi\\\/en\\\/#website\"},\"primaryImageOfPage\":{\"@id\":\"https:\\\/\\\/pikkuvihrea.fi\\\/en\\\/product\\\/green-toilet-120-family-spare-container\\\/#primaryimage\"},\"image\":{\"@id\":\"https:\\\/\\\/pikkuvihrea.fi\\\/en\\\/product\\\/green-toilet-120-family-spare-container\\\/#primaryimage\"},\"thumbnailUrl\":\"https:\\\/\\\/pikkuvihrea.fi\\\/wp-content\\\/uploads\\\/2016\\\/04\\\/Green-Toilet-120_vaihtosailio_2026.jpg\",\"datePublished\":\"2016-04-04T21:00:00+00:00\",\"dateModified\":\"2026-03-23T07:36:05+00:00\",\"description\":\"Green Toilet is based on batch composting: when one container becomes full, an empty one is changed. Easy, effortless and clean!\",\"breadcrumb\":{\"@id\":\"https:\\\/\\\/pikkuvihrea.fi\\\/en\\\/product\\\/green-toilet-120-family-spare-container\\\/#breadcrumb\"},\"inLanguage\":\"en-US\",\"potentialAction\":[{\"@type\":\"ReadAction\",\"target\":[\"https:\\\/\\\/pikkuvihrea.fi\\\/en\\\/product\\\/green-toilet-120-family-spare-container\\\/\"]}]},{\"@type\":\"ImageObject\",\"inLanguage\":\"en-US\",\"@id\":\"https:\\\/\\\/pikkuvihrea.fi\\\/en\\\/product\\\/green-toilet-120-family-spare-container\\\/#primaryimage\",\"url\":\"https:\\\/\\\/pikkuvihrea.fi\\\/wp-content\\\/uploads\\\/2016\\\/04\\\/Green-Toilet-120_vaihtosailio_2026.jpg\",\"contentUrl\":\"https:\\\/\\\/pikkuvihrea.fi\\\/wp-content\\\/uploads\\\/2016\\\/04\\\/Green-Toilet-120_vaihtosailio_2026.jpg\",\"width\":900,\"height\":900,\"caption\":\"Green Toilet 120 Family vaihtos\u00e4ili\u00f6 \u2013 lis\u00e4kapasiteetti kompostoivaan kuivak\u00e4ym\u00e4l\u00e4\u00e4n\"},{\"@type\":\"BreadcrumbList\",\"@id\":\"https:\\\/\\\/pikkuvihrea.fi\\\/en\\\/product\\\/green-toilet-120-family-spare-container\\\/#breadcrumb\",\"itemListElement\":[{\"@type\":\"ListItem\",\"position\":1,\"name\":\"Etusivu\",\"item\":\"https:\\\/\\\/pikkuvihrea.fi\\\/en\\\/\"},{\"@type\":\"ListItem\",\"position\":2,\"name\":\"Shop\",\"item\":\"https:\\\/\\\/pikkuvihrea.fi\\\/en\\\/shop\\\/\"},{\"@type\":\"ListItem\",\"position\":3,\"name\":\"Green Toilet 120 Family spare container\"}]},{\"@type\":\"WebSite\",\"@id\":\"https:\\\/\\\/pikkuvihrea.fi\\\/en\\\/#website\",\"url\":\"https:\\\/\\\/pikkuvihrea.fi\\\/en\\\/\",\"name\":\"Pikkuvihre\u00e4\",\"description\":\"\",\"publisher\":{\"@id\":\"https:\\\/\\\/pikkuvihrea.fi\\\/en\\\/#organization\"},\"potentialAction\":[{\"@type\":\"SearchAction\",\"target\":{\"@type\":\"EntryPoint\",\"urlTemplate\":\"https:\\\/\\\/pikkuvihrea.fi\\\/en\\\/?s={search_term_string}\"},\"query-input\":{\"@type\":\"PropertyValueSpecification\",\"valueRequired\":true,\"valueName\":\"search_term_string\"}}],\"inLanguage\":\"en-US\"},{\"@type\":\"Organization\",\"@id\":\"https:\\\/\\\/pikkuvihrea.fi\\\/en\\\/#organization\",\"name\":\"Pikkuvihre\u00e4\",\"url\":\"https:\\\/\\\/pikkuvihrea.fi\\\/en\\\/\",\"logo\":{\"@type\":\"ImageObject\",\"inLanguage\":\"en-US\",\"@id\":\"https:\\\/\\\/pikkuvihrea.fi\\\/en\\\/#\\\/schema\\\/logo\\\/image\\\/\",\"url\":\"https:\\\/\\\/pikkuvihrea.fi\\\/wp-content\\\/uploads\\\/2020\\\/10\\\/pikkuvihrea_logo_rgb_trimmed.jpg\",\"contentUrl\":\"https:\\\/\\\/pikkuvihrea.fi\\\/wp-content\\\/uploads\\\/2020\\\/10\\\/pikkuvihrea_logo_rgb_trimmed.jpg\",\"width\":660,\"height\":100,\"caption\":\"Pikkuvihre\u00e4\"},\"image\":{\"@id\":\"https:\\\/\\\/pikkuvihrea.fi\\\/en\\\/#\\\/schema\\\/logo\\\/image\\\/\"}}]}<\/script>\n<meta property=\"product:brand\" content=\"Green Toilet\" \/>\n<meta property=\"product:price:amount\" content=\"299.00\" \/>\n<meta property=\"product:price:currency\" content=\"EUR\" \/>\n<meta property=\"og:availability\" content=\"instock\" \/>\n<meta property=\"product:availability\" content=\"instock\" \/>\n<meta property=\"product:retailer_item_id\" content=\"6430069510037\" \/>\n<meta property=\"product:condition\" content=\"new\" \/>\n<!-- \/ Yoast SEO plugin. -->","yoast_head_json":{"title":"Green Toilet 120 Family spare container - Pikkuvihre\u00e4","description":"Green Toilet is based on batch composting: when one container becomes full, an empty one is changed. Easy, effortless and clean!","robots":{"index":"index","follow":"follow","max-snippet":"max-snippet:-1","max-image-preview":"max-image-preview:large","max-video-preview":"max-video-preview:-1"},"canonical":"https:\/\/pikkuvihrea.fi\/en\/product\/green-toilet-120-family-spare-container\/","og_locale":"en_US","og_type":"article","og_title":"Green Toilet 120 Family spare container - Pikkuvihre\u00e4","og_description":"Green Toilet is based on batch composting: when one container becomes full, an empty one is changed. Easy, effortless and clean!","og_url":"https:\/\/pikkuvihrea.fi\/en\/product\/green-toilet-120-family-spare-container\/","og_site_name":"Pikkuvihre\u00e4","article_modified_time":"2026-03-23T07:36:05+00:00","og_image":[{"width":900,"height":900,"url":"https:\/\/pikkuvihrea.fi\/wp-content\/uploads\/2016\/04\/Green-Toilet-120_vaihtosailio_2026.jpg","type":"image\/jpeg"}],"twitter_card":"summary_large_image","twitter_misc":{"Price":"299,00&nbsp;&euro;","Availability":"In stock"},"schema":{"@context":"https:\/\/schema.org","@graph":[{"@type":"WebPage","@id":"https:\/\/pikkuvihrea.fi\/en\/product\/green-toilet-120-family-spare-container\/","url":"https:\/\/pikkuvihrea.fi\/en\/product\/green-toilet-120-family-spare-container\/","name":"Green Toilet 120 Family spare container - Pikkuvihre\u00e4","isPartOf":{"@id":"https:\/\/pikkuvihrea.fi\/en\/#website"},"primaryImageOfPage":{"@id":"https:\/\/pikkuvihrea.fi\/en\/product\/green-toilet-120-family-spare-container\/#primaryimage"},"image":{"@id":"https:\/\/pikkuvihrea.fi\/en\/product\/green-toilet-120-family-spare-container\/#primaryimage"},"thumbnailUrl":"https:\/\/pikkuvihrea.fi\/wp-content\/uploads\/2016\/04\/Green-Toilet-120_vaihtosailio_2026.jpg","datePublished":"2016-04-04T21:00:00+00:00","dateModified":"2026-03-23T07:36:05+00:00","description":"Green Toilet is based on batch composting: when one container becomes full, an empty one is changed. Easy, effortless and clean!","breadcrumb":{"@id":"https:\/\/pikkuvihrea.fi\/en\/product\/green-toilet-120-family-spare-container\/#breadcrumb"},"inLanguage":"en-US","potentialAction":[{"@type":"ReadAction","target":["https:\/\/pikkuvihrea.fi\/en\/product\/green-toilet-120-family-spare-container\/"]}]},{"@type":"ImageObject","inLanguage":"en-US","@id":"https:\/\/pikkuvihrea.fi\/en\/product\/green-toilet-120-family-spare-container\/#primaryimage","url":"https:\/\/pikkuvihrea.fi\/wp-content\/uploads\/2016\/04\/Green-Toilet-120_vaihtosailio_2026.jpg","contentUrl":"https:\/\/pikkuvihrea.fi\/wp-content\/uploads\/2016\/04\/Green-Toilet-120_vaihtosailio_2026.jpg","width":900,"height":900,"caption":"Green Toilet 120 Family vaihtos\u00e4ili\u00f6 \u2013 lis\u00e4kapasiteetti kompostoivaan kuivak\u00e4ym\u00e4l\u00e4\u00e4n"},{"@type":"BreadcrumbList","@id":"https:\/\/pikkuvihrea.fi\/en\/product\/green-toilet-120-family-spare-container\/#breadcrumb","itemListElement":[{"@type":"ListItem","position":1,"name":"Etusivu","item":"https:\/\/pikkuvihrea.fi\/en\/"},{"@type":"ListItem","position":2,"name":"Shop","item":"https:\/\/pikkuvihrea.fi\/en\/shop\/"},{"@type":"ListItem","position":3,"name":"Green Toilet 120 Family spare container"}]},{"@type":"WebSite","@id":"https:\/\/pikkuvihrea.fi\/en\/#website","url":"https:\/\/pikkuvihrea.fi\/en\/","name":"Pikkuvihre\u00e4","description":"","publisher":{"@id":"https:\/\/pikkuvihrea.fi\/en\/#organization"},"potentialAction":[{"@type":"SearchAction","target":{"@type":"EntryPoint","urlTemplate":"https:\/\/pikkuvihrea.fi\/en\/?s={search_term_string}"},"query-input":{"@type":"PropertyValueSpecification","valueRequired":true,"valueName":"search_term_string"}}],"inLanguage":"en-US"},{"@type":"Organization","@id":"https:\/\/pikkuvihrea.fi\/en\/#organization","name":"Pikkuvihre\u00e4","url":"https:\/\/pikkuvihrea.fi\/en\/","logo":{"@type":"ImageObject","inLanguage":"en-US","@id":"https:\/\/pikkuvihrea.fi\/en\/#\/schema\/logo\/image\/","url":"https:\/\/pikkuvihrea.fi\/wp-content\/uploads\/2020\/10\/pikkuvihrea_logo_rgb_trimmed.jpg","contentUrl":"https:\/\/pikkuvihrea.fi\/wp-content\/uploads\/2020\/10\/pikkuvihrea_logo_rgb_trimmed.jpg","width":660,"height":100,"caption":"Pikkuvihre\u00e4"},"image":{"@id":"https:\/\/pikkuvihrea.fi\/en\/#\/schema\/logo\/image\/"}}]},"product_brand":"Green Toilet","product_price_amount":"299.00","product_price_currency":"EUR","og_availability":"instock","product_availability":"instock","product_retailer_item_id":"6430069510037","product_condition":"new"},"_links":{"self":[{"href":"https:\/\/pikkuvihrea.fi\/en\/wp-json\/wp\/v2\/product\/1027","targetHints":{"allow":["GET"]}}],"collection":[{"href":"https:\/\/pikkuvihrea.fi\/en\/wp-json\/wp\/v2\/product"}],"about":[{"href":"https:\/\/pikkuvihrea.fi\/en\/wp-json\/wp\/v2\/types\/product"}],"replies":[{"embeddable":true,"href":"https:\/\/pikkuvihrea.fi\/en\/wp-json\/wp\/v2\/comments?post=1027"}],"wp:featuredmedia":[{"embeddable":true,"href":"https:\/\/pikkuvihrea.fi\/en\/wp-json\/wp\/v2\/media\/41964"}],"wp:attachment":[{"href":"https:\/\/pikkuvihrea.fi\/en\/wp-json\/wp\/v2\/media?parent=1027"}],"wp:term":[{"taxonomy":"product_brand","embeddable":true,"href":"https:\/\/pikkuvihrea.fi\/en\/wp-json\/wp\/v2\/product_brand?post=1027"},{"taxonomy":"product_cat","embeddable":true,"href":"https:\/\/pikkuvihrea.fi\/en\/wp-json\/wp\/v2\/product_cat?post=1027"},{"taxonomy":"product_tag","embeddable":true,"href":"https:\/\/pikkuvihrea.fi\/en\/wp-json\/wp\/v2\/product_tag?post=1027"}],"curies":[{"name":"wp","href":"https:\/\/api.w.org\/{rel}","templated":true}]}}